{"id":10050,"date":"2024-06-13T11:34:32","date_gmt":"2024-06-13T11:34:32","guid":{"rendered":"https:\/\/jjscanada.ca\/?post_type=product&#038;p=10050"},"modified":"2025-01-23T14:49:35","modified_gmt":"2025-01-23T14:49:35","slug":"mafell-dowel-drill-bit-hs-090083","status":"publish","type":"product","link":"https:\/\/jjscanada.ca\/fr\/produit\/mafell-dowel-drill-bit-hs-090083\/","title":{"rendered":"M\u00e8che \u00e0 cheville Mafell-HS"},"content":{"rendered":"<p><strong class=\"entry--label\">Num\u00e9ro de commande :<\/strong>\u00a0<span class=\"entry--content\">090083<\/span><\/p>\n<p><strong>Donn\u00e9es techniques :<\/strong><\/p>\n<p><strong>Poids : <\/strong>0,02 Kg.<\/p>\n<table>\n<tbody>\n<tr>\n<td><span style=\"font-weight: 400;\">\u00d8 3 mm<\/span><\/td>\n<td><span style=\"font-weight: 400;\">090083<\/span><\/td>\n<\/tr>\n<tr>\n<td><span style=\"font-weight: 400;\">\u00d8 5 mm<\/span><\/td>\n<td><span style=\"font-weight: 400;\">090089<\/span><\/td>\n<\/tr>\n<tr>\n<td><span style=\"font-weight: 400;\">\u00d8 6 mm<\/span><\/td>\n<td><span style=\"font-weight: 400;\">090096<\/span><\/td>\n<\/tr>\n<tr>\n<td><span style=\"font-weight: 400;\">\u00d8 6,1 mm<\/span><\/td>\n<td><span style=\"font-weight: 400;\">090120<\/span><\/td>\n<\/tr>\n<tr>\n<td><span style=\"font-weight: 400;\">\u00d8 8 mm<\/span><\/td>\n<td><span style=\"font-weight: 400;\">090097<\/span><\/td>\n<\/tr>\n<tr>\n<td><span style=\"font-weight: 400;\">\u00d8 8,1 mm<\/span><\/td>\n<td><span style=\"font-weight: 400;\">090122<\/span><\/td>\n<\/tr>\n<tr>\n<td><span style=\"font-weight: 400;\">\u00d8 8,2 mm<\/span><\/td>\n<td><span style=\"font-weight: 400;\">09123<\/span><\/td>\n<\/tr>\n<tr>\n<td><span style=\"font-weight: 400;\">\u00d8 10 mm<\/span><\/td>\n<td><span style=\"font-weight: 400;\">090098<\/span><\/td>\n<\/tr>\n<tr>\n<td><span style=\"font-weight: 400;\">\u00d8 10,1 mm<\/span><\/td>\n<td><span style=\"font-weight: 400;\">090124<\/span><\/td>\n<\/tr>\n<tr>\n<td><span style=\"font-weight: 400;\">\u00d8 10,2 mm<\/span><\/td>\n<td><span style=\"font-weight: 400;\">090125<\/span><\/td>\n<\/tr>\n<tr>\n<td><span style=\"font-weight: 400;\">\u00d8 12 mm<\/span><\/td>\n<td><span style=\"font-weight: 400;\">090099<\/span><\/td>\n<\/tr>\n<tr>\n<td><span style=\"font-weight: 400;\">\u00d8 12,2 mm<\/span><\/td>\n<td><span style=\"font-weight: 400;\">090127<\/span><\/td>\n<\/tr>\n<\/tbody>\n<\/table>","protected":false},"excerpt":{"rendered":"<p>Num\u00e9ro de commande : 090083 Donn\u00e9es techniques : Poids : 0,02 Kg. \u00d8 3 mm 090083 \u00d8 5 mm 090089 \u00d8 6 mm 090096 \u00d8 6,1 mm 090120 \u00d8 8 mm 090097 \u00d8 8,1 mm 090122 \u00d8 8,2 mm 09123 \u00d8 10 mm 090098 \u00d8 10,1 mm 090124 \u00d8 10,2 mm 090125 \u00d8 12 mm 090099 \u00d8 12,2 mm 090127<\/p>","protected":false},"featured_media":10893,"template":"","meta":{"site-sidebar-layout":"default","site-content-layout":"","ast-site-content-layout":"normal-width-container","site-content-style":"boxed","site-sidebar-style":"default","ast-global-header-display":"","ast-banner-title-visibility":"","ast-main-header-display":"","ast-hfb-above-header-display":"","ast-hfb-below-header-display":"","ast-hfb-mobile-header-display":"","site-post-title":"","ast-breadcrumbs-content":"","ast-featured-img":"","footer-sml-layout":"","ast-disable-related-posts":"","theme-transparent-header-meta":"default","adv-header-id-meta":"","stick-header-meta":"","header-above-stick-meta":"","header-main-stick-meta":"","header-below-stick-meta":"","astra-migrate-meta-layouts":"set","ast-page-background-enabled":"default","ast-page-background-meta":{"desktop":{"background-color":"","background-image":"","background-repeat":"repeat","background-position":"center center","background-size":"auto","background-attachment":"scroll","background-type":"","background-media":"","overlay-type":"","overlay-color":"","overlay-opacity":"","overlay-gradient":""},"tablet":{"background-color":"","background-image":"","background-repeat":"repeat","background-position":"center center","background-size":"auto","background-attachment":"scroll","background-type":"","background-media":"","overlay-type":"","overlay-color":"","overlay-opacity":"","overlay-gradient":""},"mobile":{"background-color":"","background-image":"","background-repeat":"repeat","background-position":"center center","background-size":"auto","background-attachment":"scroll","background-type":"","background-media":"","overlay-type":"","overlay-color":"","overlay-opacity":"","overlay-gradient":""}},"ast-content-background-meta":{"desktop":{"background-color":"var(--ast-global-color-5)","background-image":"","background-repeat":"repeat","background-position":"center center","background-size":"auto","background-attachment":"scroll","background-type":"","background-media":"","overlay-type":"","overlay-color":"","overlay-opacity":"","overlay-gradient":""},"tablet":{"background-color":"var(--ast-global-color-5)","background-image":"","background-repeat":"repeat","background-position":"center center","background-size":"auto","background-attachment":"scroll","background-type":"","background-media":"","overlay-type":"","overlay-color":"","overlay-opacity":"","overlay-gradient":""},"mobile":{"background-color":"var(--ast-global-color-5)","background-image":"","background-repeat":"repeat","background-position":"center center","background-size":"auto","background-attachment":"scroll","background-type":"","background-media":"","overlay-type":"","overlay-color":"","overlay-opacity":"","overlay-gradient":""}}},"product_brand":[],"product_cat":[331,305,154],"product_tag":[],"class_list":{"0":"post-10050","1":"product","2":"type-product","3":"status-publish","4":"has-post-thumbnail","6":"product_cat-accessories","7":"product_cat-mafell","8":"product_cat-specialities-accessories","9":"pa_dowel-drill-size-ten-milimetre","10":"pa_dowel-drill-size-ten-one-milimetre","11":"pa_dowel-drill-size-ten-two-milimetre","12":"pa_dowel-drill-size-twelve-milimetre","13":"pa_dowel-drill-size-twelve-two-milimetre","14":"pa_dowel-drill-size-three-milimetre","15":"pa_dowel-drill-size-five-milimetre","16":"pa_dowel-drill-size-six-milimetre","17":"pa_dowel-drill-size-six-one-milimetre","18":"pa_dowel-drill-size-eight-milimetre","19":"pa_dowel-drill-size-eight-one-milimetre","20":"pa_dowel-drill-size-eight-two-milimetre","21":"desktop-align-center","22":"tablet-align-center","23":"mobile-align-center","25":"first","26":"instock","27":"shipping-taxable","28":"product-type-variable","29":"has-default-attributes"},"_links":{"self":[{"href":"https:\/\/jjscanada.ca\/fr\/wp-json\/wp\/v2\/product\/10050","targetHints":{"allow":["GET"]}}],"collection":[{"href":"https:\/\/jjscanada.ca\/fr\/wp-json\/wp\/v2\/product"}],"about":[{"href":"https:\/\/jjscanada.ca\/fr\/wp-json\/wp\/v2\/types\/product"}],"wp:featuredmedia":[{"embeddable":true,"href":"https:\/\/jjscanada.ca\/fr\/wp-json\/wp\/v2\/media\/10893"}],"wp:attachment":[{"href":"https:\/\/jjscanada.ca\/fr\/wp-json\/wp\/v2\/media?parent=10050"}],"wp:term":[{"taxonomy":"product_brand","embeddable":true,"href":"https:\/\/jjscanada.ca\/fr\/wp-json\/wp\/v2\/product_brand?post=10050"},{"taxonomy":"product_cat","embeddable":true,"href":"https:\/\/jjscanada.ca\/fr\/wp-json\/wp\/v2\/product_cat?post=10050"},{"taxonomy":"product_tag","embeddable":true,"href":"https:\/\/jjscanada.ca\/fr\/wp-json\/wp\/v2\/product_tag?post=10050"}],"curies":[{"name":"wp","href":"https:\/\/api.w.org\/{rel}","templated":true}]}}