{"id":10092,"date":"2024-06-13T16:15:46","date_gmt":"2024-06-13T16:15:46","guid":{"rendered":"https:\/\/jjscanada.ca\/?post_type=product&#038;p=10092"},"modified":"2024-07-17T18:00:41","modified_gmt":"2024-07-17T18:00:41","slug":"mafell-lewis-auger-bit-090251","status":"publish","type":"product","link":"https:\/\/jjscanada.ca\/fr\/produit\/mafell-lewis-auger-bit-090251\/","title":{"rendered":"Mafell Lewis Auger Bit"},"content":{"rendered":"<p><strong>Num\u00e9ro de commande :<\/strong> \u00a0<span class=\"entry--content\">090251<\/span><\/p>\n<p><strong>Donn\u00e9es techniques :<\/strong><\/p>\n<p><strong>Poids :\u00a0<\/strong>0,122 Kg.<\/p>\n<p><strong>Mors de tari\u00e8re Lewis \u00e0 tige hexagonale :<\/strong><\/p>\n<p>Pour BST 460, BST 320<\/p>\n<p><strong>Longueur totale :<\/strong> 320 mm.<\/p>\n<table>\n<tbody>\n<tr>\n<td><span style=\"font-weight: 400;\">\u00d8 6 mm<\/span><\/td>\n<td><span style=\"font-weight: 400;\">090279<\/span><\/td>\n<\/tr>\n<tr>\n<td><span style=\"font-weight: 400;\">\u00d8 7 mm<\/span><\/td>\n<td><span style=\"font-weight: 400;\">090280<\/span><\/td>\n<\/tr>\n<tr>\n<td><span style=\"font-weight: 400;\">\u00d8 8 mm<\/span><\/td>\n<td><span style=\"font-weight: 400;\">090263<\/span><\/td>\n<\/tr>\n<tr>\n<td><span style=\"font-weight: 400;\">\u00d8 9 mm<\/span><\/td>\n<td><span style=\"font-weight: 400;\">090264<\/span><\/td>\n<\/tr>\n<tr>\n<td><span style=\"font-weight: 400;\">\u00d8 10 mm<\/span><\/td>\n<td><span style=\"font-weight: 400;\">090265<\/span><\/td>\n<\/tr>\n<tr>\n<td><span style=\"font-weight: 400;\">\u00d8 12 mm<\/span><\/td>\n<td><span style=\"font-weight: 400;\">090266<\/span><\/td>\n<\/tr>\n<tr>\n<td><span style=\"font-weight: 400;\">\u00d8 14 mm<\/span><\/td>\n<td><span style=\"font-weight: 400;\">090267<\/span><\/td>\n<\/tr>\n<tr>\n<td><span style=\"font-weight: 400;\">\u00d8 16 mm<\/span><\/td>\n<td><span style=\"font-weight: 400;\">090268<\/span><\/td>\n<\/tr>\n<tr>\n<td><span style=\"font-weight: 400;\">\u00d8 18 mm<\/span><\/td>\n<td><span style=\"font-weight: 400;\">090269<\/span><\/td>\n<\/tr>\n<tr>\n<td><span style=\"font-weight: 400;\">\u00d8 20 mm<\/span><\/td>\n<td><span style=\"font-weight: 400;\">090270<\/span><\/td>\n<\/tr>\n<tr>\n<td><span style=\"font-weight: 400;\">\u00d8 22 mm<\/span><\/td>\n<td><span style=\"font-weight: 400;\">090271<\/span><\/td>\n<\/tr>\n<tr>\n<td><span style=\"font-weight: 400;\">\u00d8 24 mm<\/span><\/td>\n<td><span style=\"font-weight: 400;\">090272<\/span><\/td>\n<\/tr>\n<tr>\n<td><span style=\"font-weight: 400;\">\u00d8 26 mm<\/span><\/td>\n<td><span style=\"font-weight: 400;\">090273<\/span><\/td>\n<\/tr>\n<tr>\n<td><span style=\"font-weight: 400;\">\u00d8 28 mm<\/span><\/td>\n<td><span style=\"font-weight: 400;\">090274<\/span><\/td>\n<\/tr>\n<tr>\n<td><span style=\"font-weight: 400;\">\u00d8 30 mm<\/span><\/td>\n<td><span style=\"font-weight: 400;\">090275<\/span><\/td>\n<\/tr>\n<\/tbody>\n<\/table>\n<p><strong>Mors de tari\u00e8re Lewis \u00e0 tige hexagonale :<\/strong><br \/>\nPour BST 460<br \/>\n<strong>Longueur totale<\/strong>: 460 mm.<\/p>\n<table>\n<tbody>\n<tr>\n<td><span style=\"font-weight: 400;\">\u00d8 8 mm<\/span><\/td>\n<td><span style=\"font-weight: 400;\">090251<\/span><\/td>\n<\/tr>\n<tr>\n<td><span style=\"font-weight: 400;\">\u00d8 10 mm<\/span><\/td>\n<td><span style=\"font-weight: 400;\">090252<\/span><\/td>\n<\/tr>\n<tr>\n<td><span style=\"font-weight: 400;\">\u00d8 12 mm<\/span><\/td>\n<td><span style=\"font-weight: 400;\">090253<\/span><\/td>\n<\/tr>\n<tr>\n<td><span style=\"font-weight: 400;\">\u00d8 14 mm<\/span><\/td>\n<td><span style=\"font-weight: 400;\">090254<\/span><\/td>\n<\/tr>\n<tr>\n<td><span style=\"font-weight: 400;\">\u00d8 16 mm<\/span><\/td>\n<td><span style=\"font-weight: 400;\">090255<\/span><\/td>\n<\/tr>\n<tr>\n<td><span style=\"font-weight: 400;\">\u00d8 18 mm<\/span><\/td>\n<td><span style=\"font-weight: 400;\">090256<\/span><\/td>\n<\/tr>\n<tr>\n<td><span style=\"font-weight: 400;\">\u00d8 20 mm<\/span><\/td>\n<td><span style=\"font-weight: 400;\">090257<\/span><\/td>\n<\/tr>\n<tr>\n<td><span style=\"font-weight: 400;\">\u00d8 22 mm<\/span><\/td>\n<td><span style=\"font-weight: 400;\">090258<\/span><\/td>\n<\/tr>\n<tr>\n<td><span style=\"font-weight: 400;\">\u00d8 24 mm<\/span><\/td>\n<td><span style=\"font-weight: 400;\">090259<\/span><\/td>\n<\/tr>\n<tr>\n<td><span style=\"font-weight: 400;\">\u00d8 26 mm<\/span><\/td>\n<td><span style=\"font-weight: 400;\">090260<\/span><\/td>\n<\/tr>\n<tr>\n<td><span style=\"font-weight: 400;\">\u00d8 28 mm<\/span><\/td>\n<td><span style=\"font-weight: 400;\">090261<\/span><\/td>\n<\/tr>\n<tr>\n<td><span style=\"font-weight: 400;\">\u00d8 30 mm<\/span><\/td>\n<td><span style=\"font-weight: 400;\">090262<\/span><\/td>\n<\/tr>\n<\/tbody>\n<\/table>\n<p><strong>Mors de tari\u00e8re Lewis \u00e0 tige hexagonale :<\/strong><\/p>\n<p>Pour BST 650 S<\/p>\n<p><strong>Longueur totale :<\/strong> 650 mm.<\/p>\n<table>\n<tbody>\n<tr>\n<td><span style=\"font-weight: 400;\">\u00d8 10 mm<\/span><\/td>\n<td><span style=\"font-weight: 400;\">090240<\/span><\/td>\n<\/tr>\n<tr>\n<td><span style=\"font-weight: 400;\">\u00d8 12 mm<\/span><\/td>\n<td><span style=\"font-weight: 400;\">090241<\/span><\/td>\n<\/tr>\n<tr>\n<td><span style=\"font-weight: 400;\">\u00d8 14 mm<\/span><\/td>\n<td><span style=\"font-weight: 400;\">090242<\/span><\/td>\n<\/tr>\n<tr>\n<td><span style=\"font-weight: 400;\">\u00d8 16 mm<\/span><\/td>\n<td><span style=\"font-weight: 400;\">090243<\/span><\/td>\n<\/tr>\n<tr>\n<td><span style=\"font-weight: 400;\">\u00d8 18 mm<\/span><\/td>\n<td><span style=\"font-weight: 400;\">090244<\/span><\/td>\n<\/tr>\n<tr>\n<td><span style=\"font-weight: 400;\">\u00d8 20 mm<\/span><\/td>\n<td><span style=\"font-weight: 400;\">090245<\/span><\/td>\n<\/tr>\n<tr>\n<td><span style=\"font-weight: 400;\">\u00d8 22 mm<\/span><\/td>\n<td><span style=\"font-weight: 400;\">090246<\/span><\/td>\n<\/tr>\n<tr>\n<td><span style=\"font-weight: 400;\">\u00d8 24 mm<\/span><\/td>\n<td><span style=\"font-weight: 400;\">090247<\/span><\/td>\n<\/tr>\n<tr>\n<td><span style=\"font-weight: 400;\">\u00d8 26 mm<\/span><\/td>\n<td><span style=\"font-weight: 400;\">090248<\/span><\/td>\n<\/tr>\n<tr>\n<td><span style=\"font-weight: 400;\">\u00d8 28 mm<\/span><\/td>\n<td><span style=\"font-weight: 400;\">090249<\/span><\/td>\n<\/tr>\n<tr>\n<td><span style=\"font-weight: 400;\">\u00d8 30 mm<\/span><\/td>\n<td><span style=\"font-weight: 400;\">090250<\/span><\/td>\n<\/tr>\n<\/tbody>\n<\/table>","protected":false},"excerpt":{"rendered":"<p>Order Number: \u00a0090251 Technical Data: Weight:\u00a00,122 Kg. Lewis Auger Bit With Hexagonal Shank: For BST 460, BST 320 Total Length: 320 mm. \u00d8 6 mm 090279 \u00d8 7 mm 090280 \u00d8 8 mm 090263 \u00d8 9 mm 090264 \u00d8 10 mm 090265 \u00d8 12 mm 090266 \u00d8 14 mm 090267 \u00d8 16 mm 090268 \u00d8 [&hellip;]<\/p>\n","protected":false},"featured_media":10819,"template":"","meta":{"site-sidebar-layout":"default","site-content-layout":"","ast-site-content-layout":"normal-width-container","site-content-style":"boxed","site-sidebar-style":"default","ast-global-header-display":"","ast-banner-title-visibility":"","ast-main-header-display":"","ast-hfb-above-header-display":"","ast-hfb-below-header-display":"","ast-hfb-mobile-header-display":"","site-post-title":"","ast-breadcrumbs-content":"","ast-featured-img":"","footer-sml-layout":"","ast-disable-related-posts":"","theme-transparent-header-meta":"default","adv-header-id-meta":"","stick-header-meta":"","header-above-stick-meta":"","header-main-stick-meta":"","header-below-stick-meta":"","astra-migrate-meta-layouts":"set","ast-page-background-enabled":"default","ast-page-background-meta":{"desktop":{"background-color":"","background-image":"","background-repeat":"repeat","background-position":"center center","background-size":"auto","background-attachment":"scroll","background-type":"","background-media":"","overlay-type":"","overlay-color":"","overlay-opacity":"","overlay-gradient":""},"tablet":{"background-color":"","background-image":"","background-repeat":"repeat","background-position":"center center","background-size":"auto","background-attachment":"scroll","background-type":"","background-media":"","overlay-type":"","overlay-color":"","overlay-opacity":"","overlay-gradient":""},"mobile":{"background-color":"","background-image":"","background-repeat":"repeat","background-position":"center center","background-size":"auto","background-attachment":"scroll","background-type":"","background-media":"","overlay-type":"","overlay-color":"","overlay-opacity":"","overlay-gradient":""}},"ast-content-background-meta":{"desktop":{"background-color":"var(--ast-global-color-5)","background-image":"","background-repeat":"repeat","background-position":"center center","background-size":"auto","background-attachment":"scroll","background-type":"","background-media":"","overlay-type":"","overlay-color":"","overlay-opacity":"","overlay-gradient":""},"tablet":{"background-color":"var(--ast-global-color-5)","background-image":"","background-repeat":"repeat","background-position":"center center","background-size":"auto","background-attachment":"scroll","background-type":"","background-media":"","overlay-type":"","overlay-color":"","overlay-opacity":"","overlay-gradient":""},"mobile":{"background-color":"var(--ast-global-color-5)","background-image":"","background-repeat":"repeat","background-position":"center center","background-size":"auto","background-attachment":"scroll","background-type":"","background-media":"","overlay-type":"","overlay-color":"","overlay-opacity":"","overlay-gradient":""}}},"product_brand":[],"product_cat":[331,305,154],"product_tag":[],"class_list":{"0":"post-10092","1":"product","2":"type-product","3":"status-publish","4":"has-post-thumbnail","6":"product_cat-accessories","7":"product_cat-mafell","8":"product_cat-specialities-accessories","9":"desktop-align-center","10":"tablet-align-center","11":"mobile-align-center","13":"first","14":"instock","15":"shipping-taxable","16":"product-type-simple"},"_links":{"self":[{"href":"https:\/\/jjscanada.ca\/fr\/wp-json\/wp\/v2\/product\/10092","targetHints":{"allow":["GET"]}}],"collection":[{"href":"https:\/\/jjscanada.ca\/fr\/wp-json\/wp\/v2\/product"}],"about":[{"href":"https:\/\/jjscanada.ca\/fr\/wp-json\/wp\/v2\/types\/product"}],"wp:featuredmedia":[{"embeddable":true,"href":"https:\/\/jjscanada.ca\/fr\/wp-json\/wp\/v2\/media\/10819"}],"wp:attachment":[{"href":"https:\/\/jjscanada.ca\/fr\/wp-json\/wp\/v2\/media?parent=10092"}],"wp:term":[{"taxonomy":"product_brand","embeddable":true,"href":"https:\/\/jjscanada.ca\/fr\/wp-json\/wp\/v2\/product_brand?post=10092"},{"taxonomy":"product_cat","embeddable":true,"href":"https:\/\/jjscanada.ca\/fr\/wp-json\/wp\/v2\/product_cat?post=10092"},{"taxonomy":"product_tag","embeddable":true,"href":"https:\/\/jjscanada.ca\/fr\/wp-json\/wp\/v2\/product_tag?post=10092"}],"curies":[{"name":"wp","href":"https:\/\/api.w.org\/{rel}","templated":true}]}}