{"id":10141,"date":"2024-06-14T16:46:33","date_gmt":"2024-06-14T16:46:33","guid":{"rendered":"https:\/\/jjscanada.ca\/?post_type=product&#038;p=10141"},"modified":"2024-07-17T17:47:40","modified_gmt":"2024-07-17T17:47:40","slug":"mafell-clamping-devices","status":"publish","type":"product","link":"https:\/\/jjscanada.ca\/fr\/produit\/mafell-clamping-devices\/","title":{"rendered":"Dispositifs de serrage Mafell"},"content":{"rendered":"<p>Mafell Dispositifs de serrage 1 pi\u00e8ce pour 091791, 091889<\/p>\n<p><strong>Num\u00e9ro de commande :\u00a0<\/strong>202295<\/p>\n<p><strong>Donn\u00e9es techniques :<\/strong><\/p>\n<p><strong>Poids :\u00a0<\/strong>0,21 Kg.<\/p>","protected":false},"excerpt":{"rendered":"<p>Mafell Dispositifs de serrage 1 Pi\u00e8ce Pour 091791, 091889 Num\u00e9ro de commande : 202295 Donn\u00e9es techniques : Poids : 0,21 Kg.<\/p>","protected":false},"featured_media":10813,"template":"","meta":{"site-sidebar-layout":"default","site-content-layout":"","ast-site-content-layout":"normal-width-container","site-content-style":"boxed","site-sidebar-style":"default","ast-global-header-display":"","ast-banner-title-visibility":"","ast-main-header-display":"","ast-hfb-above-header-display":"","ast-hfb-below-header-display":"","ast-hfb-mobile-header-display":"","site-post-title":"","ast-breadcrumbs-content":"","ast-featured-img":"","footer-sml-layout":"","ast-disable-related-posts":"","theme-transparent-header-meta":"default","adv-header-id-meta":"","stick-header-meta":"","header-above-stick-meta":"","header-main-stick-meta":"","header-below-stick-meta":"","astra-migrate-meta-layouts":"set","ast-page-background-enabled":"default","ast-page-background-meta":{"desktop":{"background-color":"","background-image":"","background-repeat":"repeat","background-position":"center center","background-size":"auto","background-attachment":"scroll","background-type":"","background-media":"","overlay-type":"","overlay-color":"","overlay-opacity":"","overlay-gradient":""},"tablet":{"background-color":"","background-image":"","background-repeat":"repeat","background-position":"center center","background-size":"auto","background-attachment":"scroll","background-type":"","background-media":"","overlay-type":"","overlay-color":"","overlay-opacity":"","overlay-gradient":""},"mobile":{"background-color":"","background-image":"","background-repeat":"repeat","background-position":"center center","background-size":"auto","background-attachment":"scroll","background-type":"","background-media":"","overlay-type":"","overlay-color":"","overlay-opacity":"","overlay-gradient":""}},"ast-content-background-meta":{"desktop":{"background-color":"var(--ast-global-color-5)","background-image":"","background-repeat":"repeat","background-position":"center center","background-size":"auto","background-attachment":"scroll","background-type":"","background-media":"","overlay-type":"","overlay-color":"","overlay-opacity":"","overlay-gradient":""},"tablet":{"background-color":"var(--ast-global-color-5)","background-image":"","background-repeat":"repeat","background-position":"center center","background-size":"auto","background-attachment":"scroll","background-type":"","background-media":"","overlay-type":"","overlay-color":"","overlay-opacity":"","overlay-gradient":""},"mobile":{"background-color":"var(--ast-global-color-5)","background-image":"","background-repeat":"repeat","background-position":"center center","background-size":"auto","background-attachment":"scroll","background-type":"","background-media":"","overlay-type":"","overlay-color":"","overlay-opacity":"","overlay-gradient":""}}},"product_brand":[],"product_cat":[331,305,154],"product_tag":[],"class_list":{"0":"post-10141","1":"product","2":"type-product","3":"status-publish","4":"has-post-thumbnail","6":"product_cat-accessories","7":"product_cat-mafell","8":"product_cat-specialities-accessories","9":"desktop-align-center","10":"tablet-align-center","11":"mobile-align-center","13":"first","14":"instock","15":"shipping-taxable","16":"product-type-simple"},"_links":{"self":[{"href":"https:\/\/jjscanada.ca\/fr\/wp-json\/wp\/v2\/product\/10141","targetHints":{"allow":["GET"]}}],"collection":[{"href":"https:\/\/jjscanada.ca\/fr\/wp-json\/wp\/v2\/product"}],"about":[{"href":"https:\/\/jjscanada.ca\/fr\/wp-json\/wp\/v2\/types\/product"}],"wp:featuredmedia":[{"embeddable":true,"href":"https:\/\/jjscanada.ca\/fr\/wp-json\/wp\/v2\/media\/10813"}],"wp:attachment":[{"href":"https:\/\/jjscanada.ca\/fr\/wp-json\/wp\/v2\/media?parent=10141"}],"wp:term":[{"taxonomy":"product_brand","embeddable":true,"href":"https:\/\/jjscanada.ca\/fr\/wp-json\/wp\/v2\/product_brand?post=10141"},{"taxonomy":"product_cat","embeddable":true,"href":"https:\/\/jjscanada.ca\/fr\/wp-json\/wp\/v2\/product_cat?post=10141"},{"taxonomy":"product_tag","embeddable":true,"href":"https:\/\/jjscanada.ca\/fr\/wp-json\/wp\/v2\/product_tag?post=10141"}],"curies":[{"name":"wp","href":"https:\/\/api.w.org\/{rel}","templated":true}]}}