{"id":10236,"date":"2024-06-21T17:37:43","date_gmt":"2024-06-21T17:37:43","guid":{"rendered":"https:\/\/jjscanada.ca\/?post_type=product&#038;p=10236"},"modified":"2024-09-27T13:48:28","modified_gmt":"2024-09-27T13:48:28","slug":"lamello-tenso-p-10","status":"publish","type":"product","link":"https:\/\/jjscanada.ca\/fr\/produit\/lamello-tenso-p-10\/","title":{"rendered":"Lamello Tenso P-10"},"content":{"rendered":"<p>Connecteur autoserrant pour le collage de mat\u00e9riaux minces \u00e0 partir de 12 mm d'\u00e9paisseur<\/p>\n<ul>\n<li>Connecteur invisible et auto-serrant comme aide au collage ;<\/li>\n<li>Collage extr\u00eamement rapide, les pi\u00e8ces \u00e9tant simplement coll\u00e9es l'une \u00e0 l'autre ;<\/li>\n<li>Pour les mat\u00e9riaux plus fins, \u00e9paisseurs \u00e0 partir de 12 mm ou onglets en 15 mm.<\/li>\n<\/ul>\n<div><strong>Description :<\/strong><\/div>\n<div><\/div>\n<div>Tenso P-10 est un connecteur auto-serrant \u00e0 coller qui s'ancre en quelques secondes dans la rainure du syst\u00e8me P. La force de serrage \u00e9lev\u00e9e de Tenso permet d'obtenir des assemblages parfaitement serr\u00e9s sans pinces ni presses, quel que soit l'angle des pi\u00e8ces. La force de serrage \u00e9lev\u00e9e de Tenso permet d'obtenir des assemblages parfaitement serr\u00e9s sans pinces ni presses, quel que soit l'angle des pi\u00e8ces. Un assemblage esth\u00e9tique est possible sans connecteurs visibles, avec des temps d'assemblage courts et sans avoir \u00e0 attendre que la colle s\u00e8che. Tenso P-10 est utilis\u00e9 pour les assemblages \u00e0 onglet \u00e0 partir d'une \u00e9paisseur de 15 mm et pour les assemblages bout \u00e0 bout \u00e0 partir d'une \u00e9paisseur de 12 mm.<\/div>\n<div><\/div>\n<div><strong>Voir en action :<\/strong><\/div>\n<div><\/div>\n<div class=\"ast-oembed-container\" style=\"height: 100%;\"><iframe title=\"Lamello Tutorial Tenso P-14 : Joint de meuble \u00e0 onglet, mat\u00e9riau 19 mm\" width=\"500\" height=\"281\" src=\"https:\/\/www.youtube.com\/embed\/NGwy7pxFyn8?feature=oembed\" frameborder=\"0\" allow=\"accelerometer; autoplay; clipboard-write; encrypted-media; gyroscope; picture-in-picture; web-share\" referrerpolicy=\"strict-origin-when-cross-origin\" allowfullscreen><\/iframe><\/div>\n<p>&nbsp;<\/p>\n<div><strong>Informations sur le produit :<\/strong><\/div>\n<div><\/div>\n<div><strong>L'aide au collage id\u00e9ale :<\/strong><\/div>\n<div>\n<p>Gr\u00e2ce \u00e0 sa force de serrage \u00e9lev\u00e9e, le Tenso P ne n\u00e9cessite pas d'autres dispositifs d'encollage tels que des pinces ou des presses.<\/p>\n<p><strong>Mat\u00e9riaux minces :<\/strong><\/p>\n<p><span style=\"font-size: 16px;\">Mat\u00e9riaux de collage d'une \u00e9paisseur de 12 mm et plus<\/span><\/p>\n<div class=\"teaser\">\n<p><strong>Syst\u00e8me P Ancrage :<\/strong><\/p>\n<p>Ancrage des connecteurs sans outil, sans colle ni vis.<\/p>\n<p><strong>Connexion la plus r\u00e9cente :<\/strong><\/p>\n<p>Connexion en quelques secondes avec Clamex ou Tenso. La connexion est termin\u00e9e en quelques secondes, sans temps d'attente, sans pinces, ni travail de post-traitement.<\/p>\n<p><strong>Facilit\u00e9 de travail :<\/strong><\/p>\n<p>La grande tol\u00e9rance longitudinale permet d'\u00e9viter les impr\u00e9cisions lors de la coupe.<\/p>\n<p><strong>Utilisation polyvalente :<\/strong><\/p>\n<p>En combinaison avec le clip de pr\u00e9charge, le collage \u00e0 l'aide du Tenso P est non seulement facile, mais permet \u00e9galement une connexion sous tous les angles.<\/p>\n<p><strong>Informations techniques :<\/strong><\/p>\n<div class=\"col-xs-12 col-s-6 col-sm-12 col-md-4 col-lg-4\">\n<div class=\"technical-item\">\n<div class=\"row\"><strong style=\"font-size: 16px;\">Tol\u00e9rance d'installation :<\/strong><\/div>\n<\/div>\n<\/div>\n<div class=\"col-xs-12 col-s-6 col-sm-12 col-md-4 col-lg-4\">\n<div class=\"technical-item\">\n<div class=\"row\">\n<p><span style=\"font-size: 16px;\"><strong>Longitudinal<\/strong> \u00b1 1 mm.<\/span><\/p>\n<p><strong style=\"font-size: 16px;\">Mat\u00e9riau Connecteur : <\/strong><span style=\"font-size: 16px;\">Plastique renforc\u00e9 de fibres de verre<\/span><\/p>\n<\/div>\n<\/div>\n<div class=\"technical-item\">\n<div class=\"row\">\n<div><strong style=\"font-size: 16px;\"><span style=\"font-size: 16px;\">Cutter : <\/span><\/strong><span style=\"font-size: 16px;\">\u00d8 100,4 x 7 x 22<\/span><\/div>\n<\/div>\n<\/div>\n<\/div>\n<p><strong style=\"font-size: 16px;\">Taille (mm) :<\/strong><span style=\"font-size: 16px;\">52 \u00d7 19 \u00d7 9,7 mm.<\/span><\/p>\n<p><strong style=\"font-size: 16px;\">Force de serrage : <\/strong><span style=\"font-size: 16px;\">10 Kg.<\/span><\/p>\n<\/div>\n<\/div>","protected":false},"excerpt":{"rendered":"<p>Self-Clamping connector for glueing thin materials from 12 mm thickness Invisible, self-clamping connector as gluing aid; Extremely fast gluing, as the work pieces are simply stuck together; For thinner material thicknesses from 12 mm or miters in 15 mm. Description: Tenso P-10 is a self-clamping connector to glue and is anchored in the form-locking P-System [&hellip;]<\/p>\n","protected":false},"featured_media":11739,"template":"","meta":{"site-sidebar-layout":"default","site-content-layout":"","ast-site-content-layout":"normal-width-container","site-content-style":"boxed","site-sidebar-style":"default","ast-global-header-display":"","ast-banner-title-visibility":"","ast-main-header-display":"","ast-hfb-above-header-display":"","ast-hfb-below-header-display":"","ast-hfb-mobile-header-display":"","site-post-title":"","ast-breadcrumbs-content":"","ast-featured-img":"","footer-sml-layout":"","ast-disable-related-posts":"","theme-transparent-header-meta":"default","adv-header-id-meta":"","stick-header-meta":"","header-above-stick-meta":"","header-main-stick-meta":"","header-below-stick-meta":"","astra-migrate-meta-layouts":"set","ast-page-background-enabled":"default","ast-page-background-meta":{"desktop":{"background-color":"","background-image":"","background-repeat":"repeat","background-position":"center center","background-size":"auto","background-attachment":"scroll","background-type":"","background-media":"","overlay-type":"","overlay-color":"","overlay-opacity":"","overlay-gradient":""},"tablet":{"background-color":"","background-image":"","background-repeat":"repeat","background-position":"center center","background-size":"auto","background-attachment":"scroll","background-type":"","background-media":"","overlay-type":"","overlay-color":"","overlay-opacity":"","overlay-gradient":""},"mobile":{"background-color":"","background-image":"","background-repeat":"repeat","background-position":"center center","background-size":"auto","background-attachment":"scroll","background-type":"","background-media":"","overlay-type":"","overlay-color":"","overlay-opacity":"","overlay-gradient":""}},"ast-content-background-meta":{"desktop":{"background-color":"var(--ast-global-color-5)","background-image":"","background-repeat":"repeat","background-position":"center center","background-size":"auto","background-attachment":"scroll","background-type":"","background-media":"","overlay-type":"","overlay-color":"","overlay-opacity":"","overlay-gradient":""},"tablet":{"background-color":"var(--ast-global-color-5)","background-image":"","background-repeat":"repeat","background-position":"center center","background-size":"auto","background-attachment":"scroll","background-type":"","background-media":"","overlay-type":"","overlay-color":"","overlay-opacity":"","overlay-gradient":""},"mobile":{"background-color":"var(--ast-global-color-5)","background-image":"","background-repeat":"repeat","background-position":"center center","background-size":"auto","background-attachment":"scroll","background-type":"","background-media":"","overlay-type":"","overlay-color":"","overlay-opacity":"","overlay-gradient":""}}},"product_brand":[],"product_cat":[55,332,104],"product_tag":[],"class_list":{"0":"post-10236","1":"product","2":"type-product","3":"status-publish","4":"has-post-thumbnail","6":"product_cat-brand-lamello","7":"product_cat-p-system","8":"product_cat-application-wood-joining","9":"desktop-align-center","10":"tablet-align-center","11":"mobile-align-center","13":"first","14":"instock","15":"shipping-taxable","16":"product-type-simple"},"_links":{"self":[{"href":"https:\/\/jjscanada.ca\/fr\/wp-json\/wp\/v2\/product\/10236","targetHints":{"allow":["GET"]}}],"collection":[{"href":"https:\/\/jjscanada.ca\/fr\/wp-json\/wp\/v2\/product"}],"about":[{"href":"https:\/\/jjscanada.ca\/fr\/wp-json\/wp\/v2\/types\/product"}],"wp:featuredmedia":[{"embeddable":true,"href":"https:\/\/jjscanada.ca\/fr\/wp-json\/wp\/v2\/media\/11739"}],"wp:attachment":[{"href":"https:\/\/jjscanada.ca\/fr\/wp-json\/wp\/v2\/media?parent=10236"}],"wp:term":[{"taxonomy":"product_brand","embeddable":true,"href":"https:\/\/jjscanada.ca\/fr\/wp-json\/wp\/v2\/product_brand?post=10236"},{"taxonomy":"product_cat","embeddable":true,"href":"https:\/\/jjscanada.ca\/fr\/wp-json\/wp\/v2\/product_cat?post=10236"},{"taxonomy":"product_tag","embeddable":true,"href":"https:\/\/jjscanada.ca\/fr\/wp-json\/wp\/v2\/product_tag?post=10236"}],"curies":[{"name":"wp","href":"https:\/\/api.w.org\/{rel}","templated":true}]}}