{"id":10281,"date":"2024-06-24T19:08:20","date_gmt":"2024-06-24T19:08:20","guid":{"rendered":"https:\/\/jjscanada.ca\/?post_type=product&#038;p=10281"},"modified":"2024-09-27T13:40:44","modified_gmt":"2024-09-27T13:40:44","slug":"lamello-clamex-p-14","status":"publish","type":"product","link":"https:\/\/jjscanada.ca\/fr\/produit\/lamello-clamex-p-14\/","title":{"rendered":"Lamello Clamex P-14"},"content":{"rendered":"<p>Connecteur de meuble amovible<\/p>\n<ul>\n<li>Connecteur d\u00e9tachable avec une tr\u00e8s petite ouverture ;<\/li>\n<li>Insertion extr\u00eamement rapide des connecteurs sans outils ;<\/li>\n<li>Polyvalence pour tous les angles et toutes les situations d'assemblage.<\/li>\n<\/ul>\n<div><strong>Description :<\/strong><\/div>\n<div><\/div>\n<div>Clamex P-14 est un connecteur amovible qui s'ancre en quelques secondes dans la rainure du syst\u00e8me P \u00e0 verrouillage de forme. Gr\u00e2ce au trou d'acc\u00e8s minimaliste de 6 mm, Clamex P-14 est fermement connect\u00e9 et d\u00e9connect\u00e9 \u00e0 l'aide d'un levier. Clamex P-14 \u00e9limine le besoin de colle, permet des joints esth\u00e9tiques \u00e0 tous les angles et est id\u00e9al pour les onglets assembl\u00e9s de fa\u00e7on permanente ou d\u00e9tachables. Clamex P-14 est utilis\u00e9 pour les assemblages \u00e0 onglet \u00e0 partir de 18 mm d'\u00e9paisseur de mat\u00e9riau et pour les assemblages bout \u00e0 bout \u00e0 partir de 15 mm.<\/div>\n<div><\/div>\n<div><strong>Voir en action :<\/strong><\/div>\n<div><\/div>\n<div class=\"ast-oembed-container\" style=\"height: 100%;\"><iframe title=\"Clamex P-14 - Connecteur de meuble amovible\" width=\"500\" height=\"281\" src=\"https:\/\/www.youtube.com\/embed\/qXLKOGthxhQ?feature=oembed\" frameborder=\"0\" allow=\"accelerometer; autoplay; clipboard-write; encrypted-media; gyroscope; picture-in-picture; web-share\" referrerpolicy=\"strict-origin-when-cross-origin\" allowfullscreen><\/iframe><\/div>\n<div class=\"ast-oembed-container\" style=\"height: 100%;\"><iframe title=\"Lamello Tutorial Clamex P-14 : Joint d&#039;angle amovible, \u00e9paisseur du mat\u00e9riau 16 mm\" width=\"500\" height=\"281\" src=\"https:\/\/www.youtube.com\/embed\/vskiglTFFJs?feature=oembed\" frameborder=\"0\" allow=\"accelerometer; autoplay; clipboard-write; encrypted-media; gyroscope; picture-in-picture; web-share\" referrerpolicy=\"strict-origin-when-cross-origin\" allowfullscreen><\/iframe><\/div>\n<div class=\"ast-oembed-container\" style=\"height: 100%;\"><iframe title=\"Assemblage avec Clamex P-14 - joint d&#039;about \u00e0 90\" width=\"500\" height=\"281\" src=\"https:\/\/www.youtube.com\/embed\/Sj_VnC_dYlI?feature=oembed\" frameborder=\"0\" allow=\"accelerometer; autoplay; clipboard-write; encrypted-media; gyroscope; picture-in-picture; web-share\" referrerpolicy=\"strict-origin-when-cross-origin\" allowfullscreen><\/iframe><\/div>\n<div><strong>Informations sur le produit :<\/strong><\/div>\n<div><\/div>\n<div>\n<p><strong>Un polyvalent d\u00e9tachable :<\/strong><\/p>\n<p><span style=\"font-size: 16px;\">Les pi\u00e8ces connect\u00e9es avec le Clamex P peuvent \u00eatre d\u00e9tach\u00e9es \u00e0 tout moment \u00e0 l'aide du levier rotatif.<\/span><\/p>\n<\/div>\n<p><strong>Facilit\u00e9 de travail : <\/strong><\/p>\n<p><span style=\"font-size: 16px;\">La grande tol\u00e9rance longitudinale permet d'\u00e9viter les impr\u00e9cisions lors de la coupe.<\/span><\/p>\n<p><strong>Tr\u00e8s esth\u00e9tique :<\/strong><\/p>\n<p><span style=\"font-size: 16px;\">Seule une petite ouverture de 6 mm, \u00e0 peine visible, permet d'ouvrir et de fermer le connecteur.<\/span><\/p>\n<p><strong>Syst\u00e8me P Ancrage :<\/strong><\/p>\n<div class=\"teaser\">\n<p>Ancrage des connecteurs sans outil, sans colle ni vis.<\/p>\n<p><strong>Connexion la plus rapide :<\/strong><\/p>\n<div class=\"teaser\">\n<p>Connexion en quelques secondes avec Clamex ou Tenso. La connexion est termin\u00e9e en quelques secondes, sans temps d'attente, sans pinces, ni travail de post-traitement.<\/p>\n<p><strong>Informations techniques :<\/strong><\/p>\n<div class=\"col-xs-12\">\n<section class=\"headings\"><strong><span style=\"font-size: 16px;\">R\u00e9sistance \u00e0 la traction (N) <\/span><\/strong><span style=\"font-size: 16px;\"><strong>MDF<\/strong>: <\/span><span style=\"font-size: 16px;\">~ 900 N \u2248 90 Kg.<\/span><\/section>\n<section><\/section>\n<section><\/section>\n<\/div>\n<div class=\"col-xs-12 col-s-6 col-sm-12 col-md-4 col-lg-4\">\n<div class=\"technical-item\">\n<div class=\"row\">\n<div class=\"label col-xs-8 col-s-7 col-sm-7 col-md-7 col-lg-6\"><strong>R\u00e9sistance \u00e0 la traction (N) Panneau de particules : <\/strong><span style=\"font-size: 16px;\">~ 800 N \u2248 80 Kg.<\/span><\/div>\n<div><\/div>\n<\/div>\n<\/div>\n<div class=\"technical-item\">\n<div class=\"row\">\n<div class=\"label col-xs-8 col-s-7 col-sm-7 col-md-7 col-lg-6\"><strong>Tol\u00e9rance d'installation :<\/strong><\/div>\n<div class=\"label col-xs-8 col-s-7 col-sm-7 col-md-7 col-lg-6\"><span style=\"font-size: 16px;\"><strong>Longitudinal<\/strong> \u00b1 1 mm.<\/span><\/div>\n<div><strong style=\"font-size: 16px;\"><span style=\"font-size: 16px;\">Mat\u00e9riau Levier : <\/span><\/strong><span style=\"font-size: 16px;\">Zinc moul\u00e9 sous pression<\/span><\/div>\n<\/div>\n<\/div>\n<\/div>\n<p><strong style=\"font-size: 16px;\">Mat\u00e9riau Connecteur : <\/strong><span style=\"font-size: 16px;\">Plastique renforc\u00e9 de fibres de verre<\/span><\/p>\n<p><strong style=\"font-size: 16px;\">Cutter : <\/strong><span style=\"font-size: 16px;\">\u00d8 100,4 x 7 x 22<\/span><\/p>\n<div class=\"col-xs-12 col-s-6 col-sm-12 col-md-4 col-lg-4\">\n<div class=\"technical-item\">\n<div class=\"row\">\n<div><strong style=\"font-size: 16px;\"><span style=\"font-size: 16px;\">Taille (mm) : <\/span><\/strong><span style=\"font-size: 16px;\">64 x 27 x 9,7 mm.<\/span><\/div>\n<\/div>\n<\/div>\n<\/div>\n<p><strong style=\"font-size: 16px;\">R\u00e9sistance \u00e0 la traction (N) H\u00eatre :<\/strong> <span style=\"font-size: 16px;\">~ 1000 N \u2248 100 Kg.<\/span><\/p>\n<\/div>\n<\/div>","protected":false},"excerpt":{"rendered":"<p>Detachable furniture connector Detachable connector with very small opening; Extremly fast insertion of the connectors without tools; Versatility for all angles and joining situations. Description: Clamex P-14 is a detachable connector and is\u00a0anchored in the form-locking P-System groove\u00a0within seconds.\u00a0Through the minimalist 6 mm access hole,\u00a0Clamex P-14 is firmly connected and disconnected using a lever.\u00a0Clamex P-14 [&hellip;]<\/p>\n","protected":false},"featured_media":11737,"template":"","meta":{"site-sidebar-layout":"default","site-content-layout":"","ast-site-content-layout":"normal-width-container","site-content-style":"boxed","site-sidebar-style":"default","ast-global-header-display":"","ast-banner-title-visibility":"","ast-main-header-display":"","ast-hfb-above-header-display":"","ast-hfb-below-header-display":"","ast-hfb-mobile-header-display":"","site-post-title":"","ast-breadcrumbs-content":"","ast-featured-img":"","footer-sml-layout":"","ast-disable-related-posts":"","theme-transparent-header-meta":"default","adv-header-id-meta":"","stick-header-meta":"","header-above-stick-meta":"","header-main-stick-meta":"","header-below-stick-meta":"","astra-migrate-meta-layouts":"set","ast-page-background-enabled":"default","ast-page-background-meta":{"desktop":{"background-color":"","background-image":"","background-repeat":"repeat","background-position":"center center","background-size":"auto","background-attachment":"scroll","background-type":"","background-media":"","overlay-type":"","overlay-color":"","overlay-opacity":"","overlay-gradient":""},"tablet":{"background-color":"","background-image":"","background-repeat":"repeat","background-position":"center center","background-size":"auto","background-attachment":"scroll","background-type":"","background-media":"","overlay-type":"","overlay-color":"","overlay-opacity":"","overlay-gradient":""},"mobile":{"background-color":"","background-image":"","background-repeat":"repeat","background-position":"center center","background-size":"auto","background-attachment":"scroll","background-type":"","background-media":"","overlay-type":"","overlay-color":"","overlay-opacity":"","overlay-gradient":""}},"ast-content-background-meta":{"desktop":{"background-color":"var(--ast-global-color-5)","background-image":"","background-repeat":"repeat","background-position":"center center","background-size":"auto","background-attachment":"scroll","background-type":"","background-media":"","overlay-type":"","overlay-color":"","overlay-opacity":"","overlay-gradient":""},"tablet":{"background-color":"var(--ast-global-color-5)","background-image":"","background-repeat":"repeat","background-position":"center center","background-size":"auto","background-attachment":"scroll","background-type":"","background-media":"","overlay-type":"","overlay-color":"","overlay-opacity":"","overlay-gradient":""},"mobile":{"background-color":"var(--ast-global-color-5)","background-image":"","background-repeat":"repeat","background-position":"center center","background-size":"auto","background-attachment":"scroll","background-type":"","background-media":"","overlay-type":"","overlay-color":"","overlay-opacity":"","overlay-gradient":""}}},"product_brand":[],"product_cat":[55,332,104],"product_tag":[],"class_list":{"0":"post-10281","1":"product","2":"type-product","3":"status-publish","4":"has-post-thumbnail","6":"product_cat-brand-lamello","7":"product_cat-p-system","8":"product_cat-application-wood-joining","9":"desktop-align-center","10":"tablet-align-center","11":"mobile-align-center","13":"first","14":"instock","15":"shipping-taxable","16":"product-type-simple"},"_links":{"self":[{"href":"https:\/\/jjscanada.ca\/fr\/wp-json\/wp\/v2\/product\/10281","targetHints":{"allow":["GET"]}}],"collection":[{"href":"https:\/\/jjscanada.ca\/fr\/wp-json\/wp\/v2\/product"}],"about":[{"href":"https:\/\/jjscanada.ca\/fr\/wp-json\/wp\/v2\/types\/product"}],"wp:featuredmedia":[{"embeddable":true,"href":"https:\/\/jjscanada.ca\/fr\/wp-json\/wp\/v2\/media\/11737"}],"wp:attachment":[{"href":"https:\/\/jjscanada.ca\/fr\/wp-json\/wp\/v2\/media?parent=10281"}],"wp:term":[{"taxonomy":"product_brand","embeddable":true,"href":"https:\/\/jjscanada.ca\/fr\/wp-json\/wp\/v2\/product_brand?post=10281"},{"taxonomy":"product_cat","embeddable":true,"href":"https:\/\/jjscanada.ca\/fr\/wp-json\/wp\/v2\/product_cat?post=10281"},{"taxonomy":"product_tag","embeddable":true,"href":"https:\/\/jjscanada.ca\/fr\/wp-json\/wp\/v2\/product_tag?post=10281"}],"curies":[{"name":"wp","href":"https:\/\/api.w.org\/{rel}","templated":true}]}}