{"id":10285,"date":"2024-06-24T19:16:03","date_gmt":"2024-06-24T19:16:03","guid":{"rendered":"https:\/\/jjscanada.ca\/?post_type=product&#038;p=10285"},"modified":"2024-09-27T13:36:30","modified_gmt":"2024-09-27T13:36:30","slug":"lamello-clamex-p-14-cnc","status":"publish","type":"product","link":"https:\/\/jjscanada.ca\/fr\/produit\/lamello-clamex-p-14-cnc\/","title":{"rendered":"Lamello Clamex P-14 CNC"},"content":{"rendered":"<p>Connecteur de meuble amovible avec alignement pr\u00e9cis<\/p>\n<ul>\n<li>Alignement pr\u00e9cis des deux moiti\u00e9s du connecteur.<\/li>\n<li>D\u00e9tachable.<\/li>\n<li>Petite ouverture pour le levier.<\/li>\n<\/ul>\n<div><strong>Description :<\/strong><\/div>\n<div>Clamex P-14 CNC est un connecteur amovible qui s'ancre en quelques secondes dans la rainure du syst\u00e8me P \u00e0 verrouillage de forme. Par le trou d'acc\u00e8s minimaliste de 5 mm, Clamex P-14 est fermement connect\u00e9 et d\u00e9connect\u00e9 \u00e0 l'aide d'un levier. Clamex P-14 CNC est id\u00e9al pour la production sur des machines \u00e0 commande num\u00e9rique et, contrairement \u00e0 Clamex P-14, s'aligne automatiquement lors de l'assemblage. Clamex P-14 CNC est utilis\u00e9 dans les assemblages \u00e0 onglet \u00e0 partir de 18 mm d'\u00e9paisseur de mat\u00e9riau et dans les assemblages bout \u00e0 bout \u00e0 partir de 12 mm.<\/div>\n<div><\/div>\n<div><strong>Voir en action :<\/strong><\/div>\n<div><\/div>\n<div class=\"ast-oembed-container\" style=\"height: 100%;\"><iframe title=\"Clamex P-14 CNC - Raccord de meuble amovible avec alignement pr\u00e9cis\" width=\"500\" height=\"281\" src=\"https:\/\/www.youtube.com\/embed\/6VkjvG0Q8sA?feature=oembed\" frameborder=\"0\" allow=\"accelerometer; autoplay; clipboard-write; encrypted-media; gyroscope; picture-in-picture; web-share\" referrerpolicy=\"strict-origin-when-cross-origin\" allowfullscreen><\/iframe><\/div>\n<p>&nbsp;<\/p>\n<div><strong>Informations sur le produit :<\/strong><\/div>\n<div><\/div>\n<div>\n<p><strong>Tr\u00e8s esth\u00e9tique :<\/strong><\/p>\n<div class=\"teaser\">\n<p>Seule une petite ouverture de 6 mm, \u00e0 peine visible, permet d'ouvrir et de fermer le connecteur.<\/p>\n<\/div>\n<p><strong>Syst\u00e8me P Ancrage :<\/strong><\/p>\n<div class=\"teaser\">\n<p>Ancrage des connecteurs sans outil, sans colle ni vis.<\/p>\n<p><strong>Connexion la plus r\u00e9cente :<\/strong><\/p>\n<p>Connexion en quelques secondes avec Clamex ou Tenso. La connexion est termin\u00e9e en quelques secondes, sans temps d'attente, sans pinces, ni travail de post-traitement.<\/p>\n<p><strong>Un polyvalent d\u00e9tachable :<\/strong><\/p>\n<div class=\"teaser\">\n<p>Les pi\u00e8ces connect\u00e9es avec le Clamex P peuvent \u00eatre d\u00e9tach\u00e9es \u00e0 tout moment \u00e0 l'aide du levier rotatif.<\/p>\n<p><strong>Informations techniques :<\/strong><\/p>\n<div class=\"col-xs-12 col-s-6 col-sm-12 col-md-4 col-lg-4\">\n<div class=\"technical-item\">\n<div class=\"row\">\n<div class=\"label col-xs-8 col-s-7 col-sm-7 col-md-7 col-lg-6\"><strong>Taille (mm) :<\/strong> <span style=\"font-size: 16px;\">64 x 13,5 x 9,7 mm<\/span><\/div>\n<div><strong style=\"font-size: 16px;\">Cutter :<\/strong> <span style=\"font-size: 16px;\">\u00f8 100,4 x 7 x 22 mm<\/span><\/div>\n<\/div>\n<\/div>\n<\/div>\n<p><strong><span style=\"font-size: 16px;\">Mat\u00e9riau Connecteur : <\/span><\/strong><span style=\"font-size: 16px;\">Plastique renforc\u00e9 de fibre de verre<\/span><\/p>\n<p><strong style=\"font-size: 16px;\">Mat\u00e9riau Levier : <\/strong><span style=\"font-size: 16px;\">Zinc moul\u00e9 sous pression<\/span><\/p>\n<p><strong style=\"font-size: 16px;\">Tol\u00e9rance d'installation :<\/strong><\/p>\n<div class=\"col-xs-12 col-s-6 col-sm-12 col-md-4 col-lg-4\">\n<div class=\"technical-item\">\n<div class=\"row\">\n<div><strong style=\"font-size: 16px;\">Longitudinal :<\/strong><span style=\"font-size: 16px;\"> \u00b1 0 mm<\/span><\/div>\n<\/div>\n<div class=\"row\">\n<div class=\"col-xs-4 col-s-5 col-sm-5 col-md-5 col-lg-6\"><strong>Radial :<\/strong> \u00b1 1 mm<\/div>\n<\/div>\n<\/div>\n<\/div>\n<\/div>\n<\/div>\n<\/div>","protected":false},"excerpt":{"rendered":"<p>Detachable furniture connector with precise alignment Precise alignment of the two connector halves. Detachable. Small opening for lever. Description: Clamex P-14 CNC is a detachable connector\u00a0and is anchored in the form-locking P-System\u00a0groove within seconds. Through the minimalist\u00a05 mm access hole, Clamex P-14 is firmly\u00a0connected and disconnected using a lever.\u00a0Clamex P-14 CNC is ideal for production [&hellip;]<\/p>\n","protected":false},"featured_media":11736,"template":"","meta":{"site-sidebar-layout":"default","site-content-layout":"","ast-site-content-layout":"normal-width-container","site-content-style":"boxed","site-sidebar-style":"default","ast-global-header-display":"","ast-banner-title-visibility":"","ast-main-header-display":"","ast-hfb-above-header-display":"","ast-hfb-below-header-display":"","ast-hfb-mobile-header-display":"","site-post-title":"","ast-breadcrumbs-content":"","ast-featured-img":"","footer-sml-layout":"","ast-disable-related-posts":"","theme-transparent-header-meta":"default","adv-header-id-meta":"","stick-header-meta":"","header-above-stick-meta":"","header-main-stick-meta":"","header-below-stick-meta":"","astra-migrate-meta-layouts":"set","ast-page-background-enabled":"default","ast-page-background-meta":{"desktop":{"background-color":"","background-image":"","background-repeat":"repeat","background-position":"center center","background-size":"auto","background-attachment":"scroll","background-type":"","background-media":"","overlay-type":"","overlay-color":"","overlay-opacity":"","overlay-gradient":""},"tablet":{"background-color":"","background-image":"","background-repeat":"repeat","background-position":"center center","background-size":"auto","background-attachment":"scroll","background-type":"","background-media":"","overlay-type":"","overlay-color":"","overlay-opacity":"","overlay-gradient":""},"mobile":{"background-color":"","background-image":"","background-repeat":"repeat","background-position":"center center","background-size":"auto","background-attachment":"scroll","background-type":"","background-media":"","overlay-type":"","overlay-color":"","overlay-opacity":"","overlay-gradient":""}},"ast-content-background-meta":{"desktop":{"background-color":"var(--ast-global-color-5)","background-image":"","background-repeat":"repeat","background-position":"center center","background-size":"auto","background-attachment":"scroll","background-type":"","background-media":"","overlay-type":"","overlay-color":"","overlay-opacity":"","overlay-gradient":""},"tablet":{"background-color":"var(--ast-global-color-5)","background-image":"","background-repeat":"repeat","background-position":"center center","background-size":"auto","background-attachment":"scroll","background-type":"","background-media":"","overlay-type":"","overlay-color":"","overlay-opacity":"","overlay-gradient":""},"mobile":{"background-color":"var(--ast-global-color-5)","background-image":"","background-repeat":"repeat","background-position":"center center","background-size":"auto","background-attachment":"scroll","background-type":"","background-media":"","overlay-type":"","overlay-color":"","overlay-opacity":"","overlay-gradient":""}}},"product_brand":[],"product_cat":[55,332,104],"product_tag":[],"class_list":{"0":"post-10285","1":"product","2":"type-product","3":"status-publish","4":"has-post-thumbnail","6":"product_cat-brand-lamello","7":"product_cat-p-system","8":"product_cat-application-wood-joining","9":"desktop-align-center","10":"tablet-align-center","11":"mobile-align-center","13":"first","14":"instock","15":"shipping-taxable","16":"product-type-simple"},"_links":{"self":[{"href":"https:\/\/jjscanada.ca\/fr\/wp-json\/wp\/v2\/product\/10285","targetHints":{"allow":["GET"]}}],"collection":[{"href":"https:\/\/jjscanada.ca\/fr\/wp-json\/wp\/v2\/product"}],"about":[{"href":"https:\/\/jjscanada.ca\/fr\/wp-json\/wp\/v2\/types\/product"}],"wp:featuredmedia":[{"embeddable":true,"href":"https:\/\/jjscanada.ca\/fr\/wp-json\/wp\/v2\/media\/11736"}],"wp:attachment":[{"href":"https:\/\/jjscanada.ca\/fr\/wp-json\/wp\/v2\/media?parent=10285"}],"wp:term":[{"taxonomy":"product_brand","embeddable":true,"href":"https:\/\/jjscanada.ca\/fr\/wp-json\/wp\/v2\/product_brand?post=10285"},{"taxonomy":"product_cat","embeddable":true,"href":"https:\/\/jjscanada.ca\/fr\/wp-json\/wp\/v2\/product_cat?post=10285"},{"taxonomy":"product_tag","embeddable":true,"href":"https:\/\/jjscanada.ca\/fr\/wp-json\/wp\/v2\/product_tag?post=10285"}],"curies":[{"name":"wp","href":"https:\/\/api.w.org\/{rel}","templated":true}]}}