{"id":10292,"date":"2024-06-25T12:11:15","date_gmt":"2024-06-25T12:11:15","guid":{"rendered":"https:\/\/jjscanada.ca\/?post_type=product&#038;p=10292"},"modified":"2024-07-16T14:20:26","modified_gmt":"2024-07-16T14:20:26","slug":"lamello-clamex-p-14-10-flexus","status":"publish","type":"product","link":"https:\/\/jjscanada.ca\/fr\/produit\/lamello-clamex-p-14-10-flexus\/","title":{"rendered":"Lamello Clamex P-14\/10 Flexus"},"content":{"rendered":"<p>Connecteur de meuble amovible avec broches de positionnement flexibles<\/p>\n<ul>\n<li>Les broches de positionnement flexibles permettent de choisir librement la s\u00e9quence d'assemblage ;<\/li>\n<li>Des broches de positionnement flexibles alignent la pi\u00e8ce et la maintiennent en position ;<\/li>\n<li>Des axes de positionnement biseaut\u00e9s et mobiles permettent d'incliner la pi\u00e8ce dans les deux sens.<\/li>\n<\/ul>\n<div class=\"product-icon\"><img decoding=\"async\" title=\"Auto-serrage\" src=\"https:\/\/www.lamello.com\/fileadmin\/_processed_\/7\/d\/csm_Pikto_Selbstspannend_9c36f73fc8.png\" alt=\"\" width=\"50\" height=\"50\" \/> \u00a0<img decoding=\"async\" title=\"Polyvalent\" src=\"https:\/\/www.lamello.com\/fileadmin\/_processed_\/4\/d\/csm_Pikto_Vielseitig_e0cd7514fc.png\" alt=\"\" width=\"50\" height=\"50\" \/> \u00a0<img decoding=\"async\" title=\"D\u00e9tachable\" src=\"https:\/\/www.lamello.com\/fileadmin\/_processed_\/d\/f\/csm_Pikto_Zerlegbar_a70de00167.png\" alt=\"\" width=\"50\" height=\"50\" \/><\/div>\n<div><\/div>\n<div><strong>Description :<\/strong><\/div>\n<div><\/div>\n<div>Clamex P-14\/10 Flexus est un connecteur amovible qui s'ancre en quelques secondes dans la rainure du syst\u00e8me P \u00e0 verrouillage de forme.<br \/>\nGr\u00e2ce au trou d'acc\u00e8s minimaliste de 6 mm, Clamex P-14\/10 Flexus se connecte et se d\u00e9connecte fermement \u00e0 l'aide d'un levier. Les goupilles de positionnement flexibles permettent d'installer les pi\u00e8ces dans une armoire d\u00e9j\u00e0 assembl\u00e9e, ce qui simplifie la s\u00e9quence de montage. Clamex P-14 est utilis\u00e9 dans les assemblages \u00e0 onglet \u00e0 partir d'une \u00e9paisseur de 18 mm et dans les assemblages bout \u00e0 bout \u00e0 partir de 12 mm.<\/div>\n<div><\/div>\n<div><strong>Voir en action :<\/strong><\/div>\n<div class=\"ast-oembed-container\" style=\"height: 100%;\"><iframe title=\"Clamex P-14 Flexus : Connecteur de meuble amovible avec broches de positionnement flexibles\" width=\"500\" height=\"281\" src=\"https:\/\/www.youtube.com\/embed\/esr0k2PtQlI?feature=oembed\" frameborder=\"0\" allow=\"accelerometer; autoplay; clipboard-write; encrypted-media; gyroscope; picture-in-picture; web-share\" referrerpolicy=\"strict-origin-when-cross-origin\" allowfullscreen><\/iframe><\/div>\n<div><strong>Informations sur le produit :<\/strong><\/div>\n<div><\/div>\n<div>\n<p><strong>S\u00e9quence d'assemblage flexible : <\/strong><\/p>\n<p><span style=\"font-size: 16px;\">Les broches de positionnement flexibles permettent de choisir librement la s\u00e9quence d'assemblage.<\/span><\/p>\n<p><strong>Installation d'\u00e9tag\u00e8res fixes :<\/strong><\/p>\n<p><span style=\"font-size: 16px;\">Des \u00e9tag\u00e8res fixes ou des s\u00e9parateurs verticaux peuvent \u00eatre install\u00e9s dans une unit\u00e9 d'armoire assembl\u00e9e.<\/span><\/p>\n<p><strong>Assemblage polyvalent :<\/strong><\/p>\n<div class=\"teaser\">\n<p>Des axes de positionnement biseaut\u00e9s et mobiles permettent d'incliner la pi\u00e8ce dans les deux sens.<\/p>\n<p><strong>Alignement simple :<\/strong><\/p>\n<div class=\"teaser\">\n<p>Des broches de positionnement flexibles alignent la pi\u00e8ce et la maintiennent en position.<\/p>\n<p><strong>Informations techniques :<\/strong><\/p>\n<div class=\"col-xs-12 col-s-6 col-sm-12 col-md-4 col-lg-4\">\n<div class=\"technical-item\">\n<div class=\"row\">\n<div class=\"label col-xs-8 col-s-7 col-sm-7 col-md-7 col-lg-6\"><strong>Taille (mm) : <\/strong><span style=\"font-size: 16px;\">64 x 13,5 x 9,7 mm <\/span>52 x 7,5 x 9,7 mm.<\/div>\n<div><\/div>\n<\/div>\n<\/div>\n<div class=\"technical-item\">\n<div class=\"row\">\n<div class=\"label col-xs-8 col-s-7 col-sm-7 col-md-7 col-lg-6\"><strong>Cutter : <\/strong><span style=\"font-size: 16px;\">\u00d8 100,4 x 7 x 22 mm.<\/span><\/div>\n<div><\/div>\n<\/div>\n<\/div>\n<div class=\"technical-item\">\n<div class=\"row\">\n<div class=\"label col-xs-8 col-s-7 col-sm-7 col-md-7 col-lg-6\"><strong>Mat\u00e9riau Connecteur : <\/strong><span style=\"font-size: 16px;\">Plastique renforc\u00e9 de fibres de verre<\/span><\/div>\n<\/div>\n<\/div>\n<\/div>\n<p>&nbsp;<\/p>\n<div class=\"col-xs-12 col-s-6 col-sm-12 col-md-4 col-lg-4\">\n<div class=\"technical-item\">\n<div class=\"row\">\n<div class=\"label col-xs-8 col-s-7 col-sm-7 col-md-7 col-lg-6\"><strong>Mat\u00e9riau Levier : <\/strong><span style=\"font-size: 16px;\">Zinc moul\u00e9 sous pression<\/span><\/div>\n<div><\/div>\n<\/div>\n<\/div>\n<div class=\"technical-item\">\n<div class=\"row\">\n<div class=\"label col-xs-8 col-s-7 col-sm-7 col-md-7 col-lg-6\"><strong>Tol\u00e9rance d'installation :<\/strong><\/div>\n<div><\/div>\n<p><strong>\u00a0<\/strong><span style=\"font-size: 16px;\"><strong>Longitudinal :<\/strong> \u00b1 0 mm.<\/span><\/p>\n<\/div>\n<div><\/div>\n<\/div>\n<div class=\"technical-item\">\n<div class=\"row\">\n<div class=\"label col-xs-8 col-s-7 col-sm-7 col-md-7 col-lg-6\"><strong>R\u00e9sistance \u00e0 la traction (N) Panneau de particules :<\/strong> <span style=\"font-size: 16px;\">\u2053 600<\/span><\/div>\n<\/div>\n<\/div>\n<\/div>\n<p>&nbsp;<\/p>\n<p><strong style=\"font-size: 16px;\">R\u00e9sistance \u00e0 la traction (N) MDF :<\/strong> <span style=\"font-size: 16px;\">\u2053 720<\/span><\/p>\n<div class=\"col-xs-12 col-s-6 col-sm-12 col-md-4 col-lg-4\">\n<div class=\"technical-item\">\n<div class=\"row\">\n<div><\/div>\n<\/div>\n<\/div>\n<div class=\"technical-item\">\n<div class=\"row\">\n<div class=\"label col-xs-8 col-s-7 col-sm-7 col-md-7 col-lg-6\"><strong>R\u00e9sistance \u00e0 la traction (N) H\u00eatre : <\/strong><span style=\"font-size: 16px;\">\u2053 810<\/span><\/div>\n<\/div>\n<\/div>\n<\/div>\n<\/div>\n<\/div>\n<\/div>","protected":false},"excerpt":{"rendered":"<p>Detachable furniture connector with flexible positioning pins Flexible positioning pins allow freely selectable assembly sequence; Flexible positioning pins align the workpiece and keep it in position; Bevelled and movable positioning pins enable the tilting of the workpiece in both directions. \u00a0 \u00a0 Description: Clamex P-14\/10 Flexus is a detachable connector\u00a0and is anchored in the form-locking [&hellip;]<\/p>\n","protected":false},"featured_media":10178,"template":"","meta":{"site-sidebar-layout":"default","site-content-layout":"","ast-site-content-layout":"normal-width-container","site-content-style":"boxed","site-sidebar-style":"default","ast-global-header-display":"","ast-banner-title-visibility":"","ast-main-header-display":"","ast-hfb-above-header-display":"","ast-hfb-below-header-display":"","ast-hfb-mobile-header-display":"","site-post-title":"","ast-breadcrumbs-content":"","ast-featured-img":"","footer-sml-layout":"","ast-disable-related-posts":"","theme-transparent-header-meta":"default","adv-header-id-meta":"","stick-header-meta":"","header-above-stick-meta":"","header-main-stick-meta":"","header-below-stick-meta":"","astra-migrate-meta-layouts":"set","ast-page-background-enabled":"default","ast-page-background-meta":{"desktop":{"background-color":"","background-image":"","background-repeat":"repeat","background-position":"center center","background-size":"auto","background-attachment":"scroll","background-type":"","background-media":"","overlay-type":"","overlay-color":"","overlay-opacity":"","overlay-gradient":""},"tablet":{"background-color":"","background-image":"","background-repeat":"repeat","background-position":"center center","background-size":"auto","background-attachment":"scroll","background-type":"","background-media":"","overlay-type":"","overlay-color":"","overlay-opacity":"","overlay-gradient":""},"mobile":{"background-color":"","background-image":"","background-repeat":"repeat","background-position":"center center","background-size":"auto","background-attachment":"scroll","background-type":"","background-media":"","overlay-type":"","overlay-color":"","overlay-opacity":"","overlay-gradient":""}},"ast-content-background-meta":{"desktop":{"background-color":"var(--ast-global-color-5)","background-image":"","background-repeat":"repeat","background-position":"center center","background-size":"auto","background-attachment":"scroll","background-type":"","background-media":"","overlay-type":"","overlay-color":"","overlay-opacity":"","overlay-gradient":""},"tablet":{"background-color":"var(--ast-global-color-5)","background-image":"","background-repeat":"repeat","background-position":"center center","background-size":"auto","background-attachment":"scroll","background-type":"","background-media":"","overlay-type":"","overlay-color":"","overlay-opacity":"","overlay-gradient":""},"mobile":{"background-color":"var(--ast-global-color-5)","background-image":"","background-repeat":"repeat","background-position":"center center","background-size":"auto","background-attachment":"scroll","background-type":"","background-media":"","overlay-type":"","overlay-color":"","overlay-opacity":"","overlay-gradient":""}}},"product_brand":[],"product_cat":[55,332,104],"product_tag":[],"class_list":{"0":"post-10292","1":"product","2":"type-product","3":"status-publish","4":"has-post-thumbnail","6":"product_cat-brand-lamello","7":"product_cat-p-system","8":"product_cat-application-wood-joining","9":"desktop-align-center","10":"tablet-align-center","11":"mobile-align-center","13":"first","14":"instock","15":"shipping-taxable","16":"product-type-simple"},"_links":{"self":[{"href":"https:\/\/jjscanada.ca\/fr\/wp-json\/wp\/v2\/product\/10292","targetHints":{"allow":["GET"]}}],"collection":[{"href":"https:\/\/jjscanada.ca\/fr\/wp-json\/wp\/v2\/product"}],"about":[{"href":"https:\/\/jjscanada.ca\/fr\/wp-json\/wp\/v2\/types\/product"}],"wp:featuredmedia":[{"embeddable":true,"href":"https:\/\/jjscanada.ca\/fr\/wp-json\/wp\/v2\/media\/10178"}],"wp:attachment":[{"href":"https:\/\/jjscanada.ca\/fr\/wp-json\/wp\/v2\/media?parent=10292"}],"wp:term":[{"taxonomy":"product_brand","embeddable":true,"href":"https:\/\/jjscanada.ca\/fr\/wp-json\/wp\/v2\/product_brand?post=10292"},{"taxonomy":"product_cat","embeddable":true,"href":"https:\/\/jjscanada.ca\/fr\/wp-json\/wp\/v2\/product_cat?post=10292"},{"taxonomy":"product_tag","embeddable":true,"href":"https:\/\/jjscanada.ca\/fr\/wp-json\/wp\/v2\/product_tag?post=10292"}],"curies":[{"name":"wp","href":"https:\/\/api.w.org\/{rel}","templated":true}]}}