{"id":10306,"date":"2024-06-24T22:20:52","date_gmt":"2024-06-24T22:20:52","guid":{"rendered":"https:\/\/jjscanada.ca\/?post_type=product&#038;p=10306"},"modified":"2024-09-27T13:34:30","modified_gmt":"2024-09-27T13:34:30","slug":"lamello-cabineo-x","status":"publish","type":"product","link":"https:\/\/jjscanada.ca\/fr\/produit\/lamello-cabineo-x\/","title":{"rendered":"Lamello Cabineo-X"},"content":{"rendered":"<p>Connecteur d'armoire et support d'\u00e9tag\u00e8re sans per\u00e7age des bords<\/p>\n<ul>\n<li>A utiliser avec la CNC sans per\u00e7age des bords ;<\/li>\n<li>S\u00e9curis\u00e9 contre l'arrachement et le soul\u00e8vement ; id\u00e9al pour les \u00e9tag\u00e8res ouvertes ;<\/li>\n<li>M\u00eame bo\u00eetier pour les connecteurs et les \u00e9tag\u00e8res r\u00e9glables.<\/li>\n<\/ul>\n<p><strong>Description :<\/strong><\/p>\n<p>Cabineo X est un connecteur pour armoires et \u00e9tag\u00e8res qui peut \u00eatre utilis\u00e9 avec toutes les machines CNC et qui est press\u00e9 dans l'atelier ou sur le chantier. Gr\u00e2ce \u00e0 son bo\u00eetier ouvert, il est possible d'ins\u00e9rer une vis Cabineo par le haut et de la visser dans son homologue \u00e0 l'aide d'un embout hexagonal. Utilis\u00e9 avec des vis, Cabineo X est id\u00e9al pour installer des \u00e9tag\u00e8res dans des armoires d\u00e9j\u00e0 assembl\u00e9es ou pour assembler des joints d'angle. Combin\u00e9 \u00e0 des supports d'\u00e9tag\u00e8res, Cabineo X emp\u00eache les \u00e9tag\u00e8res d'\u00eatre arrach\u00e9es.<\/p>\n<p><strong>Voir en action :<\/strong><\/p>\n<div class=\"ast-oembed-container\" style=\"height: 100%;\"><iframe title=\"Lamello Cabineo X Intro\" width=\"500\" height=\"281\" src=\"https:\/\/www.youtube.com\/embed\/_JWs3mFl_9A?feature=oembed\" frameborder=\"0\" allow=\"accelerometer; autoplay; clipboard-write; encrypted-media; gyroscope; picture-in-picture; web-share\" referrerpolicy=\"strict-origin-when-cross-origin\" allowfullscreen><\/iframe><\/div>\n<div class=\"ast-oembed-container\" style=\"height: 100%;\"><iframe title=\"Teaser Lamello Cabineo X\" width=\"500\" height=\"281\" src=\"https:\/\/www.youtube.com\/embed\/MGGtfAzw9lA?feature=oembed\" frameborder=\"0\" allow=\"accelerometer; autoplay; clipboard-write; encrypted-media; gyroscope; picture-in-picture; web-share\" referrerpolicy=\"strict-origin-when-cross-origin\" allowfullscreen><\/iframe><\/div>\n<p>&nbsp;<\/p>\n<p><strong>Informations sur le produit :<\/strong><\/p>\n<p><strong>R\u00e9duit \u00e0 l'essentiel :<\/strong><\/p>\n<div class=\"teaser\">\n<p>Le connecteur en une partie se caract\u00e9rise par une force de serrage \u00e9lev\u00e9e et ne n\u00e9cessite pas d'\u00e9l\u00e9ments d'alignement suppl\u00e9mentaires tels que des chevilles en bois.<\/p>\n<p><strong>Per\u00e7age ou coupe :<\/strong><\/p>\n<div class=\"teaser\">\n<p>La pi\u00e8ce peut \u00eatre usin\u00e9e \u00e0 l'aide d'une perceuse ou d'une fraise.<\/p>\n<p><strong>Pour toutes les machines CNC :<\/strong><\/p>\n<div class=\"teaser\">\n<p>Usinage de surface sans trous suppl\u00e9mentaires dans le bord pour les chevilles en bois. L'usinage est donc \u00e9galement possible sur des machines CNC simples \u00e0 3 axes.<\/p>\n<p><strong>Installation d'\u00e9tag\u00e8res inclin\u00e9es avec Cabineo-X :<\/strong><\/p>\n<p>En combinaison avec les supports de sol r\u00e9glables (diam\u00e8tre 3 mm. ou 5 mm.), les \u00e9tag\u00e8res inclin\u00e9es Cabineo peuvent \u00e9galement \u00eatre facilement fabriqu\u00e9es.<\/p>\n<p><strong>Informations techniques :<\/strong><\/p>\n<div class=\"col-xs-12 col-s-6 col-sm-12 col-md-4 col-lg-4\">\n<div class=\"technical-item\">\n<div class=\"row\">\n<div class=\"label col-xs-8 col-s-7 col-sm-7 col-md-7 col-lg-6\"><strong>Taille (mm) : <\/strong><span style=\"font-size: 16px;\">33,8 x 16,5 x 10,8 mm.<\/span><\/div>\n<div><strong style=\"font-size: 16px;\">Cutter : <\/strong><span style=\"font-size: 16px;\">\u00d8 12 mm. ou plus petit<\/span><\/div>\n<\/div>\n<\/div>\n<\/div>\n<p><strong style=\"font-size: 16px;\">Perceuse : <\/strong><span style=\"font-size: 16px;\">\u00d8 5 mm. et \u00d8 15 mm.<\/span><\/p>\n<p><strong style=\"font-size: 16px;\">Mat\u00e9riau du connecteur : <\/strong><span style=\"font-size: 16px;\">Plastique renforc\u00e9 de fibres de verre<\/span><\/p>\n<p><strong style=\"font-size: 16px;\">Tol\u00e9rance d'installation :<\/strong><\/p>\n<p><strong style=\"font-size: 16px;\">Dans le sens de la longueur :\u00a0<\/strong><span style=\"font-size: 16px;\"> \u00b1 0,5 mm. (Cabineo \u00b1 0,1 mm.)<\/span><\/p>\n<\/div>\n<\/div>\n<\/div>","protected":false},"excerpt":{"rendered":"<p>Cabinet connector and shelf support without edge drilling For use with CNC without edge drilling; Secured against pulling out and lifting off; ideal for open shelf units; Same housing for connectors and adjustable shelves. Description: Cabineo X is a connector for cabinets and shelves that can be used with all CNC machines and is pressed [&hellip;]<\/p>\n","protected":false},"featured_media":11735,"template":"","meta":{"site-sidebar-layout":"default","site-content-layout":"","ast-site-content-layout":"normal-width-container","site-content-style":"boxed","site-sidebar-style":"default","ast-global-header-display":"","ast-banner-title-visibility":"","ast-main-header-display":"","ast-hfb-above-header-display":"","ast-hfb-below-header-display":"","ast-hfb-mobile-header-display":"","site-post-title":"","ast-breadcrumbs-content":"","ast-featured-img":"","footer-sml-layout":"","ast-disable-related-posts":"","theme-transparent-header-meta":"default","adv-header-id-meta":"","stick-header-meta":"","header-above-stick-meta":"","header-main-stick-meta":"","header-below-stick-meta":"","astra-migrate-meta-layouts":"set","ast-page-background-enabled":"default","ast-page-background-meta":{"desktop":{"background-color":"","background-image":"","background-repeat":"repeat","background-position":"center center","background-size":"auto","background-attachment":"scroll","background-type":"","background-media":"","overlay-type":"","overlay-color":"","overlay-opacity":"","overlay-gradient":""},"tablet":{"background-color":"","background-image":"","background-repeat":"repeat","background-position":"center center","background-size":"auto","background-attachment":"scroll","background-type":"","background-media":"","overlay-type":"","overlay-color":"","overlay-opacity":"","overlay-gradient":""},"mobile":{"background-color":"","background-image":"","background-repeat":"repeat","background-position":"center center","background-size":"auto","background-attachment":"scroll","background-type":"","background-media":"","overlay-type":"","overlay-color":"","overlay-opacity":"","overlay-gradient":""}},"ast-content-background-meta":{"desktop":{"background-color":"var(--ast-global-color-5)","background-image":"","background-repeat":"repeat","background-position":"center center","background-size":"auto","background-attachment":"scroll","background-type":"","background-media":"","overlay-type":"","overlay-color":"","overlay-opacity":"","overlay-gradient":""},"tablet":{"background-color":"var(--ast-global-color-5)","background-image":"","background-repeat":"repeat","background-position":"center center","background-size":"auto","background-attachment":"scroll","background-type":"","background-media":"","overlay-type":"","overlay-color":"","overlay-opacity":"","overlay-gradient":""},"mobile":{"background-color":"var(--ast-global-color-5)","background-image":"","background-repeat":"repeat","background-position":"center center","background-size":"auto","background-attachment":"scroll","background-type":"","background-media":"","overlay-type":"","overlay-color":"","overlay-opacity":"","overlay-gradient":""}}},"product_brand":[],"product_cat":[55,332,104],"product_tag":[],"class_list":{"0":"post-10306","1":"product","2":"type-product","3":"status-publish","4":"has-post-thumbnail","6":"product_cat-brand-lamello","7":"product_cat-p-system","8":"product_cat-application-wood-joining","9":"desktop-align-center","10":"tablet-align-center","11":"mobile-align-center","13":"first","14":"instock","15":"shipping-taxable","16":"product-type-simple"},"_links":{"self":[{"href":"https:\/\/jjscanada.ca\/fr\/wp-json\/wp\/v2\/product\/10306","targetHints":{"allow":["GET"]}}],"collection":[{"href":"https:\/\/jjscanada.ca\/fr\/wp-json\/wp\/v2\/product"}],"about":[{"href":"https:\/\/jjscanada.ca\/fr\/wp-json\/wp\/v2\/types\/product"}],"wp:featuredmedia":[{"embeddable":true,"href":"https:\/\/jjscanada.ca\/fr\/wp-json\/wp\/v2\/media\/11735"}],"wp:attachment":[{"href":"https:\/\/jjscanada.ca\/fr\/wp-json\/wp\/v2\/media?parent=10306"}],"wp:term":[{"taxonomy":"product_brand","embeddable":true,"href":"https:\/\/jjscanada.ca\/fr\/wp-json\/wp\/v2\/product_brand?post=10306"},{"taxonomy":"product_cat","embeddable":true,"href":"https:\/\/jjscanada.ca\/fr\/wp-json\/wp\/v2\/product_cat?post=10306"},{"taxonomy":"product_tag","embeddable":true,"href":"https:\/\/jjscanada.ca\/fr\/wp-json\/wp\/v2\/product_tag?post=10306"}],"curies":[{"name":"wp","href":"https:\/\/api.w.org\/{rel}","templated":true}]}}