{"id":10324,"date":"2024-06-24T22:29:34","date_gmt":"2024-06-24T22:29:34","guid":{"rendered":"https:\/\/jjscanada.ca\/?post_type=product&#038;p=10324"},"modified":"2024-09-27T13:25:10","modified_gmt":"2024-09-27T13:25:10","slug":"lamello-cabineo-12","status":"publish","type":"product","link":"https:\/\/jjscanada.ca\/fr\/produit\/lamello-cabineo-12\/","title":{"rendered":"Lamello Cabineo 12"},"content":{"rendered":"<p>Assemblage de meubles permettant de gagner du temps, sans per\u00e7age des bords et avec une force de serrage tr\u00e8s \u00e9lev\u00e9e.<\/p>\n<ul>\n<li>Usinage efficace avec toutes les machines CNC ;<\/li>\n<li>Usinage et assemblage plus rapides ;<\/li>\n<li>Des connexions plus fortes.<\/li>\n<\/ul>\n<p><strong>Description :<\/strong><\/p>\n<p>Cabineo est un connecteur d'armoire monobloc qui peut \u00eatre utilis\u00e9 avec toutes les machines \u00e0 commande num\u00e9rique, car seul un usinage de surface est n\u00e9cessaire. Le Cabineo est install\u00e9 dans le panneau soit dans l'atelier, soit sur le chantier. La vis pr\u00e9mont\u00e9e dans le connecteur est viss\u00e9e dans le trou de 5 mm de la deuxi\u00e8me pi\u00e8ce \u00e0 l'aide d'une perceuse sans fil. Cabineo s\u00e9duit par son gain de temps lors du traitement et de l'assemblage, ainsi que par sa force de serrage \u00e9lev\u00e9e qui permet d'obtenir des connexions stables sans qu'il soit n\u00e9cessaire d'utiliser des chevilles suppl\u00e9mentaires. Cabineo est disponible en blanc ou en noir.<\/p>\n<p><strong>Voir en action :<\/strong><\/p>\n<div class=\"ast-oembed-container\" style=\"height: 100%;\"><iframe title=\"Lamello Cabineo : Raccord de meuble sans per\u00e7age des bords\" width=\"500\" height=\"281\" src=\"https:\/\/www.youtube.com\/embed\/i3RyX4Ax4SI?feature=oembed\" frameborder=\"0\" allow=\"accelerometer; autoplay; clipboard-write; encrypted-media; gyroscope; picture-in-picture; web-share\" referrerpolicy=\"strict-origin-when-cross-origin\" allowfullscreen><\/iframe><\/div>\n<p>&nbsp;<\/p>\n<p><strong>Informations sur le produit :<\/strong><\/p>\n<p><strong>Pour toutes les machines CNC :<\/strong><\/p>\n<div class=\"teaser\">\n<p>Usinage de surface sans trous suppl\u00e9mentaires dans le bord pour les chevilles en bois. L'usinage est donc \u00e9galement possible sur des machines CNC simples \u00e0 3 axes.<\/p>\n<p><strong>Per\u00e7age ou coupe :<\/strong><\/p>\n<div class=\"teaser\">\n<p>La pi\u00e8ce peut \u00eatre usin\u00e9e \u00e0 l'aide d'une perceuse ou d'une fraise.<\/p>\n<p><strong>R\u00e9duit \u00e0 l'essentiel :<\/strong><\/p>\n<div class=\"teaser\">\n<p>Le connecteur en une partie se caract\u00e9rise par une force de serrage \u00e9lev\u00e9e et ne n\u00e9cessite pas d'\u00e9l\u00e9ments d'alignement suppl\u00e9mentaires tels que des chevilles en bois.<\/p>\n<p><strong>Informations techniques :<\/strong><\/p>\n<div class=\"col-xs-12 col-s-6 col-sm-12 col-md-4 col-lg-4\">\n<div class=\"technical-item\">\n<div class=\"row\">\n<div class=\"label col-xs-8 col-s-7 col-sm-7 col-md-7 col-lg-6\"><strong>Taille (mm) : <\/strong><span style=\"font-size: 16px;\">33,8 x 16,5 x 10,8 mm.<\/span><\/div>\n<div><strong style=\"font-size: 16px;\">Cutter : <\/strong><span style=\"font-size: 16px;\">\u00f8 12 mm. ou plus petit<\/span><\/div>\n<\/div>\n<\/div>\n<\/div>\n<p><strong style=\"font-size: 16px;\">Perceuse : <\/strong><span style=\"font-size: 16px;\">\u00f8 5 mm. et \u00f8 15 mm.<\/span><\/p>\n<div class=\"col-xs-12 col-s-6 col-sm-12 col-md-4 col-lg-4\">\n<div class=\"technical-item\">\n<div class=\"row\">\n<div><strong style=\"font-size: 16px;\">Mat\u00e9riau Connecteur : <\/strong><span style=\"font-size: 16px;\">Plastique renforc\u00e9 de fibres de verre<\/span><\/div>\n<\/div>\n<\/div>\n<\/div>\n<p>&nbsp;<\/p>\n<p><strong style=\"font-size: 16px;\">Tol\u00e9rance d'installation :<\/strong><\/p>\n<div class=\"col-xs-12 col-s-6 col-sm-12 col-md-4 col-lg-4\">\n<div class=\"technical-item\">\n<div class=\"row\">\n<div class=\"col-xs-4 col-s-5 col-sm-5 col-md-5 col-lg-6\"><strong>Longitudinal :<\/strong> \u00b1 0,1 mm.<\/div>\n<div><strong style=\"font-size: 16px;\">R\u00e9sistance \u00e0 la traction : <\/strong><span style=\"font-size: 16px;\">~ 900 N \u2248 90 Kg.<\/span><\/div>\n<\/div>\n<\/div>\n<\/div>\n<\/div>\n<\/div>\n<\/div>","protected":false},"excerpt":{"rendered":"<p>Time-saving furniture connector without edge drilling and with very high clamping force. Efficient machining with all CNC machines; Faster machining and assembly; Stronger connections. Description: Cabineo is a one-piece cabinet connector\u00a0which can be used with all CNC machines\u00a0because only surface machining is required.\u00a0The Cabineo is installed in the board either in\u00a0the workshop or on site. [&hellip;]<\/p>\n","protected":false},"featured_media":11721,"template":"","meta":{"site-sidebar-layout":"default","site-content-layout":"","ast-site-content-layout":"normal-width-container","site-content-style":"boxed","site-sidebar-style":"default","ast-global-header-display":"","ast-banner-title-visibility":"","ast-main-header-display":"","ast-hfb-above-header-display":"","ast-hfb-below-header-display":"","ast-hfb-mobile-header-display":"","site-post-title":"","ast-breadcrumbs-content":"","ast-featured-img":"","footer-sml-layout":"","ast-disable-related-posts":"","theme-transparent-header-meta":"default","adv-header-id-meta":"","stick-header-meta":"","header-above-stick-meta":"","header-main-stick-meta":"","header-below-stick-meta":"","astra-migrate-meta-layouts":"set","ast-page-background-enabled":"default","ast-page-background-meta":{"desktop":{"background-color":"","background-image":"","background-repeat":"repeat","background-position":"center center","background-size":"auto","background-attachment":"scroll","background-type":"","background-media":"","overlay-type":"","overlay-color":"","overlay-opacity":"","overlay-gradient":""},"tablet":{"background-color":"","background-image":"","background-repeat":"repeat","background-position":"center center","background-size":"auto","background-attachment":"scroll","background-type":"","background-media":"","overlay-type":"","overlay-color":"","overlay-opacity":"","overlay-gradient":""},"mobile":{"background-color":"","background-image":"","background-repeat":"repeat","background-position":"center center","background-size":"auto","background-attachment":"scroll","background-type":"","background-media":"","overlay-type":"","overlay-color":"","overlay-opacity":"","overlay-gradient":""}},"ast-content-background-meta":{"desktop":{"background-color":"var(--ast-global-color-5)","background-image":"","background-repeat":"repeat","background-position":"center center","background-size":"auto","background-attachment":"scroll","background-type":"","background-media":"","overlay-type":"","overlay-color":"","overlay-opacity":"","overlay-gradient":""},"tablet":{"background-color":"var(--ast-global-color-5)","background-image":"","background-repeat":"repeat","background-position":"center center","background-size":"auto","background-attachment":"scroll","background-type":"","background-media":"","overlay-type":"","overlay-color":"","overlay-opacity":"","overlay-gradient":""},"mobile":{"background-color":"var(--ast-global-color-5)","background-image":"","background-repeat":"repeat","background-position":"center center","background-size":"auto","background-attachment":"scroll","background-type":"","background-media":"","overlay-type":"","overlay-color":"","overlay-opacity":"","overlay-gradient":""}}},"product_brand":[],"product_cat":[55,332,104],"product_tag":[],"class_list":{"0":"post-10324","1":"product","2":"type-product","3":"status-publish","4":"has-post-thumbnail","6":"product_cat-brand-lamello","7":"product_cat-p-system","8":"product_cat-application-wood-joining","9":"desktop-align-center","10":"tablet-align-center","11":"mobile-align-center","13":"first","14":"instock","15":"shipping-taxable","16":"product-type-simple"},"_links":{"self":[{"href":"https:\/\/jjscanada.ca\/fr\/wp-json\/wp\/v2\/product\/10324","targetHints":{"allow":["GET"]}}],"collection":[{"href":"https:\/\/jjscanada.ca\/fr\/wp-json\/wp\/v2\/product"}],"about":[{"href":"https:\/\/jjscanada.ca\/fr\/wp-json\/wp\/v2\/types\/product"}],"wp:featuredmedia":[{"embeddable":true,"href":"https:\/\/jjscanada.ca\/fr\/wp-json\/wp\/v2\/media\/11721"}],"wp:attachment":[{"href":"https:\/\/jjscanada.ca\/fr\/wp-json\/wp\/v2\/media?parent=10324"}],"wp:term":[{"taxonomy":"product_brand","embeddable":true,"href":"https:\/\/jjscanada.ca\/fr\/wp-json\/wp\/v2\/product_brand?post=10324"},{"taxonomy":"product_cat","embeddable":true,"href":"https:\/\/jjscanada.ca\/fr\/wp-json\/wp\/v2\/product_cat?post=10324"},{"taxonomy":"product_tag","embeddable":true,"href":"https:\/\/jjscanada.ca\/fr\/wp-json\/wp\/v2\/product_tag?post=10324"}],"curies":[{"name":"wp","href":"https:\/\/api.w.org\/{rel}","templated":true}]}}