{"id":10325,"date":"2024-06-27T15:13:34","date_gmt":"2024-06-27T15:13:34","guid":{"rendered":"https:\/\/jjscanada.ca\/?post_type=product&#038;p=10325"},"modified":"2024-09-26T19:46:56","modified_gmt":"2024-09-26T19:46:56","slug":"lamello-cabineo-8-m6","status":"publish","type":"product","link":"https:\/\/jjscanada.ca\/fr\/produit\/lamello-cabineo-8-m6\/","title":{"rendered":"Lamello Cabineo 8 M6"},"content":{"rendered":"<p>Connecteur d'armoire r\u00e9sistant \u00e0 l'usure pour divers mat\u00e9riaux et une r\u00e9sistance accrue.<\/p>\n<ul>\n<li>Connexion sans usure ;<\/li>\n<li>Force de serrage \u00e9lev\u00e9e ;<\/li>\n<li>Diff\u00e9rents mat\u00e9riaux.<\/li>\n<\/ul>\n<p><strong>Description :<\/strong><\/p>\n<p>Cabineo 8 M6 est un connecteur d'armoire en une seule pi\u00e8ce qui peut \u00eatre utilis\u00e9 avec toutes les machines CNC car seul un usinage de surface est n\u00e9cessaire. Le connecteur est id\u00e9al pour l'assemblage de bois composite avec des mat\u00e9riaux tels que l'aluminium, l'acier ou le stratifi\u00e9 compact.<\/p>\n<p>Apr\u00e8s avoir install\u00e9 le connecteur dans la carte, la vis m\u00e9trique pr\u00e9mont\u00e9e est viss\u00e9e dans un trou filet\u00e9 ou une douille, \u00e0 l'aide d'une perceuse sans fil. Cabineo s\u00e9duit par son gain de temps lors du traitement et de l'assemblage, ainsi que par sa force de serrage \u00e9lev\u00e9e qui permet d'obtenir des connexions stables sans qu'il soit n\u00e9cessaire d'utiliser des chevilles suppl\u00e9mentaires.<\/p>\n<p>L'insert Cabineo M6 est un insert filet\u00e9 \u00e0 enfoncer, qui peut \u00eatre utilis\u00e9 en combinaison avec le Cabineo 8 M6. Il est id\u00e9al pour les applications o\u00f9 le filetage ne peut pas \u00eatre coup\u00e9 directement dans la pi\u00e8ce ou pour augmenter la r\u00e9sistance des joints de panneaux d'angle et de s\u00e9paration. L'insert Cabineo M6 est martel\u00e9 dans le trou de passage du panneau central afin que le Cabineo puisse p\u00e9n\u00e9trer dans l'insert des deux c\u00f4t\u00e9s. Le m\u00eame connecteur et le m\u00eame insert peuvent \u00eatre utilis\u00e9s partout pour les panneaux d'angle et les panneaux de s\u00e9paration.<\/p>\n<p><strong>Voir en action :<\/strong><\/p>\n<div class=\"ast-oembed-container\" style=\"height: 100%;\"><iframe title=\"Options de traitement avec Cabineo 8 M6\" width=\"500\" height=\"281\" src=\"https:\/\/www.youtube.com\/embed\/rdkDC1HckW4?feature=oembed\" frameborder=\"0\" allow=\"accelerometer; autoplay; clipboard-write; encrypted-media; gyroscope; picture-in-picture; web-share\" referrerpolicy=\"strict-origin-when-cross-origin\" allowfullscreen><\/iframe><\/div>\n<p>&nbsp;<\/p>\n<p><strong>Informations sur le produit :<\/strong><\/p>\n<p><strong>Mat\u00e9riaux divers :<\/strong><\/p>\n<div class=\"teaser\">\n<p>Le Cabineo 8 M6 peut \u00eatre viss\u00e9 directement dans le mat\u00e9riau. (HPL, Aluminium, Acier, etc.)<\/p>\n<p><strong>Le m\u00eame connecteur partout :<\/strong><\/p>\n<p>Le m\u00eame connecteur pour toutes les situations de jonction.<\/p>\n<p><strong>Connexion sans usure :<\/strong><\/p>\n<div class=\"teaser\">\n<p>Pas d'usure de la pi\u00e8ce lors des multiples montages et d\u00e9montages.<\/p>\n<p><strong>Informations techniques :<\/strong><\/p>\n<div class=\"col-xs-12 col-s-6 col-sm-12 col-md-4 col-lg-4\">\n<div class=\"technical-item\">\n<div class=\"row\">\n<div class=\"label col-xs-8 col-s-7 col-sm-7 col-md-7 col-lg-6\"><strong>Taille (mm) : <\/strong><span style=\"font-size: 16px;\">33,8 x 16,5 x 10,8 mm<\/span><\/div>\n<div><\/div>\n<\/div>\n<\/div>\n<div class=\"technical-item\">\n<div class=\"row\">\n<div class=\"label col-xs-8 col-s-7 col-sm-7 col-md-7 col-lg-6\"><strong>Cutter : <\/strong><span style=\"font-size: 16px;\">\u00d8 12 mm ou plus petit<\/span><\/div>\n<\/div>\n<\/div>\n<\/div>\n<p>&nbsp;<\/p>\n<div class=\"col-xs-12 col-s-6 col-sm-12 col-md-4 col-lg-4\">\n<div class=\"technical-item\">\n<div class=\"row\">\n<div class=\"label col-xs-8 col-s-7 col-sm-7 col-md-7 col-lg-6\"><strong>Perceuse : <\/strong><span style=\"font-size: 16px;\">\u00d8 5 mm et \u00d8 15 mm<\/span><\/div>\n<div><\/div>\n<\/div>\n<\/div>\n<div class=\"technical-item\">\n<div class=\"row\">\n<div class=\"label col-xs-8 col-s-7 col-sm-7 col-md-7 col-lg-6\"><strong>Mat\u00e9riau du connecteur :<\/strong> Plastique renforc\u00e9 de fibres de verre<\/div>\n<\/div>\n<\/div>\n<\/div>\n<p>&nbsp;<\/p>\n<div class=\"col-xs-12 col-s-6 col-sm-12 col-md-4 col-lg-4\">\n<div class=\"technical-item\">\n<div class=\"row\">\n<div class=\"label col-xs-8 col-s-7 col-sm-7 col-md-7 col-lg-6\"><strong>Tol\u00e9rance d'installation :<\/strong><\/div>\n<div><\/div>\n<div class=\"col-xs-4 col-s-5 col-sm-5 col-md-5 col-lg-6\"><strong>Longitudinal :<\/strong> \u00b1 0,1 mm<\/div>\n<\/div>\n<\/div>\n<\/div>\n<\/div>\n<p>&nbsp;<\/p>\n<\/div>","protected":false},"excerpt":{"rendered":"<p>Wear-resistant cabinet connector for various materials and increased strength. Wear-free connection; High clamping force; Various materials. Description: Cabineo 8 M6 is a one-piece cabinet connector\u00a0which can be used with all CNC machines\u00a0because only surface machining is required.\u00a0The connector is ideal when joining wood\u00a0composites with materials such as aluminium,\u00a0steel or compact laminate. After installing the connector [&hellip;]<\/p>\n","protected":false},"featured_media":11649,"template":"","meta":{"site-sidebar-layout":"default","site-content-layout":"","ast-site-content-layout":"normal-width-container","site-content-style":"boxed","site-sidebar-style":"default","ast-global-header-display":"","ast-banner-title-visibility":"","ast-main-header-display":"","ast-hfb-above-header-display":"","ast-hfb-below-header-display":"","ast-hfb-mobile-header-display":"","site-post-title":"","ast-breadcrumbs-content":"","ast-featured-img":"","footer-sml-layout":"","ast-disable-related-posts":"","theme-transparent-header-meta":"default","adv-header-id-meta":"","stick-header-meta":"","header-above-stick-meta":"","header-main-stick-meta":"","header-below-stick-meta":"","astra-migrate-meta-layouts":"set","ast-page-background-enabled":"default","ast-page-background-meta":{"desktop":{"background-color":"","background-image":"","background-repeat":"repeat","background-position":"center center","background-size":"auto","background-attachment":"scroll","background-type":"","background-media":"","overlay-type":"","overlay-color":"","overlay-opacity":"","overlay-gradient":""},"tablet":{"background-color":"","background-image":"","background-repeat":"repeat","background-position":"center center","background-size":"auto","background-attachment":"scroll","background-type":"","background-media":"","overlay-type":"","overlay-color":"","overlay-opacity":"","overlay-gradient":""},"mobile":{"background-color":"","background-image":"","background-repeat":"repeat","background-position":"center center","background-size":"auto","background-attachment":"scroll","background-type":"","background-media":"","overlay-type":"","overlay-color":"","overlay-opacity":"","overlay-gradient":""}},"ast-content-background-meta":{"desktop":{"background-color":"var(--ast-global-color-5)","background-image":"","background-repeat":"repeat","background-position":"center center","background-size":"auto","background-attachment":"scroll","background-type":"","background-media":"","overlay-type":"","overlay-color":"","overlay-opacity":"","overlay-gradient":""},"tablet":{"background-color":"var(--ast-global-color-5)","background-image":"","background-repeat":"repeat","background-position":"center center","background-size":"auto","background-attachment":"scroll","background-type":"","background-media":"","overlay-type":"","overlay-color":"","overlay-opacity":"","overlay-gradient":""},"mobile":{"background-color":"var(--ast-global-color-5)","background-image":"","background-repeat":"repeat","background-position":"center center","background-size":"auto","background-attachment":"scroll","background-type":"","background-media":"","overlay-type":"","overlay-color":"","overlay-opacity":"","overlay-gradient":""}}},"product_brand":[],"product_cat":[55,332,104],"product_tag":[],"class_list":{"0":"post-10325","1":"product","2":"type-product","3":"status-publish","4":"has-post-thumbnail","6":"product_cat-brand-lamello","7":"product_cat-p-system","8":"product_cat-application-wood-joining","9":"desktop-align-center","10":"tablet-align-center","11":"mobile-align-center","13":"first","14":"instock","15":"shipping-taxable","16":"product-type-simple"},"_links":{"self":[{"href":"https:\/\/jjscanada.ca\/fr\/wp-json\/wp\/v2\/product\/10325","targetHints":{"allow":["GET"]}}],"collection":[{"href":"https:\/\/jjscanada.ca\/fr\/wp-json\/wp\/v2\/product"}],"about":[{"href":"https:\/\/jjscanada.ca\/fr\/wp-json\/wp\/v2\/types\/product"}],"wp:featuredmedia":[{"embeddable":true,"href":"https:\/\/jjscanada.ca\/fr\/wp-json\/wp\/v2\/media\/11649"}],"wp:attachment":[{"href":"https:\/\/jjscanada.ca\/fr\/wp-json\/wp\/v2\/media?parent=10325"}],"wp:term":[{"taxonomy":"product_brand","embeddable":true,"href":"https:\/\/jjscanada.ca\/fr\/wp-json\/wp\/v2\/product_brand?post=10325"},{"taxonomy":"product_cat","embeddable":true,"href":"https:\/\/jjscanada.ca\/fr\/wp-json\/wp\/v2\/product_cat?post=10325"},{"taxonomy":"product_tag","embeddable":true,"href":"https:\/\/jjscanada.ca\/fr\/wp-json\/wp\/v2\/product_tag?post=10325"}],"curies":[{"name":"wp","href":"https:\/\/api.w.org\/{rel}","templated":true}]}}