{"id":10330,"date":"2024-06-24T22:39:38","date_gmt":"2024-06-24T22:39:38","guid":{"rendered":"https:\/\/jjscanada.ca\/?post_type=product&#038;p=10330"},"modified":"2024-09-27T13:17:25","modified_gmt":"2024-09-27T13:17:25","slug":"lamello-cabineo-cover-caps","status":"publish","type":"product","link":"https:\/\/jjscanada.ca\/fr\/produit\/lamello-cabineo-cover-caps\/","title":{"rendered":"Lamello Cabineo Capuchons"},"content":{"rendered":"<div class=\"col-xs-10 align-bottom\">\n<p>Esth\u00e9tique avec des couvercles en diff\u00e9rentes couleurs.<\/p>\n<ul>\n<li>Il peut \u00eatre fix\u00e9 sur le Cabineo en quelques secondes.<\/li>\n<li>En diff\u00e9rentes couleurs.<\/li>\n<li>Emp\u00eacher la contamination du connecteur.<\/li>\n<\/ul>\n<p><strong>Description :<\/strong><\/p>\n<p class=\"p2\">Les nouvelles couleurs m\u00e9tallis\u00e9es, \"argent\", \"nickel\" et \"acier fonc\u00e9\" compl\u00e8tent la gamme d\u00e9j\u00e0 \u00e9tendue des capuchons Cabineo. Gr\u00e2ce aux nouvelles versions \u00e0 l'aspect m\u00e9tallique, la couleur du capuchon peut \u00eatre assortie aux raccords en aluminium ou en acier inoxydable et le connecteur Cabineo peut devenir un \u00e9l\u00e9ment de design dans le meuble.<\/p>\n<p class=\"p2\">Il existe d\u00e9sormais diff\u00e9rentes options pour int\u00e9grer visuellement le connecteur dans la pi\u00e8ce : sans capuchon, avec capuchon de couleur assortie (pour que le Cabineo se fonde dans l'arri\u00e8re-plan) ou avec le nouveau capuchon d'aspect m\u00e9tallique pour accentuer l'aspect visuel.<\/p>\n<p><strong>Produits de syst\u00e8me correspondants :\u00a0<\/strong><\/p>\n<p>Cabineo 8 \/ Cabineo 12<\/p>\n<\/div>","protected":false},"excerpt":{"rendered":"<p>Aesthetic with cover caps in various colors. Can be clipped onto the Cabineo within seconds. In various colours. Prevent contamination in the connector. Description: The new metallic colours, &#8220;silver&#8217;, &#8220;nickel&#8221; and &#8220;dark steel&#8221; complete the already extensive Cabineo cover cap range. With the new metallic-look versions, the colour of the cover cap can be matched [&hellip;]<\/p>\n","protected":false},"featured_media":11720,"template":"","meta":{"site-sidebar-layout":"default","site-content-layout":"","ast-site-content-layout":"normal-width-container","site-content-style":"boxed","site-sidebar-style":"default","ast-global-header-display":"","ast-banner-title-visibility":"","ast-main-header-display":"","ast-hfb-above-header-display":"","ast-hfb-below-header-display":"","ast-hfb-mobile-header-display":"","site-post-title":"","ast-breadcrumbs-content":"","ast-featured-img":"","footer-sml-layout":"","ast-disable-related-posts":"","theme-transparent-header-meta":"default","adv-header-id-meta":"","stick-header-meta":"","header-above-stick-meta":"","header-main-stick-meta":"","header-below-stick-meta":"","astra-migrate-meta-layouts":"set","ast-page-background-enabled":"default","ast-page-background-meta":{"desktop":{"background-color":"","background-image":"","background-repeat":"repeat","background-position":"center center","background-size":"auto","background-attachment":"scroll","background-type":"","background-media":"","overlay-type":"","overlay-color":"","overlay-opacity":"","overlay-gradient":""},"tablet":{"background-color":"","background-image":"","background-repeat":"repeat","background-position":"center center","background-size":"auto","background-attachment":"scroll","background-type":"","background-media":"","overlay-type":"","overlay-color":"","overlay-opacity":"","overlay-gradient":""},"mobile":{"background-color":"","background-image":"","background-repeat":"repeat","background-position":"center center","background-size":"auto","background-attachment":"scroll","background-type":"","background-media":"","overlay-type":"","overlay-color":"","overlay-opacity":"","overlay-gradient":""}},"ast-content-background-meta":{"desktop":{"background-color":"var(--ast-global-color-5)","background-image":"","background-repeat":"repeat","background-position":"center center","background-size":"auto","background-attachment":"scroll","background-type":"","background-media":"","overlay-type":"","overlay-color":"","overlay-opacity":"","overlay-gradient":""},"tablet":{"background-color":"var(--ast-global-color-5)","background-image":"","background-repeat":"repeat","background-position":"center center","background-size":"auto","background-attachment":"scroll","background-type":"","background-media":"","overlay-type":"","overlay-color":"","overlay-opacity":"","overlay-gradient":""},"mobile":{"background-color":"var(--ast-global-color-5)","background-image":"","background-repeat":"repeat","background-position":"center center","background-size":"auto","background-attachment":"scroll","background-type":"","background-media":"","overlay-type":"","overlay-color":"","overlay-opacity":"","overlay-gradient":""}}},"product_brand":[],"product_cat":[55,332,104],"product_tag":[],"class_list":{"0":"post-10330","1":"product","2":"type-product","3":"status-publish","4":"has-post-thumbnail","6":"product_cat-brand-lamello","7":"product_cat-p-system","8":"product_cat-application-wood-joining","9":"desktop-align-center","10":"tablet-align-center","11":"mobile-align-center","13":"first","14":"instock","15":"shipping-taxable","16":"product-type-simple"},"_links":{"self":[{"href":"https:\/\/jjscanada.ca\/fr\/wp-json\/wp\/v2\/product\/10330","targetHints":{"allow":["GET"]}}],"collection":[{"href":"https:\/\/jjscanada.ca\/fr\/wp-json\/wp\/v2\/product"}],"about":[{"href":"https:\/\/jjscanada.ca\/fr\/wp-json\/wp\/v2\/types\/product"}],"wp:featuredmedia":[{"embeddable":true,"href":"https:\/\/jjscanada.ca\/fr\/wp-json\/wp\/v2\/media\/11720"}],"wp:attachment":[{"href":"https:\/\/jjscanada.ca\/fr\/wp-json\/wp\/v2\/media?parent=10330"}],"wp:term":[{"taxonomy":"product_brand","embeddable":true,"href":"https:\/\/jjscanada.ca\/fr\/wp-json\/wp\/v2\/product_brand?post=10330"},{"taxonomy":"product_cat","embeddable":true,"href":"https:\/\/jjscanada.ca\/fr\/wp-json\/wp\/v2\/product_cat?post=10330"},{"taxonomy":"product_tag","embeddable":true,"href":"https:\/\/jjscanada.ca\/fr\/wp-json\/wp\/v2\/product_tag?post=10330"}],"curies":[{"name":"wp","href":"https:\/\/api.w.org\/{rel}","templated":true}]}}