{"id":10355,"date":"2024-06-24T23:05:12","date_gmt":"2024-06-24T23:05:12","guid":{"rendered":"https:\/\/jjscanada.ca\/?post_type=product&#038;p=10355"},"modified":"2024-09-27T13:06:53","modified_gmt":"2024-09-27T13:06:53","slug":"lamello-divario-p-18","status":"publish","type":"product","link":"https:\/\/jjscanada.ca\/fr\/produit\/lamello-divario-p-18\/","title":{"rendered":"Lamello Divario P-18"},"content":{"rendered":"<p>Connecteur invisible \u00e0 serrage automatique pour l'insertion de glissi\u00e8res.<\/p>\n<ul>\n<li>Joint totalement invisible pour une qualit\u00e9 optimale ;<\/li>\n<li>S'assemble et se serre lors de l'insertion pour des joints parfaitement ferm\u00e9s ;<\/li>\n<li>Insertion d'\u00e9tag\u00e8res apr\u00e8s le transport pour r\u00e9duire le poids du transport.<\/li>\n<\/ul>\n<div><strong>Description :<\/strong><\/div>\n<div><\/div>\n<div>Divario P-18 est un connecteur amovible pour l'insertion par glissement et s'ancre en quelques secondes dans la rainure du syst\u00e8me P \u00e0 verrouillage de forme. Le connecteur est utilis\u00e9 pour glisser des \u00e9tag\u00e8res ou des cloisons dans une armoire d\u00e9j\u00e0 mont\u00e9e. Ce faisant, le Divario P-18 serre fermement les pi\u00e8ces et assure des joints parfaitement ferm\u00e9s sans connecteurs visibles. Le Divario P-18 est utilis\u00e9 pour assembler des \u00e9tag\u00e8res \u00e0 des cloisons \u00e0 partir d'une \u00e9paisseur de panneau de 18 mm ou pour r\u00e9aliser des assemblages bout \u00e0 bout \u00e0 partir de 12 mm.<\/div>\n<div><\/div>\n<div><strong>Voir en action :<\/strong><\/div>\n<div><\/div>\n<div class=\"ast-oembed-container\" style=\"height: 100%;\"><iframe title=\"Divario P-18 - Connecteur invisible \u00e0 serrage automatique pour l&#039;insertion de glissi\u00e8res\" width=\"500\" height=\"281\" src=\"https:\/\/www.youtube.com\/embed\/6hakzHLkvjk?feature=oembed\" frameborder=\"0\" allow=\"accelerometer; autoplay; clipboard-write; encrypted-media; gyroscope; picture-in-picture; web-share\" referrerpolicy=\"strict-origin-when-cross-origin\" allowfullscreen><\/iframe><\/div>\n<p>&nbsp;<\/p>\n<div><strong>Informations sur le produit :<\/strong><\/div>\n<div><\/div>\n<div>\n<p><strong>Insertion ult\u00e9rieure :<\/strong><\/p>\n<div class=\"teaser\">\n<p>Comme aucune pi\u00e8ce ne d\u00e9passe, le Divario P-18 permet d'ins\u00e9rer des \u00e9tag\u00e8res ou des panneaux de s\u00e9paration dans des meubles d\u00e9j\u00e0 assembl\u00e9s.<\/p>\n<p><strong>Articulation totalement invisible :<\/strong><\/p>\n<div class=\"teaser\">\n<p>Gr\u00e2ce \u00e0 son mode d'insertion, le Divario P-18 est un joint totalement invisible qui r\u00e9pond aux normes de qualit\u00e9 les plus \u00e9lev\u00e9es.<\/p>\n<p><strong>Install\u00e9 en un seul mouvement :<\/strong><\/p>\n<div class=\"teaser\">\n<p>Les goupilles de fixation int\u00e9gr\u00e9es maintiennent le Divario dans la rainure du syst\u00e8me P, de sorte qu'il ne peut pas glisser lat\u00e9ralement.<\/p>\n<p><strong>Facilit\u00e9 de travail :<\/strong><\/p>\n<div class=\"teaser\">\n<p>La grande tol\u00e9rance longitudinale permet d'\u00e9viter les impr\u00e9cisions lors de la coupe.<\/p>\n<p><strong>Syst\u00e8me P Ancrage :<\/strong><\/p>\n<div class=\"teaser\">\n<p>Ancrage des connecteurs sans outil, sans colle ni vis.<\/p>\n<p><strong>Informations techniques :<\/strong><\/p>\n<div class=\"col-xs-12 col-s-6 col-sm-12 col-md-4 col-lg-4\">\n<div class=\"technical-item\">\n<div class=\"row\">\n<div class=\"label col-xs-8 col-s-7 col-sm-7 col-md-7 col-lg-6\"><strong>Taille (mm) : <\/strong><span style=\"font-size: 16px;\">75 x 25 9,7 mm.<\/span><\/div>\n<div><strong style=\"font-size: 16px;\">Cutter : <\/strong><span style=\"font-size: 16px;\">\u00d8 100,4 x 7 x 22<\/span><\/div>\n<\/div>\n<\/div>\n<\/div>\n<p><strong style=\"font-size: 16px;\">Mat\u00e9riau Connecteur : <\/strong><span style=\"font-size: 16px;\">Plastique renforc\u00e9 de fibres de verre<\/span><\/p>\n<div class=\"col-xs-12 col-s-6 col-sm-12 col-md-4 col-lg-4\">\n<div class=\"technical-item\">\n<div class=\"row\">\n<div class=\"label col-xs-8 col-s-7 col-sm-7 col-md-7 col-lg-6\"><strong>Tol\u00e9rance d'installation :<\/strong><\/div>\n<div class=\"col-xs-4 col-s-5 col-sm-5 col-md-5 col-lg-6\"><strong>Longitudinal :<\/strong> \u00b1 1 mm.<\/div>\n<div><strong style=\"font-size: 16px;\">Force de serrage : <\/strong><span style=\"font-size: 16px;\">~ 150 N \u2248 15 Kg. \/ Connecteur<\/span><\/div>\n<\/div>\n<\/div>\n<\/div>\n<p><strong style=\"font-size: 16px;\">R\u00e9sistance \u00e0 la traction : <\/strong><span style=\"font-size: 16px;\">~ 600 N \u2248 60 Kg. \/ Connecteur<\/span><\/p>\n<div class=\"col-xs-12 col-s-6 col-sm-12 col-md-4 col-lg-4\">\n<div class=\"technical-item\">\n<div class=\"row\">\n<div><\/div>\n<\/div>\n<\/div>\n<\/div>\n<\/div>\n<\/div>\n<\/div>\n<\/div>\n<\/div>\n<\/div>","protected":false},"excerpt":{"rendered":"<p>Self-clamping, invisible connector for slide insertion. Completely invisible joint for highest quality standards; Joins and clamps during insertion for perfectly closed joints; Insertion of shelves after transport for lower transport weight. Description: Divario P-18 is a detachable connector for\u00a0slide-in insertion and is anchored in the\u00a0form-locking P-System groove within seconds.\u00a0The connector is used to slide shelves [&hellip;]<\/p>\n","protected":false},"featured_media":11695,"template":"","meta":{"site-sidebar-layout":"default","site-content-layout":"","ast-site-content-layout":"normal-width-container","site-content-style":"boxed","site-sidebar-style":"default","ast-global-header-display":"","ast-banner-title-visibility":"","ast-main-header-display":"","ast-hfb-above-header-display":"","ast-hfb-below-header-display":"","ast-hfb-mobile-header-display":"","site-post-title":"","ast-breadcrumbs-content":"","ast-featured-img":"","footer-sml-layout":"","ast-disable-related-posts":"","theme-transparent-header-meta":"default","adv-header-id-meta":"","stick-header-meta":"","header-above-stick-meta":"","header-main-stick-meta":"","header-below-stick-meta":"","astra-migrate-meta-layouts":"set","ast-page-background-enabled":"default","ast-page-background-meta":{"desktop":{"background-color":"","background-image":"","background-repeat":"repeat","background-position":"center center","background-size":"auto","background-attachment":"scroll","background-type":"","background-media":"","overlay-type":"","overlay-color":"","overlay-opacity":"","overlay-gradient":""},"tablet":{"background-color":"","background-image":"","background-repeat":"repeat","background-position":"center center","background-size":"auto","background-attachment":"scroll","background-type":"","background-media":"","overlay-type":"","overlay-color":"","overlay-opacity":"","overlay-gradient":""},"mobile":{"background-color":"","background-image":"","background-repeat":"repeat","background-position":"center center","background-size":"auto","background-attachment":"scroll","background-type":"","background-media":"","overlay-type":"","overlay-color":"","overlay-opacity":"","overlay-gradient":""}},"ast-content-background-meta":{"desktop":{"background-color":"var(--ast-global-color-5)","background-image":"","background-repeat":"repeat","background-position":"center center","background-size":"auto","background-attachment":"scroll","background-type":"","background-media":"","overlay-type":"","overlay-color":"","overlay-opacity":"","overlay-gradient":""},"tablet":{"background-color":"var(--ast-global-color-5)","background-image":"","background-repeat":"repeat","background-position":"center center","background-size":"auto","background-attachment":"scroll","background-type":"","background-media":"","overlay-type":"","overlay-color":"","overlay-opacity":"","overlay-gradient":""},"mobile":{"background-color":"var(--ast-global-color-5)","background-image":"","background-repeat":"repeat","background-position":"center center","background-size":"auto","background-attachment":"scroll","background-type":"","background-media":"","overlay-type":"","overlay-color":"","overlay-opacity":"","overlay-gradient":""}}},"product_brand":[],"product_cat":[55,332,104],"product_tag":[],"class_list":{"0":"post-10355","1":"product","2":"type-product","3":"status-publish","4":"has-post-thumbnail","6":"product_cat-brand-lamello","7":"product_cat-p-system","8":"product_cat-application-wood-joining","9":"desktop-align-center","10":"tablet-align-center","11":"mobile-align-center","13":"first","14":"instock","15":"shipping-taxable","16":"product-type-simple"},"_links":{"self":[{"href":"https:\/\/jjscanada.ca\/fr\/wp-json\/wp\/v2\/product\/10355","targetHints":{"allow":["GET"]}}],"collection":[{"href":"https:\/\/jjscanada.ca\/fr\/wp-json\/wp\/v2\/product"}],"about":[{"href":"https:\/\/jjscanada.ca\/fr\/wp-json\/wp\/v2\/types\/product"}],"wp:featuredmedia":[{"embeddable":true,"href":"https:\/\/jjscanada.ca\/fr\/wp-json\/wp\/v2\/media\/11695"}],"wp:attachment":[{"href":"https:\/\/jjscanada.ca\/fr\/wp-json\/wp\/v2\/media?parent=10355"}],"wp:term":[{"taxonomy":"product_brand","embeddable":true,"href":"https:\/\/jjscanada.ca\/fr\/wp-json\/wp\/v2\/product_brand?post=10355"},{"taxonomy":"product_cat","embeddable":true,"href":"https:\/\/jjscanada.ca\/fr\/wp-json\/wp\/v2\/product_cat?post=10355"},{"taxonomy":"product_tag","embeddable":true,"href":"https:\/\/jjscanada.ca\/fr\/wp-json\/wp\/v2\/product_tag?post=10355"}],"curies":[{"name":"wp","href":"https:\/\/api.w.org\/{rel}","templated":true}]}}