{"id":10381,"date":"2024-06-25T12:17:39","date_gmt":"2024-06-25T12:17:39","guid":{"rendered":"https:\/\/jjscanada.ca\/?post_type=product&#038;p=10381"},"modified":"2024-09-26T20:03:08","modified_gmt":"2024-09-26T20:03:08","slug":"lamello-clamex-p-14-10-medius","status":"publish","type":"product","link":"https:\/\/jjscanada.ca\/fr\/produit\/lamello-clamex-p-14-10-medius\/","title":{"rendered":"Lamello Clamex P-14\/10 Medius"},"content":{"rendered":"<p>Connecteur amovible pour panneaux centraux pour mat\u00e9riaux \u00e0 partir de 16 mm d'\u00e9paisseur.<\/p>\n<ul>\n<li>Connecteur d\u00e9tachable avec une tr\u00e8s petite ouverture ;<\/li>\n<li>Polyvalence pour tous les angles et toutes les situations d'assemblage ;<\/li>\n<li>Pour s\u00e9parer les panneaux \u00e0 partir d'une \u00e9paisseur de 16 mm.<\/li>\n<\/ul>\n<div><strong>Description :<\/strong><\/div>\n<div><\/div>\n<div>\n<section class=\"left col-xs-12 col-s-12 col-sm-12 col-md-8 col-lg-8\">\n<section id=\"9\" class=\"content-middle\" data-title=\"Description\">\n<div class=\"container row\">\n<div class=\"col-xs-12 col-s-12 col-sm-12 col-md-12 col-lg-12\">\n<p>Clamex P-14\/10 Medius est un connecteur amovible qui s'ancre en quelques secondes dans la rainure du syst\u00e8me P \u00e0 verrouillage de forme.<br \/>\nGr\u00e2ce au trou d'acc\u00e8s minimaliste de 6 mm, Clamex P-14\/10 Medius se connecte et se d\u00e9connecte fermement \u00e0 l'aide d'un levier. Le connecteur pour s\u00e9parations a deux profondeurs d'installation et est utilis\u00e9 lorsque deux \u00e9tag\u00e8res sont fix\u00e9es \u00e0 la m\u00eame hauteur sur le m\u00eame panneau de s\u00e9paration. En raison de la profondeur d'installation r\u00e9duite de 10 mm, l'\u00e9paisseur minimale de la division est de 16 mm.<\/p>\n<\/div>\n<p><strong>Voir en action :<\/strong><\/p>\n<div class=\"ast-oembed-container\" style=\"height: 100%;\"><iframe title=\"Clamex P Medius 14\/10 - Connecteur amovible pour panneaux centraux \u00e0 partir d&#039;une \u00e9paisseur de mat\u00e9riau de 16 mm\" width=\"500\" height=\"281\" src=\"https:\/\/www.youtube.com\/embed\/acQy85GrK8Y?feature=oembed\" frameborder=\"0\" allow=\"accelerometer; autoplay; clipboard-write; encrypted-media; gyroscope; picture-in-picture; web-share\" referrerpolicy=\"strict-origin-when-cross-origin\" allowfullscreen><\/iframe><\/div>\n<\/div>\n<p><strong>Informations sur le produit :<\/strong><\/p>\n<p><strong>Id\u00e9al pour s\u00e9parer les panneaux :<\/strong><\/p>\n<div class=\"teaser\">\n<p>Clamex P-14 Medius permet la jonction de panneaux de s\u00e9paration \u00e0 partir de 16 mm d'\u00e9paisseur.<\/p>\n<p><strong>Un polyvalent d\u00e9tachable :<\/strong><\/p>\n<div class=\"teaser\">\n<p>Les pi\u00e8ces connect\u00e9es avec le Clamex P peuvent \u00eatre d\u00e9tach\u00e9es \u00e0 tout moment \u00e0 l'aide du levier rotatif.<\/p>\n<p><strong>Connexion la plus rapide :<\/strong><\/p>\n<div class=\"teaser\">\n<p>Connexion en quelques secondes avec Clamex ou Tenso. La connexion est termin\u00e9e en quelques secondes, sans temps d'attente, sans pinces, ni travail de post-traitement.<\/p>\n<p><strong>Syst\u00e8me P Ancrage :<\/strong><\/p>\n<div class=\"teaser\">\n<p>Ancrage des connecteurs sans outil, sans colle ni vis.<\/p>\n<p><strong>Informations techniques :<\/strong><\/p>\n<div class=\"col-xs-12 col-s-6 col-sm-12 col-md-4 col-lg-4\">\n<div class=\"technical-item\">\n<div class=\"row\">\n<div class=\"label col-xs-8 col-s-7 col-sm-7 col-md-7 col-lg-6\"><strong>Taille (mm) : <\/strong><span style=\"font-size: 16px;\">64 x 13,5 x 9,7 mm <\/span>52 x 7,5 x 9,7 mm.<\/div>\n<div><strong style=\"font-size: 16px;\">Cutter : <\/strong><span style=\"font-size: 16px;\">\u00d8 100,4 x 7 x 22<\/span><\/div>\n<\/div>\n<\/div>\n<div class=\"technical-item\">\n<div class=\"row\">\n<div><strong style=\"font-size: 16px;\">Mat\u00e9riau Connecteur : <\/strong><span style=\"font-size: 16px;\">Plastique renforc\u00e9 de fibres de verre<\/span><\/div>\n<\/div>\n<\/div>\n<\/div>\n<p><strong style=\"font-size: 16px;\">Mat\u00e9riau Levier : <\/strong><span style=\"font-size: 16px;\">Zinc moul\u00e9 sous pression<\/span><\/p>\n<div class=\"col-xs-12 col-s-6 col-sm-12 col-md-4 col-lg-4\">\n<div class=\"technical-item\">\n<div class=\"row\">\n<div><strong style=\"font-size: 16px;\">Tol\u00e9rance d'installation :<\/strong><\/div>\n<div><\/div>\n<\/div>\n<\/div>\n<div class=\"technical-item\">\n<div class=\"row\">\n<div><strong style=\"font-size: 16px;\">Longitudinal :<\/strong><span style=\"font-size: 16px;\"> \u00b1 1 mm.<\/span><\/div>\n<\/div>\n<div><strong style=\"font-size: 16px;\">R\u00e9sistance \u00e0 la traction (N) Panneau de particules :<\/strong><span style=\"font-size: 16px;\">~700 N \u2248 70 Kg.<\/span><\/div>\n<\/div>\n<\/div>\n<p><strong style=\"font-size: 16px;\">R\u00e9sistance \u00e0 la traction (N) MDF : <\/strong><span style=\"font-size: 16px;\">~ 800 N \u2248 80 Kg.<\/span><\/p>\n<p><strong style=\"font-size: 16px;\">R\u00e9sistance \u00e0 la traction (N) H\u00eatre : <\/strong><span style=\"font-size: 16px;\">~ 900 N \u2248 90 Kg.<\/span><\/p>\n<\/div>\n<\/div>\n<\/div>\n<\/div>\n<\/section>\n<\/section>\n<\/div>","protected":false},"excerpt":{"rendered":"<p>Detachable connector for centre panels for materials from 16 mm. thickness. Detachable connector with very small opening; Versatility for all angles and joining situations; For separating panels from 16mm material thickness. Description: Clamex P-14\/10 Medius is a detachable\u00a0connector and is anchored in the form-locking\u00a0P-System groove within seconds. Through the minimalist 6 mm access hole,\u00a0Clamex P-14\/10 [&hellip;]<\/p>\n","protected":false},"featured_media":11655,"template":"","meta":{"site-sidebar-layout":"default","site-content-layout":"","ast-site-content-layout":"normal-width-container","site-content-style":"boxed","site-sidebar-style":"default","ast-global-header-display":"","ast-banner-title-visibility":"","ast-main-header-display":"","ast-hfb-above-header-display":"","ast-hfb-below-header-display":"","ast-hfb-mobile-header-display":"","site-post-title":"","ast-breadcrumbs-content":"","ast-featured-img":"","footer-sml-layout":"","ast-disable-related-posts":"","theme-transparent-header-meta":"default","adv-header-id-meta":"","stick-header-meta":"","header-above-stick-meta":"","header-main-stick-meta":"","header-below-stick-meta":"","astra-migrate-meta-layouts":"set","ast-page-background-enabled":"default","ast-page-background-meta":{"desktop":{"background-color":"","background-image":"","background-repeat":"repeat","background-position":"center center","background-size":"auto","background-attachment":"scroll","background-type":"","background-media":"","overlay-type":"","overlay-color":"","overlay-opacity":"","overlay-gradient":""},"tablet":{"background-color":"","background-image":"","background-repeat":"repeat","background-position":"center center","background-size":"auto","background-attachment":"scroll","background-type":"","background-media":"","overlay-type":"","overlay-color":"","overlay-opacity":"","overlay-gradient":""},"mobile":{"background-color":"","background-image":"","background-repeat":"repeat","background-position":"center center","background-size":"auto","background-attachment":"scroll","background-type":"","background-media":"","overlay-type":"","overlay-color":"","overlay-opacity":"","overlay-gradient":""}},"ast-content-background-meta":{"desktop":{"background-color":"var(--ast-global-color-5)","background-image":"","background-repeat":"repeat","background-position":"center center","background-size":"auto","background-attachment":"scroll","background-type":"","background-media":"","overlay-type":"","overlay-color":"","overlay-opacity":"","overlay-gradient":""},"tablet":{"background-color":"var(--ast-global-color-5)","background-image":"","background-repeat":"repeat","background-position":"center center","background-size":"auto","background-attachment":"scroll","background-type":"","background-media":"","overlay-type":"","overlay-color":"","overlay-opacity":"","overlay-gradient":""},"mobile":{"background-color":"var(--ast-global-color-5)","background-image":"","background-repeat":"repeat","background-position":"center center","background-size":"auto","background-attachment":"scroll","background-type":"","background-media":"","overlay-type":"","overlay-color":"","overlay-opacity":"","overlay-gradient":""}}},"product_brand":[],"product_cat":[55,332,104],"product_tag":[],"class_list":{"0":"post-10381","1":"product","2":"type-product","3":"status-publish","4":"has-post-thumbnail","6":"product_cat-brand-lamello","7":"product_cat-p-system","8":"product_cat-application-wood-joining","9":"desktop-align-center","10":"tablet-align-center","11":"mobile-align-center","13":"first","14":"instock","15":"shipping-taxable","16":"product-type-simple"},"_links":{"self":[{"href":"https:\/\/jjscanada.ca\/fr\/wp-json\/wp\/v2\/product\/10381","targetHints":{"allow":["GET"]}}],"collection":[{"href":"https:\/\/jjscanada.ca\/fr\/wp-json\/wp\/v2\/product"}],"about":[{"href":"https:\/\/jjscanada.ca\/fr\/wp-json\/wp\/v2\/types\/product"}],"wp:featuredmedia":[{"embeddable":true,"href":"https:\/\/jjscanada.ca\/fr\/wp-json\/wp\/v2\/media\/11655"}],"wp:attachment":[{"href":"https:\/\/jjscanada.ca\/fr\/wp-json\/wp\/v2\/media?parent=10381"}],"wp:term":[{"taxonomy":"product_brand","embeddable":true,"href":"https:\/\/jjscanada.ca\/fr\/wp-json\/wp\/v2\/product_brand?post=10381"},{"taxonomy":"product_cat","embeddable":true,"href":"https:\/\/jjscanada.ca\/fr\/wp-json\/wp\/v2\/product_cat?post=10381"},{"taxonomy":"product_tag","embeddable":true,"href":"https:\/\/jjscanada.ca\/fr\/wp-json\/wp\/v2\/product_tag?post=10381"}],"curies":[{"name":"wp","href":"https:\/\/api.w.org\/{rel}","templated":true}]}}