{"id":10385,"date":"2024-06-25T12:24:04","date_gmt":"2024-06-25T12:24:04","guid":{"rendered":"https:\/\/jjscanada.ca\/?post_type=product&#038;p=10385"},"modified":"2024-07-16T14:10:56","modified_gmt":"2024-07-16T14:10:56","slug":"lamello-clamex-p-10","status":"publish","type":"product","link":"https:\/\/jjscanada.ca\/fr\/produit\/lamello-clamex-p-10\/","title":{"rendered":"Lamello Clamex P-10"},"content":{"rendered":"<div class=\"col-xs-10 align-bottom\">\n<p>Connecteur amovible pour les mat\u00e9riaux \u00e0 partir de 12 mm d'\u00e9paisseur.<\/p>\n<ul>\n<li>Connecteur d\u00e9tachable avec une tr\u00e8s petite ouverture ;<\/li>\n<li>Insertion extr\u00eamement rapide des raccords sans outils ;<\/li>\n<li>Pour les mat\u00e9riaux plus fins, \u00e9paisseurs \u00e0 partir de 12 mm ou onglets en 16 mm.<\/li>\n<\/ul>\n<div class=\"icons-wrapper\">\n<div class=\"product-icon\"><img decoding=\"async\" title=\"Auto-serrage\" src=\"https:\/\/www.lamello.com\/fileadmin\/_processed_\/7\/d\/csm_Pikto_Selbstspannend_9c36f73fc8.png\" alt=\"\" width=\"50\" height=\"50\" \/>\u00a0 \u00a0<img decoding=\"async\" style=\"font-style: inherit; font-weight: inherit;\" title=\"Polyvalent\" src=\"https:\/\/www.lamello.com\/fileadmin\/_processed_\/4\/d\/csm_Pikto_Vielseitig_e0cd7514fc.png\" alt=\"\" width=\"50\" height=\"50\" \/> \u00a0<img decoding=\"async\" style=\"font-style: inherit; font-weight: inherit;\" title=\"D\u00e9tachable\" src=\"https:\/\/www.lamello.com\/fileadmin\/_processed_\/d\/f\/csm_Pikto_Zerlegbar_a70de00167.png\" alt=\"\" width=\"50\" height=\"50\" \/><\/div>\n<\/div>\n<div><\/div>\n<div><strong>Description :<\/strong><\/div>\n<div><\/div>\n<div>Clamex P-10 est un connecteur amovible qui s'ancre en quelques secondes dans la rainure du syst\u00e8me P \u00e0 verrouillage de forme. Gr\u00e2ce au trou d'acc\u00e8s minimaliste de 6 mm, Clamex P-10 est fermement connect\u00e9 et d\u00e9connect\u00e9 \u00e0 l'aide d'un levier. Clamex P-10 \u00e9limine le besoin de colle, permet des assemblages esth\u00e9tiques sous tous les angles et est id\u00e9al pour les assemblages permanents ou les onglets d\u00e9tachables. Clamex P-10 est utilis\u00e9 pour les assemblages \u00e0 onglet \u00e0 partir de 15 mm d'\u00e9paisseur de mat\u00e9riau et pour les assemblages bout \u00e0 bout \u00e0 partir de 12 mm.<\/div>\n<\/div>\n<div><\/div>\n<div><strong>Voir en action :<\/strong><\/div>\n<div><\/div>\n<div class=\"ast-oembed-container\" style=\"height: 100%;\"><iframe title=\"Clamex P-10 - Connecteur amovible pour \u00e9paisseur de mat\u00e9riau \u00e0 partir de 12 mm\" width=\"500\" height=\"281\" src=\"https:\/\/www.youtube.com\/embed\/5rF31Cn4tgM?feature=oembed\" frameborder=\"0\" allow=\"accelerometer; autoplay; clipboard-write; encrypted-media; gyroscope; picture-in-picture; web-share\" referrerpolicy=\"strict-origin-when-cross-origin\" allowfullscreen><\/iframe><\/div>\n<div><\/div>\n<div><strong>Informations sur le produit :<\/strong><\/div>\n<div><\/div>\n<div>\n<p><strong>Un polyvalent d\u00e9tachable :<\/strong><\/p>\n<div class=\"teaser\">\n<p>Les pi\u00e8ces connect\u00e9es avec le Clamex P peuvent \u00eatre d\u00e9tach\u00e9es \u00e0 tout moment \u00e0 l'aide du levier rotatif.<\/p>\n<p><strong>Tr\u00e8s esth\u00e9tique :<\/strong><\/p>\n<div class=\"teaser\">\n<p>Seule une petite ouverture de 6 mm, \u00e0 peine visible, permet d'ouvrir et de fermer le connecteur.<\/p>\n<p><strong>Syst\u00e8me P Ancrage :<\/strong><\/p>\n<div class=\"teaser\">\n<p>Ancrage des connecteurs sans outil, sans colle ni vis.<\/p>\n<p><strong>Connexion la plus rapide :<\/strong><\/p>\n<div class=\"teaser\">\n<p>Connexion en quelques secondes avec Clamex ou Tenso. La connexion est termin\u00e9e en quelques secondes, sans temps d'attente, sans pinces, ni travail de post-traitement.<\/p>\n<p><strong>Informations techniques :<\/strong><\/p>\n<div class=\"col-xs-12 col-s-6 col-sm-12 col-md-4 col-lg-4\">\n<div class=\"technical-item\">\n<div class=\"row\">\n<div class=\"label col-xs-8 col-s-7 col-sm-7 col-md-7 col-lg-6\"><strong>Taille (mm) : <\/strong><span style=\"font-size: 16px;\">52 x 19 x 9,7 mm<\/span><\/div>\n<div><\/div>\n<div><strong style=\"font-size: 16px;\">Cutter : <\/strong><span style=\"font-size: 16px;\">\u00f8 100,4 x 7 x 22<\/span><\/div>\n<\/div>\n<\/div>\n<div class=\"technical-item\">\n<div class=\"row\">\n<div><\/div>\n<\/div>\n<\/div>\n<div class=\"technical-item\">\n<div class=\"row\">\n<div class=\"label col-xs-8 col-s-7 col-sm-7 col-md-7 col-lg-6\"><strong>Mat\u00e9riau Connecteur : <\/strong><span style=\"font-size: 16px;\">Plastique renforc\u00e9 de fibre de verre<\/span><\/div>\n<\/div>\n<\/div>\n<\/div>\n<p>&nbsp;<\/p>\n<div class=\"col-xs-12 col-s-6 col-sm-12 col-md-4 col-lg-4\">\n<div class=\"technical-item\">\n<div class=\"row\">\n<div class=\"label col-xs-8 col-s-7 col-sm-7 col-md-7 col-lg-6\"><strong>Mat\u00e9riau Levier : <\/strong><span style=\"font-size: 16px;\">Zinc moul\u00e9 sous pression<\/span><\/div>\n<div><\/div>\n<\/div>\n<\/div>\n<div class=\"technical-item\">\n<div class=\"row\">\n<div class=\"label col-xs-8 col-s-7 col-sm-7 col-md-7 col-lg-6\"><strong>Tol\u00e9rance d'installation :<\/strong><\/div>\n<div><\/div>\n<div class=\"col-xs-4 col-s-5 col-sm-5 col-md-5 col-lg-6\"><strong>Longitudinal :<\/strong>\u00a0\u00b1 0,5 mm<\/div>\n<\/div>\n<\/div>\n<\/div>\n<p>&nbsp;<\/p>\n<p><strong style=\"font-size: 16px;\">R\u00e9sistance \u00e0 la traction (N) Panneau de particules :<\/strong><span style=\"font-size: 16px;\">~ 600 N = 60 kg<\/span><\/p>\n<p>&nbsp;<\/p>\n<p><strong style=\"font-size: 16px;\">R\u00e9sistance \u00e0 la traction (N) MDF : <\/strong><span style=\"font-size: 16px;\">~600 \u2248 60 kg<\/span><\/p>\n<div class=\"col-xs-12 col-s-6 col-sm-12 col-md-4 col-lg-4\">\n<div class=\"technical-item\">\n<div class=\"row\">\n<div><\/div>\n<\/div>\n<\/div>\n<div class=\"technical-item\">\n<div class=\"row\">\n<div class=\"label col-xs-8 col-s-7 col-sm-7 col-md-7 col-lg-6\"><strong>R\u00e9sistance \u00e0 la traction (N)H\u00eatre : <\/strong><span style=\"font-size: 16px;\">~ 900 N = 90 kg<\/span><\/div>\n<\/div>\n<\/div>\n<\/div>\n<\/div>\n<\/div>\n<\/div>\n<\/div>\n<\/div>","protected":false},"excerpt":{"rendered":"<p>Detachable connector for materials from 12 mm. thickness. Detachable connector with very small opening; Extremly fast insertion of the fittings without tools; For thinner material thicknesses from 12 mm or miters in 16mm. \u00a0 \u00a0 \u00a0 Description: Clamex P-10 is a detachable connector and is anchored in the form-locking P-System groove within seconds. Through the [&hellip;]<\/p>\n","protected":false},"featured_media":10179,"template":"","meta":{"site-sidebar-layout":"default","site-content-layout":"","ast-site-content-layout":"normal-width-container","site-content-style":"boxed","site-sidebar-style":"default","ast-global-header-display":"","ast-banner-title-visibility":"","ast-main-header-display":"","ast-hfb-above-header-display":"","ast-hfb-below-header-display":"","ast-hfb-mobile-header-display":"","site-post-title":"","ast-breadcrumbs-content":"","ast-featured-img":"","footer-sml-layout":"","ast-disable-related-posts":"","theme-transparent-header-meta":"default","adv-header-id-meta":"","stick-header-meta":"","header-above-stick-meta":"","header-main-stick-meta":"","header-below-stick-meta":"","astra-migrate-meta-layouts":"set","ast-page-background-enabled":"default","ast-page-background-meta":{"desktop":{"background-color":"","background-image":"","background-repeat":"repeat","background-position":"center center","background-size":"auto","background-attachment":"scroll","background-type":"","background-media":"","overlay-type":"","overlay-color":"","overlay-opacity":"","overlay-gradient":""},"tablet":{"background-color":"","background-image":"","background-repeat":"repeat","background-position":"center center","background-size":"auto","background-attachment":"scroll","background-type":"","background-media":"","overlay-type":"","overlay-color":"","overlay-opacity":"","overlay-gradient":""},"mobile":{"background-color":"","background-image":"","background-repeat":"repeat","background-position":"center center","background-size":"auto","background-attachment":"scroll","background-type":"","background-media":"","overlay-type":"","overlay-color":"","overlay-opacity":"","overlay-gradient":""}},"ast-content-background-meta":{"desktop":{"background-color":"var(--ast-global-color-5)","background-image":"","background-repeat":"repeat","background-position":"center center","background-size":"auto","background-attachment":"scroll","background-type":"","background-media":"","overlay-type":"","overlay-color":"","overlay-opacity":"","overlay-gradient":""},"tablet":{"background-color":"var(--ast-global-color-5)","background-image":"","background-repeat":"repeat","background-position":"center center","background-size":"auto","background-attachment":"scroll","background-type":"","background-media":"","overlay-type":"","overlay-color":"","overlay-opacity":"","overlay-gradient":""},"mobile":{"background-color":"var(--ast-global-color-5)","background-image":"","background-repeat":"repeat","background-position":"center center","background-size":"auto","background-attachment":"scroll","background-type":"","background-media":"","overlay-type":"","overlay-color":"","overlay-opacity":"","overlay-gradient":""}}},"product_brand":[],"product_cat":[55,332,104],"product_tag":[],"class_list":{"0":"post-10385","1":"product","2":"type-product","3":"status-publish","4":"has-post-thumbnail","6":"product_cat-brand-lamello","7":"product_cat-p-system","8":"product_cat-application-wood-joining","9":"desktop-align-center","10":"tablet-align-center","11":"mobile-align-center","13":"first","14":"instock","15":"shipping-taxable","16":"product-type-simple"},"_links":{"self":[{"href":"https:\/\/jjscanada.ca\/fr\/wp-json\/wp\/v2\/product\/10385","targetHints":{"allow":["GET"]}}],"collection":[{"href":"https:\/\/jjscanada.ca\/fr\/wp-json\/wp\/v2\/product"}],"about":[{"href":"https:\/\/jjscanada.ca\/fr\/wp-json\/wp\/v2\/types\/product"}],"wp:featuredmedia":[{"embeddable":true,"href":"https:\/\/jjscanada.ca\/fr\/wp-json\/wp\/v2\/media\/10179"}],"wp:attachment":[{"href":"https:\/\/jjscanada.ca\/fr\/wp-json\/wp\/v2\/media?parent=10385"}],"wp:term":[{"taxonomy":"product_brand","embeddable":true,"href":"https:\/\/jjscanada.ca\/fr\/wp-json\/wp\/v2\/product_brand?post=10385"},{"taxonomy":"product_cat","embeddable":true,"href":"https:\/\/jjscanada.ca\/fr\/wp-json\/wp\/v2\/product_cat?post=10385"},{"taxonomy":"product_tag","embeddable":true,"href":"https:\/\/jjscanada.ca\/fr\/wp-json\/wp\/v2\/product_tag?post=10385"}],"curies":[{"name":"wp","href":"https:\/\/api.w.org\/{rel}","templated":true}]}}