{"id":10396,"date":"2024-06-25T12:36:40","date_gmt":"2024-06-25T12:36:40","guid":{"rendered":"https:\/\/jjscanada.ca\/?post_type=product&#038;p=10396"},"modified":"2024-09-26T19:53:47","modified_gmt":"2024-09-26T19:53:47","slug":"lamello-zeta-p2","status":"publish","type":"product","link":"https:\/\/jjscanada.ca\/fr\/produit\/lamello-zeta-p2\/","title":{"rendered":"Lamello Zeta P2"},"content":{"rendered":"<p>La machine pour le syst\u00e8me P \u00e9volutif, qui vous fait gagner du temps chaque jour ! Diff\u00e9renciez vos produits de la norme !<\/p>\n<ul>\n<li>Pour l'ancrage rapide de tous les connecteurs du syst\u00e8me P dans tous les angles ;<\/li>\n<li>Le mouvement vertical automatique cr\u00e9e une rainure de profil permettant d'ins\u00e9rer les connecteurs \u00e0 la main ;<\/li>\n<li>Travail rapide, facile et pr\u00e9cis avec le syst\u00e8me Lamello bien connu.<\/li>\n<\/ul>\n<div><strong>Description :<\/strong><\/div>\n<div><\/div>\n<div>La Zeta P2 est la rainureuse pour les connecteurs du syst\u00e8me P. Elle est utilis\u00e9e pour cr\u00e9er la rainure de verrouillage du syst\u00e8me P en quelques secondes.<br \/>\nL'entra\u00eenement m\u00e9canique vertical int\u00e9gr\u00e9 se d\u00e9clenche automatiquement \u00e0 la profondeur de coupe maximale et effectue un mouvement lat\u00e9ral de la fraise pour la rainure du syst\u00e8me P. Les connecteurs de diff\u00e9rentes fonctions et de diff\u00e9rentes tailles peuvent d\u00e9sormais \u00eatre ins\u00e9r\u00e9s dans la rainure du syst\u00e8me P verrouill\u00e9e par la forme. Il est d\u00e9sormais possible d'ins\u00e9rer des connecteurs de diff\u00e9rentes fonctions et de diff\u00e9rentes tailles dans la rainure P-System \u00e0 verrouillage de forme. L'insertion dans la rainure est rapide et sans outil.<\/div>\n<div><\/div>\n<div><strong>Voir en action :<\/strong><\/div>\n<div><\/div>\n<div class=\"ast-oembed-container\" style=\"height: 100%;\"><iframe title=\"Zeta P2 - La machine pour le syst\u00e8me P \u00e9volutif, qui vous fait gagner du temps au quotidien\" width=\"500\" height=\"281\" src=\"https:\/\/www.youtube.com\/embed\/09tHm_H1Dl8?feature=oembed\" frameborder=\"0\" allow=\"accelerometer; autoplay; clipboard-write; encrypted-media; gyroscope; picture-in-picture; web-share\" referrerpolicy=\"strict-origin-when-cross-origin\" allowfullscreen><\/iframe><\/div>\n<div><\/div>\n<div><strong>Informations sur le produit :<\/strong><\/div>\n<div><\/div>\n<div>\n<p><strong>Entra\u00eenement m\u00e9canique vertical du syst\u00e8me P :<\/strong><\/p>\n<div class=\"teaser\">\n<p>L'entra\u00eenement m\u00e9canique vertical est constitu\u00e9 de pi\u00e8ces rotatives de haute pr\u00e9cision fournies par Lamello. Il cr\u00e9e un courant de Foucault qui entra\u00eene le mouvement de la course.<\/p>\n<\/div>\n<\/div>\n<div>\n<p><strong>Syst\u00e8me P Ancrage :<\/strong><\/p>\n<div class=\"teaser\">\n<p>Ancrage des connecteurs sans outil, sans colle ni vis.<\/p>\n<p><strong>R\u00e9glage de la profondeur du syst\u00e8me P :<\/strong><\/p>\n<div class=\"teaser\">\n<p>Rotation extr\u00eamement rapide permettant de r\u00e9gler diff\u00e9rentes profondeurs pour les \u00e9l\u00e9ments d'assemblage du syst\u00e8me P : 10, 12, 14, 15 ou 18.<\/p>\n<p><strong>\u00c9l\u00e9ments en bois :<\/strong><\/p>\n<div class=\"teaser\">\n<p>Utiliser Zeta P2 pour les biscuits en bois standard en tournant le dispositif de r\u00e9glage de la profondeur du syst\u00e8me P sur OFF pour d\u00e9sactiver l'entra\u00eenement m\u00e9canique vertical. La fraise P-System de 7 mm. P-System est remplac\u00e9e par la fraise \u00e0 rainurer de 4 mm.<\/p>\n<p><strong>But\u00e9e avant pivotante avec point de pivot fixe :<\/strong><\/p>\n<div class=\"teaser\">\n<p>L'assemblage est fiable gr\u00e2ce \u00e0 la fraise qui se trouve exactement au centre entre les deux surfaces d'application.<\/p>\n<div class=\"flex-viewport\">\n<div class=\"slider-container\">\n<div class=\"news-slider-item\">\n<div class=\"bottom\">\n<p><strong>Carr\u00e9 d'arr\u00eat multifonctionnel :<\/strong><\/p>\n<div class=\"teaser\">\n<p>En plus de la stabilit\u00e9 verticale r\u00e9sultant de la plus grande surface de contact, la quare de but\u00e9e permet un r\u00e9glage variable de la position de la rainure, de 0 \u00e0 50 mm.<\/p>\n<p><strong>Informations techniques :<\/strong><\/p>\n<section id=\"58\" class=\"content-middle bkg-gray\">\n<div class=\"container row\">\n<div class=\"col-xs-12\">\n<section class=\"headings\">\n<h5><strong style=\"font-size: 16px;\">Tension (V) : <\/strong><span style=\"font-size: 16px;\">230 V.<\/span><\/h5>\n<\/section>\n<\/div>\n<div class=\"col-xs-12 col-s-6 col-sm-12 col-md-4 col-lg-4\">\n<div class=\"technical-item\">\n<div class=\"row\">\n<div><strong style=\"font-size: 16px;\">Puissance (W) : <\/strong><span style=\"font-size: 16px;\">1050 W.<\/span><\/div>\n<\/div>\n<\/div>\n<\/div>\n<div class=\"col-xs-12 col-s-6 col-sm-12 col-md-4 col-lg-4\">\n<div class=\"technical-item\">\n<div class=\"row\">\n<div class=\"label col-xs-8 col-s-7 col-sm-7 col-md-7 col-lg-6\"><strong>Vitesse (U\/min) : <\/strong><span style=\"font-size: 16px;\">9'000 min\u02c9\u00b9<\/span><\/div>\n<div><strong style=\"font-size: 16px;\">Dents :<\/strong><span style=\"font-size: 16px;\">Z3<\/span><\/div>\n<\/div>\n<\/div>\n<\/div>\n<div class=\"col-xs-12 col-s-6 col-sm-12 col-md-4 col-lg-4\">\n<div class=\"technical-item\">\n<div class=\"row\">\n<div class=\"label col-xs-8 col-s-7 col-sm-7 col-md-7 col-lg-6\"><strong>Profondeur de coupe Max : <\/strong><span style=\"font-size: 16px;\">20 mm.<\/span><\/div>\n<div><strong style=\"font-size: 16px;\">Poids (kg) : <\/strong><span style=\"font-size: 16px;\">3,7 Kg.<\/span><\/div>\n<\/div>\n<\/div>\n<\/div>\n<\/div>\n<\/section>\n<section id=\"51\" class=\"content-middle\">\n<div class=\"container row\">\n<div class=\"col-xs-12\"><\/div>\n<\/div>\n<\/section>\n<\/div>\n<\/div>\n<\/div>\n<\/div>\n<\/div>\n<\/div>\n<\/div>\n<\/div>\n<\/div>\n<\/div>","protected":false},"excerpt":{"rendered":"<p>The machine for the evolving P-System, saving you time daily! Differentiate your products from the standard! For the fast, form-locking anchorage of all P-System connectors in all angles; The automatic vertical movement creates a profile groove enabling insertion of the connectors by hand; Fast, easy and precise working with the well-known Lamello system. Description: The [&hellip;]<\/p>\n","protected":false},"featured_media":11654,"template":"","meta":{"site-sidebar-layout":"default","site-content-layout":"","ast-site-content-layout":"normal-width-container","site-content-style":"boxed","site-sidebar-style":"default","ast-global-header-display":"","ast-banner-title-visibility":"","ast-main-header-display":"","ast-hfb-above-header-display":"","ast-hfb-below-header-display":"","ast-hfb-mobile-header-display":"","site-post-title":"","ast-breadcrumbs-content":"","ast-featured-img":"","footer-sml-layout":"","ast-disable-related-posts":"","theme-transparent-header-meta":"default","adv-header-id-meta":"","stick-header-meta":"","header-above-stick-meta":"","header-main-stick-meta":"","header-below-stick-meta":"","astra-migrate-meta-layouts":"set","ast-page-background-enabled":"default","ast-page-background-meta":{"desktop":{"background-color":"","background-image":"","background-repeat":"repeat","background-position":"center center","background-size":"auto","background-attachment":"scroll","background-type":"","background-media":"","overlay-type":"","overlay-color":"","overlay-opacity":"","overlay-gradient":""},"tablet":{"background-color":"","background-image":"","background-repeat":"repeat","background-position":"center center","background-size":"auto","background-attachment":"scroll","background-type":"","background-media":"","overlay-type":"","overlay-color":"","overlay-opacity":"","overlay-gradient":""},"mobile":{"background-color":"","background-image":"","background-repeat":"repeat","background-position":"center center","background-size":"auto","background-attachment":"scroll","background-type":"","background-media":"","overlay-type":"","overlay-color":"","overlay-opacity":"","overlay-gradient":""}},"ast-content-background-meta":{"desktop":{"background-color":"var(--ast-global-color-5)","background-image":"","background-repeat":"repeat","background-position":"center center","background-size":"auto","background-attachment":"scroll","background-type":"","background-media":"","overlay-type":"","overlay-color":"","overlay-opacity":"","overlay-gradient":""},"tablet":{"background-color":"var(--ast-global-color-5)","background-image":"","background-repeat":"repeat","background-position":"center center","background-size":"auto","background-attachment":"scroll","background-type":"","background-media":"","overlay-type":"","overlay-color":"","overlay-opacity":"","overlay-gradient":""},"mobile":{"background-color":"var(--ast-global-color-5)","background-image":"","background-repeat":"repeat","background-position":"center center","background-size":"auto","background-attachment":"scroll","background-type":"","background-media":"","overlay-type":"","overlay-color":"","overlay-opacity":"","overlay-gradient":""}}},"product_brand":[],"product_cat":[55,332,104],"product_tag":[],"class_list":{"0":"post-10396","1":"product","2":"type-product","3":"status-publish","4":"has-post-thumbnail","6":"product_cat-brand-lamello","7":"product_cat-p-system","8":"product_cat-application-wood-joining","9":"desktop-align-center","10":"tablet-align-center","11":"mobile-align-center","13":"first","14":"instock","15":"shipping-taxable","16":"product-type-simple"},"_links":{"self":[{"href":"https:\/\/jjscanada.ca\/fr\/wp-json\/wp\/v2\/product\/10396","targetHints":{"allow":["GET"]}}],"collection":[{"href":"https:\/\/jjscanada.ca\/fr\/wp-json\/wp\/v2\/product"}],"about":[{"href":"https:\/\/jjscanada.ca\/fr\/wp-json\/wp\/v2\/types\/product"}],"wp:featuredmedia":[{"embeddable":true,"href":"https:\/\/jjscanada.ca\/fr\/wp-json\/wp\/v2\/media\/11654"}],"wp:attachment":[{"href":"https:\/\/jjscanada.ca\/fr\/wp-json\/wp\/v2\/media?parent=10396"}],"wp:term":[{"taxonomy":"product_brand","embeddable":true,"href":"https:\/\/jjscanada.ca\/fr\/wp-json\/wp\/v2\/product_brand?post=10396"},{"taxonomy":"product_cat","embeddable":true,"href":"https:\/\/jjscanada.ca\/fr\/wp-json\/wp\/v2\/product_cat?post=10396"},{"taxonomy":"product_tag","embeddable":true,"href":"https:\/\/jjscanada.ca\/fr\/wp-json\/wp\/v2\/product_tag?post=10396"}],"curies":[{"name":"wp","href":"https:\/\/api.w.org\/{rel}","templated":true}]}}