{"id":10411,"date":"2024-06-25T13:01:52","date_gmt":"2024-06-25T13:01:52","guid":{"rendered":"https:\/\/jjscanada.ca\/?post_type=product&#038;p=10411"},"modified":"2024-09-26T19:41:43","modified_gmt":"2024-09-26T19:41:43","slug":"lamello-clamex-s-18","status":"publish","type":"product","link":"https:\/\/jjscanada.ca\/fr\/produit\/lamello-clamex-s-18\/","title":{"rendered":"Lamello Clamex S-18"},"content":{"rendered":"<p>D\u00e9tachable, flexible et simple. Installation dans une rainure de 8 mm. \u00e0 l'aide de vis.<\/p>\n<ul>\n<li>Connecteur amovible pour les onglets de 30 \u00e0 180\u00b0 et pour les jonctions bout \u00e0 bout ;<\/li>\n<li>Petite ouverture 6 mm ;<\/li>\n<li>Installation avec n'importe quelle rainureuse Lamello.<\/li>\n<\/ul>\n<div><\/div>\n<div><strong>Description :<\/strong><\/div>\n<div><\/div>\n<div>Clamex S-18 est un connecteur amovible. Il est ins\u00e9r\u00e9 dans une rainure de 8 mm de large et maintenu en place par des vis. Par le trou d'acc\u00e8s minimaliste de 6 mm, Clamex S-18 est fermement connect\u00e9 et d\u00e9connect\u00e9 \u00e0 l'aide d'un levier. Clamex S-18 peut \u00eatre utilis\u00e9 avec n'importe quelle rainureuse Lamello, permet des assemblages esth\u00e9tiques \u00e0 tous les angles et est id\u00e9al pour les onglets fixes ou amovibles. Clamex S-18 est utilis\u00e9 pour les assemblages \u00e0 onglet \u00e0 partir de 19 mm d'\u00e9paisseur de mat\u00e9riau et pour les assemblages bout \u00e0 bout \u00e0 partir de 15 mm.<\/div>\n<div><\/div>\n<div><strong>Informations sur le produit :<\/strong><\/div>\n<div><\/div>\n<div>\n<p><strong>Un polyvalent d\u00e9tachable :<\/strong><\/p>\n<div class=\"teaser\">\n<p>Les pi\u00e8ces connect\u00e9es avec le Clamex P peuvent \u00eatre d\u00e9tach\u00e9es \u00e0 tout moment \u00e0 l'aide du levier rotatif.<\/p>\n<p><strong>Tr\u00e8s esth\u00e9tique :<\/strong><\/p>\n<div class=\"teaser\">\n<p>Seule une petite ouverture de 6 mm, \u00e0 peine visible, permet d'ouvrir et de fermer le connecteur.<\/p>\n<p><strong>Polyvalent :<\/strong><\/p>\n<div class=\"teaser\">\n<p>Un principe de coupe pour de nombreux \u00e9l\u00e9ments d'assemblage diff\u00e9rents.<\/p>\n<p><strong>Informations techniques :<\/strong><\/p>\n<div class=\"col-xs-12 col-s-6 col-sm-12 col-md-4 col-lg-4\">\n<div class=\"technical-item\">\n<div class=\"row\">\n<div class=\"label col-xs-8 col-s-7 col-sm-7 col-md-7 col-lg-6\"><strong>Taille (mm) : <\/strong><span style=\"font-size: 16px;\">66 x 29 x 8 mm.<\/span><\/div>\n<div><\/div>\n<\/div>\n<\/div>\n<div class=\"technical-item\">\n<div class=\"row\">\n<div class=\"label col-xs-8 col-s-7 col-sm-7 col-md-7 col-lg-6\"><strong>Cutter : <\/strong><span style=\"font-size: 16px;\">\u00f8 100 x 8 x 22<\/span><\/div>\n<div><\/div>\n<\/div>\n<\/div>\n<div class=\"technical-item\">\n<div class=\"row\">\n<div class=\"label col-xs-8 col-s-7 col-sm-7 col-md-7 col-lg-6\"><strong>Mat\u00e9riau Connecteur : <\/strong><span style=\"font-size: 16px;\">Plastique renforc\u00e9 de fibre de verre<\/span><\/div>\n<\/div>\n<\/div>\n<\/div>\n<p>&nbsp;<\/p>\n<div class=\"col-xs-12 col-s-6 col-sm-12 col-md-4 col-lg-4\">\n<div class=\"technical-item\">\n<div class=\"row\">\n<div class=\"label col-xs-8 col-s-7 col-sm-7 col-md-7 col-lg-6\"><strong>Mat\u00e9riau Levier : <\/strong><span style=\"font-size: 16px;\">Zinc moul\u00e9 sous pression<\/span><\/div>\n<div><\/div>\n<\/div>\n<\/div>\n<div class=\"technical-item\">\n<div class=\"row\">\n<div class=\"label col-xs-8 col-s-7 col-sm-7 col-md-7 col-lg-6\"><strong>Tol\u00e9rance d'installation :<\/strong><\/div>\n<div><\/div>\n<div class=\"col-xs-4 col-s-5 col-sm-5 col-md-5 col-lg-6\"><strong>Longitudinal :<\/strong> \u00b1 1 mm.<\/div>\n<div><\/div>\n<\/div>\n<\/div>\n<div class=\"technical-item\">\n<div class=\"row\">\n<div class=\"label col-xs-8 col-s-7 col-sm-7 col-md-7 col-lg-6\"><strong>R\u00e9sistance \u00e0 la traction (N) Panneau de particules : <\/strong><span style=\"font-size: 16px;\">~ 800 N \u2248 80 Kg.<\/span><\/div>\n<\/div>\n<\/div>\n<\/div>\n<p>&nbsp;<\/p>\n<div class=\"col-xs-12 col-s-6 col-sm-12 col-md-4 col-lg-4\">\n<div class=\"technical-item\">\n<div class=\"row\">\n<div class=\"label col-xs-8 col-s-7 col-sm-7 col-md-7 col-lg-6\"><strong>R\u00e9sistance \u00e0 la traction (N) H\u00eatre : <\/strong><span style=\"font-size: 16px;\">~ 1300 N \u2248 130 Kg.<\/span><\/div>\n<\/div>\n<\/div>\n<\/div>\n<\/div>\n<\/div>\n<\/div>\n<\/div>","protected":false},"excerpt":{"rendered":"<p>Detachable, flexible and simple. Installation in an 8 mm. groove with screws. Detachable connector for miters from 30-180\u00b0 and for butt-joints; Small opening 6 mm; Installation with any Lamello biscuit joiner. Description: Clamex S-18 is a detachable connector. It is\u00a0inserted into an 8 mm wide groove and held in\u00a0place with screws. Through the minimalist\u00a06 mm [&hellip;]<\/p>\n","protected":false},"featured_media":11648,"template":"","meta":{"site-sidebar-layout":"default","site-content-layout":"","ast-site-content-layout":"normal-width-container","site-content-style":"boxed","site-sidebar-style":"default","ast-global-header-display":"","ast-banner-title-visibility":"","ast-main-header-display":"","ast-hfb-above-header-display":"","ast-hfb-below-header-display":"","ast-hfb-mobile-header-display":"","site-post-title":"","ast-breadcrumbs-content":"","ast-featured-img":"","footer-sml-layout":"","ast-disable-related-posts":"","theme-transparent-header-meta":"default","adv-header-id-meta":"","stick-header-meta":"","header-above-stick-meta":"","header-main-stick-meta":"","header-below-stick-meta":"","astra-migrate-meta-layouts":"set","ast-page-background-enabled":"default","ast-page-background-meta":{"desktop":{"background-color":"","background-image":"","background-repeat":"repeat","background-position":"center center","background-size":"auto","background-attachment":"scroll","background-type":"","background-media":"","overlay-type":"","overlay-color":"","overlay-opacity":"","overlay-gradient":""},"tablet":{"background-color":"","background-image":"","background-repeat":"repeat","background-position":"center center","background-size":"auto","background-attachment":"scroll","background-type":"","background-media":"","overlay-type":"","overlay-color":"","overlay-opacity":"","overlay-gradient":""},"mobile":{"background-color":"","background-image":"","background-repeat":"repeat","background-position":"center center","background-size":"auto","background-attachment":"scroll","background-type":"","background-media":"","overlay-type":"","overlay-color":"","overlay-opacity":"","overlay-gradient":""}},"ast-content-background-meta":{"desktop":{"background-color":"var(--ast-global-color-5)","background-image":"","background-repeat":"repeat","background-position":"center center","background-size":"auto","background-attachment":"scroll","background-type":"","background-media":"","overlay-type":"","overlay-color":"","overlay-opacity":"","overlay-gradient":""},"tablet":{"background-color":"var(--ast-global-color-5)","background-image":"","background-repeat":"repeat","background-position":"center center","background-size":"auto","background-attachment":"scroll","background-type":"","background-media":"","overlay-type":"","overlay-color":"","overlay-opacity":"","overlay-gradient":""},"mobile":{"background-color":"var(--ast-global-color-5)","background-image":"","background-repeat":"repeat","background-position":"center center","background-size":"auto","background-attachment":"scroll","background-type":"","background-media":"","overlay-type":"","overlay-color":"","overlay-opacity":"","overlay-gradient":""}}},"product_brand":[],"product_cat":[55,332,104],"product_tag":[],"class_list":{"0":"post-10411","1":"product","2":"type-product","3":"status-publish","4":"has-post-thumbnail","6":"product_cat-brand-lamello","7":"product_cat-p-system","8":"product_cat-application-wood-joining","9":"desktop-align-center","10":"tablet-align-center","11":"mobile-align-center","13":"first","14":"instock","15":"shipping-taxable","16":"product-type-simple"},"_links":{"self":[{"href":"https:\/\/jjscanada.ca\/fr\/wp-json\/wp\/v2\/product\/10411","targetHints":{"allow":["GET"]}}],"collection":[{"href":"https:\/\/jjscanada.ca\/fr\/wp-json\/wp\/v2\/product"}],"about":[{"href":"https:\/\/jjscanada.ca\/fr\/wp-json\/wp\/v2\/types\/product"}],"wp:featuredmedia":[{"embeddable":true,"href":"https:\/\/jjscanada.ca\/fr\/wp-json\/wp\/v2\/media\/11648"}],"wp:attachment":[{"href":"https:\/\/jjscanada.ca\/fr\/wp-json\/wp\/v2\/media?parent=10411"}],"wp:term":[{"taxonomy":"product_brand","embeddable":true,"href":"https:\/\/jjscanada.ca\/fr\/wp-json\/wp\/v2\/product_brand?post=10411"},{"taxonomy":"product_cat","embeddable":true,"href":"https:\/\/jjscanada.ca\/fr\/wp-json\/wp\/v2\/product_cat?post=10411"},{"taxonomy":"product_tag","embeddable":true,"href":"https:\/\/jjscanada.ca\/fr\/wp-json\/wp\/v2\/product_tag?post=10411"}],"curies":[{"name":"wp","href":"https:\/\/api.w.org\/{rel}","templated":true}]}}