{"id":10417,"date":"2024-06-25T13:17:17","date_gmt":"2024-06-25T13:17:17","guid":{"rendered":"https:\/\/jjscanada.ca\/?post_type=product&#038;p=10417"},"modified":"2024-07-16T13:40:51","modified_gmt":"2024-07-16T13:40:51","slug":"lamello-classic-x","status":"publish","type":"product","link":"https:\/\/jjscanada.ca\/fr\/produit\/lamello-classic-x\/","title":{"rendered":"Lamello Classic X"},"content":{"rendered":"<p>La rainureuse originale pour tous les ateliers.<\/p>\n<ul>\n<li>Classic X est la rainureuse originale de l'inventeur du syst\u00e8me et du fournisseur de la solution compl\u00e8te ;<\/li>\n<li>Le syst\u00e8me d'assemblage de panneaux tr\u00e8s efficace, simple et pr\u00e9cis ;<\/li>\n<li>Equerre de but\u00e9e multifonctionnelle, but\u00e9e avant pivotante avec point d'articulation fixe et surfaces d'application de haute pr\u00e9cision.<\/li>\n<\/ul>\n<div class=\"icons-wrapper\">\n<div class=\"product-icon\"><img decoding=\"async\" title=\"Traitement efficace\" src=\"https:\/\/www.lamello.com\/fileadmin\/_processed_\/0\/6\/csm_Pikto_Effizienter_Bearbeitung_9b0e478ba1.png\" alt=\"\" width=\"50\" height=\"50\" \/>\u00a0 \u00a0<img decoding=\"async\" style=\"font-style: inherit; font-weight: inherit;\" title=\"Arr\u00eat en angle depuis l&#039;ext\u00e9rieur\" src=\"https:\/\/www.lamello.com\/fileadmin\/_processed_\/b\/6\/csm_Pikto_Winkelanschlag_von_aussen_e13dc9d923.png\" alt=\"\" width=\"50\" height=\"50\" \/><\/div>\n<\/div>\n<div><\/div>\n<div><strong>Description :<\/strong><\/div>\n<div><\/div>\n<div>Classic X est la rainureuse originale de l'inventeur du syst\u00e8me Lamello pour la d\u00e9coupe de la rainure de 4 mm. La Classic X, \u00e9prouv\u00e9e et bien con\u00e7ue, est rapide et polyvalente dans son utilisation et constitue la base d'une large gamme de connecteurs avec des solutions fixes, autoserrantes et amovibles. La pr\u00e9cision de chaque composant permet d'obtenir une exactitude parfaite des pi\u00e8ces \u00e0 usiner et de gagner du temps. L'\u00e9querre de but\u00e9e multifonctionnelle permet de r\u00e9aliser des onglets parfaits en les appliquant sur la surface ext\u00e9rieure et de stabiliser la machine en position verticale.<\/div>\n<div><\/div>\n<div><strong>Voir en action :<\/strong><\/div>\n<div class=\"ast-oembed-container\" style=\"height: 100%;\"><iframe title=\"Classic X sans fil : La rainureuse originale - pr\u00e9cise et sans fil\" width=\"500\" height=\"281\" src=\"https:\/\/www.youtube.com\/embed\/xfUdH173t0o?feature=oembed\" frameborder=\"0\" allow=\"accelerometer; autoplay; clipboard-write; encrypted-media; gyroscope; picture-in-picture; web-share\" referrerpolicy=\"strict-origin-when-cross-origin\" allowfullscreen><\/iframe><\/div>\n<div><strong>Informations sur le produit :<\/strong><\/div>\n<div><\/div>\n<div>\n<p><strong>Polyvalent :<\/strong><\/p>\n<div class=\"teaser\">\n<p>Un principe de coupe pour de nombreux \u00e9l\u00e9ments d'assemblage diff\u00e9rents.<\/p>\n<p><strong>But\u00e9e avant pivotante avec point de pivot fixe :<\/strong><\/p>\n<div class=\"teaser\">\n<p>L'assemblage est fiable gr\u00e2ce \u00e0 la fraise qui se trouve exactement au centre entre les deux surfaces d'application.<\/p>\n<\/div>\n<p><strong>Carr\u00e9 d'arr\u00eat multifonctionnel :<\/strong><\/p>\n<div class=\"teaser\">\n<p>En plus de la stabilit\u00e9 verticale r\u00e9sultant de la plus grande surface de contact, la quare de but\u00e9e permet un r\u00e9glage variable de la position de la rainure, de 0 \u00e0 50 mm.<\/p>\n<p><strong>Informations techniques :<\/strong><\/p>\n<div class=\"col-xs-12 col-s-6 col-sm-12 col-md-4 col-lg-4\">\n<div class=\"technical-item\">\n<div class=\"row\">\n<div class=\"label col-xs-8 col-s-7 col-sm-7 col-md-7 col-lg-6\"><strong>Tension (V) : <\/strong><span style=\"font-size: 16px;\">230 V. ou 120 V.<\/span><\/div>\n<div><\/div>\n<\/div>\n<\/div>\n<div class=\"technical-item\">\n<div class=\"row\">\n<div class=\"label col-xs-8 col-s-7 col-sm-7 col-md-7 col-lg-6\"><strong>Puissance (W) : <\/strong><span style=\"font-size: 16px;\">850 W.<\/span><\/div>\n<\/div>\n<\/div>\n<\/div>\n<p>&nbsp;<\/p>\n<div class=\"col-xs-12 col-s-6 col-sm-12 col-md-4 col-lg-4\">\n<div class=\"technical-item\">\n<div class=\"row\">\n<div class=\"label col-xs-8 col-s-7 col-sm-7 col-md-7 col-lg-6\"><strong>Vitesse (U\/min) : <\/strong><span style=\"font-size: 16px;\">10'000 min\u02c9\u00b9<\/span><\/div>\n<div><\/div>\n<\/div>\n<\/div>\n<div class=\"technical-item\">\n<div class=\"row\">\n<div class=\"label col-xs-8 col-s-7 col-sm-7 col-md-7 col-lg-6\"><strong>Dents : <\/strong><span style=\"font-size: 16px;\">Z6 (3+3) Dents de renversement<\/span><\/div>\n<\/div>\n<\/div>\n<\/div>\n<p>&nbsp;<\/p>\n<div class=\"col-xs-12 col-s-6 col-sm-12 col-md-4 col-lg-4\">\n<div class=\"technical-item\">\n<div class=\"row\">\n<div class=\"label col-xs-8 col-s-7 col-sm-7 col-md-7 col-lg-6\"><strong>Profondeur de coupe Max : <\/strong><span style=\"font-size: 16px;\">20 mm.<\/span><\/div>\n<div><\/div>\n<\/div>\n<\/div>\n<div class=\"technical-item\">\n<div class=\"row\">\n<div class=\"label col-xs-8 col-s-7 col-sm-7 col-md-7 col-lg-6\"><strong>Poids (kg) : <\/strong><span style=\"font-size: 16px;\">2.9 Kg.<\/span><\/div>\n<\/div>\n<\/div>\n<\/div>\n<\/div>\n<\/div>\n<\/div>","protected":false},"excerpt":{"rendered":"<p>The original biscuit joiner for every workshop. Classic X is the original biscuit joiner from the inventor of the system and provider of the complete solution; The highly efficient, simple and accurate joining system for panels; Multifunctional stop square, swivelling front stop with fixed pivot point and high-precision application surfaces. \u00a0 \u00a0 Description: Classic X [&hellip;]<\/p>\n","protected":false},"featured_media":10196,"template":"","meta":{"site-sidebar-layout":"default","site-content-layout":"","ast-site-content-layout":"normal-width-container","site-content-style":"boxed","site-sidebar-style":"default","ast-global-header-display":"","ast-banner-title-visibility":"","ast-main-header-display":"","ast-hfb-above-header-display":"","ast-hfb-below-header-display":"","ast-hfb-mobile-header-display":"","site-post-title":"","ast-breadcrumbs-content":"","ast-featured-img":"","footer-sml-layout":"","ast-disable-related-posts":"","theme-transparent-header-meta":"default","adv-header-id-meta":"","stick-header-meta":"","header-above-stick-meta":"","header-main-stick-meta":"","header-below-stick-meta":"","astra-migrate-meta-layouts":"set","ast-page-background-enabled":"default","ast-page-background-meta":{"desktop":{"background-color":"","background-image":"","background-repeat":"repeat","background-position":"center center","background-size":"auto","background-attachment":"scroll","background-type":"","background-media":"","overlay-type":"","overlay-color":"","overlay-opacity":"","overlay-gradient":""},"tablet":{"background-color":"","background-image":"","background-repeat":"repeat","background-position":"center center","background-size":"auto","background-attachment":"scroll","background-type":"","background-media":"","overlay-type":"","overlay-color":"","overlay-opacity":"","overlay-gradient":""},"mobile":{"background-color":"","background-image":"","background-repeat":"repeat","background-position":"center center","background-size":"auto","background-attachment":"scroll","background-type":"","background-media":"","overlay-type":"","overlay-color":"","overlay-opacity":"","overlay-gradient":""}},"ast-content-background-meta":{"desktop":{"background-color":"var(--ast-global-color-5)","background-image":"","background-repeat":"repeat","background-position":"center center","background-size":"auto","background-attachment":"scroll","background-type":"","background-media":"","overlay-type":"","overlay-color":"","overlay-opacity":"","overlay-gradient":""},"tablet":{"background-color":"var(--ast-global-color-5)","background-image":"","background-repeat":"repeat","background-position":"center center","background-size":"auto","background-attachment":"scroll","background-type":"","background-media":"","overlay-type":"","overlay-color":"","overlay-opacity":"","overlay-gradient":""},"mobile":{"background-color":"var(--ast-global-color-5)","background-image":"","background-repeat":"repeat","background-position":"center center","background-size":"auto","background-attachment":"scroll","background-type":"","background-media":"","overlay-type":"","overlay-color":"","overlay-opacity":"","overlay-gradient":""}}},"product_brand":[],"product_cat":[55,332,104],"product_tag":[],"class_list":{"0":"post-10417","1":"product","2":"type-product","3":"status-publish","4":"has-post-thumbnail","6":"product_cat-brand-lamello","7":"product_cat-p-system","8":"product_cat-application-wood-joining","9":"desktop-align-center","10":"tablet-align-center","11":"mobile-align-center","13":"first","14":"instock","15":"shipping-taxable","16":"product-type-simple"},"_links":{"self":[{"href":"https:\/\/jjscanada.ca\/fr\/wp-json\/wp\/v2\/product\/10417","targetHints":{"allow":["GET"]}}],"collection":[{"href":"https:\/\/jjscanada.ca\/fr\/wp-json\/wp\/v2\/product"}],"about":[{"href":"https:\/\/jjscanada.ca\/fr\/wp-json\/wp\/v2\/types\/product"}],"wp:featuredmedia":[{"embeddable":true,"href":"https:\/\/jjscanada.ca\/fr\/wp-json\/wp\/v2\/media\/10196"}],"wp:attachment":[{"href":"https:\/\/jjscanada.ca\/fr\/wp-json\/wp\/v2\/media?parent=10417"}],"wp:term":[{"taxonomy":"product_brand","embeddable":true,"href":"https:\/\/jjscanada.ca\/fr\/wp-json\/wp\/v2\/product_brand?post=10417"},{"taxonomy":"product_cat","embeddable":true,"href":"https:\/\/jjscanada.ca\/fr\/wp-json\/wp\/v2\/product_cat?post=10417"},{"taxonomy":"product_tag","embeddable":true,"href":"https:\/\/jjscanada.ca\/fr\/wp-json\/wp\/v2\/product_tag?post=10417"}],"curies":[{"name":"wp","href":"https:\/\/api.w.org\/{rel}","templated":true}]}}