{"id":10428,"date":"2024-06-25T13:31:52","date_gmt":"2024-06-25T13:31:52","guid":{"rendered":"https:\/\/jjscanada.ca\/?post_type=product&#038;p=10428"},"modified":"2024-07-18T18:28:44","modified_gmt":"2024-07-18T18:28:44","slug":"lamello-classic-x-cordless","status":"publish","type":"product","link":"https:\/\/jjscanada.ca\/fr\/produit\/lamello-classic-x-cordless\/","title":{"rendered":"Lamello Classic X sans fil"},"content":{"rendered":"<p>La rainureuse originale - pr\u00e9cise et sans fil.<\/p>\n<ul>\n<li>Le syst\u00e8me d'assemblage de panneaux tr\u00e8s efficace, simple et pr\u00e9cis.<\/li>\n<li>Assemblage rapide avec l'outil \u00e9lectrique sans fil pr\u00eat \u00e0 l'emploi, sans avoir \u00e0 le brancher sur une prise de courant.<\/li>\n<li>Equerre de but\u00e9e multifonctionnelle, but\u00e9e avant pivotante avec point d'articulation fixe et surfaces d'application de haute pr\u00e9cision.<\/li>\n<\/ul>\n<div class=\"icons-wrapper\">\n<div class=\"product-icon\"><img decoding=\"async\" title=\"Traitement efficace\" src=\"https:\/\/www.lamello.com\/fileadmin\/_processed_\/0\/6\/csm_Pikto_Effizienter_Bearbeitung_9b0e478ba1.png\" alt=\"\" width=\"50\" height=\"50\" \/>\u00a0 \u00a0<img decoding=\"async\" style=\"font-style: inherit; font-weight: inherit;\" title=\"Arr\u00eat en angle depuis l&#039;ext\u00e9rieur\" src=\"https:\/\/www.lamello.com\/fileadmin\/_processed_\/b\/6\/csm_Pikto_Winkelanschlag_von_aussen_e13dc9d923.png\" alt=\"\" width=\"50\" height=\"50\" \/><\/div>\n<\/div>\n<div><\/div>\n<div><strong>Description :<\/strong><\/div>\n<div><\/div>\n<div>\n<section class=\"left col-xs-12 col-s-12 col-sm-12 col-md-8 col-lg-8\">\n<section id=\"9\" class=\"content-middle\" data-title=\"Description\">\n<div class=\"container row\">\n<div class=\"col-xs-12 col-s-12 col-sm-12 col-md-12 col-lg-12\">\n<p>Classic X est la rainureuse originale de l'inventeur du syst\u00e8me Lamello pour la d\u00e9coupe de la rainure de 4 mm. La Classic X, \u00e9prouv\u00e9e et bien con\u00e7ue, est rapide et polyvalente dans son utilisation et constitue la base d'une large gamme de connecteurs avec des solutions fixes, autoserrantes et amovibles. La pr\u00e9cision de chaque composant permet d'obtenir une pr\u00e9cision parfaite des pi\u00e8ces \u00e0 usiner, et l'entra\u00eenement par batterie permet une utilisation encore plus flexible. L'\u00e9querre de but\u00e9e multifonctionnelle permet de r\u00e9aliser des onglets parfaits en les appliquant sur la surface ext\u00e9rieure et de stabiliser la machine en position verticale.<\/p>\n<\/div>\n<p><strong>Voir en action :<\/strong><\/p>\n<\/div>\n<div class=\"ast-oembed-container\" style=\"height: 100%;\"><iframe title=\"Classic X sans fil : La rainureuse originale - pr\u00e9cise et sans fil\" width=\"500\" height=\"281\" src=\"https:\/\/www.youtube.com\/embed\/xfUdH173t0o?feature=oembed\" frameborder=\"0\" allow=\"accelerometer; autoplay; clipboard-write; encrypted-media; gyroscope; picture-in-picture; web-share\" referrerpolicy=\"strict-origin-when-cross-origin\" allowfullscreen><\/iframe><\/div>\n<div class=\"ast-oembed-container\" style=\"height: 100%;\"><iframe title=\"Classic X Nouvelle version ! | Moteur plus puissant | Ergonomie am\u00e9lior\u00e9e | Poids r\u00e9duit\" width=\"500\" height=\"281\" src=\"https:\/\/www.youtube.com\/embed\/FYf8XzH0bEI?feature=oembed\" frameborder=\"0\" allow=\"accelerometer; autoplay; clipboard-write; encrypted-media; gyroscope; picture-in-picture; web-share\" referrerpolicy=\"strict-origin-when-cross-origin\" allowfullscreen><\/iframe><\/div>\n<p><strong>Informations sur le produit :<\/strong><\/p>\n<p><strong>CAS Batterie :<\/strong><\/p>\n<div class=\"teaser\">\n<p>Puissante batterie 18V LiHD du syst\u00e8me de batterie CAS, en deux tailles avec 4,0 Ah. ou 5,5 Ah.<\/p>\n<p><strong>Carr\u00e9 d'arr\u00eat multifonctionnel :<\/strong><\/p>\n<div class=\"teaser\">\n<p>En plus de la stabilit\u00e9 verticale r\u00e9sultant de la plus grande surface de contact, la quare de but\u00e9e permet un r\u00e9glage variable de la position de la rainure, de 0 \u00e0 50 mm.<\/p>\n<p><strong>But\u00e9e avant pivotante avec point de pivot fixe :<\/strong><\/p>\n<div class=\"teaser\">\n<p>L'assemblage est fiable gr\u00e2ce \u00e0 la fraise qui se trouve exactement au centre entre les deux surfaces d'application.<\/p>\n<p><strong>Polyvalent<\/strong><\/p>\n<div class=\"teaser\">\n<p>Un principe de coupe pour de nombreux \u00e9l\u00e9ments d'assemblage diff\u00e9rents.<\/p>\n<p><strong>Informations techniques :<\/strong><\/p>\n<div class=\"col-xs-12 col-s-6 col-sm-12 col-md-4 col-lg-4\">\n<div class=\"technical-item\">\n<div class=\"row\">\n<div class=\"label col-xs-8 col-s-7 col-sm-7 col-md-7 col-lg-6\"><strong>Tension (V) : <\/strong><span style=\"font-size: 16px;\">18 V.<\/span><\/div>\n<div><\/div>\n<\/div>\n<\/div>\n<div class=\"technical-item\">\n<div class=\"row\">\n<div class=\"label col-xs-8 col-s-7 col-sm-7 col-md-7 col-lg-6\"><strong>Puissance (W) : <\/strong><span style=\"font-size: 16px;\">740 W.<\/span><\/div>\n<\/div>\n<\/div>\n<\/div>\n<p>&nbsp;<\/p>\n<p><strong style=\"font-size: 16px;\">Vitesse (U\/min) : <\/strong><span style=\"font-size: 16px;\">6'040 min\u02c9\u00b9<\/span><\/p>\n<p>&nbsp;<\/p>\n<div class=\"col-xs-12 col-s-6 col-sm-12 col-md-4 col-lg-4\">\n<div class=\"technical-item\">\n<div class=\"row\">\n<div class=\"label col-xs-8 col-s-7 col-sm-7 col-md-7 col-lg-6\"><strong>Dents : <\/strong><span style=\"font-size: 16px;\">Z6 (3+3 dents altern\u00e9es)<\/span><\/div>\n<\/div>\n<\/div>\n<\/div>\n<p>&nbsp;<\/p>\n<div class=\"col-xs-12 col-s-6 col-sm-12 col-md-4 col-lg-4\">\n<div class=\"technical-item\">\n<div class=\"row\">\n<div class=\"label col-xs-8 col-s-7 col-sm-7 col-md-7 col-lg-6\"><strong>Profondeur de coupe Max : <\/strong><span style=\"font-size: 16px;\">20 mm.<\/span><\/div>\n<div><\/div>\n<\/div>\n<\/div>\n<div class=\"technical-item\">\n<div class=\"row\">\n<div class=\"label col-xs-8 col-s-7 col-sm-7 col-md-7 col-lg-6\"><strong>Poids (kg) : <\/strong><\/div>\n<div class=\"label col-xs-8 col-s-7 col-sm-7 col-md-7 col-lg-6\"><span style=\"font-size: 16px;\">3.1 Kg. Batterie incluse 4.0 Ah<\/span><\/div>\n<div class=\"col-xs-4 col-s-5 col-sm-5 col-md-5 col-lg-6\">3,5 Kg, batterie 5,5 Ah incluse<\/div>\n<\/div>\n<\/div>\n<\/div>\n<\/div>\n<\/div>\n<\/div>\n<\/div>\n<\/section>\n<\/section>\n<\/div>","protected":false},"excerpt":{"rendered":"<p>https:\/\/www.youtube.com\/watch?v=FYf8XzH0bEI&amp;pp=ygUZbGFtZWxsbyBjbGFzc2ljIHggY29yZGxzcw%3D%3D<\/p>","protected":false},"featured_media":10197,"template":"","meta":{"site-sidebar-layout":"default","site-content-layout":"","ast-site-content-layout":"normal-width-container","site-content-style":"boxed","site-sidebar-style":"default","ast-global-header-display":"","ast-banner-title-visibility":"","ast-main-header-display":"","ast-hfb-above-header-display":"","ast-hfb-below-header-display":"","ast-hfb-mobile-header-display":"","site-post-title":"","ast-breadcrumbs-content":"","ast-featured-img":"","footer-sml-layout":"","ast-disable-related-posts":"","theme-transparent-header-meta":"default","adv-header-id-meta":"","stick-header-meta":"","header-above-stick-meta":"","header-main-stick-meta":"","header-below-stick-meta":"","astra-migrate-meta-layouts":"set","ast-page-background-enabled":"default","ast-page-background-meta":{"desktop":{"background-color":"","background-image":"","background-repeat":"repeat","background-position":"center center","background-size":"auto","background-attachment":"scroll","background-type":"","background-media":"","overlay-type":"","overlay-color":"","overlay-opacity":"","overlay-gradient":""},"tablet":{"background-color":"","background-image":"","background-repeat":"repeat","background-position":"center center","background-size":"auto","background-attachment":"scroll","background-type":"","background-media":"","overlay-type":"","overlay-color":"","overlay-opacity":"","overlay-gradient":""},"mobile":{"background-color":"","background-image":"","background-repeat":"repeat","background-position":"center center","background-size":"auto","background-attachment":"scroll","background-type":"","background-media":"","overlay-type":"","overlay-color":"","overlay-opacity":"","overlay-gradient":""}},"ast-content-background-meta":{"desktop":{"background-color":"var(--ast-global-color-5)","background-image":"","background-repeat":"repeat","background-position":"center center","background-size":"auto","background-attachment":"scroll","background-type":"","background-media":"","overlay-type":"","overlay-color":"","overlay-opacity":"","overlay-gradient":""},"tablet":{"background-color":"var(--ast-global-color-5)","background-image":"","background-repeat":"repeat","background-position":"center center","background-size":"auto","background-attachment":"scroll","background-type":"","background-media":"","overlay-type":"","overlay-color":"","overlay-opacity":"","overlay-gradient":""},"mobile":{"background-color":"var(--ast-global-color-5)","background-image":"","background-repeat":"repeat","background-position":"center center","background-size":"auto","background-attachment":"scroll","background-type":"","background-media":"","overlay-type":"","overlay-color":"","overlay-opacity":"","overlay-gradient":""}}},"product_brand":[],"product_cat":[55,332,104],"product_tag":[],"class_list":{"0":"post-10428","1":"product","2":"type-product","3":"status-publish","4":"has-post-thumbnail","6":"product_cat-brand-lamello","7":"product_cat-p-system","8":"product_cat-application-wood-joining","9":"desktop-align-center","10":"tablet-align-center","11":"mobile-align-center","13":"first","14":"instock","15":"shipping-taxable","16":"product-type-simple"},"_links":{"self":[{"href":"https:\/\/jjscanada.ca\/fr\/wp-json\/wp\/v2\/product\/10428","targetHints":{"allow":["GET"]}}],"collection":[{"href":"https:\/\/jjscanada.ca\/fr\/wp-json\/wp\/v2\/product"}],"about":[{"href":"https:\/\/jjscanada.ca\/fr\/wp-json\/wp\/v2\/types\/product"}],"wp:featuredmedia":[{"embeddable":true,"href":"https:\/\/jjscanada.ca\/fr\/wp-json\/wp\/v2\/media\/10197"}],"wp:attachment":[{"href":"https:\/\/jjscanada.ca\/fr\/wp-json\/wp\/v2\/media?parent=10428"}],"wp:term":[{"taxonomy":"product_brand","embeddable":true,"href":"https:\/\/jjscanada.ca\/fr\/wp-json\/wp\/v2\/product_brand?post=10428"},{"taxonomy":"product_cat","embeddable":true,"href":"https:\/\/jjscanada.ca\/fr\/wp-json\/wp\/v2\/product_cat?post=10428"},{"taxonomy":"product_tag","embeddable":true,"href":"https:\/\/jjscanada.ca\/fr\/wp-json\/wp\/v2\/product_tag?post=10428"}],"curies":[{"name":"wp","href":"https:\/\/api.w.org\/{rel}","templated":true}]}}