{"id":10480,"date":"2024-07-02T14:16:07","date_gmt":"2024-07-02T14:16:07","guid":{"rendered":"https:\/\/jjscanada.ca\/?post_type=product&#038;p=10480"},"modified":"2024-09-04T19:26:57","modified_gmt":"2024-09-04T19:26:57","slug":"mafell-chain-091614","status":"publish","type":"product","link":"https:\/\/jjscanada.ca\/fr\/produit\/mafell-chain-091614\/","title":{"rendered":"Mafell Chain Bar"},"content":{"rendered":"<p><strong class=\"entry--label\">Num\u00e9ro de commande :<\/strong>\u00a0<span class=\"entry--content\">091614<\/span><\/p>\n<p><strong>Donn\u00e9es techniques :\u00a0<\/strong><\/p>\n<p><strong>Poids :<\/strong> 0,256 Kg.<\/p>\n<p><strong>Cha\u00eene (50 jeux de maillons) pour le mortaisage :<\/strong><\/p>\n<p><strong>Largeur :<\/strong><\/p>\n<table>\n<tbody>\n<tr>\n<td><span style=\"font-weight: 400;\">6 mm<\/span><\/td>\n<td><span style=\"font-weight: 400;\">091614<\/span><\/td>\n<\/tr>\n<tr>\n<td><span style=\"font-weight: 400;\">7 mm<\/span><\/td>\n<td><span style=\"font-weight: 400;\">091616<\/span><\/td>\n<\/tr>\n<tr>\n<td><span style=\"font-weight: 400;\">8 mm<\/span><\/td>\n<td><span style=\"font-weight: 400;\">091617<\/span><\/td>\n<\/tr>\n<tr>\n<td><span style=\"font-weight: 400;\">9 mm<\/span><\/td>\n<td><span style=\"font-weight: 400;\">091619<\/span><\/td>\n<\/tr>\n<tr>\n<td><span style=\"font-weight: 400;\">10 mm<\/span><\/td>\n<td><span style=\"font-weight: 400;\">091621<\/span><\/td>\n<\/tr>\n<tr>\n<td><span style=\"font-weight: 400;\">11 mm<\/span><\/td>\n<td><span style=\"font-weight: 400;\">091623<\/span><\/td>\n<\/tr>\n<tr>\n<td><span style=\"font-weight: 400;\">12 mm<\/span><\/td>\n<td><span style=\"font-weight: 400;\">091624<\/span><\/td>\n<\/tr>\n<tr>\n<td><span style=\"font-weight: 400;\">13 mm<\/span><\/td>\n<td><span style=\"font-weight: 400;\">091626<\/span><\/td>\n<\/tr>\n<tr>\n<td><span style=\"font-weight: 400;\">14 mm<\/span><\/td>\n<td><span style=\"font-weight: 400;\">091627<\/span><\/td>\n<\/tr>\n<tr>\n<td><span style=\"font-weight: 400;\">15 mm<\/span><\/td>\n<td><span style=\"font-weight: 400;\">091628<\/span><\/td>\n<\/tr>\n<tr>\n<td><span style=\"font-weight: 400;\">16 mm<\/span><\/td>\n<td><span style=\"font-weight: 400;\">091629<\/span><\/td>\n<\/tr>\n<tr>\n<td><span style=\"font-weight: 400;\">17 mm<\/span><\/td>\n<td><span style=\"font-weight: 400;\">091631<\/span><\/td>\n<\/tr>\n<\/tbody>\n<\/table>\n<p>&nbsp;<\/p>","protected":false},"excerpt":{"rendered":"<p>Num\u00e9ro de commande : 091614 Donn\u00e9es techniques :  Poids : 0,256 Kg. Cha\u00eene (50 jeux de maillons) pour le mortaisage : Largeur : 6 mm 091614 7 mm 091616 8 mm 091617 9 mm 091619 10 mm 091621 11 mm 091623 12 mm 091624 13 mm 091626 14 mm 091627 15 mm 091628 16 mm 091629 17 mm 091631 &nbsp;<\/p>","protected":false},"featured_media":10783,"template":"","meta":{"site-sidebar-layout":"default","site-content-layout":"","ast-site-content-layout":"normal-width-container","site-content-style":"boxed","site-sidebar-style":"default","ast-global-header-display":"","ast-banner-title-visibility":"","ast-main-header-display":"","ast-hfb-above-header-display":"","ast-hfb-below-header-display":"","ast-hfb-mobile-header-display":"","site-post-title":"","ast-breadcrumbs-content":"","ast-featured-img":"","footer-sml-layout":"","ast-disable-related-posts":"","theme-transparent-header-meta":"default","adv-header-id-meta":"","stick-header-meta":"","header-above-stick-meta":"","header-main-stick-meta":"","header-below-stick-meta":"","astra-migrate-meta-layouts":"set","ast-page-background-enabled":"default","ast-page-background-meta":{"desktop":{"background-color":"","background-image":"","background-repeat":"repeat","background-position":"center center","background-size":"auto","background-attachment":"scroll","background-type":"","background-media":"","overlay-type":"","overlay-color":"","overlay-opacity":"","overlay-gradient":""},"tablet":{"background-color":"","background-image":"","background-repeat":"repeat","background-position":"center center","background-size":"auto","background-attachment":"scroll","background-type":"","background-media":"","overlay-type":"","overlay-color":"","overlay-opacity":"","overlay-gradient":""},"mobile":{"background-color":"","background-image":"","background-repeat":"repeat","background-position":"center center","background-size":"auto","background-attachment":"scroll","background-type":"","background-media":"","overlay-type":"","overlay-color":"","overlay-opacity":"","overlay-gradient":""}},"ast-content-background-meta":{"desktop":{"background-color":"var(--ast-global-color-5)","background-image":"","background-repeat":"repeat","background-position":"center center","background-size":"auto","background-attachment":"scroll","background-type":"","background-media":"","overlay-type":"","overlay-color":"","overlay-opacity":"","overlay-gradient":""},"tablet":{"background-color":"var(--ast-global-color-5)","background-image":"","background-repeat":"repeat","background-position":"center center","background-size":"auto","background-attachment":"scroll","background-type":"","background-media":"","overlay-type":"","overlay-color":"","overlay-opacity":"","overlay-gradient":""},"mobile":{"background-color":"var(--ast-global-color-5)","background-image":"","background-repeat":"repeat","background-position":"center center","background-size":"auto","background-attachment":"scroll","background-type":"","background-media":"","overlay-type":"","overlay-color":"","overlay-opacity":"","overlay-gradient":""}}},"product_brand":[],"product_cat":[331,305,154],"product_tag":[],"class_list":{"0":"post-10480","1":"product","2":"type-product","3":"status-publish","4":"has-post-thumbnail","6":"product_cat-accessories","7":"product_cat-mafell","8":"product_cat-specialities-accessories","9":"desktop-align-center","10":"tablet-align-center","11":"mobile-align-center","13":"first","14":"instock","15":"shipping-taxable","16":"product-type-simple"},"_links":{"self":[{"href":"https:\/\/jjscanada.ca\/fr\/wp-json\/wp\/v2\/product\/10480","targetHints":{"allow":["GET"]}}],"collection":[{"href":"https:\/\/jjscanada.ca\/fr\/wp-json\/wp\/v2\/product"}],"about":[{"href":"https:\/\/jjscanada.ca\/fr\/wp-json\/wp\/v2\/types\/product"}],"wp:featuredmedia":[{"embeddable":true,"href":"https:\/\/jjscanada.ca\/fr\/wp-json\/wp\/v2\/media\/10783"}],"wp:attachment":[{"href":"https:\/\/jjscanada.ca\/fr\/wp-json\/wp\/v2\/media?parent=10480"}],"wp:term":[{"taxonomy":"product_brand","embeddable":true,"href":"https:\/\/jjscanada.ca\/fr\/wp-json\/wp\/v2\/product_brand?post=10480"},{"taxonomy":"product_cat","embeddable":true,"href":"https:\/\/jjscanada.ca\/fr\/wp-json\/wp\/v2\/product_cat?post=10480"},{"taxonomy":"product_tag","embeddable":true,"href":"https:\/\/jjscanada.ca\/fr\/wp-json\/wp\/v2\/product_tag?post=10480"}],"curies":[{"name":"wp","href":"https:\/\/api.w.org\/{rel}","templated":true}]}}