{"id":10610,"date":"2024-07-08T16:32:48","date_gmt":"2024-07-08T16:32:48","guid":{"rendered":"https:\/\/jjscanada.ca\/?post_type=product&#038;p=10610"},"modified":"2024-11-14T18:53:19","modified_gmt":"2024-11-14T18:53:19","slug":"mafell-drilling-station-bst-460","status":"publish","type":"product","link":"https:\/\/jjscanada.ca\/fr\/produit\/mafell-drilling-station-bst-460\/","title":{"rendered":"Station de forage de Mafell BST 460"},"content":{"rendered":"<p><strong class=\"entry--label\">Num\u00e9ro de commande :<\/strong>\u00a0<span class=\"entry--content\">961211<\/span><\/p>\n<p>Avec syst\u00e8me d'arr\u00eat gr\u00e2ce au guide parall\u00e8le (voir accessoires sp\u00e9ciaux).<\/p>\n<p><strong>Donn\u00e9es techniques :<\/strong><\/p>\n<table>\n<tbody>\n<tr>\n<td>Diam\u00e8tre max. Diam\u00e8tre de l'outil \u00e0 0<\/td>\n<td>5-1 \/ 8\u2033 130 mm.<\/td>\n<\/tr>\n<tr>\n<td>Diam\u00e8tre max. Diam\u00e8tre de l'outil \u00e0 45<\/td>\n<td>3 -15 \/ 16\u2033 100 mm.<\/td>\n<\/tr>\n<tr>\n<td>Plage de serrage du guide de per\u00e7age<\/td>\n<td>5 \/ 16\u2033 - 1 - 3 \/ 16\u2033 \/ 8 - 30 mm.<\/td>\n<\/tr>\n<tr>\n<td>R\u00e9glage de l'inclinaison, des deux c\u00f4t\u00e9s<\/td>\n<td>45 \u00b0<\/td>\n<\/tr>\n<tr>\n<td>Diam\u00e8tre du collier<\/td>\n<td>1 - 11 \/ 16\u2033 \/ 43 mm.<\/td>\n<\/tr>\n<tr>\n<td>Longueur max. Longueur du foret<\/td>\n<td>18 - 1 \/ 8\u2033 \/ 460 mm.<\/td>\n<\/tr>\n<tr>\n<td>Profondeur max. Profondeur de per\u00e7age<\/td>\n<td>10 7\/16\u2032 \/ 265 mm<\/td>\n<\/tr>\n<tr>\n<td>Poids<\/td>\n<td>5 Kg.<\/td>\n<\/tr>\n<\/tbody>\n<\/table>\n<p><strong>Applications :<\/strong><\/p>\n<ul>\n<li>Per\u00e7age de pr\u00e9cision et en s\u00e9rie ;<\/li>\n<li>Per\u00e7age en angle ;<\/li>\n<li>Les mat\u00e9riaux compatibles sont le bois massif et les poutres stratifi\u00e9es.<\/li>\n<\/ul>\n<p><strong>Avantages :<\/strong><\/p>\n<ul>\n<li>Le guide-m\u00e8che, d'une hauteur de 80 mm, est compos\u00e9 de six galets situ\u00e9s verticalement et dot\u00e9s d'un m\u00e9canisme de r\u00e9glage en forme d'iris. Ils enserrent le tr\u00e9pan sans aucun jeu et assurent ainsi un guidage parfait. Cette disposition emp\u00eache le tr\u00e9pan de d\u00e9river.<\/li>\n<li>La force de traction exerc\u00e9e par le c\u00e2ble en poly\u00e9thyl\u00e8ne peut \u00eatre r\u00e9gl\u00e9e individuellement, par exemple pour r\u00e9duire la pression d'alimentation lors d'un travail horizontal. Une fois le trou perc\u00e9, la machine revient automatiquement \u00e0 la position de d\u00e9part.<\/li>\n<li>Les mod\u00e8les S peuvent \u00eatre r\u00e9gl\u00e9s avec pr\u00e9cision \u00e0 +\/- 45\u00b0 dans les deux sens \u00e0 l'aide d'une \u00e9chelle et bloqu\u00e9s \u00e0 0\u00b0. La pointe du foret - \u00e0 hauteur de la plaque de base - sert toujours d'axe de pivotement.<\/li>\n<\/ul>","protected":false},"excerpt":{"rendered":"<ul>\n<li>La station de per\u00e7age de Mafell offre non seulement une pr\u00e9cision supr\u00eame par rapport aux gabarits de per\u00e7age conventionnels, mais elle r\u00e9volutionne \u00e9galement en profondeur les op\u00e9rations de per\u00e7age dans le bois massif. Sa conception intelligente, bas\u00e9e sur une colonne en aluminium robuste et l\u00e9g\u00e8re, ne peut manquer d'impressionner.<\/li>\n<li>La colonne unique offre des avantages significatifs : une meilleure vue de la marque et de la pointe du foret, plus d'espace pour le changement de foret, et le blocage qui peut se produire pendant le forage appartient au pass\u00e9.<\/li>\n<li>Mafell d\u00e9montre une fois de plus sa capacit\u00e9 \u00e0 concevoir des solutions professionnelles, jusque dans les moindres d\u00e9tails, et sa compr\u00e9hension des besoins pratiques. Le guide de per\u00e7age r\u00e9glable en continu, avec six \u00e9l\u00e9ments de positionnement, permet \u00e0 la station de per\u00e7age d'atteindre une pr\u00e9cision sans pr\u00e9c\u00e9dent. Comme on peut s'y attendre de la part de Mafell, la nouvelle station de forage est fabriqu\u00e9e exclusivement \u00e0 partir de mat\u00e9riaux de tr\u00e8s haute qualit\u00e9, ce qui lui assure une longue dur\u00e9e de vie.<\/li>\n<\/ul>","protected":false},"featured_media":9730,"template":"","meta":{"site-sidebar-layout":"default","site-content-layout":"","ast-site-content-layout":"normal-width-container","site-content-style":"boxed","site-sidebar-style":"default","ast-global-header-display":"","ast-banner-title-visibility":"","ast-main-header-display":"","ast-hfb-above-header-display":"","ast-hfb-below-header-display":"","ast-hfb-mobile-header-display":"","site-post-title":"","ast-breadcrumbs-content":"","ast-featured-img":"","footer-sml-layout":"","ast-disable-related-posts":"","theme-transparent-header-meta":"default","adv-header-id-meta":"","stick-header-meta":"","header-above-stick-meta":"","header-main-stick-meta":"","header-below-stick-meta":"","astra-migrate-meta-layouts":"set","ast-page-background-enabled":"default","ast-page-background-meta":{"desktop":{"background-color":"","background-image":"","background-repeat":"repeat","background-position":"center center","background-size":"auto","background-attachment":"scroll","background-type":"","background-media":"","overlay-type":"","overlay-color":"","overlay-opacity":"","overlay-gradient":""},"tablet":{"background-color":"","background-image":"","background-repeat":"repeat","background-position":"center center","background-size":"auto","background-attachment":"scroll","background-type":"","background-media":"","overlay-type":"","overlay-color":"","overlay-opacity":"","overlay-gradient":""},"mobile":{"background-color":"","background-image":"","background-repeat":"repeat","background-position":"center center","background-size":"auto","background-attachment":"scroll","background-type":"","background-media":"","overlay-type":"","overlay-color":"","overlay-opacity":"","overlay-gradient":""}},"ast-content-background-meta":{"desktop":{"background-color":"var(--ast-global-color-5)","background-image":"","background-repeat":"repeat","background-position":"center center","background-size":"auto","background-attachment":"scroll","background-type":"","background-media":"","overlay-type":"","overlay-color":"","overlay-opacity":"","overlay-gradient":""},"tablet":{"background-color":"var(--ast-global-color-5)","background-image":"","background-repeat":"repeat","background-position":"center center","background-size":"auto","background-attachment":"scroll","background-type":"","background-media":"","overlay-type":"","overlay-color":"","overlay-opacity":"","overlay-gradient":""},"mobile":{"background-color":"var(--ast-global-color-5)","background-image":"","background-repeat":"repeat","background-position":"center center","background-size":"auto","background-attachment":"scroll","background-type":"","background-media":"","overlay-type":"","overlay-color":"","overlay-opacity":"","overlay-gradient":""}}},"product_brand":[],"product_cat":[329,305],"product_tag":[],"class_list":{"0":"post-10610","1":"product","2":"type-product","3":"status-publish","4":"has-post-thumbnail","6":"product_cat-drilling","7":"product_cat-mafell","8":"desktop-align-center","9":"tablet-align-center","10":"mobile-align-center","12":"first","13":"instock","14":"shipping-taxable","15":"product-type-simple"},"_links":{"self":[{"href":"https:\/\/jjscanada.ca\/fr\/wp-json\/wp\/v2\/product\/10610","targetHints":{"allow":["GET"]}}],"collection":[{"href":"https:\/\/jjscanada.ca\/fr\/wp-json\/wp\/v2\/product"}],"about":[{"href":"https:\/\/jjscanada.ca\/fr\/wp-json\/wp\/v2\/types\/product"}],"wp:featuredmedia":[{"embeddable":true,"href":"https:\/\/jjscanada.ca\/fr\/wp-json\/wp\/v2\/media\/9730"}],"wp:attachment":[{"href":"https:\/\/jjscanada.ca\/fr\/wp-json\/wp\/v2\/media?parent=10610"}],"wp:term":[{"taxonomy":"product_brand","embeddable":true,"href":"https:\/\/jjscanada.ca\/fr\/wp-json\/wp\/v2\/product_brand?post=10610"},{"taxonomy":"product_cat","embeddable":true,"href":"https:\/\/jjscanada.ca\/fr\/wp-json\/wp\/v2\/product_cat?post=10610"},{"taxonomy":"product_tag","embeddable":true,"href":"https:\/\/jjscanada.ca\/fr\/wp-json\/wp\/v2\/product_tag?post=10610"}],"curies":[{"name":"wp","href":"https:\/\/api.w.org\/{rel}","templated":true}]}}