{"id":10639,"date":"2024-07-12T19:57:05","date_gmt":"2024-07-12T19:57:05","guid":{"rendered":"https:\/\/jjscanada.ca\/?post_type=product&#038;p=10639"},"modified":"2024-07-16T15:28:34","modified_gmt":"2024-07-16T15:28:34","slug":"mafell-drilling-station-bst-320","status":"publish","type":"product","link":"https:\/\/jjscanada.ca\/fr\/produit\/mafell-drilling-station-bst-320\/","title":{"rendered":"Station de forage Mafell BST 320"},"content":{"rendered":"<p><strong>Num\u00e9ro de commande :<\/strong> 961210<\/p>\n<p><strong>Caract\u00e9ristiques du produit : <\/strong><\/p>\n<ul>\n<li>Guide de per\u00e7age intelligent ;<\/li>\n<li>Pour le per\u00e7age en s\u00e9rie avec des gabarits de per\u00e7age ;<\/li>\n<li>Colonne unique ;<\/li>\n<li>Avec syst\u00e8me d'arr\u00eat gr\u00e2ce au guide parall\u00e8le (voir accessoires sp\u00e9ciaux).<\/li>\n<\/ul>\n<p><strong>Donn\u00e9es techniques :<\/strong><\/p>\n<table>\n<tbody>\n<tr>\n<td><span style=\"font-weight: 400;\">Diam\u00e8tre max. Diam\u00e8tre de l'outil \u00e0 0\u00a0<\/span><\/td>\n<td><span style=\"font-weight: 400;\"> 5-1\/8\u2033 \/ 130 mm\u00a0<\/span><\/td>\n<\/tr>\n<tr>\n<td><span style=\"font-weight: 400;\">Longueur max. Longueur du foret<\/span><\/td>\n<td><span style=\"font-weight: 400;\">12-\u215d\" \/ 320 mm<\/span><\/td>\n<\/tr>\n<tr>\n<td><span style=\"font-weight: 400;\">Profondeur max. Profondeur de forage<\/span><\/td>\n<td><span style=\"font-weight: 400;\">6-\u215c\" \/ 160 mm<\/span><\/td>\n<\/tr>\n<tr>\n<td><span style=\"font-weight: 400;\">Plage de serrage du guide de per\u00e7age<\/span><\/td>\n<td><span style=\"font-weight: 400;\">5\/16\" - 1 - 3 \/ 16\" 8 - 30<\/span><\/td>\n<\/tr>\n<tr>\n<td><span style=\"font-weight: 400;\">Diam\u00e8tre du collier<\/span><\/td>\n<td><span style=\"font-weight: 400;\">1 - 11 \/ 16\" \/ 43 mm<\/span><\/td>\n<\/tr>\n<tr>\n<td><span style=\"font-weight: 400;\">Poids<\/span><\/td>\n<td><span style=\"font-weight: 400;\">4,5 Kg.<\/span><\/td>\n<\/tr>\n<\/tbody>\n<\/table>\n<p><strong>Application :<\/strong><\/p>\n<ul>\n<li>Per\u00e7age de pr\u00e9cision et en s\u00e9rie ;<\/li>\n<li>Les mat\u00e9riaux compatibles sont le bois massif et les poutres stratifi\u00e9es.<\/li>\n<\/ul>","protected":false},"excerpt":{"rendered":"<p><strong>Description :<\/strong><\/p>\n<p>La station de per\u00e7age de Mafell offre non seulement une pr\u00e9cision supr\u00eame par rapport aux gabarits de per\u00e7age conventionnels, mais elle r\u00e9volutionne \u00e9galement en profondeur les op\u00e9rations de per\u00e7age dans le bois massif. Sa conception intelligente, bas\u00e9e sur une colonne en aluminium robuste et l\u00e9g\u00e8re, ne peut manquer d'impressionner. La colonne unique offre des avantages significatifs : meilleure vision de la marque et de la pointe du foret, plus d'espace pour le changement de foret, et les blocages qui peuvent se produire pendant le per\u00e7age font partie du pass\u00e9. Malis d\u00e9montre une fois de plus sa capacit\u00e9 \u00e0 concevoir des solutions professionnelles, jusque dans les moindres d\u00e9tails, et sa compr\u00e9hension des besoins pratiques. Le guide de per\u00e7age r\u00e9glable en continu, avec six \u00e9l\u00e9ments de positionnement, permet \u00e0 la station de per\u00e7age d'atteindre une pr\u00e9cision sans pr\u00e9c\u00e9dent. Comme on peut s'y attendre de la part de Mafell, la nouvelle station de forage est construite exclusivement \u00e0 partir de mat\u00e9riaux de tr\u00e8s haute qualit\u00e9, ce qui lui assure une longue dur\u00e9e de vie.<\/p>","protected":false},"featured_media":9730,"template":"","meta":{"site-sidebar-layout":"default","site-content-layout":"","ast-site-content-layout":"default","site-content-style":"default","site-sidebar-style":"default","ast-global-header-display":"","ast-banner-title-visibility":"","ast-main-header-display":"","ast-hfb-above-header-display":"","ast-hfb-below-header-display":"","ast-hfb-mobile-header-display":"","site-post-title":"","ast-breadcrumbs-content":"","ast-featured-img":"","footer-sml-layout":"","ast-disable-related-posts":"","theme-transparent-header-meta":"default","adv-header-id-meta":"","stick-header-meta":"","header-above-stick-meta":"","header-main-stick-meta":"","header-below-stick-meta":"","astra-migrate-meta-layouts":"set","ast-page-background-enabled":"default","ast-page-background-meta":{"desktop":{"background-color":"","background-image":"","background-repeat":"repeat","background-position":"center center","background-size":"auto","background-attachment":"scroll","background-type":"","background-media":"","overlay-type":"","overlay-color":"","overlay-opacity":"","overlay-gradient":""},"tablet":{"background-color":"","background-image":"","background-repeat":"repeat","background-position":"center center","background-size":"auto","background-attachment":"scroll","background-type":"","background-media":"","overlay-type":"","overlay-color":"","overlay-opacity":"","overlay-gradient":""},"mobile":{"background-color":"","background-image":"","background-repeat":"repeat","background-position":"center center","background-size":"auto","background-attachment":"scroll","background-type":"","background-media":"","overlay-type":"","overlay-color":"","overlay-opacity":"","overlay-gradient":""}},"ast-content-background-meta":{"desktop":{"background-color":"var(--ast-global-color-5)","background-image":"","background-repeat":"repeat","background-position":"center center","background-size":"auto","background-attachment":"scroll","background-type":"","background-media":"","overlay-type":"","overlay-color":"","overlay-opacity":"","overlay-gradient":""},"tablet":{"background-color":"var(--ast-global-color-5)","background-image":"","background-repeat":"repeat","background-position":"center center","background-size":"auto","background-attachment":"scroll","background-type":"","background-media":"","overlay-type":"","overlay-color":"","overlay-opacity":"","overlay-gradient":""},"mobile":{"background-color":"var(--ast-global-color-5)","background-image":"","background-repeat":"repeat","background-position":"center center","background-size":"auto","background-attachment":"scroll","background-type":"","background-media":"","overlay-type":"","overlay-color":"","overlay-opacity":"","overlay-gradient":""}}},"product_brand":[],"product_cat":[329,305],"product_tag":[],"class_list":{"0":"post-10639","1":"product","2":"type-product","3":"status-publish","4":"has-post-thumbnail","6":"product_cat-drilling","7":"product_cat-mafell","8":"desktop-align-center","9":"tablet-align-center","10":"mobile-align-center","12":"first","13":"instock","14":"shipping-taxable","15":"product-type-simple"},"_links":{"self":[{"href":"https:\/\/jjscanada.ca\/fr\/wp-json\/wp\/v2\/product\/10639","targetHints":{"allow":["GET"]}}],"collection":[{"href":"https:\/\/jjscanada.ca\/fr\/wp-json\/wp\/v2\/product"}],"about":[{"href":"https:\/\/jjscanada.ca\/fr\/wp-json\/wp\/v2\/types\/product"}],"wp:featuredmedia":[{"embeddable":true,"href":"https:\/\/jjscanada.ca\/fr\/wp-json\/wp\/v2\/media\/9730"}],"wp:attachment":[{"href":"https:\/\/jjscanada.ca\/fr\/wp-json\/wp\/v2\/media?parent=10639"}],"wp:term":[{"taxonomy":"product_brand","embeddable":true,"href":"https:\/\/jjscanada.ca\/fr\/wp-json\/wp\/v2\/product_brand?post=10639"},{"taxonomy":"product_cat","embeddable":true,"href":"https:\/\/jjscanada.ca\/fr\/wp-json\/wp\/v2\/product_cat?post=10639"},{"taxonomy":"product_tag","embeddable":true,"href":"https:\/\/jjscanada.ca\/fr\/wp-json\/wp\/v2\/product_tag?post=10639"}],"curies":[{"name":"wp","href":"https:\/\/api.w.org\/{rel}","templated":true}]}}