{"id":11024,"date":"2024-08-02T18:29:31","date_gmt":"2024-08-02T18:29:31","guid":{"rendered":"https:\/\/jjscanada.ca\/?post_type=product&#038;p=11024"},"modified":"2025-01-16T14:36:57","modified_gmt":"2025-01-16T14:36:57","slug":"mafell-zk-115-ec","status":"publish","type":"product","link":"https:\/\/jjscanada.ca\/fr\/produit\/mafell-zk-115-ec\/","title":{"rendered":"Mafell ZK 115 EC"},"content":{"rendered":"<p><strong>Num\u00e9ro de commande :<\/strong> 925024<\/p>\n<p><strong>Caract\u00e9ristiques du produit :<\/strong><\/p>\n<p>- Avec CUprex, le moteur haute performance ;<br \/>\n- Poids r\u00e9duit de 21,1 kg (46,1 lbs) ;<br \/>\n- R\u00e9glage stable de la hauteur.<\/p>\n<p><strong>Domaine d'application :<\/strong><\/p>\n<p>- Coupes en bec d'oiseau et joints \u00e0 recouvrement ;<br \/>\n- Les mat\u00e9riaux compatibles sont le bois massif et le bois lamell\u00e9-coll\u00e9 ;<\/p>\n<p><strong>Description du produit :<\/strong><\/p>\n<p>Le ZK 115 Ec - un outil convaincant et puissant offrant une facilit\u00e9 d'utilisation, un frein d'outil et une \u00e9lectronique avec :<br \/>\n- D\u00e9marrage en douceur ;<br \/>\n- Vitesse constante sous charge ;<br \/>\n- Protection contre les surcharges ;<br \/>\n- R\u00e9duction de la vitesse \u00e0 vide pour prot\u00e9ger la machine ;<br \/>\n- R\u00e9duction des \u00e9missions sonores.<\/p>\n<p>Le porte-outil 150 x 115 mm (5 7\/8 x 4 1\/2 in.) enti\u00e8rement nouveau de la ZK 115 Ec, avec 13 pointes carbure r\u00e9versibles (9 pour la coupe finale, 4 pour la coupe grossi\u00e8re), permet des taux de coupe tr\u00e8s \u00e9lev\u00e9s, un enl\u00e8vement optimal des copeaux et une dur\u00e9e de vie prolong\u00e9e. Il suffit de marquer l'entaille et la coupe verticale, de r\u00e9gler l'indicateur de coupe, la profondeur et l'angle de l'entaille - et le mortaisage peut commencer. Rien de plus rapide et de plus simple ! Les rails de guidage disponibles en tant qu'accessoires optionnels peuvent \u00eatre utilis\u00e9s avec toutes les autres machines de menuiserie MAFELL.<\/p>\n<p><strong>Donn\u00e9es techniques :<\/strong><\/p>\n<table>\n<tbody>\n<tr>\n<td>Profondeur de coupe \u00e0 0<\/td>\n<td>0 - 2-3\/4\u2033 \/ 0 - 70 mm<\/td>\n<\/tr>\n<tr>\n<td>Plage d'inclinaison<\/td>\n<td>0 - 60 \u00b0<\/td>\n<\/tr>\n<tr>\n<td>Nombre nominal de courses - \u00e0 vide<\/td>\n<td>4050 1\/Min<\/td>\n<\/tr>\n<tr>\n<td>Puissance nominale absorb\u00e9e<\/td>\n<td>3000 W.<\/td>\n<\/tr>\n<tr>\n<td>Poids (avec t\u00eate de coupe standard)<\/td>\n<td>21,1 Kg.<\/td>\n<\/tr>\n<tr>\n<td>Moteur universel<\/td>\n<td>240 V. \/ 60 Hz.<\/td>\n<\/tr>\n<\/tbody>\n<\/table>\n<p><strong>L'\u00e9tendue de la livraison comprend :<\/strong><br \/>\n<strong>- 1 Guide de guidage parall\u00e8le :<\/strong> 203683 ;<br \/>\n<strong>- 1 Allen Ke :<\/strong>\u00a0093164 ;<br \/>\n<strong>- 1 tournevis :<\/strong> 093274 ; Torx T 15 ;<br \/>\n<strong>- 1 C\u00e2ble secteur 10 m :<\/strong> 087896.<\/p>","protected":false},"excerpt":{"rendered":"<p>Order Number: 925024 Product Features: \u2022 With CUprex, the high-performance motor; \u2022 Low weight of 21.1 kg (46.1 lbs); \u2022 Stable height adjustment. Application Area: \u2022 Birdsmouth cuts and lap joints; \u2022 Compatible materials include solid wood and glue-laminated timber; Product Description: The ZK 115 Ec \u2013 a persuasive and powerful tool offering ease of [&hellip;]<\/p>\n","protected":false},"featured_media":11032,"template":"","meta":{"site-sidebar-layout":"default","site-content-layout":"","ast-site-content-layout":"normal-width-container","site-content-style":"boxed","site-sidebar-style":"default","ast-global-header-display":"","ast-banner-title-visibility":"","ast-main-header-display":"","ast-hfb-above-header-display":"","ast-hfb-below-header-display":"","ast-hfb-mobile-header-display":"","site-post-title":"","ast-breadcrumbs-content":"","ast-featured-img":"","footer-sml-layout":"","ast-disable-related-posts":"","theme-transparent-header-meta":"default","adv-header-id-meta":"","stick-header-meta":"","header-above-stick-meta":"","header-main-stick-meta":"","header-below-stick-meta":"","astra-migrate-meta-layouts":"set","ast-page-background-enabled":"default","ast-page-background-meta":{"desktop":{"background-color":"","background-image":"","background-repeat":"repeat","background-position":"center center","background-size":"auto","background-attachment":"scroll","background-type":"","background-media":"","overlay-type":"","overlay-color":"","overlay-opacity":"","overlay-gradient":""},"tablet":{"background-color":"","background-image":"","background-repeat":"repeat","background-position":"center center","background-size":"auto","background-attachment":"scroll","background-type":"","background-media":"","overlay-type":"","overlay-color":"","overlay-opacity":"","overlay-gradient":""},"mobile":{"background-color":"","background-image":"","background-repeat":"repeat","background-position":"center center","background-size":"auto","background-attachment":"scroll","background-type":"","background-media":"","overlay-type":"","overlay-color":"","overlay-opacity":"","overlay-gradient":""}},"ast-content-background-meta":{"desktop":{"background-color":"var(--ast-global-color-5)","background-image":"","background-repeat":"repeat","background-position":"center center","background-size":"auto","background-attachment":"scroll","background-type":"","background-media":"","overlay-type":"","overlay-color":"","overlay-opacity":"","overlay-gradient":""},"tablet":{"background-color":"var(--ast-global-color-5)","background-image":"","background-repeat":"repeat","background-position":"center center","background-size":"auto","background-attachment":"scroll","background-type":"","background-media":"","overlay-type":"","overlay-color":"","overlay-opacity":"","overlay-gradient":""},"mobile":{"background-color":"var(--ast-global-color-5)","background-image":"","background-repeat":"repeat","background-position":"center center","background-size":"auto","background-attachment":"scroll","background-type":"","background-media":"","overlay-type":"","overlay-color":"","overlay-opacity":"","overlay-gradient":""}}},"product_brand":[],"product_cat":[305,327,105,16],"product_tag":[],"class_list":{"0":"post-11024","1":"product","2":"type-product","3":"status-publish","4":"has-post-thumbnail","6":"product_cat-mafell","7":"product_cat-mortising","8":"product_cat-application-tools","9":"product_cat-uncategorized","10":"desktop-align-center","11":"tablet-align-center","12":"mobile-align-center","14":"first","15":"instock","16":"shipping-taxable","17":"product-type-simple"},"_links":{"self":[{"href":"https:\/\/jjscanada.ca\/fr\/wp-json\/wp\/v2\/product\/11024","targetHints":{"allow":["GET"]}}],"collection":[{"href":"https:\/\/jjscanada.ca\/fr\/wp-json\/wp\/v2\/product"}],"about":[{"href":"https:\/\/jjscanada.ca\/fr\/wp-json\/wp\/v2\/types\/product"}],"wp:featuredmedia":[{"embeddable":true,"href":"https:\/\/jjscanada.ca\/fr\/wp-json\/wp\/v2\/media\/11032"}],"wp:attachment":[{"href":"https:\/\/jjscanada.ca\/fr\/wp-json\/wp\/v2\/media?parent=11024"}],"wp:term":[{"taxonomy":"product_brand","embeddable":true,"href":"https:\/\/jjscanada.ca\/fr\/wp-json\/wp\/v2\/product_brand?post=11024"},{"taxonomy":"product_cat","embeddable":true,"href":"https:\/\/jjscanada.ca\/fr\/wp-json\/wp\/v2\/product_cat?post=11024"},{"taxonomy":"product_tag","embeddable":true,"href":"https:\/\/jjscanada.ca\/fr\/wp-json\/wp\/v2\/product_tag?post=11024"}],"curies":[{"name":"wp","href":"https:\/\/api.w.org\/{rel}","templated":true}]}}