{"id":12773,"date":"2024-11-14T18:45:59","date_gmt":"2024-11-14T18:45:59","guid":{"rendered":"https:\/\/jjscanada.ca\/?post_type=product&#038;p=12773"},"modified":"2024-11-14T18:45:59","modified_gmt":"2024-11-14T18:45:59","slug":"mafell-carpentry-planing-machine-zh-320-ec","status":"publish","type":"product","link":"https:\/\/jjscanada.ca\/fr\/produit\/mafell-carpentry-planing-machine-zh-320-ec\/","title":{"rendered":"Raboteuse de menuiserie Mafell ZH 320 EC"},"content":{"rendered":"<p><strong>Raboteuse \u00e0 poutre de charpentier Mafell ZH 320 EC :<\/strong> 924422<\/p>\n<p><strong>Caract\u00e9ristiques du produit :<\/strong><\/p>\n<p>- Avec CUprex, le moteur haute performance ;<\/p>\n<p>- Excellente \u00e9jection des copeaux ;<\/p>\n<p>- Disposition pratique des poign\u00e9es.<\/p>\n<p><strong>Avantages :<\/strong><\/p>\n<p>- Une norme de qualit\u00e9 \u00e9lev\u00e9e permet de r\u00e9duire les co\u00fbts des machines et de prolonger leur dur\u00e9e de vie.<\/p>\n<p>- La poign\u00e9e pratique, l\u00e9g\u00e8re et ergonomique assure une prise en main exemplaire.<\/p>\n<p>- Avec rouleaux de guidage - Pour une utilisation maximale de la largeur de rabotage.<\/p>\n<p>- Le syst\u00e8me de couteau r\u00e9versible jetable permet de ne plus perdre de temps \u00e0 r\u00e9gler le couteau de rabotage.<\/p>\n<p><strong>Domaine d'application :<\/strong><\/p>\n<p>- Largeur de coupe jusqu'\u00e0 320 mm (12.5 \/ 8 In.)<\/p>\n<p>- Les mat\u00e9riaux compatibles comprennent le bois massif.<\/p>\n<p><strong>Donn\u00e9es techniques :<\/strong><\/p>\n<table>\n<tbody>\n<tr>\n<td>Largeur de rabotage<\/td>\n<td>12-1\/2 - 320 mm<\/td>\n<\/tr>\n<tr>\n<td>Profondeur de rabotage<\/td>\n<td>0 - 1\/8 - 0 - 3 mm<\/td>\n<\/tr>\n<tr>\n<td>Diam\u00e8tre de la t\u00eate de coupe<\/td>\n<td>2-7\/8 - 74 mm<\/td>\n<\/tr>\n<tr>\n<td>Vitesse nominale \u00e0 vide<\/td>\n<td>8500 1\/Min<\/td>\n<\/tr>\n<tr>\n<td>Entr\u00e9e nominale<\/td>\n<td>2700 W.<\/td>\n<\/tr>\n<tr>\n<td>Poids<\/td>\n<td>14 Kg.<\/td>\n<\/tr>\n<tr>\n<td>Moteur universel<\/td>\n<td>120 V. \/ 60 Hz.<\/td>\n<\/tr>\n<\/tbody>\n<\/table>\n<p><strong>Sp\u00e9cifications de livraison :<\/strong><\/p>\n<p>- 1 Couteaux r\u00e9versibles, 1 paire, HL ; 091791<\/p>\n<p>- 1 Cl\u00e9 \u00e0 molette 8 mm ; 093258<\/p>\n<p>- 1 C\u00e2ble d'alimentation 10 m (32.8 Ft.) ;<span style=\"font-size: 16px;\"> 087805<\/span><\/p>","protected":false},"excerpt":{"rendered":"<p>- Le nouvel \u00e9jecteur de copeaux, qui assure une excellente \u00e9vacuation des copeaux gr\u00e2ce \u00e0 un d\u00e9bit d'air accru et \u00e0 un nouveau conduit d'air, fait des blocages dus aux copeaux humides une chose du pass\u00e9 !<\/p>\n<p>- Gr\u00e2ce au d\u00e9veloppement du moteur de 2700 Watt (3.6 Hp), il est maintenant possible d'obtenir une largeur de rabotage de 320 mm avec un moteur \u00e0 courant faible.<\/p>\n<p>- Gr\u00e2ce \u00e0 sa conception l\u00e9g\u00e8re, la construction en fonte solide ne p\u00e8se que 14 kg.<\/p>\n<p>- Comme pour la plupart des machines Mafell, l'\u00e9lectronique de commande intelligente veille en arri\u00e8re-plan. Pour un d\u00e9marrage en douceur et une vitesse constante sous charge, une r\u00e9duction de la vitesse pour prot\u00e9ger la machine \u00e0 vide et une protection contre les surcharges.<\/p>\n<ul>\n<li>Apr\u00e8s la mise hors tension, le frein d'outil tr\u00e8s efficace arr\u00eate le porte-outil en quelques secondes. Ce n'est qu'un d\u00e9tail, mais il est important pour votre s\u00e9curit\u00e9 apr\u00e8s le rabotage.<\/li>\n<\/ul>","protected":false},"featured_media":8208,"template":"","meta":{"site-sidebar-layout":"default","site-content-layout":"","ast-site-content-layout":"default","site-content-style":"default","site-sidebar-style":"default","ast-global-header-display":"","ast-banner-title-visibility":"","ast-main-header-display":"","ast-hfb-above-header-display":"","ast-hfb-below-header-display":"","ast-hfb-mobile-header-display":"","site-post-title":"","ast-breadcrumbs-content":"","ast-featured-img":"","footer-sml-layout":"","ast-disable-related-posts":"","theme-transparent-header-meta":"default","adv-header-id-meta":"","stick-header-meta":"","header-above-stick-meta":"","header-main-stick-meta":"","header-below-stick-meta":"","astra-migrate-meta-layouts":"set","ast-page-background-enabled":"default","ast-page-background-meta":{"desktop":{"background-color":"","background-image":"","background-repeat":"repeat","background-position":"center center","background-size":"auto","background-attachment":"scroll","background-type":"","background-media":"","overlay-type":"","overlay-color":"","overlay-opacity":"","overlay-gradient":""},"tablet":{"background-color":"","background-image":"","background-repeat":"repeat","background-position":"center center","background-size":"auto","background-attachment":"scroll","background-type":"","background-media":"","overlay-type":"","overlay-color":"","overlay-opacity":"","overlay-gradient":""},"mobile":{"background-color":"","background-image":"","background-repeat":"repeat","background-position":"center center","background-size":"auto","background-attachment":"scroll","background-type":"","background-media":"","overlay-type":"","overlay-color":"","overlay-opacity":"","overlay-gradient":""}},"ast-content-background-meta":{"desktop":{"background-color":"var(--ast-global-color-5)","background-image":"","background-repeat":"repeat","background-position":"center center","background-size":"auto","background-attachment":"scroll","background-type":"","background-media":"","overlay-type":"","overlay-color":"","overlay-opacity":"","overlay-gradient":""},"tablet":{"background-color":"var(--ast-global-color-5)","background-image":"","background-repeat":"repeat","background-position":"center center","background-size":"auto","background-attachment":"scroll","background-type":"","background-media":"","overlay-type":"","overlay-color":"","overlay-opacity":"","overlay-gradient":""},"mobile":{"background-color":"var(--ast-global-color-5)","background-image":"","background-repeat":"repeat","background-position":"center center","background-size":"auto","background-attachment":"scroll","background-type":"","background-media":"","overlay-type":"","overlay-color":"","overlay-opacity":"","overlay-gradient":""}}},"product_brand":[],"product_cat":[305,330,105],"product_tag":[],"class_list":{"0":"post-12773","1":"product","2":"type-product","3":"status-publish","4":"has-post-thumbnail","6":"product_cat-mafell","7":"product_cat-planning","8":"product_cat-application-tools","9":"desktop-align-center","10":"tablet-align-center","11":"mobile-align-center","13":"first","14":"instock","15":"shipping-taxable","16":"product-type-simple"},"_links":{"self":[{"href":"https:\/\/jjscanada.ca\/fr\/wp-json\/wp\/v2\/product\/12773","targetHints":{"allow":["GET"]}}],"collection":[{"href":"https:\/\/jjscanada.ca\/fr\/wp-json\/wp\/v2\/product"}],"about":[{"href":"https:\/\/jjscanada.ca\/fr\/wp-json\/wp\/v2\/types\/product"}],"wp:featuredmedia":[{"embeddable":true,"href":"https:\/\/jjscanada.ca\/fr\/wp-json\/wp\/v2\/media\/8208"}],"wp:attachment":[{"href":"https:\/\/jjscanada.ca\/fr\/wp-json\/wp\/v2\/media?parent=12773"}],"wp:term":[{"taxonomy":"product_brand","embeddable":true,"href":"https:\/\/jjscanada.ca\/fr\/wp-json\/wp\/v2\/product_brand?post=12773"},{"taxonomy":"product_cat","embeddable":true,"href":"https:\/\/jjscanada.ca\/fr\/wp-json\/wp\/v2\/product_cat?post=12773"},{"taxonomy":"product_tag","embeddable":true,"href":"https:\/\/jjscanada.ca\/fr\/wp-json\/wp\/v2\/product_tag?post=12773"}],"curies":[{"name":"wp","href":"https:\/\/api.w.org\/{rel}","templated":true}]}}