{"id":13403,"date":"2025-01-06T17:20:27","date_gmt":"2025-01-06T17:20:27","guid":{"rendered":"https:\/\/jjscanada.ca\/?post_type=product&#038;p=13403"},"modified":"2025-02-12T19:42:31","modified_gmt":"2025-02-12T19:42:31","slug":"siapower-discs-series-1550","status":"publish","type":"product","link":"https:\/\/jjscanada.ca\/fr\/produit\/siapower-discs-series-1550\/","title":{"rendered":"Disques Siapower S\u00e9rie 1550"},"content":{"rendered":"<p><strong>Augmentez votre efficacit\u00e9 : <\/strong>Enl\u00e8vement efficace de la mati\u00e8re et tr\u00e8s longue dur\u00e9e de vie dans les applications de pon\u00e7age \u00e0 sec. L'\u00e9paisseur du papier, adapt\u00e9e au grain et \u00e0 l'application, est impressionnante sur les mastics de carrosserie, les mastics d'appr\u00eat et les vernis. 1550 siapower utilise du papier FSC durable pour le support abrasif.<\/p>\n<p><strong>Technologie :<\/strong><br \/>\nS Performance<\/p>\n<div class=\"col-md-6\">\n<div class=\"toggle h-100\">\n<div class=\"toggle-title\">\n<p><strong>Avantages :<\/strong><\/p>\n<\/div>\n<div class=\"toggle-content\">\n<p>- Efficacit\u00e9 accrue gr\u00e2ce \u00e0 des \u00e9tapes de processus optimis\u00e9es en fonction de l'application<\/p>\n<p>- Taux d'enl\u00e8vement de mati\u00e8re le plus \u00e9lev\u00e9<\/p>\n<p>- M\u00e9lange de grains am\u00e9liorant les performances avec de l'oxyde d'aluminium c\u00e9ramique dans la gamme de grains 40-220<\/p>\n<p>- Caract\u00e9ristiques minimales de colmatage pour la gamme de grains de pon\u00e7age de laques 400-600<\/p>\n<p>- Papier FSC durable pour le support abrasif<\/p>\n<\/div>\n<\/div>\n<\/div>\n<div class=\"col-md-6\">\n<div class=\"toggle h-100\">\n<div class=\"toggle-title\">\n<p><strong>Applications :<\/strong><\/p>\n<\/div>\n<div class=\"toggle-content\">\n<p>- Pon\u00e7age des rev\u00eatements et des impuret\u00e9s<\/p>\n<p>- Poncer les irr\u00e9gularit\u00e9s sur les bords des surfaces r\u00e9par\u00e9es.<\/p>\n<p>- Mise \u00e0 plat des mat\u00e9riaux de remplissage de la carrosserie et des mat\u00e9riaux composites<\/p>\n<p>- Pon\u00e7age fin du mastic d'appr\u00eat<\/p>\n<p>- Clavetage des anciennes et des nouvelles laques<\/p>\n<p>- R\u00e9alisation d'un fini mat sur les laques anciennes et nouvelles pour l'estompement<\/p>\n<p><strong>Mat\u00e9riaux :<\/strong><\/p>\n<p>- Couleur<\/p>\n<p>- Primer Filler<\/p>\n<p>- Remplissage du corps<\/p>\n<p>- Laque<\/p>\n<p>- Vieille laque<\/p>\n<p>- Couche d'appr\u00eat<\/p>\n<p>- Couche d'appr\u00eat \u00e9poxy<\/p>\n<p>- Couche d'appr\u00eat par immersion cathodique<\/p>\n<p>- Plastiques<\/p>\n<p>- Verre acrylique<\/p>\n<p>- Gelcoat Polyester<\/p>\n<p>- Plastique renforc\u00e9 de fibres de verre (PRV)<\/p>\n<div class=\"toggle-title\">\n<p><strong>Profil :<\/strong><\/p>\n<\/div>\n<div class=\"toggle-content\">\n<p><strong>Type de grain :<\/strong><br \/>\n<strong>Granulom\u00e9trie mixte \u00e0 teneur en c\u00e9ramique :<\/strong> 40 - 220<br \/>\n<strong>Oxyde d'aluminium semi-friable \/ Cuisson bleue :<\/strong> 240 - 600<br \/>\n<strong>Oxyde d'aluminium blanc :<\/strong> 800<\/p>\n<p><strong>Support :<\/strong><br \/>\nPapier D-WT (certifi\u00e9 FSC) :  40 - 100<br \/>\nPapier C-WT (certifi\u00e9 FSC) : 120 - 240<br \/>\nPapier B-WT (certifi\u00e9 FSC) :  320 - 800<\/p>\n<p><strong>Rev\u00eatement :<\/strong><br \/>\nElectrostatique<\/p>\n<p><strong>Collage :<\/strong><br \/>\nR\u00e9sine sur r\u00e9sine<\/p>\n<p><strong>Rev\u00eatement sp\u00e9cial :<\/strong><br \/>\nSt\u00e9arate : 240 - 800<\/p>\n<\/div>\n<\/div>\n<\/div>\n<\/div>","protected":false},"excerpt":{"rendered":"<p>Boost Your Efficiency: Efficient stock removal and a very long lifetime in dry sanding applications. The paper thickness, which is tailored to the grit and application, performs impressively on bodyfiller, primer filler and varnish materials. 1550 siapower uses sustainable FSC paper for the abrasive backing. Technology: S Performance Advantages: \u2022 Greater efficiency thanks to application-optimised [&hellip;]<\/p>\n","protected":false},"featured_media":13407,"template":"","meta":{"site-sidebar-layout":"default","site-content-layout":"","ast-site-content-layout":"normal-width-container","site-content-style":"boxed","site-sidebar-style":"boxed","ast-global-header-display":"","ast-banner-title-visibility":"","ast-main-header-display":"","ast-hfb-above-header-display":"","ast-hfb-below-header-display":"","ast-hfb-mobile-header-display":"","site-post-title":"","ast-breadcrumbs-content":"","ast-featured-img":"","footer-sml-layout":"","ast-disable-related-posts":"","theme-transparent-header-meta":"default","adv-header-id-meta":"","stick-header-meta":"","header-above-stick-meta":"","header-main-stick-meta":"","header-below-stick-meta":"","astra-migrate-meta-layouts":"set","ast-page-background-enabled":"default","ast-page-background-meta":{"desktop":{"background-color":"","background-image":"","background-repeat":"repeat","background-position":"center center","background-size":"auto","background-attachment":"scroll","background-type":"","background-media":"","overlay-type":"","overlay-color":"","overlay-opacity":"","overlay-gradient":""},"tablet":{"background-color":"","background-image":"","background-repeat":"repeat","background-position":"center center","background-size":"auto","background-attachment":"scroll","background-type":"","background-media":"","overlay-type":"","overlay-color":"","overlay-opacity":"","overlay-gradient":""},"mobile":{"background-color":"","background-image":"","background-repeat":"repeat","background-position":"center center","background-size":"auto","background-attachment":"scroll","background-type":"","background-media":"","overlay-type":"","overlay-color":"","overlay-opacity":"","overlay-gradient":""}},"ast-content-background-meta":{"desktop":{"background-color":"var(--ast-global-color-5)","background-image":"","background-repeat":"repeat","background-position":"center center","background-size":"auto","background-attachment":"scroll","background-type":"","background-media":"","overlay-type":"","overlay-color":"","overlay-opacity":"","overlay-gradient":""},"tablet":{"background-color":"var(--ast-global-color-5)","background-image":"","background-repeat":"repeat","background-position":"center center","background-size":"auto","background-attachment":"scroll","background-type":"","background-media":"","overlay-type":"","overlay-color":"","overlay-opacity":"","overlay-gradient":""},"mobile":{"background-color":"var(--ast-global-color-5)","background-image":"","background-repeat":"repeat","background-position":"center center","background-size":"auto","background-attachment":"scroll","background-type":"","background-media":"","overlay-type":"","overlay-color":"","overlay-opacity":"","overlay-gradient":""}}},"product_brand":[],"product_cat":[102,103,53],"product_tag":[],"class_list":{"0":"post-13403","1":"product","2":"type-product","3":"status-publish","4":"has-post-thumbnail","6":"product_cat-application-abrasives","7":"product_cat-application-polishing","8":"product_cat-brand-sia-abrasives","9":"desktop-align-center","10":"tablet-align-center","11":"mobile-align-center","13":"first","14":"instock","15":"shipping-taxable","16":"product-type-variable"},"_links":{"self":[{"href":"https:\/\/jjscanada.ca\/fr\/wp-json\/wp\/v2\/product\/13403","targetHints":{"allow":["GET"]}}],"collection":[{"href":"https:\/\/jjscanada.ca\/fr\/wp-json\/wp\/v2\/product"}],"about":[{"href":"https:\/\/jjscanada.ca\/fr\/wp-json\/wp\/v2\/types\/product"}],"wp:featuredmedia":[{"embeddable":true,"href":"https:\/\/jjscanada.ca\/fr\/wp-json\/wp\/v2\/media\/13407"}],"wp:attachment":[{"href":"https:\/\/jjscanada.ca\/fr\/wp-json\/wp\/v2\/media?parent=13403"}],"wp:term":[{"taxonomy":"product_brand","embeddable":true,"href":"https:\/\/jjscanada.ca\/fr\/wp-json\/wp\/v2\/product_brand?post=13403"},{"taxonomy":"product_cat","embeddable":true,"href":"https:\/\/jjscanada.ca\/fr\/wp-json\/wp\/v2\/product_cat?post=13403"},{"taxonomy":"product_tag","embeddable":true,"href":"https:\/\/jjscanada.ca\/fr\/wp-json\/wp\/v2\/product_tag?post=13403"}],"curies":[{"name":"wp","href":"https:\/\/api.w.org\/{rel}","templated":true}]}}