{"id":13535,"date":"2025-01-16T14:25:43","date_gmt":"2025-01-16T14:25:43","guid":{"rendered":"https:\/\/jjscanada.ca\/?post_type=product&#038;p=13535"},"modified":"2025-01-22T20:36:20","modified_gmt":"2025-01-22T20:36:20","slug":"mafell-groove-cutting-machine-nfu-50","status":"publish","type":"product","link":"https:\/\/jjscanada.ca\/fr\/produit\/mafell-groove-cutting-machine-nfu-50\/","title":{"rendered":"Machine \u00e0 rainurer Mafell NFU 50"},"content":{"rendered":"<p><strong>Caract\u00e9ristiques du produit :<\/strong><\/p>\n<p>- Avec CUprex, le moteur haute performance ;<br \/>\n- Machine sp\u00e9ciale pour les rainures ;<br \/>\n- Compatible avec le syst\u00e8me de rail de guidage F.<\/p>\n<p><strong>Domaine d'application :<\/strong><\/p>\n<p>- Rainures longitudinales et transversales ;<br \/>\n- Blocs de frise (avec guide) ;<br \/>\n- Panneaux dans les b\u00e2timents \u00e0 colombages, faux planchers ;<br \/>\n- Articulations en bec d'oiseau jusqu'\u00e0 45\u00b0 ;<br \/>\n- Tenon ;<br \/>\n- Les mat\u00e9riaux compatibles sont le bois massif et les panneaux.<\/p>\n<p><strong>Description du produit :<\/strong><br \/>\nLa fraiseuse \u00e0 rainurer NFU 50 offre une grande souplesse d'utilisation et est une machine polyvalente capable d'ex\u00e9cuter un grand nombre de t\u00e2ches dans le domaine de la construction en bois. Une vaste gamme d'accessoires permet d'\u00e9largir les possibilit\u00e9s de travail au quotidien. La conception de la NFU 50 se caract\u00e9rise par l'utilisation de pi\u00e8ces extr\u00eamement robustes, de haute qualit\u00e9 et fabriqu\u00e9es avec pr\u00e9cision, notamment le bo\u00eetier l\u00e9ger en magn\u00e9sium moul\u00e9 sous pression et les composants en plastique renforc\u00e9 de fibres de verre r\u00e9sistants aux chocs. Il comporte \u00e9galement des d\u00e9tails techniques astucieux qui vous aideront \u00e0 faire face aux rigueurs du travail.<\/p>\n<p><strong>Donn\u00e9es techniques :<\/strong><\/p>\n<table>\n<tbody>\n<tr>\n<td>Tension nominale<\/td>\n<td>240 V. \/ 60 Hz.<\/td>\n<\/tr>\n<tr>\n<td>Puissance nominale absorb\u00e9e<\/td>\n<td>2300 W.<\/td>\n<\/tr>\n<tr>\n<td>Profondeur de coupe \u00e0 0\u00b0 sans rail de guidage<\/td>\n<td>0 - 1-15\/16\u2033 \/ 0 - 50 mm<\/td>\n<\/tr>\n<tr>\n<td>Profondeur de coupe \u00e0 0\u00b0 avec rail de guidage<\/td>\n<td>0 - 1-3\/4\u2033 \/ 0 - 44 mm<\/td>\n<\/tr>\n<tr>\n<td>Plage d'inclinaison<\/td>\n<td>0 - 45 \u00b0<\/td>\n<\/tr>\n<tr>\n<td>Nombre nominal de courses - \u00e0 vide<\/td>\n<td>5900 1\/Min.<\/td>\n<\/tr>\n<tr>\n<td>Poids avec rail de guidage<\/td>\n<td>9,4 Kg.<\/td>\n<\/tr>\n<tr>\n<td>Dimensions (L x L x H) Avec guide L<\/td>\n<td>370 x 810 x 280 mm<\/td>\n<\/tr>\n<tr>\n<td>Longueur de coupe avec guide L<\/td>\n<td>14-1\/2\u2033 \/ 370 mm<\/td>\n<\/tr>\n<\/tbody>\n<\/table>\n<p><strong>Sp\u00e9cification de livraison :<\/strong><\/p>\n<p>- <strong>Machine \u00e0 rainurer NFU 50 :<\/strong>\u00a0 918723<\/p>\n<p>L'\u00e9tendue de la livraison comprend :<br \/>\n- <strong>1 T\u00eate de coupe :<\/strong> 091901 \u00d8 163 x 60 mm ;<br \/>\n- <strong>1 Indicateur de position NFU-PA :<\/strong> 207467 ;<br \/>\n<strong>- 1 Cl\u00f4ture lat\u00e9rale SA 625 :<\/strong> 207183 ;<br \/>\n<strong>- 1 Cl\u00f4ture parall\u00e8le :<\/strong> 207468 ;<br \/>\n<strong>- 1 Voie de guidage L :<\/strong> 208171 ; Longueur max. Longueur de fraisage 14-1\/2\u2033 \/ 370 mm<br \/>\n-<strong> 2 R\u00e9p\u00e9tez la cl\u00f4ture :<\/strong> 206026 ;<br \/>\n<strong>- 1 Cl\u00e9 Allen SW 6 :<\/strong> 207496 ;<br \/>\n<strong>- 1 Tournevis Torx T15 :<\/strong> 093274.<\/p>","protected":false},"excerpt":{"rendered":"<p>Le NOUVEAU Mafell<strong> NFU 50<\/strong> est la machine \u00e0 rainurer tout-en-un pour les tenons, les genouill\u00e8res, les dados, les becs de canard, les joints \u00e0 recouvrement et bien plus encore.<\/p>","protected":false},"featured_media":13540,"template":"","meta":{"site-sidebar-layout":"default","site-content-layout":"","ast-site-content-layout":"normal-width-container","site-content-style":"boxed","site-sidebar-style":"default","ast-global-header-display":"","ast-banner-title-visibility":"","ast-main-header-display":"","ast-hfb-above-header-display":"","ast-hfb-below-header-display":"","ast-hfb-mobile-header-display":"","site-post-title":"","ast-breadcrumbs-content":"","ast-featured-img":"","footer-sml-layout":"","ast-disable-related-posts":"","theme-transparent-header-meta":"default","adv-header-id-meta":"","stick-header-meta":"","header-above-stick-meta":"","header-main-stick-meta":"","header-below-stick-meta":"","astra-migrate-meta-layouts":"set","ast-page-background-enabled":"default","ast-page-background-meta":{"desktop":{"background-color":"","background-image":"","background-repeat":"repeat","background-position":"center center","background-size":"auto","background-attachment":"scroll","background-type":"","background-media":"","overlay-type":"","overlay-color":"","overlay-opacity":"","overlay-gradient":""},"tablet":{"background-color":"","background-image":"","background-repeat":"repeat","background-position":"center center","background-size":"auto","background-attachment":"scroll","background-type":"","background-media":"","overlay-type":"","overlay-color":"","overlay-opacity":"","overlay-gradient":""},"mobile":{"background-color":"","background-image":"","background-repeat":"repeat","background-position":"center center","background-size":"auto","background-attachment":"scroll","background-type":"","background-media":"","overlay-type":"","overlay-color":"","overlay-opacity":"","overlay-gradient":""}},"ast-content-background-meta":{"desktop":{"background-color":"var(--ast-global-color-5)","background-image":"","background-repeat":"repeat","background-position":"center center","background-size":"auto","background-attachment":"scroll","background-type":"","background-media":"","overlay-type":"","overlay-color":"","overlay-opacity":"","overlay-gradient":""},"tablet":{"background-color":"var(--ast-global-color-5)","background-image":"","background-repeat":"repeat","background-position":"center center","background-size":"auto","background-attachment":"scroll","background-type":"","background-media":"","overlay-type":"","overlay-color":"","overlay-opacity":"","overlay-gradient":""},"mobile":{"background-color":"var(--ast-global-color-5)","background-image":"","background-repeat":"repeat","background-position":"center center","background-size":"auto","background-attachment":"scroll","background-type":"","background-media":"","overlay-type":"","overlay-color":"","overlay-opacity":"","overlay-gradient":""}}},"product_brand":[],"product_cat":[305,327,105],"product_tag":[],"class_list":{"0":"post-13535","1":"product","2":"type-product","3":"status-publish","4":"has-post-thumbnail","6":"product_cat-mafell","7":"product_cat-mortising","8":"product_cat-application-tools","9":"desktop-align-center","10":"tablet-align-center","11":"mobile-align-center","13":"first","14":"instock","15":"shipping-taxable","16":"product-type-simple"},"_links":{"self":[{"href":"https:\/\/jjscanada.ca\/fr\/wp-json\/wp\/v2\/product\/13535","targetHints":{"allow":["GET"]}}],"collection":[{"href":"https:\/\/jjscanada.ca\/fr\/wp-json\/wp\/v2\/product"}],"about":[{"href":"https:\/\/jjscanada.ca\/fr\/wp-json\/wp\/v2\/types\/product"}],"wp:featuredmedia":[{"embeddable":true,"href":"https:\/\/jjscanada.ca\/fr\/wp-json\/wp\/v2\/media\/13540"}],"wp:attachment":[{"href":"https:\/\/jjscanada.ca\/fr\/wp-json\/wp\/v2\/media?parent=13535"}],"wp:term":[{"taxonomy":"product_brand","embeddable":true,"href":"https:\/\/jjscanada.ca\/fr\/wp-json\/wp\/v2\/product_brand?post=13535"},{"taxonomy":"product_cat","embeddable":true,"href":"https:\/\/jjscanada.ca\/fr\/wp-json\/wp\/v2\/product_cat?post=13535"},{"taxonomy":"product_tag","embeddable":true,"href":"https:\/\/jjscanada.ca\/fr\/wp-json\/wp\/v2\/product_tag?post=13535"}],"curies":[{"name":"wp","href":"https:\/\/api.w.org\/{rel}","templated":true}]}}