{"id":13879,"date":"2025-02-18T14:04:57","date_gmt":"2025-02-18T14:04:57","guid":{"rendered":"https:\/\/jjscanada.ca\/?post_type=product&#038;p=13879"},"modified":"2025-07-24T11:47:54","modified_gmt":"2025-07-24T11:47:54","slug":"mafell-hand-router-lo-65-ec","status":"publish","type":"product","link":"https:\/\/jjscanada.ca\/fr\/produit\/mafell-hand-router-lo-65-ec\/","title":{"rendered":"D\u00e9fonceuse manuelle Mafell LO 65 Ec"},"content":{"rendered":"<div>\n<p><strong>Caract\u00e9ristiques du produit :<\/strong><\/p>\n<p>Avec CUprex, le moteur haute performance 65 mm de profondeur de coupe Avec but\u00e9e de profondeur rotative.<\/p>\n<\/div>\n<div class=\"product-detail-mafell-title\"><strong>Sp\u00e9cification de livraison :<\/strong><\/div>\n<div class=\"product-detail-delivery-information\">\n<ul>\n<li><strong>Routeur manuel LO 65 Ec MaxiMAX dans le T-MAX :<\/strong> 91C723<\/li>\n<\/ul>\n<div><strong>L'\u00e9tendue de la livraison comprend :<\/strong><\/div>\n<ul>\n<li><strong>1 Guide parall\u00e8le avec r\u00e9glage fin (MaxiMAX) :<\/strong> 204310<\/li>\n<li><strong>1 Guide de gabarit (\u00d8 30 mm) :<\/strong> 038971<\/li>\n<li><strong>1 pince de serrage (MaxiMAX)(8mm) :<\/strong> 093256<\/li>\n<li><strong>1 Adaptateur avec arbre interne M 12 x 1 :<\/strong> 201575<\/li>\n<li><strong>1 Collecteur de jetons :<\/strong> 204325<\/li>\n<li><strong>1 Tourelle de contr\u00f4le de profondeur rotative (MaxiMAX) :<\/strong><\/li>\n<li><strong>1 Cl\u00e9 \u00e0 molette de 22 mm :<\/strong> 093012<\/li>\n<li><strong>1 C\u00e2ble d'alimentation 4 m :<\/strong> 087885<\/li>\n<\/ul>\n<p><strong>Donn\u00e9es techniques :<\/strong><\/p>\n<div class=\"product-detail-technicaldata tab-pane-container\">\n<div class=\"product-detail-technicaldata-text\">\n<table>\n<tbody>\n<tr>\n<td>Profondeur de coupe<\/td>\n<td>0 - 65 mm<\/td>\n<\/tr>\n<tr>\n<td>Mandrin \u00d8<\/td>\n<td>1\/2\u2033 \/ 6 - 12 mm<\/td>\n<\/tr>\n<tr>\n<td>Nombre nominal de courses - \u00e0 vide<\/td>\n<td>10000 - 22000 1\/Min<\/td>\n<\/tr>\n<tr>\n<td>Puissance nominale absorb\u00e9e<\/td>\n<td>2600 W<\/td>\n<\/tr>\n<tr>\n<td>Diam\u00e8tre du raccord d'extraction<\/td>\n<td>35 mm<\/td>\n<\/tr>\n<tr>\n<td>Poids<\/td>\n<td>6.9 Kg<\/td>\n<\/tr>\n<tr>\n<td>Moteur universel<\/td>\n<td>240 V \/ 60 Hz<\/td>\n<\/tr>\n<\/tbody>\n<\/table>\n<div id=\"pdesc-content-pane\" class=\"content-pane mb-2\" aria-labelledby=\"pdesc-content\">\n<p><strong>Description du produit :<\/strong><\/p>\n<div class=\"product-detail-description tab-pane-container\">\n<div class=\"product-detail-description-text\">\n<p>La puissance et le couple \u00e9lev\u00e9s prennent une toute nouvelle signification avec le moteur CUprex \u00e0 haut rendement. Il est dot\u00e9 d'une \u00e9lectronique num\u00e9rique aux performances optimis\u00e9es et d'une technologie de contr\u00f4le nouvellement d\u00e9velopp\u00e9e. Sa vitesse est continuellement variable en fonction de la nature du mat\u00e9riau et de l'application.<\/p>\n<p>Les composants coordonn\u00e9s et optimis\u00e9s permettent d'utiliser la machine pour des travaux filigranes exigeant une pr\u00e9cision absolue. Le r\u00e9glage fin de la profondeur de coupe peut \u00eatre fix\u00e9 avec pr\u00e9cision, ce qui fait de la retouche une exception.<\/p>\n<p>La rainure de la plaque de base permet d'affleurer les bandes de chant sans aucun accessoire suppl\u00e9mentaire.<\/p>\n<p>Pour remplacer la fraise rapidement et facilement, il suffit de retourner la LO 65 Ec. Un m\u00e9canisme de verrouillage de la broche standard est install\u00e9 d'office.<\/p>\n<\/div>\n<\/div>\n<\/div>\n<div id=\"areaofapplication-content-pane\" class=\"content-pane mb-2\" aria-labelledby=\"areaofapplication-content\">\n<p><strong>Applications :<\/strong><\/p>\n<div class=\"product-detail-areaofapplication tab-pane-container\">\n<div class=\"product-detail-areaofapplication-text\">\n<ul>\n<li>Profilage et d\u00e9coupage de rainures<\/li>\n<li>D\u00e9coupe pour les raccords\/la quincaillerie<\/li>\n<li>Assemblages \u00e0 queue d'aronde (Lignatool, Arunda)<\/li>\n<li>Pour l'acheminement des bo\u00eetiers d'escalier<\/li>\n<li>Les mat\u00e9riaux compatibles sont le bois massif et les panneaux.<\/li>\n<\/ul>\n<\/div>\n<\/div>\n<\/div>\n<div id=\"advantages-content-pane\" class=\"content-pane mb-4\" aria-labelledby=\"advantages-content\">\n<h4>Avantages :<\/h4>\n<div class=\"product-detail-advantages tab-pane-container\">\n<div class=\"product-detail-advantages-text\">\n<ul>\n<li>Guide parall\u00e8le double avec r\u00e9glage fin - pour un guidage pr\u00e9cis.<\/li>\n<li>R\u00e9glage individuel de la vitesse, de la profondeur de coupe et du guidage - pour une grande vari\u00e9t\u00e9 d'applications.<\/li>\n<li>Gain de temps consid\u00e9rable - gr\u00e2ce \u00e0 la rapidit\u00e9 de coupe du moteur CUprex haute puissance de 2600 watts (3,0 Hp).<\/li>\n<li>Avec interrupteur de perte de tension pour la protection contre la reconnexion incontr\u00f4l\u00e9e apr\u00e8s une coupure de courant.<\/li>\n<\/ul>\n<\/div>\n<\/div>\n<\/div>\n<\/div>\n<\/div>\n<\/div>","protected":false},"excerpt":{"rendered":"<p>Le LO 65 Ec est un outil puissant, associ\u00e9 \u00e0 une pr\u00e9cision convaincante. Une multitude de d\u00e9tails innovants font du nouveau LO 65 Ec un outil polyvalent et sp\u00e9cialis\u00e9 dans les travaux de fon\u00e7age et de fa\u00e7onnage difficiles.<\/p>","protected":false},"featured_media":13880,"template":"","meta":{"site-sidebar-layout":"default","site-content-layout":"","ast-site-content-layout":"normal-width-container","site-content-style":"boxed","site-sidebar-style":"default","ast-global-header-display":"","ast-banner-title-visibility":"","ast-main-header-display":"","ast-hfb-above-header-display":"","ast-hfb-below-header-display":"","ast-hfb-mobile-header-display":"","site-post-title":"","ast-breadcrumbs-content":"","ast-featured-img":"","footer-sml-layout":"","ast-disable-related-posts":"","theme-transparent-header-meta":"default","adv-header-id-meta":"","stick-header-meta":"","header-above-stick-meta":"","header-main-stick-meta":"","header-below-stick-meta":"","astra-migrate-meta-layouts":"set","ast-page-background-enabled":"default","ast-page-background-meta":{"desktop":{"background-color":"","background-image":"","background-repeat":"repeat","background-position":"center center","background-size":"auto","background-attachment":"scroll","background-type":"","background-media":"","overlay-type":"","overlay-color":"","overlay-opacity":"","overlay-gradient":""},"tablet":{"background-color":"","background-image":"","background-repeat":"repeat","background-position":"center center","background-size":"auto","background-attachment":"scroll","background-type":"","background-media":"","overlay-type":"","overlay-color":"","overlay-opacity":"","overlay-gradient":""},"mobile":{"background-color":"","background-image":"","background-repeat":"repeat","background-position":"center center","background-size":"auto","background-attachment":"scroll","background-type":"","background-media":"","overlay-type":"","overlay-color":"","overlay-opacity":"","overlay-gradient":""}},"ast-content-background-meta":{"desktop":{"background-color":"var(--ast-global-color-5)","background-image":"","background-repeat":"repeat","background-position":"center center","background-size":"auto","background-attachment":"scroll","background-type":"","background-media":"","overlay-type":"","overlay-color":"","overlay-opacity":"","overlay-gradient":""},"tablet":{"background-color":"var(--ast-global-color-5)","background-image":"","background-repeat":"repeat","background-position":"center center","background-size":"auto","background-attachment":"scroll","background-type":"","background-media":"","overlay-type":"","overlay-color":"","overlay-opacity":"","overlay-gradient":""},"mobile":{"background-color":"var(--ast-global-color-5)","background-image":"","background-repeat":"repeat","background-position":"center center","background-size":"auto","background-attachment":"scroll","background-type":"","background-media":"","overlay-type":"","overlay-color":"","overlay-opacity":"","overlay-gradient":""}}},"product_brand":[],"product_cat":[305,327,105],"product_tag":[],"class_list":{"0":"post-13879","1":"product","2":"type-product","3":"status-publish","4":"has-post-thumbnail","6":"product_cat-mafell","7":"product_cat-mortising","8":"product_cat-application-tools","9":"desktop-align-center","10":"tablet-align-center","11":"mobile-align-center","13":"first","14":"instock","15":"shipping-taxable","16":"product-type-simple"},"_links":{"self":[{"href":"https:\/\/jjscanada.ca\/fr\/wp-json\/wp\/v2\/product\/13879","targetHints":{"allow":["GET"]}}],"collection":[{"href":"https:\/\/jjscanada.ca\/fr\/wp-json\/wp\/v2\/product"}],"about":[{"href":"https:\/\/jjscanada.ca\/fr\/wp-json\/wp\/v2\/types\/product"}],"wp:featuredmedia":[{"embeddable":true,"href":"https:\/\/jjscanada.ca\/fr\/wp-json\/wp\/v2\/media\/13880"}],"wp:attachment":[{"href":"https:\/\/jjscanada.ca\/fr\/wp-json\/wp\/v2\/media?parent=13879"}],"wp:term":[{"taxonomy":"product_brand","embeddable":true,"href":"https:\/\/jjscanada.ca\/fr\/wp-json\/wp\/v2\/product_brand?post=13879"},{"taxonomy":"product_cat","embeddable":true,"href":"https:\/\/jjscanada.ca\/fr\/wp-json\/wp\/v2\/product_cat?post=13879"},{"taxonomy":"product_tag","embeddable":true,"href":"https:\/\/jjscanada.ca\/fr\/wp-json\/wp\/v2\/product_tag?post=13879"}],"curies":[{"name":"wp","href":"https:\/\/api.w.org\/{rel}","templated":true}]}}