{"id":747,"date":"2022-11-18T19:47:30","date_gmt":"2022-11-18T19:47:30","guid":{"rendered":"https:\/\/jjscanada.ca\/?post_type=product&#038;p=747"},"modified":"2024-10-10T15:49:22","modified_gmt":"2024-10-10T15:49:22","slug":"series-1730","status":"publish","type":"product","link":"https:\/\/jjscanada.ca\/fr\/produit\/series-1730\/","title":{"rendered":"S\u00e9rie 1730"},"content":{"rendered":"<p><strong>Pour une longue dur\u00e9e de vie dans les applications industrielles de pon\u00e7age de laques<\/strong><\/p>\n<p><span style=\"font-size: 16px;\">1730 sialac est synonyme de longue dur\u00e9e de vie et de qualit\u00e9 constante. Convient particuli\u00e8rement aux vernis durs \u00e0 usage industriel.<br \/>\n<\/span><\/p>\n<p><strong>Type de grain :<\/strong> Carbure de silicium<br \/>\n<strong>Gamme de granulom\u00e9trie (totale) :<\/strong> 180-320 ; 400-600 P180 - P600 FEPA P \/ ISO 6344<br \/>\n<strong>Support :<\/strong> Papier E-WT (certifi\u00e9 FSC)<br \/>\n<strong>Rev\u00eatement :<\/strong> Ouverture \u00e9lectrostatique<br \/>\n<strong>Collage :<\/strong> R\u00e9sine sur r\u00e9sine<br \/>\n<strong>Equipement :<\/strong> TopTec<\/p>\n<p><strong>Avantages :<\/strong><\/p>\n<p>- Qualit\u00e9 de surface sup\u00e9rieure lors du pon\u00e7age des syst\u00e8mes de peinture industrielle ;<br \/>\n- Des performances constantes tout au long de la dur\u00e9e de vie du produit ;<br \/>\n- Finitions de surface parfaites gr\u00e2ce \u00e0 TopTec.<\/p>\n<p><strong>Applications :<\/strong><\/p>\n<p>- Pon\u00e7age interm\u00e9diaire sur les syst\u00e8mes de vernissage industriels ;<br \/>\n- Pon\u00e7age final en vue de la pr\u00e9paration de la peinture.<\/p>\n<p>&nbsp;<\/p>\n<p>&nbsp;<\/p>","protected":false},"excerpt":{"rendered":"<p>For long life in industrial lacquer sanding applications 1730 sialac stands for long lifetime with constant quality. Suitable especially for hard varnishes in industrial use. Grit Type: Silicon Carbide Grit Range (Total): 180-320; 400-600 P180 \u2013 P600 FEPA P \/ ISO 6344 Backing: E-WT Paper (FSC-Certified) Coating: Electrostatic Open Bonding: Resin Over Resin Equipment: TopTec [&hellip;]<\/p>\n","protected":false},"featured_media":7307,"template":"","meta":{"site-sidebar-layout":"default","site-content-layout":"default","ast-site-content-layout":"default","site-content-style":"default","site-sidebar-style":"default","ast-global-header-display":"","ast-banner-title-visibility":"","ast-main-header-display":"","ast-hfb-above-header-display":"","ast-hfb-below-header-display":"","ast-hfb-mobile-header-display":"","site-post-title":"","ast-breadcrumbs-content":"","ast-featured-img":"","footer-sml-layout":"","ast-disable-related-posts":"","theme-transparent-header-meta":"default","adv-header-id-meta":"","stick-header-meta":"default","header-above-stick-meta":"","header-main-stick-meta":"","header-below-stick-meta":"","astra-migrate-meta-layouts":"set","ast-page-background-enabled":"default","ast-page-background-meta":{"desktop":{"background-color":"","background-image":"","background-repeat":"repeat","background-position":"center center","background-size":"auto","background-attachment":"scroll","background-type":"","background-media":"","overlay-type":"","overlay-color":"","overlay-opacity":"","overlay-gradient":""},"tablet":{"background-color":"","background-image":"","background-repeat":"repeat","background-position":"center center","background-size":"auto","background-attachment":"scroll","background-type":"","background-media":"","overlay-type":"","overlay-color":"","overlay-opacity":"","overlay-gradient":""},"mobile":{"background-color":"","background-image":"","background-repeat":"repeat","background-position":"center center","background-size":"auto","background-attachment":"scroll","background-type":"","background-media":"","overlay-type":"","overlay-color":"","overlay-opacity":"","overlay-gradient":""}},"ast-content-background-meta":{"desktop":{"background-color":"var(--ast-global-color-5)","background-image":"","background-repeat":"repeat","background-position":"center center","background-size":"auto","background-attachment":"scroll","background-type":"","background-media":"","overlay-type":"","overlay-color":"","overlay-opacity":"","overlay-gradient":""},"tablet":{"background-color":"var(--ast-global-color-5)","background-image":"","background-repeat":"repeat","background-position":"center center","background-size":"auto","background-attachment":"scroll","background-type":"","background-media":"","overlay-type":"","overlay-color":"","overlay-opacity":"","overlay-gradient":""},"mobile":{"background-color":"var(--ast-global-color-5)","background-image":"","background-repeat":"repeat","background-position":"center center","background-size":"auto","background-attachment":"scroll","background-type":"","background-media":"","overlay-type":"","overlay-color":"","overlay-opacity":"","overlay-gradient":""}}},"product_brand":[],"product_cat":[102,58,81,53,57],"product_tag":[],"class_list":{"0":"post-747","1":"product","2":"type-product","3":"status-publish","4":"has-post-thumbnail","6":"product_cat-application-abrasives","7":"product_cat-belts","8":"product_cat-rolls","9":"product_cat-brand-sia-abrasives","10":"product_cat-woodworking","11":"desktop-align-center","12":"tablet-align-center","13":"mobile-align-center","15":"first","16":"instock","17":"shipping-taxable","18":"product-type-variable"},"_links":{"self":[{"href":"https:\/\/jjscanada.ca\/fr\/wp-json\/wp\/v2\/product\/747","targetHints":{"allow":["GET"]}}],"collection":[{"href":"https:\/\/jjscanada.ca\/fr\/wp-json\/wp\/v2\/product"}],"about":[{"href":"https:\/\/jjscanada.ca\/fr\/wp-json\/wp\/v2\/types\/product"}],"wp:featuredmedia":[{"embeddable":true,"href":"https:\/\/jjscanada.ca\/fr\/wp-json\/wp\/v2\/media\/7307"}],"wp:attachment":[{"href":"https:\/\/jjscanada.ca\/fr\/wp-json\/wp\/v2\/media?parent=747"}],"wp:term":[{"taxonomy":"product_brand","embeddable":true,"href":"https:\/\/jjscanada.ca\/fr\/wp-json\/wp\/v2\/product_brand?post=747"},{"taxonomy":"product_cat","embeddable":true,"href":"https:\/\/jjscanada.ca\/fr\/wp-json\/wp\/v2\/product_cat?post=747"},{"taxonomy":"product_tag","embeddable":true,"href":"https:\/\/jjscanada.ca\/fr\/wp-json\/wp\/v2\/product_tag?post=747"}],"curies":[{"name":"wp","href":"https:\/\/api.w.org\/{rel}","templated":true}]}}