{"id":748,"date":"2022-11-18T19:47:30","date_gmt":"2022-11-18T19:47:30","guid":{"rendered":"https:\/\/jjscanada.ca\/?post_type=product&#038;p=748"},"modified":"2024-10-10T15:32:08","modified_gmt":"2024-10-10T15:32:08","slug":"series-6270","status":"publish","type":"product","link":"https:\/\/jjscanada.ca\/fr\/produit\/series-6270\/","title":{"rendered":"S\u00e9rie 6270"},"content":{"rendered":"<p>La gamme 6270 SCM, avec son grain d'oxyde d'aluminium cuit au bleu haute performance et sa grille am\u00e9lior\u00e9e \u00e0 faible \u00e9tirement, offre une dur\u00e9e de vie plus longue et un travail plus rapide, tant pour les disques que pour les courroies.<\/p>\n<p><strong>Type de grain :<\/strong> Oxyde d'aluminium cuit au bleu ;<br \/>\n<strong>Support :<\/strong> Tissu \u00e0 faible \u00e9lasticit\u00e9 ;<br \/>\n<strong>Mat\u00e9riaux :<\/strong> Acier inoxydable, acier doux, aluminium, laiton.<\/p>\n<p><strong>Avantages :<\/strong><\/p>\n<p>- Finition excellente et constante sur une longue p\u00e9riode ;<br \/>\n- Convient pour un usage g\u00e9n\u00e9ral dans les applications de pon\u00e7age \u00e0 sec et \u00e0 l'eau ;<br \/>\n- Ceinture peu extensible ;<br \/>\n- Plus durable, donc plus r\u00e9sistant sur les bords ;<br \/>\n- Tendance \u00e0 l'\u00e9talement beaucoup plus faible que les produits existants, en particulier sur le bord du disque lorsque l'on travaille dans des angles serr\u00e9s.<\/p>\n<p><strong>Applications :<\/strong><\/p>\n<p>- \u00c9barbage ;<br \/>\n- Enl\u00e8vement de la rouille et de la peinture ;<br \/>\n- \u00c9limination des d\u00e9colorations ;<br \/>\n- Traitement de surface ;<br \/>\n- Finition pour pr\u00e9parer le rev\u00eatement et la galvanoplastie.<\/p>\n<p>&nbsp;<\/p>","protected":false},"excerpt":{"rendered":"<p>La nouvelle gamme 6270 SCM, avec son grain d'oxyde d'aluminium cuit au bleu haute performance et sa grille am\u00e9lior\u00e9e \u00e0 faible \u00e9tirement, offre une dur\u00e9e de vie plus longue et un travail plus rapide pour les disques et les bandes.<\/p>","protected":false},"featured_media":7320,"template":"","meta":{"site-sidebar-layout":"default","site-content-layout":"default","ast-site-content-layout":"default","site-content-style":"default","site-sidebar-style":"default","ast-global-header-display":"","ast-banner-title-visibility":"","ast-main-header-display":"","ast-hfb-above-header-display":"","ast-hfb-below-header-display":"","ast-hfb-mobile-header-display":"","site-post-title":"","ast-breadcrumbs-content":"","ast-featured-img":"","footer-sml-layout":"","ast-disable-related-posts":"","theme-transparent-header-meta":"default","adv-header-id-meta":"","stick-header-meta":"default","header-above-stick-meta":"","header-main-stick-meta":"","header-below-stick-meta":"","astra-migrate-meta-layouts":"set","ast-page-background-enabled":"default","ast-page-background-meta":{"desktop":{"background-color":"","background-image":"","background-repeat":"repeat","background-position":"center center","background-size":"auto","background-attachment":"scroll","background-type":"","background-media":"","overlay-type":"","overlay-color":"","overlay-opacity":"","overlay-gradient":""},"tablet":{"background-color":"","background-image":"","background-repeat":"repeat","background-position":"center center","background-size":"auto","background-attachment":"scroll","background-type":"","background-media":"","overlay-type":"","overlay-color":"","overlay-opacity":"","overlay-gradient":""},"mobile":{"background-color":"","background-image":"","background-repeat":"repeat","background-position":"center center","background-size":"auto","background-attachment":"scroll","background-type":"","background-media":"","overlay-type":"","overlay-color":"","overlay-opacity":"","overlay-gradient":""}},"ast-content-background-meta":{"desktop":{"background-color":"var(--ast-global-color-5)","background-image":"","background-repeat":"repeat","background-position":"center center","background-size":"auto","background-attachment":"scroll","background-type":"","background-media":"","overlay-type":"","overlay-color":"","overlay-opacity":"","overlay-gradient":""},"tablet":{"background-color":"var(--ast-global-color-5)","background-image":"","background-repeat":"repeat","background-position":"center center","background-size":"auto","background-attachment":"scroll","background-type":"","background-media":"","overlay-type":"","overlay-color":"","overlay-opacity":"","overlay-gradient":""},"mobile":{"background-color":"var(--ast-global-color-5)","background-image":"","background-repeat":"repeat","background-position":"center center","background-size":"auto","background-attachment":"scroll","background-type":"","background-media":"","overlay-type":"","overlay-color":"","overlay-opacity":"","overlay-gradient":""}}},"product_brand":[],"product_cat":[102,58,110,53],"product_tag":[],"class_list":{"0":"post-748","1":"product","2":"type-product","3":"status-publish","4":"has-post-thumbnail","6":"product_cat-application-abrasives","7":"product_cat-belts","8":"product_cat-metal","9":"product_cat-brand-sia-abrasives","10":"desktop-align-center","11":"tablet-align-center","12":"mobile-align-center","14":"first","15":"instock","16":"shipping-taxable","17":"product-type-variable"},"_links":{"self":[{"href":"https:\/\/jjscanada.ca\/fr\/wp-json\/wp\/v2\/product\/748","targetHints":{"allow":["GET"]}}],"collection":[{"href":"https:\/\/jjscanada.ca\/fr\/wp-json\/wp\/v2\/product"}],"about":[{"href":"https:\/\/jjscanada.ca\/fr\/wp-json\/wp\/v2\/types\/product"}],"wp:featuredmedia":[{"embeddable":true,"href":"https:\/\/jjscanada.ca\/fr\/wp-json\/wp\/v2\/media\/7320"}],"wp:attachment":[{"href":"https:\/\/jjscanada.ca\/fr\/wp-json\/wp\/v2\/media?parent=748"}],"wp:term":[{"taxonomy":"product_brand","embeddable":true,"href":"https:\/\/jjscanada.ca\/fr\/wp-json\/wp\/v2\/product_brand?post=748"},{"taxonomy":"product_cat","embeddable":true,"href":"https:\/\/jjscanada.ca\/fr\/wp-json\/wp\/v2\/product_cat?post=748"},{"taxonomy":"product_tag","embeddable":true,"href":"https:\/\/jjscanada.ca\/fr\/wp-json\/wp\/v2\/product_tag?post=748"}],"curies":[{"name":"wp","href":"https:\/\/api.w.org\/{rel}","templated":true}]}}