{"id":749,"date":"2022-11-18T19:47:31","date_gmt":"2022-11-18T19:47:31","guid":{"rendered":"https:\/\/jjscanada.ca\/?post_type=product&#038;p=749"},"modified":"2023-02-06T18:45:22","modified_gmt":"2023-02-06T18:45:22","slug":"series-6240","status":"publish","type":"product","link":"https:\/\/jjscanada.ca\/fr\/produit\/series-6240\/","title":{"rendered":"S\u00e9rie 6240"},"content":{"rendered":"<p><strong>La bande abrasive SCM ultra-flexible avec une grande stabilit\u00e9 des bords<br \/>\n<\/strong>La bande abrasive 6740 siamet SCM Ultraflex est tr\u00e8s flexible et a \u00e9t\u00e9 sp\u00e9cialement d\u00e9velopp\u00e9e pour les applications de pon\u00e7age o\u00f9 la stabilit\u00e9 des bords et la flexibilit\u00e9 sont tr\u00e8s importantes. La bande abrasive impressionne par ses excellentes performances pour les exigences les plus \u00e9lev\u00e9es.<\/p>\n<p><strong>Avantages<\/strong><br \/>\n- Finition excellente et constante sur une longue p\u00e9riode<br \/>\n- Convient pour une utilisation g\u00e9n\u00e9rale dans les applications de pon\u00e7age \u00e0 sec et \u00e0 l'eau.<br \/>\n- Plus durable, donc plus r\u00e9sistant sur les bords<br \/>\n- Tendance \u00e0 l'\u00e9talement beaucoup plus faible que les produits existants, en particulier sur le bord du disque lorsque l'on travaille dans des angles serr\u00e9s.<\/p>\n<p><strong>Applications<\/strong><br \/>\n- Finition pour pr\u00e9parer le rev\u00eatement et la galvanoplastie<br \/>\n- \u00c9barbage<br \/>\n- \u00c9liminer les d\u00e9colorations<br \/>\n- Eclatement et m\u00e9lange des d\u00e9fauts<br \/>\n- Structuration et pon\u00e7age final<br \/>\n- Finition de surface<\/p>\n<p><a class=\"fasc-button fasc-size-medium fasc-type-flat fasc-ico-before dashicons-download\" style=\"background-color: #d10708; color: #ffffff;\">T\u00c9L\u00c9CHARGER LA FICHE TECHNIQUE<\/a><\/p>","protected":false},"excerpt":{"rendered":"<p><strong>La bande abrasive SCM ultra-flexible avec une grande stabilit\u00e9 des bords<\/strong><\/p>\n<p>La bande abrasive 6740 siamet SCM Ultraflex est tr\u00e8s flexible et a \u00e9t\u00e9 sp\u00e9cialement d\u00e9velopp\u00e9e pour les applications de pon\u00e7age o\u00f9 la stabilit\u00e9 des bords et la flexibilit\u00e9 sont tr\u00e8s importantes. La bande abrasive impressionne par ses excellentes performances pour les exigences les plus \u00e9lev\u00e9es.<\/p>","protected":false},"featured_media":7322,"template":"","meta":{"site-sidebar-layout":"default","site-content-layout":"default","ast-site-content-layout":"default","site-content-style":"default","site-sidebar-style":"default","ast-global-header-display":"","ast-banner-title-visibility":"","ast-main-header-display":"","ast-hfb-above-header-display":"","ast-hfb-below-header-display":"","ast-hfb-mobile-header-display":"","site-post-title":"","ast-breadcrumbs-content":"","ast-featured-img":"","footer-sml-layout":"","ast-disable-related-posts":"","theme-transparent-header-meta":"default","adv-header-id-meta":"","stick-header-meta":"default","header-above-stick-meta":"","header-main-stick-meta":"","header-below-stick-meta":"","astra-migrate-meta-layouts":"default","ast-page-background-enabled":"default","ast-page-background-meta":{"desktop":{"background-color":"","background-image":"","background-repeat":"repeat","background-position":"center center","background-size":"auto","background-attachment":"scroll","background-type":"","background-media":"","overlay-type":"","overlay-color":"","overlay-opacity":"","overlay-gradient":""},"tablet":{"background-color":"","background-image":"","background-repeat":"repeat","background-position":"center center","background-size":"auto","background-attachment":"scroll","background-type":"","background-media":"","overlay-type":"","overlay-color":"","overlay-opacity":"","overlay-gradient":""},"mobile":{"background-color":"","background-image":"","background-repeat":"repeat","background-position":"center center","background-size":"auto","background-attachment":"scroll","background-type":"","background-media":"","overlay-type":"","overlay-color":"","overlay-opacity":"","overlay-gradient":""}},"ast-content-background-meta":{"desktop":{"background-color":"var(--ast-global-color-5)","background-image":"","background-repeat":"repeat","background-position":"center center","background-size":"auto","background-attachment":"scroll","background-type":"","background-media":"","overlay-type":"","overlay-color":"","overlay-opacity":"","overlay-gradient":""},"tablet":{"background-color":"var(--ast-global-color-5)","background-image":"","background-repeat":"repeat","background-position":"center center","background-size":"auto","background-attachment":"scroll","background-type":"","background-media":"","overlay-type":"","overlay-color":"","overlay-opacity":"","overlay-gradient":""},"mobile":{"background-color":"var(--ast-global-color-5)","background-image":"","background-repeat":"repeat","background-position":"center center","background-size":"auto","background-attachment":"scroll","background-type":"","background-media":"","overlay-type":"","overlay-color":"","overlay-opacity":"","overlay-gradient":""}}},"product_brand":[],"product_cat":[102,58,110,53],"product_tag":[],"class_list":{"0":"post-749","1":"product","2":"type-product","3":"status-publish","4":"has-post-thumbnail","6":"product_cat-application-abrasives","7":"product_cat-belts","8":"product_cat-metal","9":"product_cat-brand-sia-abrasives","10":"desktop-align-center","11":"tablet-align-center","12":"mobile-align-center","14":"first","15":"instock","16":"shipping-taxable","17":"product-type-simple"},"_links":{"self":[{"href":"https:\/\/jjscanada.ca\/fr\/wp-json\/wp\/v2\/product\/749","targetHints":{"allow":["GET"]}}],"collection":[{"href":"https:\/\/jjscanada.ca\/fr\/wp-json\/wp\/v2\/product"}],"about":[{"href":"https:\/\/jjscanada.ca\/fr\/wp-json\/wp\/v2\/types\/product"}],"wp:featuredmedia":[{"embeddable":true,"href":"https:\/\/jjscanada.ca\/fr\/wp-json\/wp\/v2\/media\/7322"}],"wp:attachment":[{"href":"https:\/\/jjscanada.ca\/fr\/wp-json\/wp\/v2\/media?parent=749"}],"wp:term":[{"taxonomy":"product_brand","embeddable":true,"href":"https:\/\/jjscanada.ca\/fr\/wp-json\/wp\/v2\/product_brand?post=749"},{"taxonomy":"product_cat","embeddable":true,"href":"https:\/\/jjscanada.ca\/fr\/wp-json\/wp\/v2\/product_cat?post=749"},{"taxonomy":"product_tag","embeddable":true,"href":"https:\/\/jjscanada.ca\/fr\/wp-json\/wp\/v2\/product_tag?post=749"}],"curies":[{"name":"wp","href":"https:\/\/api.w.org\/{rel}","templated":true}]}}