{"id":752,"date":"2022-11-18T19:47:31","date_gmt":"2022-11-18T19:47:31","guid":{"rendered":"https:\/\/jjscanada.ca\/?post_type=product&#038;p=752"},"modified":"2024-12-19T14:43:36","modified_gmt":"2024-12-19T14:43:36","slug":"series-2500","status":"publish","type":"product","link":"https:\/\/jjscanada.ca\/fr\/produit\/series-2500\/","title":{"rendered":"S\u00e9rie 2500"},"content":{"rendered":"<p><strong>L'innovation pour un taux d'enl\u00e8vement rapide<br \/>\n<\/strong>Lorsqu'il s'agit d'obtenir un taux d'enl\u00e8vement rapide et efficace, le disque c\u00e9ramique 2500 fournit les meilleurs r\u00e9sultats \u00e0 tout moment gr\u00e2ce \u00e0 sa technologie \u00e0 lamelles innovante - tout en garantissant une manipulation agr\u00e9able.<\/p>\n<p><strong>Avantages<\/strong><br \/>\n- Coupe agressive<br \/>\n- Taux d'enl\u00e8vement \u00e9lev\u00e9 gr\u00e2ce aux grains de c\u00e9ramique<br \/>\n- Sensation de pon\u00e7age agr\u00e9able<\/p>\n<p><strong>Applications<\/strong><br \/>\n- \u00c9barbage<br \/>\n- Pr\u00e9paration de la soudure<br \/>\n- Pon\u00e7age<br \/>\n- \u00c9liminer les d\u00e9colorations<br \/>\n- Traitement de surface<\/p>","protected":false},"excerpt":{"rendered":"<p><strong>l'innovateur pour un taux d'enl\u00e8vement rapide<\/strong><\/p>\n<p>Lorsqu'il s'agit d'obtenir un taux d'enl\u00e8vement rapide et efficace, le disque c\u00e9ramique 2500 fournit les meilleurs r\u00e9sultats \u00e0 tout moment gr\u00e2ce \u00e0 sa technologie \u00e0 lamelles innovante - tout en garantissant une manipulation agr\u00e9able.<\/p>","protected":false},"featured_media":7328,"template":"","meta":{"site-sidebar-layout":"default","site-content-layout":"default","ast-site-content-layout":"default","site-content-style":"default","site-sidebar-style":"default","ast-global-header-display":"","ast-banner-title-visibility":"","ast-main-header-display":"","ast-hfb-above-header-display":"","ast-hfb-below-header-display":"","ast-hfb-mobile-header-display":"","site-post-title":"","ast-breadcrumbs-content":"","ast-featured-img":"","footer-sml-layout":"","ast-disable-related-posts":"","theme-transparent-header-meta":"default","adv-header-id-meta":"","stick-header-meta":"default","header-above-stick-meta":"","header-main-stick-meta":"","header-below-stick-meta":"","astra-migrate-meta-layouts":"default","ast-page-background-enabled":"default","ast-page-background-meta":{"desktop":{"background-color":"","background-image":"","background-repeat":"repeat","background-position":"center center","background-size":"auto","background-attachment":"scroll","background-type":"","background-media":"","overlay-type":"","overlay-color":"","overlay-opacity":"","overlay-gradient":""},"tablet":{"background-color":"","background-image":"","background-repeat":"repeat","background-position":"center center","background-size":"auto","background-attachment":"scroll","background-type":"","background-media":"","overlay-type":"","overlay-color":"","overlay-opacity":"","overlay-gradient":""},"mobile":{"background-color":"","background-image":"","background-repeat":"repeat","background-position":"center center","background-size":"auto","background-attachment":"scroll","background-type":"","background-media":"","overlay-type":"","overlay-color":"","overlay-opacity":"","overlay-gradient":""}},"ast-content-background-meta":{"desktop":{"background-color":"var(--ast-global-color-5)","background-image":"","background-repeat":"repeat","background-position":"center center","background-size":"auto","background-attachment":"scroll","background-type":"","background-media":"","overlay-type":"","overlay-color":"","overlay-opacity":"","overlay-gradient":""},"tablet":{"background-color":"var(--ast-global-color-5)","background-image":"","background-repeat":"repeat","background-position":"center center","background-size":"auto","background-attachment":"scroll","background-type":"","background-media":"","overlay-type":"","overlay-color":"","overlay-opacity":"","overlay-gradient":""},"mobile":{"background-color":"var(--ast-global-color-5)","background-image":"","background-repeat":"repeat","background-position":"center center","background-size":"auto","background-attachment":"scroll","background-type":"","background-media":"","overlay-type":"","overlay-color":"","overlay-opacity":"","overlay-gradient":""}}},"product_brand":[],"product_cat":[102,62,110,53],"product_tag":[],"class_list":{"0":"post-752","1":"product","2":"type-product","3":"status-publish","4":"has-post-thumbnail","6":"product_cat-application-abrasives","7":"product_cat-flap-discs","8":"product_cat-metal","9":"product_cat-brand-sia-abrasives","10":"desktop-align-center","11":"tablet-align-center","12":"mobile-align-center","14":"first","15":"instock","16":"shipping-taxable","17":"product-type-simple"},"_links":{"self":[{"href":"https:\/\/jjscanada.ca\/fr\/wp-json\/wp\/v2\/product\/752","targetHints":{"allow":["GET"]}}],"collection":[{"href":"https:\/\/jjscanada.ca\/fr\/wp-json\/wp\/v2\/product"}],"about":[{"href":"https:\/\/jjscanada.ca\/fr\/wp-json\/wp\/v2\/types\/product"}],"wp:featuredmedia":[{"embeddable":true,"href":"https:\/\/jjscanada.ca\/fr\/wp-json\/wp\/v2\/media\/7328"}],"wp:attachment":[{"href":"https:\/\/jjscanada.ca\/fr\/wp-json\/wp\/v2\/media?parent=752"}],"wp:term":[{"taxonomy":"product_brand","embeddable":true,"href":"https:\/\/jjscanada.ca\/fr\/wp-json\/wp\/v2\/product_brand?post=752"},{"taxonomy":"product_cat","embeddable":true,"href":"https:\/\/jjscanada.ca\/fr\/wp-json\/wp\/v2\/product_cat?post=752"},{"taxonomy":"product_tag","embeddable":true,"href":"https:\/\/jjscanada.ca\/fr\/wp-json\/wp\/v2\/product_tag?post=752"}],"curies":[{"name":"wp","href":"https:\/\/api.w.org\/{rel}","templated":true}]}}