{"id":758,"date":"2022-11-18T19:47:31","date_gmt":"2022-11-18T19:47:31","guid":{"rendered":"https:\/\/jjscanada.ca\/?post_type=product&#038;p=758"},"modified":"2023-02-06T17:28:49","modified_gmt":"2023-02-06T17:28:49","slug":"series-1748","status":"publish","type":"product","link":"https:\/\/jjscanada.ca\/fr\/produit\/series-1748\/","title":{"rendered":"S\u00e9rie 1748"},"content":{"rendered":"<p><strong>Une pr\u00e9paration parfaite pour des finitions parfaites<br \/>\n<\/strong>En tant que produit sp\u00e9cialis\u00e9 dans la pr\u00e9paration au polissage et au laquage, le sialac 1748 poss\u00e8de un certain nombre de propri\u00e9t\u00e9s exceptionnelles qui, combin\u00e9es, donnent des r\u00e9sultats parfaits - qu'il s'agisse du calage des couches d'appr\u00eat et du mastic de carrosserie ou du pon\u00e7age interm\u00e9diaire et final des laques.<\/p>\n<p><strong>Avantages<\/strong><br \/>\n- Excellente qualit\u00e9 de surface dans les applications de laquage<br \/>\n- Faible colmatage<br \/>\n- Pour une utilisation manuelle ou m\u00e9canique<br \/>\n- Changement rapide et s\u00fbr de l'abrasif avec le syst\u00e8me de fixation \u00e0 boucles et crochets siafast<br \/>\n- Meilleure adaptabilit\u00e9 dans la version siasoft<br \/>\n- Pas de glissement des doigts gr\u00e2ce au dos en mousse<\/p>\n<p><strong>Applications<\/strong><br \/>\n- Pon\u00e7age final pour pr\u00e9parer le polissage<br \/>\n- Pon\u00e7age final en vue de la peinture<br \/>\n- Pon\u00e7age interm\u00e9diaire des laques<br \/>\n- Pon\u00e7age final des pi\u00e8ces profil\u00e9es<br \/>\n- Clavetage des appr\u00eats et des mastics<\/p>\n<p><a class=\"fasc-button fasc-size-medium fasc-type-flat fasc-ico-before dashicons-download\" style=\"background-color: #d10708; color: #ffffff;\" target=\"_blank\" href=\"https:\/\/jjscanada.ca\/wp-content\/uploads\/2023\/01\/1748_sialac_150-to-400_fast_2018_08_24_CAN.pdf\" rel=\"noopener\">T\u00c9L\u00c9CHARGER FICHE TECHNIQUE<\/a><\/p>","protected":false},"excerpt":{"rendered":"<p><strong>Une pr\u00e9paration parfaite pour des finitions parfaites<\/strong><\/p>\n<p>En tant que produit sp\u00e9cialis\u00e9 dans la pr\u00e9paration au polissage et au laquage, le sialac 1748 poss\u00e8de un certain nombre de propri\u00e9t\u00e9s exceptionnelles qui, combin\u00e9es, donnent des r\u00e9sultats parfaits - qu'il s'agisse du calage des couches d'appr\u00eat et du mastic de carrosserie ou du pon\u00e7age interm\u00e9diaire et final des laques.<\/p>","protected":false},"featured_media":7347,"template":"","meta":{"site-sidebar-layout":"default","site-content-layout":"default","ast-site-content-layout":"default","site-content-style":"default","site-sidebar-style":"default","ast-global-header-display":"","ast-banner-title-visibility":"","ast-main-header-display":"","ast-hfb-above-header-display":"","ast-hfb-below-header-display":"","ast-hfb-mobile-header-display":"","site-post-title":"","ast-breadcrumbs-content":"","ast-featured-img":"","footer-sml-layout":"","ast-disable-related-posts":"","theme-transparent-header-meta":"default","adv-header-id-meta":"","stick-header-meta":"default","header-above-stick-meta":"","header-main-stick-meta":"","header-below-stick-meta":"","astra-migrate-meta-layouts":"default","ast-page-background-enabled":"default","ast-page-background-meta":{"desktop":{"background-color":"","background-image":"","background-repeat":"repeat","background-position":"center center","background-size":"auto","background-attachment":"scroll","background-type":"","background-media":"","overlay-type":"","overlay-color":"","overlay-opacity":"","overlay-gradient":""},"tablet":{"background-color":"","background-image":"","background-repeat":"repeat","background-position":"center center","background-size":"auto","background-attachment":"scroll","background-type":"","background-media":"","overlay-type":"","overlay-color":"","overlay-opacity":"","overlay-gradient":""},"mobile":{"background-color":"","background-image":"","background-repeat":"repeat","background-position":"center center","background-size":"auto","background-attachment":"scroll","background-type":"","background-media":"","overlay-type":"","overlay-color":"","overlay-opacity":"","overlay-gradient":""}},"ast-content-background-meta":{"desktop":{"background-color":"var(--ast-global-color-5)","background-image":"","background-repeat":"repeat","background-position":"center center","background-size":"auto","background-attachment":"scroll","background-type":"","background-media":"","overlay-type":"","overlay-color":"","overlay-opacity":"","overlay-gradient":""},"tablet":{"background-color":"var(--ast-global-color-5)","background-image":"","background-repeat":"repeat","background-position":"center center","background-size":"auto","background-attachment":"scroll","background-type":"","background-media":"","overlay-type":"","overlay-color":"","overlay-opacity":"","overlay-gradient":""},"mobile":{"background-color":"var(--ast-global-color-5)","background-image":"","background-repeat":"repeat","background-position":"center center","background-size":"auto","background-attachment":"scroll","background-type":"","background-media":"","overlay-type":"","overlay-color":"","overlay-opacity":"","overlay-gradient":""}}},"product_brand":[],"product_cat":[102,66,53,57],"product_tag":[],"class_list":{"0":"post-758","1":"product","2":"type-product","3":"status-publish","4":"has-post-thumbnail","6":"product_cat-application-abrasives","7":"product_cat-sheets-strips","8":"product_cat-brand-sia-abrasives","9":"product_cat-woodworking","10":"desktop-align-center","11":"tablet-align-center","12":"mobile-align-center","14":"first","15":"instock","16":"shipping-taxable","17":"product-type-simple"},"_links":{"self":[{"href":"https:\/\/jjscanada.ca\/fr\/wp-json\/wp\/v2\/product\/758","targetHints":{"allow":["GET"]}}],"collection":[{"href":"https:\/\/jjscanada.ca\/fr\/wp-json\/wp\/v2\/product"}],"about":[{"href":"https:\/\/jjscanada.ca\/fr\/wp-json\/wp\/v2\/types\/product"}],"wp:featuredmedia":[{"embeddable":true,"href":"https:\/\/jjscanada.ca\/fr\/wp-json\/wp\/v2\/media\/7347"}],"wp:attachment":[{"href":"https:\/\/jjscanada.ca\/fr\/wp-json\/wp\/v2\/media?parent=758"}],"wp:term":[{"taxonomy":"product_brand","embeddable":true,"href":"https:\/\/jjscanada.ca\/fr\/wp-json\/wp\/v2\/product_brand?post=758"},{"taxonomy":"product_cat","embeddable":true,"href":"https:\/\/jjscanada.ca\/fr\/wp-json\/wp\/v2\/product_cat?post=758"},{"taxonomy":"product_tag","embeddable":true,"href":"https:\/\/jjscanada.ca\/fr\/wp-json\/wp\/v2\/product_tag?post=758"}],"curies":[{"name":"wp","href":"https:\/\/api.w.org\/{rel}","templated":true}]}}