{"id":763,"date":"2022-11-18T19:47:31","date_gmt":"2022-11-18T19:47:31","guid":{"rendered":"https:\/\/jjscanada.ca\/?post_type=product&#038;p=763"},"modified":"2024-10-10T17:31:10","modified_gmt":"2024-10-10T17:31:10","slug":"sia-57634","status":"publish","type":"product","link":"https:\/\/jjscanada.ca\/fr\/produit\/sia-57634\/","title":{"rendered":"Sia 57634"},"content":{"rendered":"<p><strong>Pour le pon\u00e7age humide dans les zones difficiles d'acc\u00e8s<\/strong><\/p>\n<p><strong><br \/>\n<\/strong>Ce tampon ponceur en \u00e9ponge douce vous permet de r\u00e9aliser facilement des travaux tels que le clavetage, le pon\u00e7age fin, l'\u00e9grenage et la pr\u00e9paration au polissage. Ce tampon tr\u00e8s flexible s'adapte parfaitement aux contours, aux courbes et aux profils et garantit ainsi une finition uniforme et de haute qualit\u00e9.<\/p>\n<p><strong>Avantages :<\/strong><\/p>\n<p>- Peut \u00eatre utilis\u00e9 humide ou sec ;<br \/>\n- Faible colmatage gr\u00e2ce aux propri\u00e9t\u00e9s 3D conf\u00e9r\u00e9es par la mousse, le syst\u00e8me de liant et la grenaille ;<br \/>\n- Pour les zones difficiles d'acc\u00e8s et les profils ronds ;<br \/>\n- Profondeur de rayure r\u00e9guli\u00e8re gr\u00e2ce \u00e0 une performance de meulage constante ;<br \/>\n- Pas de risque de pon\u00e7age gr\u00e2ce \u00e0 la mousse d'\u00e9quilibrage de la pression.<\/p>\n<p><strong>Applications :<\/strong><\/p>\n<p>- Clavetage du bois et des mati\u00e8res plastiques ;<br \/>\n- Clavetage de vernis, d'appr\u00eats et de peintures conventionnels, anciens et nouveaux ;<br \/>\n- Pon\u00e7age fin de l'appr\u00eat dans les zones difficiles d'acc\u00e8s ;<br \/>\n- \u00c9raflures sur les laques ;<br \/>\n- Mise \u00e0 plat du mastic d'appr\u00eat ;<br \/>\n- Pon\u00e7age interm\u00e9diaire des laques.<\/p>","protected":false},"excerpt":{"rendered":"<p><strong>pour le pon\u00e7age \u00e0 l'eau des zones difficiles d'acc\u00e8s<\/strong><\/p>\n<p>Ce tampon ponceur en \u00e9ponge douce vous permet de r\u00e9aliser facilement des travaux tels que le clavetage, le pon\u00e7age fin, l'\u00e9grenage et la pr\u00e9paration au polissage. Ce tampon tr\u00e8s flexible s'adapte parfaitement aux contours, aux courbes et aux profils et garantit ainsi une finition uniforme et de haute qualit\u00e9.<\/p>","protected":false},"featured_media":12062,"template":"","meta":{"site-sidebar-layout":"default","site-content-layout":"default","ast-site-content-layout":"default","site-content-style":"default","site-sidebar-style":"default","ast-global-header-display":"","ast-banner-title-visibility":"","ast-main-header-display":"","ast-hfb-above-header-display":"","ast-hfb-below-header-display":"","ast-hfb-mobile-header-display":"","site-post-title":"","ast-breadcrumbs-content":"","ast-featured-img":"","footer-sml-layout":"","ast-disable-related-posts":"","theme-transparent-header-meta":"default","adv-header-id-meta":"","stick-header-meta":"default","header-above-stick-meta":"","header-main-stick-meta":"","header-below-stick-meta":"","astra-migrate-meta-layouts":"set","ast-page-background-enabled":"default","ast-page-background-meta":{"desktop":{"background-color":"","background-image":"","background-repeat":"repeat","background-position":"center center","background-size":"auto","background-attachment":"scroll","background-type":"","background-media":"","overlay-type":"","overlay-color":"","overlay-opacity":"","overlay-gradient":""},"tablet":{"background-color":"","background-image":"","background-repeat":"repeat","background-position":"center center","background-size":"auto","background-attachment":"scroll","background-type":"","background-media":"","overlay-type":"","overlay-color":"","overlay-opacity":"","overlay-gradient":""},"mobile":{"background-color":"","background-image":"","background-repeat":"repeat","background-position":"center center","background-size":"auto","background-attachment":"scroll","background-type":"","background-media":"","overlay-type":"","overlay-color":"","overlay-opacity":"","overlay-gradient":""}},"ast-content-background-meta":{"desktop":{"background-color":"var(--ast-global-color-5)","background-image":"","background-repeat":"repeat","background-position":"center center","background-size":"auto","background-attachment":"scroll","background-type":"","background-media":"","overlay-type":"","overlay-color":"","overlay-opacity":"","overlay-gradient":""},"tablet":{"background-color":"var(--ast-global-color-5)","background-image":"","background-repeat":"repeat","background-position":"center center","background-size":"auto","background-attachment":"scroll","background-type":"","background-media":"","overlay-type":"","overlay-color":"","overlay-opacity":"","overlay-gradient":""},"mobile":{"background-color":"var(--ast-global-color-5)","background-image":"","background-repeat":"repeat","background-position":"center center","background-size":"auto","background-attachment":"scroll","background-type":"","background-media":"","overlay-type":"","overlay-color":"","overlay-opacity":"","overlay-gradient":""}}},"product_brand":[],"product_cat":[102,54,53,57],"product_tag":[],"class_list":{"0":"post-763","1":"product","2":"type-product","3":"status-publish","4":"has-post-thumbnail","6":"product_cat-application-abrasives","7":"product_cat-foam-abrasives","8":"product_cat-brand-sia-abrasives","9":"product_cat-woodworking","10":"desktop-align-center","11":"tablet-align-center","12":"mobile-align-center","14":"first","15":"instock","16":"shipping-taxable","17":"product-type-simple"},"_links":{"self":[{"href":"https:\/\/jjscanada.ca\/fr\/wp-json\/wp\/v2\/product\/763","targetHints":{"allow":["GET"]}}],"collection":[{"href":"https:\/\/jjscanada.ca\/fr\/wp-json\/wp\/v2\/product"}],"about":[{"href":"https:\/\/jjscanada.ca\/fr\/wp-json\/wp\/v2\/types\/product"}],"wp:featuredmedia":[{"embeddable":true,"href":"https:\/\/jjscanada.ca\/fr\/wp-json\/wp\/v2\/media\/12062"}],"wp:attachment":[{"href":"https:\/\/jjscanada.ca\/fr\/wp-json\/wp\/v2\/media?parent=763"}],"wp:term":[{"taxonomy":"product_brand","embeddable":true,"href":"https:\/\/jjscanada.ca\/fr\/wp-json\/wp\/v2\/product_brand?post=763"},{"taxonomy":"product_cat","embeddable":true,"href":"https:\/\/jjscanada.ca\/fr\/wp-json\/wp\/v2\/product_cat?post=763"},{"taxonomy":"product_tag","embeddable":true,"href":"https:\/\/jjscanada.ca\/fr\/wp-json\/wp\/v2\/product_tag?post=763"}],"curies":[{"name":"wp","href":"https:\/\/api.w.org\/{rel}","templated":true}]}}