{"id":789,"date":"2022-11-18T19:47:50","date_gmt":"2022-11-18T19:47:50","guid":{"rendered":"https:\/\/jjscanada.ca\/?post_type=product&#038;p=789"},"modified":"2023-02-06T17:43:27","modified_gmt":"2023-02-06T17:43:27","slug":"series-1919","status":"publish","type":"product","link":"https:\/\/jjscanada.ca\/fr\/produit\/series-1919\/","title":{"rendered":"S\u00e9rie 1919"},"content":{"rendered":"<p><strong>La r\u00e9f\u00e9rence pour le pon\u00e7age du bois et des laques<br \/>\n<\/strong>En tant que produit universel polyvalent aux propri\u00e9t\u00e9s exceptionnelles, 1919 siawood r\u00e9pond aux normes les plus strictes de l'industrie de transformation du bois et de l'artisanat dans les applications de pon\u00e7age du bois et des laques.<\/p>\n<p><strong>Avantages<\/strong><br \/>\n- Performances exceptionnelles et longue dur\u00e9e de vie<br \/>\n- Le support garde sa forme et n'est pas affect\u00e9 par les changements de temp\u00e9rature et de temp\u00e9rature.<br \/>\n- humidit\u00e9<br \/>\n- Des finitions de surface parfaites gr\u00e2ce \u00e0 TopTec<br \/>\n- Processus sans poussi\u00e8re : la construction antistatique permet une faible formation de poussi\u00e8re sur la bande, la pi\u00e8ce et les machines.<\/p>\n<p><strong>Applications<\/strong><br \/>\n- Pon\u00e7age interm\u00e9diaire des surfaces<br \/>\n- Pon\u00e7age final pour pr\u00e9parer le polissage<br \/>\n- Amorces de clavetage<\/p>\n<p><a class=\"fasc-button fasc-size-medium fasc-type-flat fasc-ico-before dashicons-download\" style=\"background-color: #d10708; color: #ffffff;\">T\u00c9L\u00c9CHARGER LA FICHE TECHNIQUE<\/a><\/p>","protected":false},"excerpt":{"rendered":"<p><strong>La r\u00e9f\u00e9rence pour le pon\u00e7age du bois et des laques<\/strong><\/p>\n<p>En tant que produit universel polyvalent aux propri\u00e9t\u00e9s exceptionnelles, 1919 siawood r\u00e9pond aux normes les plus strictes de l'industrie de transformation du bois et de l'artisanat dans les applications de pon\u00e7age du bois et des laques.<\/p>","protected":false},"featured_media":7360,"template":"","meta":{"site-sidebar-layout":"default","site-content-layout":"default","ast-site-content-layout":"default","site-content-style":"default","site-sidebar-style":"default","ast-global-header-display":"","ast-banner-title-visibility":"","ast-main-header-display":"","ast-hfb-above-header-display":"","ast-hfb-below-header-display":"","ast-hfb-mobile-header-display":"","site-post-title":"","ast-breadcrumbs-content":"","ast-featured-img":"","footer-sml-layout":"","ast-disable-related-posts":"","theme-transparent-header-meta":"default","adv-header-id-meta":"","stick-header-meta":"default","header-above-stick-meta":"","header-main-stick-meta":"","header-below-stick-meta":"","astra-migrate-meta-layouts":"default","ast-page-background-enabled":"default","ast-page-background-meta":{"desktop":{"background-color":"","background-image":"","background-repeat":"repeat","background-position":"center center","background-size":"auto","background-attachment":"scroll","background-type":"","background-media":"","overlay-type":"","overlay-color":"","overlay-opacity":"","overlay-gradient":""},"tablet":{"background-color":"","background-image":"","background-repeat":"repeat","background-position":"center center","background-size":"auto","background-attachment":"scroll","background-type":"","background-media":"","overlay-type":"","overlay-color":"","overlay-opacity":"","overlay-gradient":""},"mobile":{"background-color":"","background-image":"","background-repeat":"repeat","background-position":"center center","background-size":"auto","background-attachment":"scroll","background-type":"","background-media":"","overlay-type":"","overlay-color":"","overlay-opacity":"","overlay-gradient":""}},"ast-content-background-meta":{"desktop":{"background-color":"var(--ast-global-color-5)","background-image":"","background-repeat":"repeat","background-position":"center center","background-size":"auto","background-attachment":"scroll","background-type":"","background-media":"","overlay-type":"","overlay-color":"","overlay-opacity":"","overlay-gradient":""},"tablet":{"background-color":"var(--ast-global-color-5)","background-image":"","background-repeat":"repeat","background-position":"center center","background-size":"auto","background-attachment":"scroll","background-type":"","background-media":"","overlay-type":"","overlay-color":"","overlay-opacity":"","overlay-gradient":""},"mobile":{"background-color":"var(--ast-global-color-5)","background-image":"","background-repeat":"repeat","background-position":"center center","background-size":"auto","background-attachment":"scroll","background-type":"","background-media":"","overlay-type":"","overlay-color":"","overlay-opacity":"","overlay-gradient":""}}},"product_brand":[],"product_cat":[102,58,53,57],"product_tag":[],"class_list":{"0":"post-789","1":"product","2":"type-product","3":"status-publish","4":"has-post-thumbnail","6":"product_cat-application-abrasives","7":"product_cat-belts","8":"product_cat-brand-sia-abrasives","9":"product_cat-woodworking","10":"desktop-align-center","11":"tablet-align-center","12":"mobile-align-center","14":"first","15":"instock","16":"shipping-taxable","17":"product-type-simple"},"_links":{"self":[{"href":"https:\/\/jjscanada.ca\/fr\/wp-json\/wp\/v2\/product\/789","targetHints":{"allow":["GET"]}}],"collection":[{"href":"https:\/\/jjscanada.ca\/fr\/wp-json\/wp\/v2\/product"}],"about":[{"href":"https:\/\/jjscanada.ca\/fr\/wp-json\/wp\/v2\/types\/product"}],"wp:featuredmedia":[{"embeddable":true,"href":"https:\/\/jjscanada.ca\/fr\/wp-json\/wp\/v2\/media\/7360"}],"wp:attachment":[{"href":"https:\/\/jjscanada.ca\/fr\/wp-json\/wp\/v2\/media?parent=789"}],"wp:term":[{"taxonomy":"product_brand","embeddable":true,"href":"https:\/\/jjscanada.ca\/fr\/wp-json\/wp\/v2\/product_brand?post=789"},{"taxonomy":"product_cat","embeddable":true,"href":"https:\/\/jjscanada.ca\/fr\/wp-json\/wp\/v2\/product_cat?post=789"},{"taxonomy":"product_tag","embeddable":true,"href":"https:\/\/jjscanada.ca\/fr\/wp-json\/wp\/v2\/product_tag?post=789"}],"curies":[{"name":"wp","href":"https:\/\/api.w.org\/{rel}","templated":true}]}}