{"id":790,"date":"2022-11-18T19:47:50","date_gmt":"2022-11-18T19:47:50","guid":{"rendered":"https:\/\/jjscanada.ca\/?post_type=product&#038;p=790"},"modified":"2023-02-06T17:54:40","modified_gmt":"2023-02-06T17:54:40","slug":"series-1749","status":"publish","type":"product","link":"https:\/\/jjscanada.ca\/fr\/produit\/series-1749\/","title":{"rendered":"S\u00e9rie 1749"},"content":{"rendered":"<p><strong>Le num\u00e9ro 1 pour le pon\u00e7age \u00e0 bande des panneaux MDF, HDF et agglom\u00e9r\u00e9s<br \/>\n<\/strong>Abrasif sp\u00e9cialis\u00e9 pour le clavetage des panneaux MDF, HDF et agglom\u00e9r\u00e9s, le 1749 siaral offre une longue dur\u00e9e de vie et une finition de surface de haute qualit\u00e9. Egalement in\u00e9gal\u00e9 : le pon\u00e7age interm\u00e9diaire des laques et le pon\u00e7age final de l'imposte et des placages de haute qualit\u00e9.<\/p>\n<p><strong>Avantages<\/strong><br \/>\n- Longue dur\u00e9e de vie pour le pon\u00e7age des panneaux MDF et HDF et des panneaux d'agglom\u00e9r\u00e9<br \/>\n- Des finitions de surface parfaites gr\u00e2ce \u00e0 TopTec<br \/>\n- Processus sans poussi\u00e8re : la construction antistatique permet une faible formation de poussi\u00e8re sur la bande, la pi\u00e8ce et les machines.<br \/>\n- Meilleure qualit\u00e9 de surface<br \/>\n- Tr\u00e8s bonne finition du bois massif et du placage<\/p>\n<p><strong>Applications<\/strong><br \/>\n- Encadrement des chants et des surfaces sur les panneaux MDF, HDF et les panneaux de fibres de bois.<br \/>\n- panneaux d'agglom\u00e9r\u00e9<br \/>\n- \u00c9talonnage<br \/>\n- Pon\u00e7age final en vue de la peinture<br \/>\n- Pon\u00e7age interm\u00e9diaire des composites, des r\u00e9sines synth\u00e9tiques et des surfaces en PRV<br \/>\n- Pon\u00e7age final de l'imposte et des placages de haute qualit\u00e9<br \/>\n- Pon\u00e7age interm\u00e9diaire des laques<\/p>\n<p><a class=\"fasc-button fasc-size-medium fasc-type-flat fasc-ico-before dashicons-download\" style=\"background-color: #d10708; color: #ffffff;\" target=\"_blank\" href=\"https:\/\/jjscanada.ca\/wp-content\/uploads\/2023\/01\/1749_siaral-f_36-to-400_plain_2018_08_24_CAN.pdf\" rel=\"noopener\">T\u00c9L\u00c9CHARGER FICHE TECHNIQUE<\/a><\/p>","protected":false},"excerpt":{"rendered":"<p><strong>Le num\u00e9ro 1 pour le pon\u00e7age \u00e0 bande des panneaux MDF, HDF et agglom\u00e9r\u00e9s<\/strong><\/p>\n<p>Abrasif sp\u00e9cialis\u00e9 pour le clavetage des panneaux MDF, HDF et agglom\u00e9r\u00e9s, le 1749 siaral offre une longue dur\u00e9e de vie et une finition de surface de haute qualit\u00e9. Egalement in\u00e9gal\u00e9 : pon\u00e7age interm\u00e9diaire des laques et pon\u00e7age final sur les placages de tableau et les placages de haute qualit\u00e9.<\/p>","protected":false},"featured_media":7361,"template":"","meta":{"site-sidebar-layout":"default","site-content-layout":"default","ast-site-content-layout":"default","site-content-style":"default","site-sidebar-style":"default","ast-global-header-display":"","ast-banner-title-visibility":"","ast-main-header-display":"","ast-hfb-above-header-display":"","ast-hfb-below-header-display":"","ast-hfb-mobile-header-display":"","site-post-title":"","ast-breadcrumbs-content":"","ast-featured-img":"","footer-sml-layout":"","ast-disable-related-posts":"","theme-transparent-header-meta":"default","adv-header-id-meta":"","stick-header-meta":"default","header-above-stick-meta":"","header-main-stick-meta":"","header-below-stick-meta":"","astra-migrate-meta-layouts":"default","ast-page-background-enabled":"default","ast-page-background-meta":{"desktop":{"background-color":"","background-image":"","background-repeat":"repeat","background-position":"center center","background-size":"auto","background-attachment":"scroll","background-type":"","background-media":"","overlay-type":"","overlay-color":"","overlay-opacity":"","overlay-gradient":""},"tablet":{"background-color":"","background-image":"","background-repeat":"repeat","background-position":"center center","background-size":"auto","background-attachment":"scroll","background-type":"","background-media":"","overlay-type":"","overlay-color":"","overlay-opacity":"","overlay-gradient":""},"mobile":{"background-color":"","background-image":"","background-repeat":"repeat","background-position":"center center","background-size":"auto","background-attachment":"scroll","background-type":"","background-media":"","overlay-type":"","overlay-color":"","overlay-opacity":"","overlay-gradient":""}},"ast-content-background-meta":{"desktop":{"background-color":"var(--ast-global-color-5)","background-image":"","background-repeat":"repeat","background-position":"center center","background-size":"auto","background-attachment":"scroll","background-type":"","background-media":"","overlay-type":"","overlay-color":"","overlay-opacity":"","overlay-gradient":""},"tablet":{"background-color":"var(--ast-global-color-5)","background-image":"","background-repeat":"repeat","background-position":"center center","background-size":"auto","background-attachment":"scroll","background-type":"","background-media":"","overlay-type":"","overlay-color":"","overlay-opacity":"","overlay-gradient":""},"mobile":{"background-color":"var(--ast-global-color-5)","background-image":"","background-repeat":"repeat","background-position":"center center","background-size":"auto","background-attachment":"scroll","background-type":"","background-media":"","overlay-type":"","overlay-color":"","overlay-opacity":"","overlay-gradient":""}}},"product_brand":[],"product_cat":[102,58,53,57],"product_tag":[],"class_list":{"0":"post-790","1":"product","2":"type-product","3":"status-publish","4":"has-post-thumbnail","6":"product_cat-application-abrasives","7":"product_cat-belts","8":"product_cat-brand-sia-abrasives","9":"product_cat-woodworking","10":"desktop-align-center","11":"tablet-align-center","12":"mobile-align-center","14":"first","15":"instock","16":"shipping-taxable","17":"product-type-simple"},"_links":{"self":[{"href":"https:\/\/jjscanada.ca\/fr\/wp-json\/wp\/v2\/product\/790","targetHints":{"allow":["GET"]}}],"collection":[{"href":"https:\/\/jjscanada.ca\/fr\/wp-json\/wp\/v2\/product"}],"about":[{"href":"https:\/\/jjscanada.ca\/fr\/wp-json\/wp\/v2\/types\/product"}],"wp:featuredmedia":[{"embeddable":true,"href":"https:\/\/jjscanada.ca\/fr\/wp-json\/wp\/v2\/media\/7361"}],"wp:attachment":[{"href":"https:\/\/jjscanada.ca\/fr\/wp-json\/wp\/v2\/media?parent=790"}],"wp:term":[{"taxonomy":"product_brand","embeddable":true,"href":"https:\/\/jjscanada.ca\/fr\/wp-json\/wp\/v2\/product_brand?post=790"},{"taxonomy":"product_cat","embeddable":true,"href":"https:\/\/jjscanada.ca\/fr\/wp-json\/wp\/v2\/product_cat?post=790"},{"taxonomy":"product_tag","embeddable":true,"href":"https:\/\/jjscanada.ca\/fr\/wp-json\/wp\/v2\/product_tag?post=790"}],"curies":[{"name":"wp","href":"https:\/\/api.w.org\/{rel}","templated":true}]}}