{"id":792,"date":"2022-11-18T19:47:50","date_gmt":"2022-11-18T19:47:50","guid":{"rendered":"https:\/\/jjscanada.ca\/?post_type=product&#038;p=792"},"modified":"2023-02-06T18:10:33","modified_gmt":"2023-02-06T18:10:33","slug":"series-2920","status":"publish","type":"product","link":"https:\/\/jjscanada.ca\/fr\/produit\/series-2920\/","title":{"rendered":"S\u00e9rie 2920"},"content":{"rendered":"<p><strong>Pour une performance optimale sur le bois de r\u00e9sineux<br \/>\n<\/strong>Le 2920 siawood est id\u00e9al pour le pon\u00e7age manuel et le pon\u00e7age \u00e0 bande dans la production de contreplaqu\u00e9 et de panneaux de bois tendre. Il offre des taux d'enl\u00e8vement de mati\u00e8re \u00e9lev\u00e9s, une longue dur\u00e9e de vie et une excellente finition dans les applications de pon\u00e7age grossier \u00e0 fin.<\/p>\n<p><strong>Avantages<\/strong><br \/>\n- Des finitions de surface parfaites gr\u00e2ce \u00e0 TopTec<br \/>\n- Processus sans poussi\u00e8re : la construction antistatique permet une faible formation de poussi\u00e8re sur la bande, la pi\u00e8ce et les machines.<br \/>\n- Adapt\u00e9 \u00e0 une utilisation prolong\u00e9e gr\u00e2ce \u00e0 un support tr\u00e8s robuste et \u00e0 une technologie d'\u00e9pandage des grains optimis\u00e9e.<br \/>\n- Taux d'enl\u00e8vement \u00e9lev\u00e9 lors du travail sur le bois tendre et le bois dur avec des grains plus grossiers.<\/p>\n<p><strong>Applications<\/strong><br \/>\n- Pon\u00e7age affleurant des bords<br \/>\n- Pon\u00e7age grossier dans la fabrication de contreplaqu\u00e9<br \/>\n- Pon\u00e7age interm\u00e9diaire dans la fabrication du contreplaqu\u00e9<br \/>\n- Pon\u00e7age grossier de panneaux stratifi\u00e9s en bois de r\u00e9sineux<br \/>\n- Pon\u00e7age interm\u00e9diaire de panneaux de bois r\u00e9sineux stratifi\u00e9s<br \/>\n- Pon\u00e7age fin de panneaux stratifi\u00e9s en bois de r\u00e9sineux<br \/>\n- Pon\u00e7age et \u00e9limination des peintures et des vernis<\/p>\n<p><a class=\"fasc-button fasc-size-medium fasc-type-flat fasc-ico-before dashicons-download\" style=\"background-color: #d10708; color: #ffffff;\" target=\"_blank\" href=\"https:\/\/jjscanada.ca\/wp-content\/uploads\/2023\/01\/2920_siawood-Top-Tec_16-to-180_plain_2018_10_03_CAN.pdf\" rel=\"noopener\">T\u00c9L\u00c9CHARGER FICHE TECHNIQUE<\/a><\/p>","protected":false},"excerpt":{"rendered":"<p><strong>pour une performance optimale sur le bois tendre<\/strong><\/p>\n<p>Le 2920 siawood est id\u00e9al pour le pon\u00e7age manuel et le pon\u00e7age \u00e0 bande dans la production de contreplaqu\u00e9 et de panneaux de bois tendre. Il offre des taux d'enl\u00e8vement de mati\u00e8re \u00e9lev\u00e9s, une longue dur\u00e9e de vie et une excellente finition dans les applications de pon\u00e7age grossier \u00e0 fin.<\/p>","protected":false},"featured_media":7366,"template":"","meta":{"site-sidebar-layout":"default","site-content-layout":"default","ast-site-content-layout":"default","site-content-style":"default","site-sidebar-style":"default","ast-global-header-display":"","ast-banner-title-visibility":"","ast-main-header-display":"","ast-hfb-above-header-display":"","ast-hfb-below-header-display":"","ast-hfb-mobile-header-display":"","site-post-title":"","ast-breadcrumbs-content":"","ast-featured-img":"","footer-sml-layout":"","ast-disable-related-posts":"","theme-transparent-header-meta":"default","adv-header-id-meta":"","stick-header-meta":"default","header-above-stick-meta":"","header-main-stick-meta":"","header-below-stick-meta":"","astra-migrate-meta-layouts":"default","ast-page-background-enabled":"default","ast-page-background-meta":{"desktop":{"background-color":"","background-image":"","background-repeat":"repeat","background-position":"center center","background-size":"auto","background-attachment":"scroll","background-type":"","background-media":"","overlay-type":"","overlay-color":"","overlay-opacity":"","overlay-gradient":""},"tablet":{"background-color":"","background-image":"","background-repeat":"repeat","background-position":"center center","background-size":"auto","background-attachment":"scroll","background-type":"","background-media":"","overlay-type":"","overlay-color":"","overlay-opacity":"","overlay-gradient":""},"mobile":{"background-color":"","background-image":"","background-repeat":"repeat","background-position":"center center","background-size":"auto","background-attachment":"scroll","background-type":"","background-media":"","overlay-type":"","overlay-color":"","overlay-opacity":"","overlay-gradient":""}},"ast-content-background-meta":{"desktop":{"background-color":"var(--ast-global-color-5)","background-image":"","background-repeat":"repeat","background-position":"center center","background-size":"auto","background-attachment":"scroll","background-type":"","background-media":"","overlay-type":"","overlay-color":"","overlay-opacity":"","overlay-gradient":""},"tablet":{"background-color":"var(--ast-global-color-5)","background-image":"","background-repeat":"repeat","background-position":"center center","background-size":"auto","background-attachment":"scroll","background-type":"","background-media":"","overlay-type":"","overlay-color":"","overlay-opacity":"","overlay-gradient":""},"mobile":{"background-color":"var(--ast-global-color-5)","background-image":"","background-repeat":"repeat","background-position":"center center","background-size":"auto","background-attachment":"scroll","background-type":"","background-media":"","overlay-type":"","overlay-color":"","overlay-opacity":"","overlay-gradient":""}}},"product_brand":[],"product_cat":[102,58,53,57],"product_tag":[],"class_list":{"0":"post-792","1":"product","2":"type-product","3":"status-publish","4":"has-post-thumbnail","6":"product_cat-application-abrasives","7":"product_cat-belts","8":"product_cat-brand-sia-abrasives","9":"product_cat-woodworking","10":"desktop-align-center","11":"tablet-align-center","12":"mobile-align-center","14":"first","15":"instock","16":"shipping-taxable","17":"product-type-simple"},"_links":{"self":[{"href":"https:\/\/jjscanada.ca\/fr\/wp-json\/wp\/v2\/product\/792","targetHints":{"allow":["GET"]}}],"collection":[{"href":"https:\/\/jjscanada.ca\/fr\/wp-json\/wp\/v2\/product"}],"about":[{"href":"https:\/\/jjscanada.ca\/fr\/wp-json\/wp\/v2\/types\/product"}],"wp:featuredmedia":[{"embeddable":true,"href":"https:\/\/jjscanada.ca\/fr\/wp-json\/wp\/v2\/media\/7366"}],"wp:attachment":[{"href":"https:\/\/jjscanada.ca\/fr\/wp-json\/wp\/v2\/media?parent=792"}],"wp:term":[{"taxonomy":"product_brand","embeddable":true,"href":"https:\/\/jjscanada.ca\/fr\/wp-json\/wp\/v2\/product_brand?post=792"},{"taxonomy":"product_cat","embeddable":true,"href":"https:\/\/jjscanada.ca\/fr\/wp-json\/wp\/v2\/product_cat?post=792"},{"taxonomy":"product_tag","embeddable":true,"href":"https:\/\/jjscanada.ca\/fr\/wp-json\/wp\/v2\/product_tag?post=792"}],"curies":[{"name":"wp","href":"https:\/\/api.w.org\/{rel}","templated":true}]}}