{"id":794,"date":"2022-11-18T19:47:50","date_gmt":"2022-11-18T19:47:50","guid":{"rendered":"https:\/\/jjscanada.ca\/?post_type=product&#038;p=794"},"modified":"2023-02-06T18:54:53","modified_gmt":"2023-02-06T18:54:53","slug":"series-2946","status":"publish","type":"product","link":"https:\/\/jjscanada.ca\/fr\/produit\/series-2946\/","title":{"rendered":"S\u00e9rie 2946"},"content":{"rendered":"<p><strong>La r\u00e9f\u00e9rence en mati\u00e8re de profils et de contours<br \/>\n<\/strong>2946 siatur jj est un produit polyvalent qui convient au traitement de surface des profils et des surfaces en acier profil\u00e9, des m\u00e9taux difficiles \u00e0 poncer et des m\u00e9taux non ferreux \u00e0 l'aide de machines \u00e0 bande abrasive stationnaires ou manuelles - il donne des r\u00e9sultats impressionnants \u00e0 chaque \u00e9tape, de l'\u00e9bavurage \u00e0 la finition parfaite.<\/p>\n<p><strong>Avantages<\/strong><br \/>\n- Grande adaptabilit\u00e9 aux contours, courbes et profils<br \/>\n- Excellente qualit\u00e9 de surface<br \/>\n- Polyvalent<\/p>\n<p><strong>Applications<\/strong><br \/>\n- Enlever la rouille<br \/>\n- \u00c9liminer les d\u00e9colorations<br \/>\n- Traitement de surface<br \/>\n- \u00c9barbage<br \/>\n- M\u00e9lange<br \/>\n- Structuration et pon\u00e7age final<\/p>\n<p><a class=\"fasc-button fasc-size-medium fasc-type-flat fasc-ico-before dashicons-download\" style=\"background-color: #d10708; color: #ffffff;\" target=\"_blank\" href=\"https:\/\/jjscanada.ca\/wp-content\/uploads\/2023\/01\/2946_siaflap-basematerial_60-to-220_plain_2018_08_28_CAN.pdf\" rel=\"noopener\">T\u00c9L\u00c9CHARGER FICHE TECHNIQUE<\/a><\/p>","protected":false},"excerpt":{"rendered":"<p><strong>La r\u00e9f\u00e9rence en mati\u00e8re de profils et de contours<\/strong><\/p>\n<p>2946 siatur jj est un produit polyvalent qui convient au traitement de surface des profils et des surfaces en acier profil\u00e9, des m\u00e9taux difficiles \u00e0 poncer et des m\u00e9taux non ferreux \u00e0 l'aide de machines \u00e0 bande abrasive stationnaires ou manuelles - il donne des r\u00e9sultats impressionnants \u00e0 chaque \u00e9tape, de l'\u00e9bavurage \u00e0 la finition parfaite.<\/p>","protected":false},"featured_media":7372,"template":"","meta":{"site-sidebar-layout":"default","site-content-layout":"default","ast-site-content-layout":"default","site-content-style":"default","site-sidebar-style":"default","ast-global-header-display":"","ast-banner-title-visibility":"","ast-main-header-display":"","ast-hfb-above-header-display":"","ast-hfb-below-header-display":"","ast-hfb-mobile-header-display":"","site-post-title":"","ast-breadcrumbs-content":"","ast-featured-img":"","footer-sml-layout":"","ast-disable-related-posts":"","theme-transparent-header-meta":"default","adv-header-id-meta":"","stick-header-meta":"default","header-above-stick-meta":"","header-main-stick-meta":"","header-below-stick-meta":"","astra-migrate-meta-layouts":"default","ast-page-background-enabled":"default","ast-page-background-meta":{"desktop":{"background-color":"","background-image":"","background-repeat":"repeat","background-position":"center center","background-size":"auto","background-attachment":"scroll","background-type":"","background-media":"","overlay-type":"","overlay-color":"","overlay-opacity":"","overlay-gradient":""},"tablet":{"background-color":"","background-image":"","background-repeat":"repeat","background-position":"center center","background-size":"auto","background-attachment":"scroll","background-type":"","background-media":"","overlay-type":"","overlay-color":"","overlay-opacity":"","overlay-gradient":""},"mobile":{"background-color":"","background-image":"","background-repeat":"repeat","background-position":"center center","background-size":"auto","background-attachment":"scroll","background-type":"","background-media":"","overlay-type":"","overlay-color":"","overlay-opacity":"","overlay-gradient":""}},"ast-content-background-meta":{"desktop":{"background-color":"var(--ast-global-color-5)","background-image":"","background-repeat":"repeat","background-position":"center center","background-size":"auto","background-attachment":"scroll","background-type":"","background-media":"","overlay-type":"","overlay-color":"","overlay-opacity":"","overlay-gradient":""},"tablet":{"background-color":"var(--ast-global-color-5)","background-image":"","background-repeat":"repeat","background-position":"center center","background-size":"auto","background-attachment":"scroll","background-type":"","background-media":"","overlay-type":"","overlay-color":"","overlay-opacity":"","overlay-gradient":""},"mobile":{"background-color":"var(--ast-global-color-5)","background-image":"","background-repeat":"repeat","background-position":"center center","background-size":"auto","background-attachment":"scroll","background-type":"","background-media":"","overlay-type":"","overlay-color":"","overlay-opacity":"","overlay-gradient":""}}},"product_brand":[],"product_cat":[102,58,53,57],"product_tag":[],"class_list":{"0":"post-794","1":"product","2":"type-product","3":"status-publish","4":"has-post-thumbnail","6":"product_cat-application-abrasives","7":"product_cat-belts","8":"product_cat-brand-sia-abrasives","9":"product_cat-woodworking","10":"desktop-align-center","11":"tablet-align-center","12":"mobile-align-center","14":"first","15":"instock","16":"shipping-taxable","17":"product-type-simple"},"_links":{"self":[{"href":"https:\/\/jjscanada.ca\/fr\/wp-json\/wp\/v2\/product\/794","targetHints":{"allow":["GET"]}}],"collection":[{"href":"https:\/\/jjscanada.ca\/fr\/wp-json\/wp\/v2\/product"}],"about":[{"href":"https:\/\/jjscanada.ca\/fr\/wp-json\/wp\/v2\/types\/product"}],"wp:featuredmedia":[{"embeddable":true,"href":"https:\/\/jjscanada.ca\/fr\/wp-json\/wp\/v2\/media\/7372"}],"wp:attachment":[{"href":"https:\/\/jjscanada.ca\/fr\/wp-json\/wp\/v2\/media?parent=794"}],"wp:term":[{"taxonomy":"product_brand","embeddable":true,"href":"https:\/\/jjscanada.ca\/fr\/wp-json\/wp\/v2\/product_brand?post=794"},{"taxonomy":"product_cat","embeddable":true,"href":"https:\/\/jjscanada.ca\/fr\/wp-json\/wp\/v2\/product_cat?post=794"},{"taxonomy":"product_tag","embeddable":true,"href":"https:\/\/jjscanada.ca\/fr\/wp-json\/wp\/v2\/product_tag?post=794"}],"curies":[{"name":"wp","href":"https:\/\/api.w.org\/{rel}","templated":true}]}}