{"id":795,"date":"2022-11-18T19:47:50","date_gmt":"2022-11-18T19:47:50","guid":{"rendered":"https:\/\/jjscanada.ca\/?post_type=product&#038;p=795"},"modified":"2023-02-06T18:38:17","modified_gmt":"2023-02-06T18:38:17","slug":"series-2820","status":"publish","type":"product","link":"https:\/\/jjscanada.ca\/fr\/produit\/series-2820\/","title":{"rendered":"S\u00e9rie 2820"},"content":{"rendered":"<p><strong>La bande abrasive polyvalente pour l'acier non alli\u00e9 et les m\u00e9taux non ferreux<br \/>\n<\/strong>En tant que produit sp\u00e9cialis\u00e9 con\u00e7u pour le pon\u00e7age \u00e0 sec avec des taux d'enl\u00e8vement \u00e9lev\u00e9s ainsi qu'une excellente stabilit\u00e9 des bords et une r\u00e9sistance \u00e0 la d\u00e9chirure, 2820 siamet convient \u00e0 une grande vari\u00e9t\u00e9 de travaux allant de l'\u00e9limination de la rouille ou de la peinture \u00e0 la pr\u00e9paration de la soudure - que ce soit sur des aciers non alli\u00e9s ou des m\u00e9taux non ferreux.<\/p>\n<p><strong>Avantages<\/strong><br \/>\n- Haute stabilit\u00e9 des bords, haute r\u00e9sistance \u00e0 la d\u00e9chirure<br \/>\n- Haute performance pour tous les m\u00e9taux<br \/>\n- Coupe agressive<\/p>\n<p><strong>Applications<\/strong><br \/>\n- D\u00e9capage de la peinture<br \/>\n- Enlever la rouille<br \/>\n-Pr\u00e9paration de la soudure<br \/>\n- \u00c9liminer les d\u00e9colorations<br \/>\n- Pon\u00e7age<br \/>\n- Traitement de surface<br \/>\n- \u00c9barbage<br \/>\n- M\u00e9lange<\/p>\n<p><a class=\"fasc-button fasc-size-medium fasc-type-flat fasc-ico-before dashicons-download\" style=\"background-color: #d10708; color: #ffffff;\" target=\"_blank\" href=\"https:\/\/jjscanada.ca\/wp-content\/uploads\/2023\/01\/2820_siamet_40-to-400_plain_2018_08_27_CAN.pdf\" rel=\"noopener\">T\u00c9L\u00c9CHARGER FICHE TECHNIQUE<\/a><\/p>","protected":false},"excerpt":{"rendered":"<p><strong>La bande abrasive polyvalente pour l'acier non alli\u00e9 et les m\u00e9taux non ferreux<\/strong><\/p>\n<p>En tant que produit sp\u00e9cialis\u00e9 con\u00e7u pour le pon\u00e7age \u00e0 sec avec des taux d'enl\u00e8vement \u00e9lev\u00e9s ainsi qu'une excellente stabilit\u00e9 des bords et une r\u00e9sistance \u00e0 la d\u00e9chirure, 2820 siamet convient \u00e0 une grande vari\u00e9t\u00e9 de travaux allant de l'\u00e9limination de la rouille ou de la peinture \u00e0 la pr\u00e9paration de la soudure - que ce soit sur des aciers non alli\u00e9s ou des m\u00e9taux non ferreux.<\/p>","protected":false},"featured_media":7369,"template":"","meta":{"site-sidebar-layout":"default","site-content-layout":"default","ast-site-content-layout":"default","site-content-style":"default","site-sidebar-style":"default","ast-global-header-display":"","ast-banner-title-visibility":"","ast-main-header-display":"","ast-hfb-above-header-display":"","ast-hfb-below-header-display":"","ast-hfb-mobile-header-display":"","site-post-title":"","ast-breadcrumbs-content":"","ast-featured-img":"","footer-sml-layout":"","ast-disable-related-posts":"","theme-transparent-header-meta":"default","adv-header-id-meta":"","stick-header-meta":"default","header-above-stick-meta":"","header-main-stick-meta":"","header-below-stick-meta":"","astra-migrate-meta-layouts":"default","ast-page-background-enabled":"default","ast-page-background-meta":{"desktop":{"background-color":"","background-image":"","background-repeat":"repeat","background-position":"center center","background-size":"auto","background-attachment":"scroll","background-type":"","background-media":"","overlay-type":"","overlay-color":"","overlay-opacity":"","overlay-gradient":""},"tablet":{"background-color":"","background-image":"","background-repeat":"repeat","background-position":"center center","background-size":"auto","background-attachment":"scroll","background-type":"","background-media":"","overlay-type":"","overlay-color":"","overlay-opacity":"","overlay-gradient":""},"mobile":{"background-color":"","background-image":"","background-repeat":"repeat","background-position":"center center","background-size":"auto","background-attachment":"scroll","background-type":"","background-media":"","overlay-type":"","overlay-color":"","overlay-opacity":"","overlay-gradient":""}},"ast-content-background-meta":{"desktop":{"background-color":"var(--ast-global-color-5)","background-image":"","background-repeat":"repeat","background-position":"center center","background-size":"auto","background-attachment":"scroll","background-type":"","background-media":"","overlay-type":"","overlay-color":"","overlay-opacity":"","overlay-gradient":""},"tablet":{"background-color":"var(--ast-global-color-5)","background-image":"","background-repeat":"repeat","background-position":"center center","background-size":"auto","background-attachment":"scroll","background-type":"","background-media":"","overlay-type":"","overlay-color":"","overlay-opacity":"","overlay-gradient":""},"mobile":{"background-color":"var(--ast-global-color-5)","background-image":"","background-repeat":"repeat","background-position":"center center","background-size":"auto","background-attachment":"scroll","background-type":"","background-media":"","overlay-type":"","overlay-color":"","overlay-opacity":"","overlay-gradient":""}}},"product_brand":[],"product_cat":[102,58,110,53],"product_tag":[],"class_list":{"0":"post-795","1":"product","2":"type-product","3":"status-publish","4":"has-post-thumbnail","6":"product_cat-application-abrasives","7":"product_cat-belts","8":"product_cat-metal","9":"product_cat-brand-sia-abrasives","10":"desktop-align-center","11":"tablet-align-center","12":"mobile-align-center","14":"first","15":"instock","16":"shipping-taxable","17":"product-type-simple"},"_links":{"self":[{"href":"https:\/\/jjscanada.ca\/fr\/wp-json\/wp\/v2\/product\/795","targetHints":{"allow":["GET"]}}],"collection":[{"href":"https:\/\/jjscanada.ca\/fr\/wp-json\/wp\/v2\/product"}],"about":[{"href":"https:\/\/jjscanada.ca\/fr\/wp-json\/wp\/v2\/types\/product"}],"wp:featuredmedia":[{"embeddable":true,"href":"https:\/\/jjscanada.ca\/fr\/wp-json\/wp\/v2\/media\/7369"}],"wp:attachment":[{"href":"https:\/\/jjscanada.ca\/fr\/wp-json\/wp\/v2\/media?parent=795"}],"wp:term":[{"taxonomy":"product_brand","embeddable":true,"href":"https:\/\/jjscanada.ca\/fr\/wp-json\/wp\/v2\/product_brand?post=795"},{"taxonomy":"product_cat","embeddable":true,"href":"https:\/\/jjscanada.ca\/fr\/wp-json\/wp\/v2\/product_cat?post=795"},{"taxonomy":"product_tag","embeddable":true,"href":"https:\/\/jjscanada.ca\/fr\/wp-json\/wp\/v2\/product_tag?post=795"}],"curies":[{"name":"wp","href":"https:\/\/api.w.org\/{rel}","templated":true}]}}