{"id":796,"date":"2022-11-18T19:47:50","date_gmt":"2022-11-18T19:47:50","guid":{"rendered":"https:\/\/jjscanada.ca\/?post_type=product&#038;p=796"},"modified":"2023-02-06T19:11:28","modified_gmt":"2023-02-06T19:11:28","slug":"series-2933","status":"publish","type":"product","link":"https:\/\/jjscanada.ca\/fr\/produit\/series-2933\/","title":{"rendered":"S\u00e9rie 2933"},"content":{"rendered":"<p><strong>Pour les courbes et les profils d'un rayon de 10 mm<br \/>\n<\/strong>Une grande pr\u00e9cision dimensionnelle et l'adaptation aux contours et aux courbes sont extr\u00eamement importantes pour le pon\u00e7age \u00e0 bande des profil\u00e9s - c'est pourquoi nous avons d\u00e9velopp\u00e9 le 2933 jo siatur. Autres avantages : longue dur\u00e9e de vie, bonne finition et adaptation aux rouleaux pneumatiques.<\/p>\n<p><strong>Avantages<\/strong><br \/>\n- Des finitions de surface parfaites gr\u00e2ce \u00e0 TopTec<br \/>\n- Processus sans poussi\u00e8re : la construction antistatique permet une faible formation de poussi\u00e8re sur la bande, la pi\u00e8ce et les machines.<br \/>\n- Grande pr\u00e9cision dimensionnelle lors du pon\u00e7age des bandes profil\u00e9es<br \/>\n- Grande adaptabilit\u00e9 aux contours, courbes et profils<br \/>\n- Longue dur\u00e9e de vie du produit pour le pon\u00e7age des bois tendres et des bois contenant des r\u00e9sines<br \/>\n- Convient aux rouleaux pneumatiques<\/p>\n<p><strong>Applications<\/strong><br \/>\n- Pon\u00e7age grossier des courbes et des profils<br \/>\n- Pon\u00e7age interm\u00e9diaire des courbes et des profils<br \/>\n- Pon\u00e7age final des pi\u00e8ces profil\u00e9es<br \/>\n- Pon\u00e7age de l'ancienne laque<br \/>\n- Pon\u00e7age \u00e0 ras des bords et des saillies<br \/>\n- Clavetage pour la pr\u00e9paration et la reprise des surfaces et des courbes<br \/>\n- Meulage de profil pour des rayons sup\u00e9rieurs \u00e0 10 mm<\/p>\n<p><a class=\"fasc-button fasc-size-medium fasc-type-flat fasc-ico-before dashicons-download\" style=\"background-color: #d10708; color: #ffffff;\" target=\"_blank\" href=\"https:\/\/jjscanada.ca\/wp-content\/uploads\/2023\/01\/2933_siatur-jo_60-to-180_plain_2018_08_28_CAN.pdf\" rel=\"noopener\">T\u00c9L\u00c9CHARGER FICHE TECHNIQUE<\/a><\/p>","protected":false},"excerpt":{"rendered":"<p><strong>Pour les courbes et les profils d'un rayon de 10 mm<\/strong><\/p>\n<p>Une grande pr\u00e9cision dimensionnelle et l'adaptation aux contours et aux courbes sont extr\u00eamement importantes pour le pon\u00e7age \u00e0 bande des profil\u00e9s - c'est pourquoi nous avons d\u00e9velopp\u00e9 le 2933 jo siatur. Autres avantages : longue dur\u00e9e de vie, bonne finition et adaptation aux rouleaux pneumatiques.<\/p>","protected":false},"featured_media":7374,"template":"","meta":{"site-sidebar-layout":"default","site-content-layout":"default","ast-site-content-layout":"default","site-content-style":"default","site-sidebar-style":"default","ast-global-header-display":"","ast-banner-title-visibility":"","ast-main-header-display":"","ast-hfb-above-header-display":"","ast-hfb-below-header-display":"","ast-hfb-mobile-header-display":"","site-post-title":"","ast-breadcrumbs-content":"","ast-featured-img":"","footer-sml-layout":"","ast-disable-related-posts":"","theme-transparent-header-meta":"default","adv-header-id-meta":"","stick-header-meta":"default","header-above-stick-meta":"","header-main-stick-meta":"","header-below-stick-meta":"","astra-migrate-meta-layouts":"default","ast-page-background-enabled":"default","ast-page-background-meta":{"desktop":{"background-color":"","background-image":"","background-repeat":"repeat","background-position":"center center","background-size":"auto","background-attachment":"scroll","background-type":"","background-media":"","overlay-type":"","overlay-color":"","overlay-opacity":"","overlay-gradient":""},"tablet":{"background-color":"","background-image":"","background-repeat":"repeat","background-position":"center center","background-size":"auto","background-attachment":"scroll","background-type":"","background-media":"","overlay-type":"","overlay-color":"","overlay-opacity":"","overlay-gradient":""},"mobile":{"background-color":"","background-image":"","background-repeat":"repeat","background-position":"center center","background-size":"auto","background-attachment":"scroll","background-type":"","background-media":"","overlay-type":"","overlay-color":"","overlay-opacity":"","overlay-gradient":""}},"ast-content-background-meta":{"desktop":{"background-color":"var(--ast-global-color-5)","background-image":"","background-repeat":"repeat","background-position":"center center","background-size":"auto","background-attachment":"scroll","background-type":"","background-media":"","overlay-type":"","overlay-color":"","overlay-opacity":"","overlay-gradient":""},"tablet":{"background-color":"var(--ast-global-color-5)","background-image":"","background-repeat":"repeat","background-position":"center center","background-size":"auto","background-attachment":"scroll","background-type":"","background-media":"","overlay-type":"","overlay-color":"","overlay-opacity":"","overlay-gradient":""},"mobile":{"background-color":"var(--ast-global-color-5)","background-image":"","background-repeat":"repeat","background-position":"center center","background-size":"auto","background-attachment":"scroll","background-type":"","background-media":"","overlay-type":"","overlay-color":"","overlay-opacity":"","overlay-gradient":""}}},"product_brand":[],"product_cat":[102,58,53,57],"product_tag":[],"class_list":{"0":"post-796","1":"product","2":"type-product","3":"status-publish","4":"has-post-thumbnail","6":"product_cat-application-abrasives","7":"product_cat-belts","8":"product_cat-brand-sia-abrasives","9":"product_cat-woodworking","10":"desktop-align-center","11":"tablet-align-center","12":"mobile-align-center","14":"first","15":"instock","16":"shipping-taxable","17":"product-type-simple"},"_links":{"self":[{"href":"https:\/\/jjscanada.ca\/fr\/wp-json\/wp\/v2\/product\/796","targetHints":{"allow":["GET"]}}],"collection":[{"href":"https:\/\/jjscanada.ca\/fr\/wp-json\/wp\/v2\/product"}],"about":[{"href":"https:\/\/jjscanada.ca\/fr\/wp-json\/wp\/v2\/types\/product"}],"wp:featuredmedia":[{"embeddable":true,"href":"https:\/\/jjscanada.ca\/fr\/wp-json\/wp\/v2\/media\/7374"}],"wp:attachment":[{"href":"https:\/\/jjscanada.ca\/fr\/wp-json\/wp\/v2\/media?parent=796"}],"wp:term":[{"taxonomy":"product_brand","embeddable":true,"href":"https:\/\/jjscanada.ca\/fr\/wp-json\/wp\/v2\/product_brand?post=796"},{"taxonomy":"product_cat","embeddable":true,"href":"https:\/\/jjscanada.ca\/fr\/wp-json\/wp\/v2\/product_cat?post=796"},{"taxonomy":"product_tag","embeddable":true,"href":"https:\/\/jjscanada.ca\/fr\/wp-json\/wp\/v2\/product_tag?post=796"}],"curies":[{"name":"wp","href":"https:\/\/api.w.org\/{rel}","templated":true}]}}