{"id":798,"date":"2022-11-18T19:47:51","date_gmt":"2022-11-18T19:47:51","guid":{"rendered":"https:\/\/jjscanada.ca\/?post_type=product&#038;p=798"},"modified":"2023-02-06T20:21:11","modified_gmt":"2023-02-06T20:21:11","slug":"series-6250","status":"publish","type":"product","link":"https:\/\/jjscanada.ca\/fr\/produit\/series-6250\/","title":{"rendered":"S\u00e9rie 6250"},"content":{"rendered":"<p><strong>La solution flexible et puissante pour une finition de surface optimale<br \/>\n<\/strong>Que ce soit sous forme de disque ou de bande, les abrasifs non tiss\u00e9s 6250 sia scm sont polyvalents \u00e0 l'eau et excellent dans le pon\u00e7age \u00e0 sec des aciers gr\u00e2ce \u00e0 leur longue dur\u00e9e de vie, leur taux d'enl\u00e8vement de mati\u00e8re \u00e9lev\u00e9 et leurs surfaces parfaitement conditionn\u00e9es.<\/p>\n<p><strong>Avantages<\/strong><br \/>\n- Taux d'enl\u00e8vement \u00e9lev\u00e9 gr\u00e2ce aux grains de c\u00e9ramique<br \/>\n- Les additifs actifs \u00e0 effet refroidissant r\u00e9duisent consid\u00e9rablement la d\u00e9coloration.<br \/>\n- R\u00e9duction des co\u00fbts gr\u00e2ce \u00e0 une longue dur\u00e9e de vie<\/p>\n<p><strong>Applications<\/strong><br \/>\n- Pr\u00e9paration de la soudure<br \/>\n- Pon\u00e7age<br \/>\n- \u00c9barbage<br \/>\n- Lisser et estomper les imperfections<\/p>\n<p><a class=\"fasc-button fasc-size-medium fasc-type-flat fasc-ico-before dashicons-download\" style=\"background-color: #d10708; color: #ffffff;\" target=\"_blank\" rel=\"noopener\" href=\"https:\/\/jjscanada.ca\/wp-content\/uploads\/2023\/01\/6250_sia-scm_Extra-Coarse-A-4741.pdf\">T\u00c9L\u00c9CHARGER FICHE TECHNIQUE<\/a><\/p>","protected":false},"excerpt":{"rendered":"<p><strong>La solution flexible et puissante pour une finition de surface optimale<\/strong><\/p>\n<p>Que ce soit sous forme de disque ou de bande, les abrasifs non tiss\u00e9s 6250 sia scm sont polyvalents \u00e0 l'eau et excellent dans le pon\u00e7age \u00e0 sec des aciers gr\u00e2ce \u00e0 leur longue dur\u00e9e de vie, leur taux d'enl\u00e8vement de mati\u00e8re \u00e9lev\u00e9 et leurs surfaces parfaitement conditionn\u00e9es.<\/p>","protected":false},"featured_media":7383,"template":"","meta":{"site-sidebar-layout":"default","site-content-layout":"default","ast-site-content-layout":"default","site-content-style":"default","site-sidebar-style":"default","ast-global-header-display":"","ast-banner-title-visibility":"","ast-main-header-display":"","ast-hfb-above-header-display":"","ast-hfb-below-header-display":"","ast-hfb-mobile-header-display":"","site-post-title":"","ast-breadcrumbs-content":"","ast-featured-img":"","footer-sml-layout":"","ast-disable-related-posts":"","theme-transparent-header-meta":"default","adv-header-id-meta":"","stick-header-meta":"default","header-above-stick-meta":"","header-main-stick-meta":"","header-below-stick-meta":"","astra-migrate-meta-layouts":"default","ast-page-background-enabled":"default","ast-page-background-meta":{"desktop":{"background-color":"","background-image":"","background-repeat":"repeat","background-position":"center center","background-size":"auto","background-attachment":"scroll","background-type":"","background-media":"","overlay-type":"","overlay-color":"","overlay-opacity":"","overlay-gradient":""},"tablet":{"background-color":"","background-image":"","background-repeat":"repeat","background-position":"center center","background-size":"auto","background-attachment":"scroll","background-type":"","background-media":"","overlay-type":"","overlay-color":"","overlay-opacity":"","overlay-gradient":""},"mobile":{"background-color":"","background-image":"","background-repeat":"repeat","background-position":"center center","background-size":"auto","background-attachment":"scroll","background-type":"","background-media":"","overlay-type":"","overlay-color":"","overlay-opacity":"","overlay-gradient":""}},"ast-content-background-meta":{"desktop":{"background-color":"var(--ast-global-color-5)","background-image":"","background-repeat":"repeat","background-position":"center center","background-size":"auto","background-attachment":"scroll","background-type":"","background-media":"","overlay-type":"","overlay-color":"","overlay-opacity":"","overlay-gradient":""},"tablet":{"background-color":"var(--ast-global-color-5)","background-image":"","background-repeat":"repeat","background-position":"center center","background-size":"auto","background-attachment":"scroll","background-type":"","background-media":"","overlay-type":"","overlay-color":"","overlay-opacity":"","overlay-gradient":""},"mobile":{"background-color":"var(--ast-global-color-5)","background-image":"","background-repeat":"repeat","background-position":"center center","background-size":"auto","background-attachment":"scroll","background-type":"","background-media":"","overlay-type":"","overlay-color":"","overlay-opacity":"","overlay-gradient":""}}},"product_brand":[],"product_cat":[102,58,110,53],"product_tag":[],"class_list":{"0":"post-798","1":"product","2":"type-product","3":"status-publish","4":"has-post-thumbnail","6":"product_cat-application-abrasives","7":"product_cat-belts","8":"product_cat-metal","9":"product_cat-brand-sia-abrasives","10":"desktop-align-center","11":"tablet-align-center","12":"mobile-align-center","14":"first","15":"instock","16":"shipping-taxable","17":"product-type-simple"},"_links":{"self":[{"href":"https:\/\/jjscanada.ca\/fr\/wp-json\/wp\/v2\/product\/798","targetHints":{"allow":["GET"]}}],"collection":[{"href":"https:\/\/jjscanada.ca\/fr\/wp-json\/wp\/v2\/product"}],"about":[{"href":"https:\/\/jjscanada.ca\/fr\/wp-json\/wp\/v2\/types\/product"}],"wp:featuredmedia":[{"embeddable":true,"href":"https:\/\/jjscanada.ca\/fr\/wp-json\/wp\/v2\/media\/7383"}],"wp:attachment":[{"href":"https:\/\/jjscanada.ca\/fr\/wp-json\/wp\/v2\/media?parent=798"}],"wp:term":[{"taxonomy":"product_brand","embeddable":true,"href":"https:\/\/jjscanada.ca\/fr\/wp-json\/wp\/v2\/product_brand?post=798"},{"taxonomy":"product_cat","embeddable":true,"href":"https:\/\/jjscanada.ca\/fr\/wp-json\/wp\/v2\/product_cat?post=798"},{"taxonomy":"product_tag","embeddable":true,"href":"https:\/\/jjscanada.ca\/fr\/wp-json\/wp\/v2\/product_tag?post=798"}],"curies":[{"name":"wp","href":"https:\/\/api.w.org\/{rel}","templated":true}]}}