{"id":799,"date":"2022-11-18T19:47:51","date_gmt":"2022-11-18T19:47:51","guid":{"rendered":"https:\/\/jjscanada.ca\/?post_type=product&#038;p=799"},"modified":"2023-02-06T20:01:42","modified_gmt":"2023-02-06T20:01:42","slug":"mf","status":"publish","type":"product","link":"https:\/\/jjscanada.ca\/fr\/produit\/mf\/","title":{"rendered":"MF - Multi-Flex"},"content":{"rendered":"<p><strong>Brosses abrasives PRO-FLEX avec broche<\/strong><\/p>\n<p>Les brosses abrasives MULTI-FLEX peuvent \u00eatre fournies avec des toiles abrasives de diff\u00e9rentes qualit\u00e9s, avec ou sans fentes. Pour des r\u00e9sultats de pon\u00e7age extr\u00eamement fiables.<\/p>\n<p><strong>Avantages<\/strong><br \/>\n- Extr\u00eamement fiable et efficace pour tous les types de pon\u00e7age flexible<br \/>\n- Roue en PU l\u00e9g\u00e8re et donc id\u00e9ale pour le pon\u00e7age manuel<br \/>\n- Possibilit\u00e9 de positionner plusieurs brosses abrasives ensemble gr\u00e2ce au syst\u00e8me CLOSEup,<br \/>\n- Peut \u00eatre utilis\u00e9 sur presque tous les types de machines<br \/>\n- Le syst\u00e8me de pon\u00e7age MULTI-FLEX avec brosses abrasives amovibles est \u00e9galement propos\u00e9.<\/p>\n<p><strong>Applications<\/strong><br \/>\n- Pon\u00e7age de surface, pon\u00e7age de profil, pon\u00e7age des bords, finition des chaises et des plateaux de table, et polissage \u00e0 la cire.<br \/>\n- Peut \u00eatre utilis\u00e9 pour les plinthes fa\u00e7onn\u00e9es, les portes de cuisine, les portes roulantes et toute une s\u00e9rie de panneaux n\u00e9cessitant un pon\u00e7age des bords.<br \/>\n- Pour \u00e9liminer les irr\u00e9gularit\u00e9s, les rainures de rotation, les fibres d\u00e9tach\u00e9es et les marques de surface.<\/p>","protected":false},"excerpt":{"rendered":"<p><strong>La solution flexible et puissante pour une finition de surface optimale<\/strong><\/p>\n<p>Que ce soit sous forme de disque ou de bande, les abrasifs non tiss\u00e9s 6250 sia scm sont polyvalents \u00e0 l'eau et excellent dans le pon\u00e7age \u00e0 sec des aciers gr\u00e2ce \u00e0 leur longue dur\u00e9e de vie, leur taux d'enl\u00e8vement de mati\u00e8re \u00e9lev\u00e9 et leurs surfaces parfaitement conditionn\u00e9es.<\/p>","protected":false},"featured_media":7380,"template":"","meta":{"site-sidebar-layout":"default","site-content-layout":"default","ast-site-content-layout":"default","site-content-style":"default","site-sidebar-style":"default","ast-global-header-display":"","ast-banner-title-visibility":"","ast-main-header-display":"","ast-hfb-above-header-display":"","ast-hfb-below-header-display":"","ast-hfb-mobile-header-display":"","site-post-title":"","ast-breadcrumbs-content":"","ast-featured-img":"","footer-sml-layout":"","ast-disable-related-posts":"","theme-transparent-header-meta":"default","adv-header-id-meta":"","stick-header-meta":"default","header-above-stick-meta":"","header-main-stick-meta":"","header-below-stick-meta":"","astra-migrate-meta-layouts":"default","ast-page-background-enabled":"default","ast-page-background-meta":{"desktop":{"background-color":"","background-image":"","background-repeat":"repeat","background-position":"center center","background-size":"auto","background-attachment":"scroll","background-type":"","background-media":"","overlay-type":"","overlay-color":"","overlay-opacity":"","overlay-gradient":""},"tablet":{"background-color":"","background-image":"","background-repeat":"repeat","background-position":"center center","background-size":"auto","background-attachment":"scroll","background-type":"","background-media":"","overlay-type":"","overlay-color":"","overlay-opacity":"","overlay-gradient":""},"mobile":{"background-color":"","background-image":"","background-repeat":"repeat","background-position":"center center","background-size":"auto","background-attachment":"scroll","background-type":"","background-media":"","overlay-type":"","overlay-color":"","overlay-opacity":"","overlay-gradient":""}},"ast-content-background-meta":{"desktop":{"background-color":"var(--ast-global-color-5)","background-image":"","background-repeat":"repeat","background-position":"center center","background-size":"auto","background-attachment":"scroll","background-type":"","background-media":"","overlay-type":"","overlay-color":"","overlay-opacity":"","overlay-gradient":""},"tablet":{"background-color":"var(--ast-global-color-5)","background-image":"","background-repeat":"repeat","background-position":"center center","background-size":"auto","background-attachment":"scroll","background-type":"","background-media":"","overlay-type":"","overlay-color":"","overlay-opacity":"","overlay-gradient":""},"mobile":{"background-color":"var(--ast-global-color-5)","background-image":"","background-repeat":"repeat","background-position":"center center","background-size":"auto","background-attachment":"scroll","background-type":"","background-media":"","overlay-type":"","overlay-color":"","overlay-opacity":"","overlay-gradient":""}}},"product_brand":[],"product_cat":[102,109,75,57],"product_tag":[],"class_list":{"0":"post-799","1":"product","2":"type-product","3":"status-publish","4":"has-post-thumbnail","6":"product_cat-application-abrasives","7":"product_cat-brand-pro-flex","8":"product_cat-sanding-brushes-core","9":"product_cat-woodworking","10":"desktop-align-center","11":"tablet-align-center","12":"mobile-align-center","14":"first","15":"instock","16":"shipping-taxable","17":"product-type-simple"},"_links":{"self":[{"href":"https:\/\/jjscanada.ca\/fr\/wp-json\/wp\/v2\/product\/799","targetHints":{"allow":["GET"]}}],"collection":[{"href":"https:\/\/jjscanada.ca\/fr\/wp-json\/wp\/v2\/product"}],"about":[{"href":"https:\/\/jjscanada.ca\/fr\/wp-json\/wp\/v2\/types\/product"}],"wp:featuredmedia":[{"embeddable":true,"href":"https:\/\/jjscanada.ca\/fr\/wp-json\/wp\/v2\/media\/7380"}],"wp:attachment":[{"href":"https:\/\/jjscanada.ca\/fr\/wp-json\/wp\/v2\/media?parent=799"}],"wp:term":[{"taxonomy":"product_brand","embeddable":true,"href":"https:\/\/jjscanada.ca\/fr\/wp-json\/wp\/v2\/product_brand?post=799"},{"taxonomy":"product_cat","embeddable":true,"href":"https:\/\/jjscanada.ca\/fr\/wp-json\/wp\/v2\/product_cat?post=799"},{"taxonomy":"product_tag","embeddable":true,"href":"https:\/\/jjscanada.ca\/fr\/wp-json\/wp\/v2\/product_tag?post=799"}],"curies":[{"name":"wp","href":"https:\/\/api.w.org\/{rel}","templated":true}]}}