{"id":803,"date":"2022-11-18T19:47:51","date_gmt":"2022-11-18T19:47:51","guid":{"rendered":"https:\/\/jjscanada.ca\/?post_type=product&#038;p=803"},"modified":"2023-02-07T00:17:27","modified_gmt":"2023-02-07T00:17:27","slug":"series-1958","status":"publish","type":"product","link":"https:\/\/jjscanada.ca\/fr\/produit\/series-1958\/","title":{"rendered":"S\u00e9rie 1958"},"content":{"rendered":"<p><strong>Pour les peintres en carrosserie automobile pour vous le PRO<br \/>\n<\/strong>La gamme compacte et facile \u00e0 comprendre permet au PRO de gagner du temps et d'obtenir un r\u00e9sultat s\u00fbr.<\/p>\n<p><strong>Avantages<\/strong><br \/>\n- PROductivit\u00e9. 20% gain de temps. Travaillez plus rapidement gr\u00e2ce \u00e0 une \u00e9tape de traitement en moins et \u00e0 une qualit\u00e9 de broyage optimis\u00e9e.<br \/>\n- PROfit. 70% moins d'articles \u00e0 acheter. Moins de stocks et un processus de commande plus facile avec seulement 9 articles.<br \/>\n- PROficiency. 100% : un r\u00e9sultat s\u00fbr. R\u00e9sultat parfait gr\u00e2ce \u00e0 une s\u00e9quence de pon\u00e7age raffin\u00e9e et facile \u00e0 comprendre.<\/p>\n<p><strong>Applications<\/strong><br \/>\n- Nivellement \/ D\u00e9capage<br \/>\n- Pon\u00e7age fin<br \/>\n- Nivellement et pon\u00e7age fin du mastic de carrosserie<br \/>\n- Finition du mastic de carrosserie \/ Zone de sortie du clavetage<br \/>\n- Primer filler levelling &amp; finishing<br \/>\n- \u00c9raflures<\/p>\n<p><a class=\"fasc-button fasc-size-medium fasc-type-flat fasc-ico-before dashicons-download\" style=\"background-color: #d10708; color: #ffffff;\" target=\"_blank\" rel=\"noopener\" href=\"https:\/\/jjscanada.ca\/wp-content\/uploads\/2023\/01\/1958_siapro_100-to-1000_fast_2018_08_27_CAN.pdf\">T\u00c9L\u00c9CHARGER FICHE TECHNIQUE<\/a><\/p>","protected":false},"excerpt":{"rendered":"<p><strong>Pour les peintres en carrosserie automobile pour vous le PRO<\/strong><\/p>\n<p>La gamme compacte et facile \u00e0 comprendre permet au PRO de gagner du temps et d'obtenir un r\u00e9sultat s\u00fbr.<\/p>","protected":false},"featured_media":7399,"template":"","meta":{"site-sidebar-layout":"default","site-content-layout":"default","ast-site-content-layout":"default","site-content-style":"default","site-sidebar-style":"default","ast-global-header-display":"","ast-banner-title-visibility":"","ast-main-header-display":"","ast-hfb-above-header-display":"","ast-hfb-below-header-display":"","ast-hfb-mobile-header-display":"","site-post-title":"","ast-breadcrumbs-content":"","ast-featured-img":"","footer-sml-layout":"","ast-disable-related-posts":"","theme-transparent-header-meta":"default","adv-header-id-meta":"","stick-header-meta":"default","header-above-stick-meta":"","header-main-stick-meta":"","header-below-stick-meta":"","astra-migrate-meta-layouts":"default","ast-page-background-enabled":"default","ast-page-background-meta":{"desktop":{"background-color":"","background-image":"","background-repeat":"repeat","background-position":"center center","background-size":"auto","background-attachment":"scroll","background-type":"","background-media":"","overlay-type":"","overlay-color":"","overlay-opacity":"","overlay-gradient":""},"tablet":{"background-color":"","background-image":"","background-repeat":"repeat","background-position":"center center","background-size":"auto","background-attachment":"scroll","background-type":"","background-media":"","overlay-type":"","overlay-color":"","overlay-opacity":"","overlay-gradient":""},"mobile":{"background-color":"","background-image":"","background-repeat":"repeat","background-position":"center center","background-size":"auto","background-attachment":"scroll","background-type":"","background-media":"","overlay-type":"","overlay-color":"","overlay-opacity":"","overlay-gradient":""}},"ast-content-background-meta":{"desktop":{"background-color":"var(--ast-global-color-5)","background-image":"","background-repeat":"repeat","background-position":"center center","background-size":"auto","background-attachment":"scroll","background-type":"","background-media":"","overlay-type":"","overlay-color":"","overlay-opacity":"","overlay-gradient":""},"tablet":{"background-color":"var(--ast-global-color-5)","background-image":"","background-repeat":"repeat","background-position":"center center","background-size":"auto","background-attachment":"scroll","background-type":"","background-media":"","overlay-type":"","overlay-color":"","overlay-opacity":"","overlay-gradient":""},"mobile":{"background-color":"var(--ast-global-color-5)","background-image":"","background-repeat":"repeat","background-position":"center center","background-size":"auto","background-attachment":"scroll","background-type":"","background-media":"","overlay-type":"","overlay-color":"","overlay-opacity":"","overlay-gradient":""}}},"product_brand":[],"product_cat":[102,63,129,53],"product_tag":[],"class_list":{"0":"post-803","1":"product","2":"type-product","3":"status-publish","4":"has-post-thumbnail","6":"product_cat-application-abrasives","7":"product_cat-automotive","8":"product_cat-paper-discs","9":"product_cat-brand-sia-abrasives","10":"desktop-align-center","11":"tablet-align-center","12":"mobile-align-center","14":"first","15":"instock","16":"shipping-taxable","17":"product-type-simple"},"_links":{"self":[{"href":"https:\/\/jjscanada.ca\/fr\/wp-json\/wp\/v2\/product\/803","targetHints":{"allow":["GET"]}}],"collection":[{"href":"https:\/\/jjscanada.ca\/fr\/wp-json\/wp\/v2\/product"}],"about":[{"href":"https:\/\/jjscanada.ca\/fr\/wp-json\/wp\/v2\/types\/product"}],"wp:featuredmedia":[{"embeddable":true,"href":"https:\/\/jjscanada.ca\/fr\/wp-json\/wp\/v2\/media\/7399"}],"wp:attachment":[{"href":"https:\/\/jjscanada.ca\/fr\/wp-json\/wp\/v2\/media?parent=803"}],"wp:term":[{"taxonomy":"product_brand","embeddable":true,"href":"https:\/\/jjscanada.ca\/fr\/wp-json\/wp\/v2\/product_brand?post=803"},{"taxonomy":"product_cat","embeddable":true,"href":"https:\/\/jjscanada.ca\/fr\/wp-json\/wp\/v2\/product_cat?post=803"},{"taxonomy":"product_tag","embeddable":true,"href":"https:\/\/jjscanada.ca\/fr\/wp-json\/wp\/v2\/product_tag?post=803"}],"curies":[{"name":"wp","href":"https:\/\/api.w.org\/{rel}","templated":true}]}}