{"id":805,"date":"2022-11-18T19:47:51","date_gmt":"2022-11-18T19:47:51","guid":{"rendered":"https:\/\/jjscanada.ca\/?post_type=product&#038;p=805"},"modified":"2023-02-07T00:40:49","modified_gmt":"2023-02-07T00:40:49","slug":"series-7940","status":"publish","type":"product","link":"https:\/\/jjscanada.ca\/fr\/produit\/series-7940\/","title":{"rendered":"S\u00e9rie 7940"},"content":{"rendered":"<p><strong>Une finition parfaite pour les vernis et les mat\u00e9riaux min\u00e9raux<br \/>\n<\/strong>Qu'il s'agisse de pon\u00e7age, de pon\u00e7age fin ou de pr\u00e9paration au polissage, la technologie am\u00e9lior\u00e9e du 7940 siaair est la cl\u00e9 d'une finition parfaite dans les applications de pon\u00e7age \u00e0 sec et \u00e0 l'eau.<\/p>\n<p><strong>Avantages<\/strong><br \/>\n- Taux d'enl\u00e8vement de mati\u00e8re \u00e9lev\u00e9 et excellente finition<br \/>\n- Faible encrassement dans les applications de pon\u00e7age humides et s\u00e8ches<br \/>\n- Grande adaptabilit\u00e9 aux contours, courbes et profils<br \/>\n- La mousse d'\u00e9quilibrage de la pression permet d'obtenir une finition de surface parfaite<br \/>\n- Imperm\u00e9able et lavable<br \/>\n- R\u00e9sistant aux dissolvants de silicone<\/p>\n<p><strong>Applications<\/strong><br \/>\n- Finition mate de vernis conventionnels anciens et nouveaux ainsi que<br \/>\n- en tant que mat\u00e9riaux composites<br \/>\n- Pon\u00e7age fin du mastic d'appr\u00eat dans les zones difficiles \u00e0 atteindre<br \/>\n- Pr\u00e9paration au polissage des surfaces brillantes<\/p>\n<p><a class=\"fasc-button fasc-size-medium fasc-type-flat fasc-ico-before dashicons-download\" style=\"background-color: #d10708; color: #ffffff;\" target=\"_blank\" href=\"https:\/\/jjscanada.ca\/wp-content\/uploads\/2023\/01\/7940_siaair_240-to-4000_fast_2018_08_27_CAN.pdf\" rel=\"noopener\">T\u00c9L\u00c9CHARGER FICHE TECHNIQUE<\/a><\/p>","protected":false},"excerpt":{"rendered":"<p><strong>Une finition parfaite pour les vernis et les mat\u00e9riaux min\u00e9raux<\/strong><\/p>\n<p>Qu'il s'agisse de pon\u00e7age, de pon\u00e7age fin ou de pr\u00e9paration au polissage, la technologie am\u00e9lior\u00e9e du 7940 siaair est la cl\u00e9 d'une finition parfaite dans les applications de pon\u00e7age \u00e0 sec et \u00e0 l'eau.<\/p>","protected":false},"featured_media":7404,"template":"","meta":{"site-sidebar-layout":"default","site-content-layout":"default","ast-site-content-layout":"default","site-content-style":"default","site-sidebar-style":"default","ast-global-header-display":"","ast-banner-title-visibility":"","ast-main-header-display":"","ast-hfb-above-header-display":"","ast-hfb-below-header-display":"","ast-hfb-mobile-header-display":"","site-post-title":"","ast-breadcrumbs-content":"","ast-featured-img":"","footer-sml-layout":"","ast-disable-related-posts":"","theme-transparent-header-meta":"default","adv-header-id-meta":"","stick-header-meta":"default","header-above-stick-meta":"","header-main-stick-meta":"","header-below-stick-meta":"","astra-migrate-meta-layouts":"default","ast-page-background-enabled":"default","ast-page-background-meta":{"desktop":{"background-color":"","background-image":"","background-repeat":"repeat","background-position":"center center","background-size":"auto","background-attachment":"scroll","background-type":"","background-media":"","overlay-type":"","overlay-color":"","overlay-opacity":"","overlay-gradient":""},"tablet":{"background-color":"","background-image":"","background-repeat":"repeat","background-position":"center center","background-size":"auto","background-attachment":"scroll","background-type":"","background-media":"","overlay-type":"","overlay-color":"","overlay-opacity":"","overlay-gradient":""},"mobile":{"background-color":"","background-image":"","background-repeat":"repeat","background-position":"center center","background-size":"auto","background-attachment":"scroll","background-type":"","background-media":"","overlay-type":"","overlay-color":"","overlay-opacity":"","overlay-gradient":""}},"ast-content-background-meta":{"desktop":{"background-color":"var(--ast-global-color-5)","background-image":"","background-repeat":"repeat","background-position":"center center","background-size":"auto","background-attachment":"scroll","background-type":"","background-media":"","overlay-type":"","overlay-color":"","overlay-opacity":"","overlay-gradient":""},"tablet":{"background-color":"var(--ast-global-color-5)","background-image":"","background-repeat":"repeat","background-position":"center center","background-size":"auto","background-attachment":"scroll","background-type":"","background-media":"","overlay-type":"","overlay-color":"","overlay-opacity":"","overlay-gradient":""},"mobile":{"background-color":"var(--ast-global-color-5)","background-image":"","background-repeat":"repeat","background-position":"center center","background-size":"auto","background-attachment":"scroll","background-type":"","background-media":"","overlay-type":"","overlay-color":"","overlay-opacity":"","overlay-gradient":""}}},"product_brand":[],"product_cat":[102,63,54,53],"product_tag":[],"class_list":{"0":"post-805","1":"product","2":"type-product","3":"status-publish","4":"has-post-thumbnail","6":"product_cat-application-abrasives","7":"product_cat-automotive","8":"product_cat-foam-abrasives","9":"product_cat-brand-sia-abrasives","10":"desktop-align-center","11":"tablet-align-center","12":"mobile-align-center","14":"first","15":"instock","16":"shipping-taxable","17":"product-type-simple"},"_links":{"self":[{"href":"https:\/\/jjscanada.ca\/fr\/wp-json\/wp\/v2\/product\/805","targetHints":{"allow":["GET"]}}],"collection":[{"href":"https:\/\/jjscanada.ca\/fr\/wp-json\/wp\/v2\/product"}],"about":[{"href":"https:\/\/jjscanada.ca\/fr\/wp-json\/wp\/v2\/types\/product"}],"wp:featuredmedia":[{"embeddable":true,"href":"https:\/\/jjscanada.ca\/fr\/wp-json\/wp\/v2\/media\/7404"}],"wp:attachment":[{"href":"https:\/\/jjscanada.ca\/fr\/wp-json\/wp\/v2\/media?parent=805"}],"wp:term":[{"taxonomy":"product_brand","embeddable":true,"href":"https:\/\/jjscanada.ca\/fr\/wp-json\/wp\/v2\/product_brand?post=805"},{"taxonomy":"product_cat","embeddable":true,"href":"https:\/\/jjscanada.ca\/fr\/wp-json\/wp\/v2\/product_cat?post=805"},{"taxonomy":"product_tag","embeddable":true,"href":"https:\/\/jjscanada.ca\/fr\/wp-json\/wp\/v2\/product_tag?post=805"}],"curies":[{"name":"wp","href":"https:\/\/api.w.org\/{rel}","templated":true}]}}