{"id":808,"date":"2022-11-18T19:47:51","date_gmt":"2022-11-18T19:47:51","guid":{"rendered":"https:\/\/jjscanada.ca\/?post_type=product&#038;p=808"},"modified":"2023-02-07T01:07:12","modified_gmt":"2023-02-07T01:07:12","slug":"series-4819","status":"publish","type":"product","link":"https:\/\/jjscanada.ca\/fr\/produit\/series-4819\/","title":{"rendered":"S\u00e9rie 4819"},"content":{"rendered":"<p><strong>L'abrasif sp\u00e9cialis\u00e9 pour les aciers non alli\u00e9s et les m\u00e9taux non ferreux<br \/>\n<\/strong>Sp\u00e9cialement con\u00e7us pour les applications sur l'acier et les m\u00e9taux non ferreux, les disques fibre 4819 siaron 8 permettent notamment d'obtenir des taux d'enl\u00e8vement de mati\u00e8re \u00e9lev\u00e9s et ont une longue dur\u00e9e de vie.<\/p>\n<p><strong>Avantages<\/strong><br \/>\n- Taux d'enl\u00e8vement \u00e9lev\u00e9<br \/>\n- Longue dur\u00e9e de vie<br \/>\n- Polyvalent<\/p>\n<p><strong>Applications<\/strong><br \/>\n- Enlever la rouille<br \/>\n- Pr\u00e9paration de la soudure<br \/>\n- \u00c9liminer les d\u00e9colorations<br \/>\n- Pon\u00e7age<br \/>\n- Traitement de surface<br \/>\n- \u00c9barbage<br \/>\n- M\u00e9lange<\/p>\n<p><a class=\"fasc-button fasc-size-medium fasc-type-flat fasc-ico-before dashicons-download\" style=\"background-color: #d10708; color: #ffffff;\" target=\"_blank\" href=\"https:\/\/jjscanada.ca\/wp-content\/uploads\/2023\/01\/4819_siaron-8_24-to-120_plain_2018_10_12_CAN.pdf\" rel=\"noopener\">T\u00c9L\u00c9CHARGER FICHE TECHNIQUE<\/a><\/p>","protected":false},"excerpt":{"rendered":"<p><strong>L'abrasif sp\u00e9cialis\u00e9 pour les aciers non alli\u00e9s et les m\u00e9taux non ferreux<\/strong><\/p>\n<p>Sp\u00e9cialement con\u00e7us pour les applications sur l'acier et les m\u00e9taux non ferreux, les disques fibre 4819 siaron 8 permettent notamment d'obtenir des taux d'enl\u00e8vement de mati\u00e8re \u00e9lev\u00e9s et ont une longue dur\u00e9e de vie.<\/p>","protected":false},"featured_media":7410,"template":"","meta":{"site-sidebar-layout":"default","site-content-layout":"default","ast-site-content-layout":"default","site-content-style":"default","site-sidebar-style":"default","ast-global-header-display":"","ast-banner-title-visibility":"","ast-main-header-display":"","ast-hfb-above-header-display":"","ast-hfb-below-header-display":"","ast-hfb-mobile-header-display":"","site-post-title":"","ast-breadcrumbs-content":"","ast-featured-img":"","footer-sml-layout":"","ast-disable-related-posts":"","theme-transparent-header-meta":"default","adv-header-id-meta":"","stick-header-meta":"default","header-above-stick-meta":"","header-main-stick-meta":"","header-below-stick-meta":"","astra-migrate-meta-layouts":"default","ast-page-background-enabled":"default","ast-page-background-meta":{"desktop":{"background-color":"","background-image":"","background-repeat":"repeat","background-position":"center center","background-size":"auto","background-attachment":"scroll","background-type":"","background-media":"","overlay-type":"","overlay-color":"","overlay-opacity":"","overlay-gradient":""},"tablet":{"background-color":"","background-image":"","background-repeat":"repeat","background-position":"center center","background-size":"auto","background-attachment":"scroll","background-type":"","background-media":"","overlay-type":"","overlay-color":"","overlay-opacity":"","overlay-gradient":""},"mobile":{"background-color":"","background-image":"","background-repeat":"repeat","background-position":"center center","background-size":"auto","background-attachment":"scroll","background-type":"","background-media":"","overlay-type":"","overlay-color":"","overlay-opacity":"","overlay-gradient":""}},"ast-content-background-meta":{"desktop":{"background-color":"var(--ast-global-color-5)","background-image":"","background-repeat":"repeat","background-position":"center center","background-size":"auto","background-attachment":"scroll","background-type":"","background-media":"","overlay-type":"","overlay-color":"","overlay-opacity":"","overlay-gradient":""},"tablet":{"background-color":"var(--ast-global-color-5)","background-image":"","background-repeat":"repeat","background-position":"center center","background-size":"auto","background-attachment":"scroll","background-type":"","background-media":"","overlay-type":"","overlay-color":"","overlay-opacity":"","overlay-gradient":""},"mobile":{"background-color":"var(--ast-global-color-5)","background-image":"","background-repeat":"repeat","background-position":"center center","background-size":"auto","background-attachment":"scroll","background-type":"","background-media":"","overlay-type":"","overlay-color":"","overlay-opacity":"","overlay-gradient":""}}},"product_brand":[],"product_cat":[102,77,110,53],"product_tag":[],"class_list":{"0":"post-808","1":"product","2":"type-product","3":"status-publish","4":"has-post-thumbnail","6":"product_cat-application-abrasives","7":"product_cat-fibre-discs","8":"product_cat-metal","9":"product_cat-brand-sia-abrasives","10":"desktop-align-center","11":"tablet-align-center","12":"mobile-align-center","14":"first","15":"instock","16":"shipping-taxable","17":"product-type-simple"},"_links":{"self":[{"href":"https:\/\/jjscanada.ca\/fr\/wp-json\/wp\/v2\/product\/808","targetHints":{"allow":["GET"]}}],"collection":[{"href":"https:\/\/jjscanada.ca\/fr\/wp-json\/wp\/v2\/product"}],"about":[{"href":"https:\/\/jjscanada.ca\/fr\/wp-json\/wp\/v2\/types\/product"}],"wp:featuredmedia":[{"embeddable":true,"href":"https:\/\/jjscanada.ca\/fr\/wp-json\/wp\/v2\/media\/7410"}],"wp:attachment":[{"href":"https:\/\/jjscanada.ca\/fr\/wp-json\/wp\/v2\/media?parent=808"}],"wp:term":[{"taxonomy":"product_brand","embeddable":true,"href":"https:\/\/jjscanada.ca\/fr\/wp-json\/wp\/v2\/product_brand?post=808"},{"taxonomy":"product_cat","embeddable":true,"href":"https:\/\/jjscanada.ca\/fr\/wp-json\/wp\/v2\/product_cat?post=808"},{"taxonomy":"product_tag","embeddable":true,"href":"https:\/\/jjscanada.ca\/fr\/wp-json\/wp\/v2\/product_tag?post=808"}],"curies":[{"name":"wp","href":"https:\/\/api.w.org\/{rel}","templated":true}]}}