{"id":809,"date":"2022-11-18T19:47:51","date_gmt":"2022-11-18T19:47:51","guid":{"rendered":"https:\/\/jjscanada.ca\/?post_type=product&#038;p=809"},"modified":"2023-02-07T01:20:44","modified_gmt":"2023-02-07T01:20:44","slug":"series-4570","status":"publish","type":"product","link":"https:\/\/jjscanada.ca\/fr\/produit\/series-4570\/","title":{"rendered":"S\u00e9rie 4570"},"content":{"rendered":"<p><strong>Le disque en fibre pour le meulage le plus cool avec la nouvelle et unique technologie X-Technology.<br \/>\n<\/strong>Gr\u00e2ce \u00e0 la technologie innovante X-Technology, le disque en fibre de siabite 4570 vous apporte un meulage consid\u00e9rablement plus froid avec une longue dur\u00e9e de vie et une performance de coupe constante sur l'acier inoxydable et l'acier doux. Gr\u00e2ce \u00e0 la nouvelle et unique technologie X-Technology, un agent de refroidissement actif est appliqu\u00e9 directement sur le niveau sup\u00e9rieur, ce qui am\u00e9liore le refroidissement et minimise la d\u00e9coloration.<\/p>\n<p><strong>Avantages<\/strong><br \/>\n- Coupe froide<br \/>\n- Performances de coupe uniformes<br \/>\n- Longue dur\u00e9e de vie<br \/>\n- Finition fine de la surface<\/p>\n<p><strong>Applications<\/strong><br \/>\n- Enl\u00e8vement des soudures<br \/>\n- \u00c9limination du tartre et de la calamine<br \/>\n- M\u00e9lange des d\u00e9fauts<br \/>\n- \u00c9liminer les d\u00e9colorations<\/p>\n<p><a class=\"fasc-button fasc-size-medium fasc-type-flat fasc-ico-before dashicons-download\" style=\"background-color: #d10708; color: #ffffff;\" target=\"_blank\" href=\"https:\/\/jjscanada.ca\/wp-content\/uploads\/2023\/01\/4570_siabite-X_36-to-120_plain_2018_10_12_CAN.pdf\" rel=\"noopener\">T\u00c9L\u00c9CHARGER FICHE TECHNIQUE<\/a><\/p>","protected":false},"excerpt":{"rendered":"<p><strong>L'outil polyvalent pour un enl\u00e8vement de mati\u00e8re tr\u00e8s efficace<\/strong><\/p>\n<p>La s\u00e9rie de disques fibreux 4961 sialoX, avec son excellent rapport prix\/performance, convient \u00e0 tous les aciers non alli\u00e9s, aux aciers faiblement alli\u00e9s et aux m\u00e9taux non ferreux.<\/p>","protected":false},"featured_media":7412,"template":"","meta":{"site-sidebar-layout":"default","site-content-layout":"default","ast-site-content-layout":"default","site-content-style":"default","site-sidebar-style":"default","ast-global-header-display":"","ast-banner-title-visibility":"","ast-main-header-display":"","ast-hfb-above-header-display":"","ast-hfb-below-header-display":"","ast-hfb-mobile-header-display":"","site-post-title":"","ast-breadcrumbs-content":"","ast-featured-img":"","footer-sml-layout":"","ast-disable-related-posts":"","theme-transparent-header-meta":"default","adv-header-id-meta":"","stick-header-meta":"default","header-above-stick-meta":"","header-main-stick-meta":"","header-below-stick-meta":"","astra-migrate-meta-layouts":"default","ast-page-background-enabled":"default","ast-page-background-meta":{"desktop":{"background-color":"","background-image":"","background-repeat":"repeat","background-position":"center center","background-size":"auto","background-attachment":"scroll","background-type":"","background-media":"","overlay-type":"","overlay-color":"","overlay-opacity":"","overlay-gradient":""},"tablet":{"background-color":"","background-image":"","background-repeat":"repeat","background-position":"center center","background-size":"auto","background-attachment":"scroll","background-type":"","background-media":"","overlay-type":"","overlay-color":"","overlay-opacity":"","overlay-gradient":""},"mobile":{"background-color":"","background-image":"","background-repeat":"repeat","background-position":"center center","background-size":"auto","background-attachment":"scroll","background-type":"","background-media":"","overlay-type":"","overlay-color":"","overlay-opacity":"","overlay-gradient":""}},"ast-content-background-meta":{"desktop":{"background-color":"var(--ast-global-color-5)","background-image":"","background-repeat":"repeat","background-position":"center center","background-size":"auto","background-attachment":"scroll","background-type":"","background-media":"","overlay-type":"","overlay-color":"","overlay-opacity":"","overlay-gradient":""},"tablet":{"background-color":"var(--ast-global-color-5)","background-image":"","background-repeat":"repeat","background-position":"center center","background-size":"auto","background-attachment":"scroll","background-type":"","background-media":"","overlay-type":"","overlay-color":"","overlay-opacity":"","overlay-gradient":""},"mobile":{"background-color":"var(--ast-global-color-5)","background-image":"","background-repeat":"repeat","background-position":"center center","background-size":"auto","background-attachment":"scroll","background-type":"","background-media":"","overlay-type":"","overlay-color":"","overlay-opacity":"","overlay-gradient":""}}},"product_brand":[],"product_cat":[102,77,110,53],"product_tag":[],"class_list":{"0":"post-809","1":"product","2":"type-product","3":"status-publish","4":"has-post-thumbnail","6":"product_cat-application-abrasives","7":"product_cat-fibre-discs","8":"product_cat-metal","9":"product_cat-brand-sia-abrasives","10":"desktop-align-center","11":"tablet-align-center","12":"mobile-align-center","14":"first","15":"instock","16":"shipping-taxable","17":"product-type-simple"},"_links":{"self":[{"href":"https:\/\/jjscanada.ca\/fr\/wp-json\/wp\/v2\/product\/809","targetHints":{"allow":["GET"]}}],"collection":[{"href":"https:\/\/jjscanada.ca\/fr\/wp-json\/wp\/v2\/product"}],"about":[{"href":"https:\/\/jjscanada.ca\/fr\/wp-json\/wp\/v2\/types\/product"}],"wp:featuredmedia":[{"embeddable":true,"href":"https:\/\/jjscanada.ca\/fr\/wp-json\/wp\/v2\/media\/7412"}],"wp:attachment":[{"href":"https:\/\/jjscanada.ca\/fr\/wp-json\/wp\/v2\/media?parent=809"}],"wp:term":[{"taxonomy":"product_brand","embeddable":true,"href":"https:\/\/jjscanada.ca\/fr\/wp-json\/wp\/v2\/product_brand?post=809"},{"taxonomy":"product_cat","embeddable":true,"href":"https:\/\/jjscanada.ca\/fr\/wp-json\/wp\/v2\/product_cat?post=809"},{"taxonomy":"product_tag","embeddable":true,"href":"https:\/\/jjscanada.ca\/fr\/wp-json\/wp\/v2\/product_tag?post=809"}],"curies":[{"name":"wp","href":"https:\/\/api.w.org\/{rel}","templated":true}]}}