{"id":814,"date":"2022-11-18T19:47:51","date_gmt":"2022-11-18T19:47:51","guid":{"rendered":"https:\/\/jjscanada.ca\/?post_type=product&#038;p=814"},"modified":"2023-02-07T03:13:59","modified_gmt":"2023-02-07T03:13:59","slug":"series-6711","status":"publish","type":"product","link":"https:\/\/jjscanada.ca\/fr\/produit\/series-6711\/","title":{"rendered":"S\u00e9rie 6711"},"content":{"rendered":"<p><strong>Flexibilit\u00e9 maximale pour un r\u00e9sultat de finition id\u00e9al<br \/>\n<\/strong>6711 siafleece flex a \u00e9t\u00e9 con\u00e7u sp\u00e9cialement pour le clavetage des zones difficiles \u00e0 atteindre. Il est extr\u00eamement flexible et montre ce qu'il peut faire dans le grattage de nouveaux composants, d'appr\u00eats et de vernis d'usine avant le rev\u00eatement final, par exemple.<\/p>\n<p><strong>Avantages<\/strong><br \/>\n- Hautement flexible et adaptable aux contours<br \/>\n- Un sch\u00e9ma de pon\u00e7age coh\u00e9rent gr\u00e2ce \u00e0 l'am\u00e9lioration de l'homog\u00e9n\u00e9it\u00e9 du grain.<br \/>\n- Longue dur\u00e9e de vie<br \/>\n- Peut \u00eatre utilis\u00e9 humide ou sec<br \/>\n- Faible colmatage<br \/>\n- Minimisation de l'\u00e9clatement des grains<\/p>\n<p><strong>Applications<\/strong><br \/>\n- \u00c9gratignure des nouveaux composants et des appr\u00eats d'usine<br \/>\n- \u00c9raflures dans les zones difficiles \u00e0 atteindre<br \/>\n- \u00c9gratignage des vernis avant le vernissage final<\/p>","protected":false},"excerpt":{"rendered":"<p><strong>Flexibilit\u00e9 maximale pour des r\u00e9sultats de finition id\u00e9aux<\/strong><\/p>\n<p>6711 siafleece flex a \u00e9t\u00e9 con\u00e7u sp\u00e9cialement pour le clavetage des zones difficiles \u00e0 atteindre. Il est extr\u00eamement flexible et montre ce qu'il peut faire dans le grattage de nouveaux composants, d'appr\u00eats et de vernis d'usine avant le rev\u00eatement final, par exemple.<\/p>","protected":false},"featured_media":7422,"template":"","meta":{"site-sidebar-layout":"default","site-content-layout":"default","ast-site-content-layout":"default","site-content-style":"default","site-sidebar-style":"default","ast-global-header-display":"","ast-banner-title-visibility":"","ast-main-header-display":"","ast-hfb-above-header-display":"","ast-hfb-below-header-display":"","ast-hfb-mobile-header-display":"","site-post-title":"","ast-breadcrumbs-content":"","ast-featured-img":"","footer-sml-layout":"","ast-disable-related-posts":"","theme-transparent-header-meta":"default","adv-header-id-meta":"","stick-header-meta":"default","header-above-stick-meta":"","header-main-stick-meta":"","header-below-stick-meta":"","astra-migrate-meta-layouts":"default","ast-page-background-enabled":"default","ast-page-background-meta":{"desktop":{"background-color":"","background-image":"","background-repeat":"repeat","background-position":"center center","background-size":"auto","background-attachment":"scroll","background-type":"","background-media":"","overlay-type":"","overlay-color":"","overlay-opacity":"","overlay-gradient":""},"tablet":{"background-color":"","background-image":"","background-repeat":"repeat","background-position":"center center","background-size":"auto","background-attachment":"scroll","background-type":"","background-media":"","overlay-type":"","overlay-color":"","overlay-opacity":"","overlay-gradient":""},"mobile":{"background-color":"","background-image":"","background-repeat":"repeat","background-position":"center center","background-size":"auto","background-attachment":"scroll","background-type":"","background-media":"","overlay-type":"","overlay-color":"","overlay-opacity":"","overlay-gradient":""}},"ast-content-background-meta":{"desktop":{"background-color":"var(--ast-global-color-5)","background-image":"","background-repeat":"repeat","background-position":"center center","background-size":"auto","background-attachment":"scroll","background-type":"","background-media":"","overlay-type":"","overlay-color":"","overlay-opacity":"","overlay-gradient":""},"tablet":{"background-color":"var(--ast-global-color-5)","background-image":"","background-repeat":"repeat","background-position":"center center","background-size":"auto","background-attachment":"scroll","background-type":"","background-media":"","overlay-type":"","overlay-color":"","overlay-opacity":"","overlay-gradient":""},"mobile":{"background-color":"var(--ast-global-color-5)","background-image":"","background-repeat":"repeat","background-position":"center center","background-size":"auto","background-attachment":"scroll","background-type":"","background-media":"","overlay-type":"","overlay-color":"","overlay-opacity":"","overlay-gradient":""}}},"product_brand":[],"product_cat":[102,110,78,53],"product_tag":[],"class_list":{"0":"post-814","1":"product","2":"type-product","3":"status-publish","4":"has-post-thumbnail","6":"product_cat-application-abrasives","7":"product_cat-metal","8":"product_cat-non-woven","9":"product_cat-brand-sia-abrasives","10":"desktop-align-center","11":"tablet-align-center","12":"mobile-align-center","14":"first","15":"instock","16":"shipping-taxable","17":"product-type-simple"},"_links":{"self":[{"href":"https:\/\/jjscanada.ca\/fr\/wp-json\/wp\/v2\/product\/814","targetHints":{"allow":["GET"]}}],"collection":[{"href":"https:\/\/jjscanada.ca\/fr\/wp-json\/wp\/v2\/product"}],"about":[{"href":"https:\/\/jjscanada.ca\/fr\/wp-json\/wp\/v2\/types\/product"}],"wp:featuredmedia":[{"embeddable":true,"href":"https:\/\/jjscanada.ca\/fr\/wp-json\/wp\/v2\/media\/7422"}],"wp:attachment":[{"href":"https:\/\/jjscanada.ca\/fr\/wp-json\/wp\/v2\/media?parent=814"}],"wp:term":[{"taxonomy":"product_brand","embeddable":true,"href":"https:\/\/jjscanada.ca\/fr\/wp-json\/wp\/v2\/product_brand?post=814"},{"taxonomy":"product_cat","embeddable":true,"href":"https:\/\/jjscanada.ca\/fr\/wp-json\/wp\/v2\/product_cat?post=814"},{"taxonomy":"product_tag","embeddable":true,"href":"https:\/\/jjscanada.ca\/fr\/wp-json\/wp\/v2\/product_tag?post=814"}],"curies":[{"name":"wp","href":"https:\/\/api.w.org\/{rel}","templated":true}]}}