{"id":815,"date":"2022-11-18T19:47:52","date_gmt":"2022-11-18T19:47:52","guid":{"rendered":"https:\/\/jjscanada.ca\/?post_type=product&#038;p=815"},"modified":"2023-02-07T03:21:18","modified_gmt":"2023-02-07T03:21:18","slug":"series-2925-disc","status":"publish","type":"product","link":"https:\/\/jjscanada.ca\/fr\/produit\/series-2925-disc\/","title":{"rendered":"S\u00e9rie 2925"},"content":{"rendered":"<p><strong>La s\u00e9rie universelle rentable d'oxyde d'aluminium<\/strong><br \/>\nEn tant qu'abrasif polyvalent rentable avec un support en toile robuste, le sialoX 2925 offre une grande stabilit\u00e9 des bords, une excellente r\u00e9sistance \u00e0 la d\u00e9chirure et une longue dur\u00e9e de vie, et donne d'excellents r\u00e9sultats dans une vari\u00e9t\u00e9 d'applications, notamment le pon\u00e7age final des aciers et des m\u00e9taux non ferreux.<\/p>\n<p><strong>Avantages<\/strong><br \/>\n- Haute stabilit\u00e9 des bords, haute r\u00e9sistance \u00e0 la d\u00e9chirure<br \/>\n- Convient pour une utilisation g\u00e9n\u00e9rale dans les applications de pon\u00e7age \u00e0 sec et \u00e0 l'eau.<br \/>\n- Longue dur\u00e9e de vie gr\u00e2ce \u00e0 un mat\u00e9riau de support solide<\/p>\n<p><strong>Applications<\/strong><br \/>\n- \u00c9barbage<br \/>\n- Enlever la rouille<br \/>\n- Pr\u00e9paration de la soudure<br \/>\n- Pon\u00e7age<br \/>\n- \u00c9liminer les d\u00e9colorations<br \/>\n- Traitement de surface<br \/>\n- M\u00e9lange<br \/>\n- Structuration et pon\u00e7age final<\/p>\n<p><a class=\"fasc-button fasc-size-medium fasc-type-flat fasc-ico-before dashicons-download\" style=\"background-color: #d10708; color: #ffffff;\" target=\"_blank\" href=\"https:\/\/jjscanada.ca\/wp-content\/uploads\/2023\/01\/2925_sialoX_24-to-400_plain_2019_02_22_CAN.pdf\" rel=\"noopener\">T\u00c9L\u00c9CHARGER FICHE TECHNIQUE<\/a><\/p>","protected":false},"excerpt":{"rendered":"<p><strong>La s\u00e9rie universelle rentable d'oxyde d'aluminium<\/strong><br \/>\nEn tant qu'abrasif polyvalent rentable avec un support en toile robuste, le sialoX 2925 offre une grande stabilit\u00e9 des bords, une excellente r\u00e9sistance \u00e0 la d\u00e9chirure et une longue dur\u00e9e de vie, et donne d'excellents r\u00e9sultats dans une vari\u00e9t\u00e9 d'applications, notamment le pon\u00e7age final des aciers et des m\u00e9taux non ferreux.<\/p>","protected":false},"featured_media":7425,"template":"","meta":{"site-sidebar-layout":"default","site-content-layout":"default","ast-site-content-layout":"default","site-content-style":"default","site-sidebar-style":"default","ast-global-header-display":"","ast-banner-title-visibility":"","ast-main-header-display":"","ast-hfb-above-header-display":"","ast-hfb-below-header-display":"","ast-hfb-mobile-header-display":"","site-post-title":"","ast-breadcrumbs-content":"","ast-featured-img":"","footer-sml-layout":"","ast-disable-related-posts":"","theme-transparent-header-meta":"default","adv-header-id-meta":"","stick-header-meta":"default","header-above-stick-meta":"","header-main-stick-meta":"","header-below-stick-meta":"","astra-migrate-meta-layouts":"default","ast-page-background-enabled":"default","ast-page-background-meta":{"desktop":{"background-color":"","background-image":"","background-repeat":"repeat","background-position":"center center","background-size":"auto","background-attachment":"scroll","background-type":"","background-media":"","overlay-type":"","overlay-color":"","overlay-opacity":"","overlay-gradient":""},"tablet":{"background-color":"","background-image":"","background-repeat":"repeat","background-position":"center center","background-size":"auto","background-attachment":"scroll","background-type":"","background-media":"","overlay-type":"","overlay-color":"","overlay-opacity":"","overlay-gradient":""},"mobile":{"background-color":"","background-image":"","background-repeat":"repeat","background-position":"center center","background-size":"auto","background-attachment":"scroll","background-type":"","background-media":"","overlay-type":"","overlay-color":"","overlay-opacity":"","overlay-gradient":""}},"ast-content-background-meta":{"desktop":{"background-color":"var(--ast-global-color-5)","background-image":"","background-repeat":"repeat","background-position":"center center","background-size":"auto","background-attachment":"scroll","background-type":"","background-media":"","overlay-type":"","overlay-color":"","overlay-opacity":"","overlay-gradient":""},"tablet":{"background-color":"var(--ast-global-color-5)","background-image":"","background-repeat":"repeat","background-position":"center center","background-size":"auto","background-attachment":"scroll","background-type":"","background-media":"","overlay-type":"","overlay-color":"","overlay-opacity":"","overlay-gradient":""},"mobile":{"background-color":"var(--ast-global-color-5)","background-image":"","background-repeat":"repeat","background-position":"center center","background-size":"auto","background-attachment":"scroll","background-type":"","background-media":"","overlay-type":"","overlay-color":"","overlay-opacity":"","overlay-gradient":""}}},"product_brand":[],"product_cat":[102,110,79,53],"product_tag":[],"class_list":{"0":"post-815","1":"product","2":"type-product","3":"status-publish","4":"has-post-thumbnail","6":"product_cat-application-abrasives","7":"product_cat-metal","8":"product_cat-quick-change-discs","9":"product_cat-brand-sia-abrasives","10":"desktop-align-center","11":"tablet-align-center","12":"mobile-align-center","14":"first","15":"instock","16":"shipping-taxable","17":"product-type-simple"},"_links":{"self":[{"href":"https:\/\/jjscanada.ca\/fr\/wp-json\/wp\/v2\/product\/815","targetHints":{"allow":["GET"]}}],"collection":[{"href":"https:\/\/jjscanada.ca\/fr\/wp-json\/wp\/v2\/product"}],"about":[{"href":"https:\/\/jjscanada.ca\/fr\/wp-json\/wp\/v2\/types\/product"}],"wp:featuredmedia":[{"embeddable":true,"href":"https:\/\/jjscanada.ca\/fr\/wp-json\/wp\/v2\/media\/7425"}],"wp:attachment":[{"href":"https:\/\/jjscanada.ca\/fr\/wp-json\/wp\/v2\/media?parent=815"}],"wp:term":[{"taxonomy":"product_brand","embeddable":true,"href":"https:\/\/jjscanada.ca\/fr\/wp-json\/wp\/v2\/product_brand?post=815"},{"taxonomy":"product_cat","embeddable":true,"href":"https:\/\/jjscanada.ca\/fr\/wp-json\/wp\/v2\/product_cat?post=815"},{"taxonomy":"product_tag","embeddable":true,"href":"https:\/\/jjscanada.ca\/fr\/wp-json\/wp\/v2\/product_tag?post=815"}],"curies":[{"name":"wp","href":"https:\/\/api.w.org\/{rel}","templated":true}]}}