{"id":818,"date":"2022-11-18T19:47:52","date_gmt":"2022-11-18T19:47:52","guid":{"rendered":"https:\/\/jjscanada.ca\/?post_type=product&#038;p=818"},"modified":"2023-02-07T03:35:49","modified_gmt":"2023-02-07T03:35:49","slug":"series-6924","status":"publish","type":"product","link":"https:\/\/jjscanada.ca\/fr\/produit\/series-6924\/","title":{"rendered":"S\u00e9rie 6924"},"content":{"rendered":"<p><strong>Disques haute performance pour le traitement de surface des aciers<\/strong><br \/>\nLes disques haute performance de la s\u00e9rie 6924 siamet hd offrent un taux d'enl\u00e8vement exceptionnel sur les mat\u00e9riaux durs et impressionnent \u00e9galement par leur dur\u00e9e de vie exceptionnellement longue. Une finition excellente et r\u00e9guli\u00e8re est encore un autre avantage.<\/p>\n<p><strong>Avantages<\/strong><br \/>\n- Gain de temps important gr\u00e2ce \u00e0 la plus grande agressivit\u00e9 et aux taux d'enl\u00e8vement de mati\u00e8re les plus \u00e9lev\u00e9s<br \/>\n- Excellente performance sur les mat\u00e9riaux durs<br \/>\n- Plus durable, donc plus r\u00e9sistant sur les bords<br \/>\n- Tendance \u00e0 l'\u00e9talement beaucoup plus faible que les produits existants, en particulier sur le bord du disque lorsque l'on travaille dans des angles serr\u00e9s.<br \/>\n- Finition excellente et constante sur une longue p\u00e9riode<\/p>\n<p><strong>Applications<\/strong><br \/>\n- M\u00e9lange<br \/>\n- Pon\u00e7age<br \/>\n- \u00c9barbage l\u00e9ger<br \/>\n- \u00c9limination des rayures de polissage<br \/>\n- \u00c9liminer les d\u00e9colorations<br \/>\n- D\u00e9capage de la peinture<br \/>\n- Enlever la rouille<\/p>","protected":false},"excerpt":{"rendered":"<p><strong>Disques haute performance pour le traitement de surface des aciers<\/strong><br \/>\nLes disques haute performance de la s\u00e9rie 6924 siamet hd offrent un taux d'enl\u00e8vement exceptionnel sur les mat\u00e9riaux durs et impressionnent \u00e9galement par leur dur\u00e9e de vie exceptionnellement longue. Une finition excellente et r\u00e9guli\u00e8re est encore un autre avantage.<\/p>","protected":false},"featured_media":7419,"template":"","meta":{"site-sidebar-layout":"default","site-content-layout":"default","ast-site-content-layout":"default","site-content-style":"default","site-sidebar-style":"default","ast-global-header-display":"","ast-banner-title-visibility":"","ast-main-header-display":"","ast-hfb-above-header-display":"","ast-hfb-below-header-display":"","ast-hfb-mobile-header-display":"","site-post-title":"","ast-breadcrumbs-content":"","ast-featured-img":"","footer-sml-layout":"","ast-disable-related-posts":"","theme-transparent-header-meta":"default","adv-header-id-meta":"","stick-header-meta":"default","header-above-stick-meta":"","header-main-stick-meta":"","header-below-stick-meta":"","astra-migrate-meta-layouts":"default","ast-page-background-enabled":"default","ast-page-background-meta":{"desktop":{"background-color":"","background-image":"","background-repeat":"repeat","background-position":"center center","background-size":"auto","background-attachment":"scroll","background-type":"","background-media":"","overlay-type":"","overlay-color":"","overlay-opacity":"","overlay-gradient":""},"tablet":{"background-color":"","background-image":"","background-repeat":"repeat","background-position":"center center","background-size":"auto","background-attachment":"scroll","background-type":"","background-media":"","overlay-type":"","overlay-color":"","overlay-opacity":"","overlay-gradient":""},"mobile":{"background-color":"","background-image":"","background-repeat":"repeat","background-position":"center center","background-size":"auto","background-attachment":"scroll","background-type":"","background-media":"","overlay-type":"","overlay-color":"","overlay-opacity":"","overlay-gradient":""}},"ast-content-background-meta":{"desktop":{"background-color":"var(--ast-global-color-5)","background-image":"","background-repeat":"repeat","background-position":"center center","background-size":"auto","background-attachment":"scroll","background-type":"","background-media":"","overlay-type":"","overlay-color":"","overlay-opacity":"","overlay-gradient":""},"tablet":{"background-color":"var(--ast-global-color-5)","background-image":"","background-repeat":"repeat","background-position":"center center","background-size":"auto","background-attachment":"scroll","background-type":"","background-media":"","overlay-type":"","overlay-color":"","overlay-opacity":"","overlay-gradient":""},"mobile":{"background-color":"var(--ast-global-color-5)","background-image":"","background-repeat":"repeat","background-position":"center center","background-size":"auto","background-attachment":"scroll","background-type":"","background-media":"","overlay-type":"","overlay-color":"","overlay-opacity":"","overlay-gradient":""}}},"product_brand":[],"product_cat":[102,110,78,79,53],"product_tag":[],"class_list":{"0":"post-818","1":"product","2":"type-product","3":"status-publish","4":"has-post-thumbnail","6":"product_cat-application-abrasives","7":"product_cat-metal","8":"product_cat-non-woven","9":"product_cat-quick-change-discs","10":"product_cat-brand-sia-abrasives","11":"desktop-align-center","12":"tablet-align-center","13":"mobile-align-center","15":"first","16":"instock","17":"shipping-taxable","18":"product-type-simple"},"_links":{"self":[{"href":"https:\/\/jjscanada.ca\/fr\/wp-json\/wp\/v2\/product\/818","targetHints":{"allow":["GET"]}}],"collection":[{"href":"https:\/\/jjscanada.ca\/fr\/wp-json\/wp\/v2\/product"}],"about":[{"href":"https:\/\/jjscanada.ca\/fr\/wp-json\/wp\/v2\/types\/product"}],"wp:featuredmedia":[{"embeddable":true,"href":"https:\/\/jjscanada.ca\/fr\/wp-json\/wp\/v2\/media\/7419"}],"wp:attachment":[{"href":"https:\/\/jjscanada.ca\/fr\/wp-json\/wp\/v2\/media?parent=818"}],"wp:term":[{"taxonomy":"product_brand","embeddable":true,"href":"https:\/\/jjscanada.ca\/fr\/wp-json\/wp\/v2\/product_brand?post=818"},{"taxonomy":"product_cat","embeddable":true,"href":"https:\/\/jjscanada.ca\/fr\/wp-json\/wp\/v2\/product_cat?post=818"},{"taxonomy":"product_tag","embeddable":true,"href":"https:\/\/jjscanada.ca\/fr\/wp-json\/wp\/v2\/product_tag?post=818"}],"curies":[{"name":"wp","href":"https:\/\/api.w.org\/{rel}","templated":true}]}}