{"id":8213,"date":"2023-03-31T14:33:40","date_gmt":"2023-03-31T14:33:40","guid":{"rendered":"https:\/\/jjscanada.ca\/?post_type=product&#038;p=8213"},"modified":"2024-07-18T21:42:11","modified_gmt":"2024-07-18T21:42:11","slug":"mafell-portable-circular-carpentry-saw-mks-185-ec","status":"publish","type":"product","link":"https:\/\/jjscanada.ca\/fr\/produit\/mafell-portable-circular-carpentry-saw-mks-185-ec\/","title":{"rendered":"Mafell Scie circulaire portative pour charpente MKS 185 EC"},"content":{"rendered":"<p><strong class=\"entry--label\">Num\u00e9ro de commande :<\/strong>\u00a0<span class=\"entry--content\">924823<\/span><\/p>\n<p><strong>Caract\u00e9ristiques du produit :<\/strong><\/p>\n<ul>\n<li>Avec CUprex, le moteur haute performance ;<\/li>\n<li>Profondeurs de coupe maximales ;<\/li>\n<li>Stabilit\u00e9 maximale pour un poids minimal ;<\/li>\n<li>Inclinable \u00e0 60\u00b0.<\/li>\n<\/ul>\n<p><strong class=\"entry--label\">Sp\u00e9cification de livraison :<\/strong><\/p>\n<ul>\n<li>1 lame de scie TCT : 092536 450 x 2.5\/4.2 x 30 mm. AT, 20 dents, (pour usage universel dans le bois) ;<\/li>\n<li>1 Cl\u00e9 Allen 6 mm : 093081 ;<\/li>\n<li>1 Guide de guidage parall\u00e8le ;<\/li>\n<li>1 C\u00e2ble secteur 10 m. : 087896<\/li>\n<\/ul>\n<p><strong>Donn\u00e9es techniques :<\/strong><\/p>\n<table>\n<tbody>\n<tr>\n<td><span style=\"font-weight: 400;\">Profondeur de coupe<\/span><\/td>\n<td><span style=\"font-weight: 400;\">4-1\/8\u2033 - 7-9\/32\u2033 \/ 105 - 185 mm.<\/span><\/td>\n<\/tr>\n<tr>\n<td><span style=\"font-weight: 400;\">Profondeur de coupe \u00e0 45<\/span><\/td>\n<td><span style=\"font-weight: 400;\">74 - 131 mm.<\/span><\/td>\n<\/tr>\n<tr>\n<td><span style=\"font-weight: 400;\">Profondeur de coupe \u00e0 60<\/span><\/td>\n<td><span style=\"font-weight: 400;\">53 - 93 mm.<\/span><\/td>\n<\/tr>\n<tr>\n<td><span style=\"font-weight: 400;\">Plage d'inclinaison<\/span><\/td>\n<td><span style=\"font-weight: 400;\">0 - 60 \u00b0<\/span><\/td>\n<\/tr>\n<tr>\n<td><span style=\"font-weight: 400;\">Nombre nominal de courses - \u00e0 vide<\/span><\/td>\n<td><span style=\"font-weight: 400;\">1400 - 1700 1 \/ Min.<\/span><\/td>\n<\/tr>\n<tr>\n<td><span style=\"font-weight: 400;\">Entr\u00e9e nominale<\/span><\/td>\n<td><span style=\"font-weight: 400;\">3000 W.<\/span><\/td>\n<\/tr>\n<tr>\n<td><span style=\"font-weight: 400;\">Diam\u00e8tre du raccord d'extraction<\/span><\/td>\n<td><span style=\"font-weight: 400;\">58 mm.<\/span><\/td>\n<\/tr>\n<tr>\n<td><span style=\"font-weight: 400;\">Poids<\/span><\/td>\n<td><span style=\"font-weight: 400;\">16,1 Kg.<\/span><\/td>\n<\/tr>\n<tr>\n<td><span style=\"font-weight: 400;\">Moteur universel<\/span><\/td>\n<td><span style=\"font-weight: 400;\">240 V. \/ 60 Hz.<\/span><\/td>\n<\/tr>\n<\/tbody>\n<\/table>\n<p><strong style=\"font-size: 16px;\">Applications :<\/strong><\/p>\n<ul>\n<li>Coupe transversale et coupe en long ;<\/li>\n<li>Coupes en biseau jusqu'\u00e0 60\u00b0 ;<\/li>\n<li>Travaux d'assemblage g\u00e9n\u00e9raux ;<\/li>\n<li>Les mat\u00e9riaux compatibles sont le bois massif, les poutres stratifi\u00e9es, les mat\u00e9riaux isolants et les panneaux composites.<\/li>\n<\/ul>\n<p><strong>Avantages :<\/strong><\/p>\n<ul>\n<li>Avec CUprex, le moteur haute performance ;<\/li>\n<li>Rapport unique entre stabilit\u00e9 maximale et poids minimal ;<\/li>\n<li>Une norme de qualit\u00e9 \u00e9lev\u00e9e permet de r\u00e9duire les co\u00fbts des machines et de prolonger leur dur\u00e9e de vie ;<\/li>\n<li>Affichage constant de la coupe pour 0\u00b0 - 60\u00b0 - gr\u00e2ce au centre de rotation exact, qui se trouve \u00e0 l'ext\u00e9rieur de la plaque de base.<\/li>\n<\/ul>\n<p>&nbsp;<\/p>","protected":false},"excerpt":{"rendered":"<ul>\n<li>Une classe \u00e0 part : moteur robuste de 3000 watts (3,8 Hp.) pour une performance de coupe extr\u00eame de 185 mm (7 5\/16 In.) !<\/li>\n<li>La maniabilit\u00e9 et le comportement de la scie sont am\u00e9lior\u00e9s par un d\u00e9marrage en douceur, des vitesses constantes sous charge, une r\u00e9duction de la vitesse et une protection contre les surcharges.<\/li>\n<li>Le syst\u00e8me d'arr\u00eat facile \u00e0 utiliser, le faible niveau sonore et le prot\u00e8ge-couteau r\u00e9tractable t\u00e9l\u00e9command\u00e9 facilitent grandement votre travail.<\/li>\n<li>Le r\u00e9glage tr\u00e8s souple de la hauteur, avec son \u00e9chelle clairement lisible, et un frein efficace garantissent \u00e9galement des r\u00e9sultats de coupe parfaits et une s\u00e9curit\u00e9 optimale pour l'op\u00e9rateur.<\/li>\n<\/ul>","protected":false},"featured_media":8206,"template":"","meta":{"site-sidebar-layout":"default","site-content-layout":"default","ast-site-content-layout":"normal-width-container","site-content-style":"boxed","site-sidebar-style":"default","ast-global-header-display":"","ast-banner-title-visibility":"","ast-main-header-display":"","ast-hfb-above-header-display":"","ast-hfb-below-header-display":"","ast-hfb-mobile-header-display":"","site-post-title":"","ast-breadcrumbs-content":"","ast-featured-img":"","footer-sml-layout":"","ast-disable-related-posts":"","theme-transparent-header-meta":"default","adv-header-id-meta":"","stick-header-meta":"","header-above-stick-meta":"","header-main-stick-meta":"","header-below-stick-meta":"","astra-migrate-meta-layouts":"set","ast-page-background-enabled":"default","ast-page-background-meta":{"desktop":{"background-color":"","background-image":"","background-repeat":"repeat","background-position":"center center","background-size":"auto","background-attachment":"scroll","background-type":"","background-media":"","overlay-type":"","overlay-color":"","overlay-opacity":"","overlay-gradient":""},"tablet":{"background-color":"","background-image":"","background-repeat":"repeat","background-position":"center center","background-size":"auto","background-attachment":"scroll","background-type":"","background-media":"","overlay-type":"","overlay-color":"","overlay-opacity":"","overlay-gradient":""},"mobile":{"background-color":"","background-image":"","background-repeat":"repeat","background-position":"center center","background-size":"auto","background-attachment":"scroll","background-type":"","background-media":"","overlay-type":"","overlay-color":"","overlay-opacity":"","overlay-gradient":""}},"ast-content-background-meta":{"desktop":{"background-color":"var(--ast-global-color-5)","background-image":"","background-repeat":"repeat","background-position":"center center","background-size":"auto","background-attachment":"scroll","background-type":"","background-media":"","overlay-type":"","overlay-color":"","overlay-opacity":"","overlay-gradient":""},"tablet":{"background-color":"var(--ast-global-color-5)","background-image":"","background-repeat":"repeat","background-position":"center center","background-size":"auto","background-attachment":"scroll","background-type":"","background-media":"","overlay-type":"","overlay-color":"","overlay-opacity":"","overlay-gradient":""},"mobile":{"background-color":"var(--ast-global-color-5)","background-image":"","background-repeat":"repeat","background-position":"center center","background-size":"auto","background-attachment":"scroll","background-type":"","background-media":"","overlay-type":"","overlay-color":"","overlay-opacity":"","overlay-gradient":""}}},"product_brand":[],"product_cat":[305,328,105,57],"product_tag":[],"class_list":{"0":"post-8213","1":"product","2":"type-product","3":"status-publish","4":"has-post-thumbnail","6":"product_cat-mafell","7":"product_cat-sawing-mafell","8":"product_cat-application-tools","9":"product_cat-woodworking","10":"desktop-align-center","11":"tablet-align-center","12":"mobile-align-center","14":"first","15":"instock","16":"shipping-taxable","17":"product-type-simple"},"_links":{"self":[{"href":"https:\/\/jjscanada.ca\/fr\/wp-json\/wp\/v2\/product\/8213","targetHints":{"allow":["GET"]}}],"collection":[{"href":"https:\/\/jjscanada.ca\/fr\/wp-json\/wp\/v2\/product"}],"about":[{"href":"https:\/\/jjscanada.ca\/fr\/wp-json\/wp\/v2\/types\/product"}],"wp:featuredmedia":[{"embeddable":true,"href":"https:\/\/jjscanada.ca\/fr\/wp-json\/wp\/v2\/media\/8206"}],"wp:attachment":[{"href":"https:\/\/jjscanada.ca\/fr\/wp-json\/wp\/v2\/media?parent=8213"}],"wp:term":[{"taxonomy":"product_brand","embeddable":true,"href":"https:\/\/jjscanada.ca\/fr\/wp-json\/wp\/v2\/product_brand?post=8213"},{"taxonomy":"product_cat","embeddable":true,"href":"https:\/\/jjscanada.ca\/fr\/wp-json\/wp\/v2\/product_cat?post=8213"},{"taxonomy":"product_tag","embeddable":true,"href":"https:\/\/jjscanada.ca\/fr\/wp-json\/wp\/v2\/product_tag?post=8213"}],"curies":[{"name":"wp","href":"https:\/\/api.w.org\/{rel}","templated":true}]}}