{"id":8214,"date":"2023-03-31T14:37:05","date_gmt":"2023-03-31T14:37:05","guid":{"rendered":"https:\/\/jjscanada.ca\/?post_type=product&#038;p=8214"},"modified":"2024-07-18T21:45:58","modified_gmt":"2024-07-18T21:45:58","slug":"mafell-portable-band-saw-z-5-ec","status":"publish","type":"product","link":"https:\/\/jjscanada.ca\/fr\/produit\/mafell-portable-band-saw-z-5-ec\/","title":{"rendered":"Scie \u00e0 ruban portable Mafell Z 5 EC"},"content":{"rendered":"<p><strong class=\"entry--label\">Num\u00e9ro de commande :<\/strong>\u00a0<span class=\"entry--content\">925323<\/span><\/p>\n<p><strong>Scie \u00e0 ruban portable Z 5 Ec 120 V. :<\/strong> 925323<\/p>\n<p><strong>Scie \u00e0 ruban portable Z 5 Ec 240 V. : <\/strong>925324<\/p>\n<p><strong>Caract\u00e9ristiques du produit :<\/strong><\/p>\n<ul>\n<li>Avec CUprex, le moteur haute performance ;<\/li>\n<li>\u00c9lectronique num\u00e9rique variable ;<\/li>\n<li>Interrupteur combin\u00e9 frein\/arr\u00eat ;<\/li>\n<li>Guide de lame sur roulement \u00e0 billes ;<\/li>\n<li>Lame inclinable \u00e0 30\u00b0.<\/li>\n<\/ul>\n<p><strong class=\"entry--label\">Sp\u00e9cification de livraison :<\/strong><\/p>\n<ul>\n<li>Lame de scie \u00e0 ruban ( 8 mm. (5\/16 In.), 4 dents par pouce, avec des dents de coupe \u00e0 l'avant et \u00e0 l'arri\u00e8re) ;<\/li>\n<li>Lame de scie \u00e0 ruban ( 8 mm. (5\/16 In.), 4 dents par pouce) ;<\/li>\n<li>Lame de scie \u00e0 ruban (6 mm de large, 4 dents par pouce) ;<\/li>\n<li>Poign\u00e9e pour op\u00e9ration \u00e0 deux : 203824 ;<\/li>\n<li>Guide parall\u00e8le : 039386 ;<\/li>\n<li>C\u00e2ble secteur 10 m (120V.) : 087653 ;<\/li>\n<li>C\u00e2ble secteur 10 m (240V.) : 087896.<\/li>\n<\/ul>\n<p><strong>Applications :<\/strong><\/p>\n<ul>\n<li>Coupes en long et coupes transversales ;<\/li>\n<li>Courbure et profilage ;<\/li>\n<li>Coupes \u00e0 la bouche d'oiseau et joints de chevauchement ;<\/li>\n<li>Coupes d'onglets compos\u00e9es et coupes d'oiseaux angulaires (utilisation par deux personnes) ;<\/li>\n<li>Les mat\u00e9riaux compatibles comprennent le bois massif et les poutres stratifi\u00e9es.<\/li>\n<\/ul>","protected":false},"excerpt":{"rendered":"<p>La scie \u00e0 ruban portable Z 5 EC est le successeur innovant de la l\u00e9gendaire Z 3. Gr\u00e2ce \u00e0 un nouveau moteur \u00e0 haut rendement et \u00e0 des composants en magn\u00e9sium moul\u00e9 sous pression,<br \/>\nSes avantages convaincants comprennent un poids r\u00e9duit (13,6 kg), des performances accrues, un couple plus \u00e9lev\u00e9 et une excellente maniabilit\u00e9. En exclusivit\u00e9, le guidage du ruban de scie sur roulement \u00e0 billes pour un excellent fonctionnement du ruban et donc une coupe optimale. Des rubans de scie de 8 mm maximum pour une flexibilit\u00e9 optimale lors de la courbure et du profilage des pannes et des chevrons.<\/p>\n<p>La Z 5 EC offre une profondeur de coupe impressionnante de 305 mm. La pr\u00e9cision qui caract\u00e9rise la scie \u00e0 ruban portable Mafell permet \u00e0 la Z 5 EC d'ex\u00e9cuter des coupes extr\u00eamement nettes et parfaitement d'\u00e9querre. L'air de refroidissement du moteur haute performance est utilis\u00e9 pour \u00e9vacuer la poussi\u00e8re de la marque. Par cons\u00e9quent, les copeaux sont maintenus loin de votre t\u00eate et vous gardez une vue claire de la marque \u00e0 tout moment.<\/p>","protected":false},"featured_media":8207,"template":"","meta":{"site-sidebar-layout":"default","site-content-layout":"default","ast-site-content-layout":"normal-width-container","site-content-style":"boxed","site-sidebar-style":"default","ast-global-header-display":"","ast-banner-title-visibility":"","ast-main-header-display":"","ast-hfb-above-header-display":"","ast-hfb-below-header-display":"","ast-hfb-mobile-header-display":"","site-post-title":"","ast-breadcrumbs-content":"","ast-featured-img":"","footer-sml-layout":"","ast-disable-related-posts":"","theme-transparent-header-meta":"default","adv-header-id-meta":"","stick-header-meta":"","header-above-stick-meta":"","header-main-stick-meta":"","header-below-stick-meta":"","astra-migrate-meta-layouts":"set","ast-page-background-enabled":"default","ast-page-background-meta":{"desktop":{"background-color":"","background-image":"","background-repeat":"repeat","background-position":"center center","background-size":"auto","background-attachment":"scroll","background-type":"","background-media":"","overlay-type":"","overlay-color":"","overlay-opacity":"","overlay-gradient":""},"tablet":{"background-color":"","background-image":"","background-repeat":"repeat","background-position":"center center","background-size":"auto","background-attachment":"scroll","background-type":"","background-media":"","overlay-type":"","overlay-color":"","overlay-opacity":"","overlay-gradient":""},"mobile":{"background-color":"","background-image":"","background-repeat":"repeat","background-position":"center center","background-size":"auto","background-attachment":"scroll","background-type":"","background-media":"","overlay-type":"","overlay-color":"","overlay-opacity":"","overlay-gradient":""}},"ast-content-background-meta":{"desktop":{"background-color":"var(--ast-global-color-5)","background-image":"","background-repeat":"repeat","background-position":"center center","background-size":"auto","background-attachment":"scroll","background-type":"","background-media":"","overlay-type":"","overlay-color":"","overlay-opacity":"","overlay-gradient":""},"tablet":{"background-color":"var(--ast-global-color-5)","background-image":"","background-repeat":"repeat","background-position":"center center","background-size":"auto","background-attachment":"scroll","background-type":"","background-media":"","overlay-type":"","overlay-color":"","overlay-opacity":"","overlay-gradient":""},"mobile":{"background-color":"var(--ast-global-color-5)","background-image":"","background-repeat":"repeat","background-position":"center center","background-size":"auto","background-attachment":"scroll","background-type":"","background-media":"","overlay-type":"","overlay-color":"","overlay-opacity":"","overlay-gradient":""}}},"product_brand":[],"product_cat":[305,328,105,57],"product_tag":[],"class_list":{"0":"post-8214","1":"product","2":"type-product","3":"status-publish","4":"has-post-thumbnail","6":"product_cat-mafell","7":"product_cat-sawing-mafell","8":"product_cat-application-tools","9":"product_cat-woodworking","10":"desktop-align-center","11":"tablet-align-center","12":"mobile-align-center","14":"first","15":"instock","16":"shipping-taxable","17":"product-type-simple"},"_links":{"self":[{"href":"https:\/\/jjscanada.ca\/fr\/wp-json\/wp\/v2\/product\/8214","targetHints":{"allow":["GET"]}}],"collection":[{"href":"https:\/\/jjscanada.ca\/fr\/wp-json\/wp\/v2\/product"}],"about":[{"href":"https:\/\/jjscanada.ca\/fr\/wp-json\/wp\/v2\/types\/product"}],"wp:featuredmedia":[{"embeddable":true,"href":"https:\/\/jjscanada.ca\/fr\/wp-json\/wp\/v2\/media\/8207"}],"wp:attachment":[{"href":"https:\/\/jjscanada.ca\/fr\/wp-json\/wp\/v2\/media?parent=8214"}],"wp:term":[{"taxonomy":"product_brand","embeddable":true,"href":"https:\/\/jjscanada.ca\/fr\/wp-json\/wp\/v2\/product_brand?post=8214"},{"taxonomy":"product_cat","embeddable":true,"href":"https:\/\/jjscanada.ca\/fr\/wp-json\/wp\/v2\/product_cat?post=8214"},{"taxonomy":"product_tag","embeddable":true,"href":"https:\/\/jjscanada.ca\/fr\/wp-json\/wp\/v2\/product_tag?post=8214"}],"curies":[{"name":"wp","href":"https:\/\/api.w.org\/{rel}","templated":true}]}}