{"id":849,"date":"2022-11-18T19:48:00","date_gmt":"2022-11-18T19:48:00","guid":{"rendered":"https:\/\/jjscanada.ca\/?post_type=product&#038;p=849"},"modified":"2023-02-07T03:45:31","modified_gmt":"2023-02-07T03:45:31","slug":"series-2915","status":"publish","type":"product","link":"https:\/\/jjscanada.ca\/fr\/produit\/series-2915\/","title":{"rendered":"S\u00e9rie 2915"},"content":{"rendered":"<p><strong>Le produit polyvalent et flexible pour le pon\u00e7age manuel<\/strong><br \/>\nProduit polyvalent pour des applications allant de l'\u00e9limination de la rouille et de la peinture \u00e0 la structuration et au pon\u00e7age final, 2915 siarol atteint une grande flexibilit\u00e9 lors du pon\u00e7age des contours, des courbes et des profils, et peut \u00eatre pli\u00e9 ou coup\u00e9 \u00e0 n'importe quelle taille pour une qualit\u00e9 de surface parfaite.<\/p>\n<p><strong>Avantages<\/strong><br \/>\n- Grande adaptabilit\u00e9 aux contours, courbes et profils<br \/>\n- Excellente qualit\u00e9 de surface<br \/>\n- Peut \u00eatre pli\u00e9 et d\u00e9coup\u00e9 dans le format souhait\u00e9.<\/p>\n<p><strong>Applications<\/strong><br \/>\n- Enlever la rouille et la peinture<br \/>\n- \u00c9liminer les d\u00e9colorations<br \/>\n- Traitement de surface<br \/>\n- \u00c9barbage<br \/>\n- M\u00e9lange<br \/>\n- Structuration et pon\u00e7age final<\/p>\n<p><a class=\"fasc-button fasc-size-medium fasc-type-flat fasc-ico-before dashicons-download\" style=\"background-color: #d10708; color: #ffffff;\" target=\"_blank\" rel=\"noopener\" href=\"https:\/\/jjscanada.ca\/wp-content\/uploads\/2023\/01\/2915_siarol_24-to-400_plain_2018_08_27_CAN.pdf\">T\u00c9L\u00c9CHARGER FICHE TECHNIQUE<\/a><\/p>","protected":false},"excerpt":{"rendered":"<p><strong>Le produit polyvalent et flexible pour le pon\u00e7age manuel<\/strong><br \/>\nProduit polyvalent pour des applications allant de l'\u00e9limination de la rouille et de la peinture \u00e0 la structuration et au pon\u00e7age final, 2915 siarol atteint une grande flexibilit\u00e9 lors du pon\u00e7age des contours, des courbes et des profils, et peut \u00eatre pli\u00e9 ou coup\u00e9 \u00e0 n'importe quelle taille pour une qualit\u00e9 de surface parfaite.<\/p>","protected":false},"featured_media":7430,"template":"","meta":{"site-sidebar-layout":"default","site-content-layout":"default","ast-site-content-layout":"default","site-content-style":"default","site-sidebar-style":"default","ast-global-header-display":"","ast-banner-title-visibility":"","ast-main-header-display":"","ast-hfb-above-header-display":"","ast-hfb-below-header-display":"","ast-hfb-mobile-header-display":"","site-post-title":"","ast-breadcrumbs-content":"","ast-featured-img":"","footer-sml-layout":"","ast-disable-related-posts":"","theme-transparent-header-meta":"default","adv-header-id-meta":"","stick-header-meta":"default","header-above-stick-meta":"","header-main-stick-meta":"","header-below-stick-meta":"","astra-migrate-meta-layouts":"default","ast-page-background-enabled":"default","ast-page-background-meta":{"desktop":{"background-color":"","background-image":"","background-repeat":"repeat","background-position":"center center","background-size":"auto","background-attachment":"scroll","background-type":"","background-media":"","overlay-type":"","overlay-color":"","overlay-opacity":"","overlay-gradient":""},"tablet":{"background-color":"","background-image":"","background-repeat":"repeat","background-position":"center center","background-size":"auto","background-attachment":"scroll","background-type":"","background-media":"","overlay-type":"","overlay-color":"","overlay-opacity":"","overlay-gradient":""},"mobile":{"background-color":"","background-image":"","background-repeat":"repeat","background-position":"center center","background-size":"auto","background-attachment":"scroll","background-type":"","background-media":"","overlay-type":"","overlay-color":"","overlay-opacity":"","overlay-gradient":""}},"ast-content-background-meta":{"desktop":{"background-color":"var(--ast-global-color-5)","background-image":"","background-repeat":"repeat","background-position":"center center","background-size":"auto","background-attachment":"scroll","background-type":"","background-media":"","overlay-type":"","overlay-color":"","overlay-opacity":"","overlay-gradient":""},"tablet":{"background-color":"var(--ast-global-color-5)","background-image":"","background-repeat":"repeat","background-position":"center center","background-size":"auto","background-attachment":"scroll","background-type":"","background-media":"","overlay-type":"","overlay-color":"","overlay-opacity":"","overlay-gradient":""},"mobile":{"background-color":"var(--ast-global-color-5)","background-image":"","background-repeat":"repeat","background-position":"center center","background-size":"auto","background-attachment":"scroll","background-type":"","background-media":"","overlay-type":"","overlay-color":"","overlay-opacity":"","overlay-gradient":""}}},"product_brand":[],"product_cat":[102,110,81,53],"product_tag":[],"class_list":{"0":"post-849","1":"product","2":"type-product","3":"status-publish","4":"has-post-thumbnail","6":"product_cat-application-abrasives","7":"product_cat-metal","8":"product_cat-rolls","9":"product_cat-brand-sia-abrasives","10":"desktop-align-center","11":"tablet-align-center","12":"mobile-align-center","14":"first","15":"instock","16":"shipping-taxable","17":"product-type-simple"},"_links":{"self":[{"href":"https:\/\/jjscanada.ca\/fr\/wp-json\/wp\/v2\/product\/849","targetHints":{"allow":["GET"]}}],"collection":[{"href":"https:\/\/jjscanada.ca\/fr\/wp-json\/wp\/v2\/product"}],"about":[{"href":"https:\/\/jjscanada.ca\/fr\/wp-json\/wp\/v2\/types\/product"}],"wp:featuredmedia":[{"embeddable":true,"href":"https:\/\/jjscanada.ca\/fr\/wp-json\/wp\/v2\/media\/7430"}],"wp:attachment":[{"href":"https:\/\/jjscanada.ca\/fr\/wp-json\/wp\/v2\/media?parent=849"}],"wp:term":[{"taxonomy":"product_brand","embeddable":true,"href":"https:\/\/jjscanada.ca\/fr\/wp-json\/wp\/v2\/product_brand?post=849"},{"taxonomy":"product_cat","embeddable":true,"href":"https:\/\/jjscanada.ca\/fr\/wp-json\/wp\/v2\/product_cat?post=849"},{"taxonomy":"product_tag","embeddable":true,"href":"https:\/\/jjscanada.ca\/fr\/wp-json\/wp\/v2\/product_tag?post=849"}],"curies":[{"name":"wp","href":"https:\/\/api.w.org\/{rel}","templated":true}]}}